{"id":522,"date":"2025-11-05T12:28:48","date_gmt":"2025-11-05T12:28:48","guid":{"rendered":"https:\/\/juntadiocesanaoa.com\/?page_id=522"},"modified":"2026-01-09T19:48:28","modified_gmt":"2026-01-09T19:48:28","slug":"villena","status":"publish","type":"page","link":"https:\/\/juntadiocesanaoa.com\/?page_id=522","title":{"rendered":"Villena"},"content":{"rendered":"<p>[et_pb_section fb_built=\u00bb1&#8243; _builder_version=\u00bb4.27.4&#8243; _module_preset=\u00bbdefault\u00bb global_colors_info=\u00bb{}\u00bb theme_builder_area=\u00bbpost_content\u00bb][et_pb_row column_structure=\u00bb1_2,1_2&#8243; _builder_version=\u00bb4.27.4&#8243; _module_preset=\u00bbdefault\u00bb global_colors_info=\u00bb{}\u00bb theme_builder_area=\u00bbpost_content\u00bb][et_pb_column type=\u00bb1_2&#8243; _builder_version=\u00bb4.27.4&#8243; _module_preset=\u00bbdefault\u00bb global_colors_info=\u00bb{}\u00bb theme_builder_area=\u00bbpost_content\u00bb][et_pb_heading title=\u00bbVillena\u00bb _builder_version=\u00bb4.27.4&#8243; _module_preset=\u00bbdefault\u00bb hover_enabled=\u00bb0&#8243; global_colors_info=\u00bb{}\u00bb theme_builder_area=\u00bbpost_content\u00bb sticky_enabled=\u00bb0&#8243;][\/et_pb_heading][et_pb_image src=\u00bbhttps:\/\/juntadiocesanaoa.com\/wp-content\/uploads\/Logotipo_junta-01.png\u00bb title_text=\u00bbLogotipo_junta-01&#8243; align=\u00bbcenter\u00bb _builder_version=\u00bb4.27.4&#8243; _module_preset=\u00bbdefault\u00bb module_alignment=\u00bbleft\u00bb max_height=\u00bb166px\u00bb hover_enabled=\u00bb0&#8243; global_colors_info=\u00bb{}\u00bb theme_builder_area=\u00bbpost_content\u00bb sticky_enabled=\u00bb0&#8243;][\/et_pb_image][et_pb_heading title=\u00bbJunta Mayor de Cofrad\u00edas y Hermandades de Semana Santa de Villena\u00bb _builder_version=\u00bb4.27.4&#8243; _module_preset=\u00bbdefault\u00bb hover_enabled=\u00bb0&#8243; global_colors_info=\u00bb{}\u00bb theme_builder_area=\u00bbpost_content\u00bb sticky_enabled=\u00bb0&#8243;][\/et_pb_heading][et_pb_tabs _builder_version=\u00bb4.27.4&#8243; _module_preset=\u00bbdefault\u00bb hover_enabled=\u00bb0&#8243; global_colors_info=\u00bb{}\u00bb theme_builder_area=\u00bbpost_content\u00bb sticky_enabled=\u00bb0&#8243;][et_pb_tab title=\u00bbA\u00f1o de fundaci\u00f3n\u00bb _builder_version=\u00bb4.27.4&#8243; _module_preset=\u00bbdefault\u00bb hover_enabled=\u00bb0&#8243; global_colors_info=\u00bb{}\u00bb theme_builder_area=\u00bbpost_content\u00bb sticky_enabled=\u00bb0&#8243;]<\/p>\n<p>1972<\/p>\n<p>[\/et_pb_tab][et_pb_tab title=\u00bbHermanos cofrades\u00bb _builder_version=\u00bb4.27.4&#8243; _module_preset=\u00bbdefault\u00bb hover_enabled=\u00bb0&#8243; global_colors_info=\u00bb{}\u00bb theme_builder_area=\u00bbpost_content\u00bb sticky_enabled=\u00bb0&#8243;]<\/p>\n<p>500<\/p>\n<p>[\/et_pb_tab][et_pb_tab title=\u00bbSede can\u00f3nica\u00bb _builder_version=\u00bb4.27.4&#8243; _module_preset=\u00bbdefault\u00bb hover_enabled=\u00bb0&#8243; global_colors_info=\u00bb{}\u00bb theme_builder_area=\u00bbpost_content\u00bb sticky_enabled=\u00bb0&#8243;]<\/p>\n<p>Parroquia de Santa Mar\u00eda de la Asunci\u00f3n de Villena<\/p>\n<p>[\/et_pb_tab][\/et_pb_tabs][\/et_pb_column][et_pb_column type=\u00bb1_2&#8243; _builder_version=\u00bb4.27.4&#8243; _module_preset=\u00bbdefault\u00bb global_colors_info=\u00bb{}\u00bb theme_builder_area=\u00bbpost_content\u00bb][et_pb_image src=\u00bbhttps:\/\/juntadiocesanaoa.com\/wp-content\/uploads\/JM-VILLENA-DOMINGO-DE-RAMOS.jpg\u00bb title_text=\u00bbJM VILLENA DOMINGO DE RAMOS\u00bb _builder_version=\u00bb4.27.4&#8243; _module_preset=\u00bbdefault\u00bb hover_enabled=\u00bb0&#8243; global_colors_info=\u00bb{}\u00bb theme_builder_area=\u00bbpost_content\u00bb sticky_enabled=\u00bb0&#8243;][\/et_pb_image][\/et_pb_column][\/et_pb_row][et_pb_row column_structure=\u00bb1_2,1_2&#8243; _builder_version=\u00bb4.27.4&#8243; _module_preset=\u00bbdefault\u00bb global_colors_info=\u00bb{}\u00bb theme_builder_area=\u00bbpost_content\u00bb][et_pb_column type=\u00bb1_2&#8243; _builder_version=\u00bb4.27.4&#8243; _module_preset=\u00bbdefault\u00bb global_colors_info=\u00bb{}\u00bb theme_builder_area=\u00bbpost_content\u00bb][et_pb_image src=\u00bbhttps:\/\/juntadiocesanaoa.com\/wp-content\/uploads\/CARTEL-SEMANA-SANTA-2025-VILLENA.jpg\u00bb title_text=\u00bbCARTEL SEMANA SANTA 2025 VILLENA\u00bb _builder_version=\u00bb4.27.4&#8243; _module_preset=\u00bbdefault\u00bb width=\u00bb100%\u00bb max_width=\u00bb81%\u00bb hover_enabled=\u00bb0&#8243; global_colors_info=\u00bb{}\u00bb theme_builder_area=\u00bbpost_content\u00bb sticky_enabled=\u00bb0&#8243;][\/et_pb_image][\/et_pb_column][et_pb_column type=\u00bb1_2&#8243; _builder_version=\u00bb4.27.4&#8243; _module_preset=\u00bbdefault\u00bb global_colors_info=\u00bb{}\u00bb theme_builder_area=\u00bbpost_content\u00bb][et_pb_text _builder_version=\u00bb4.27.4&#8243; _module_preset=\u00bbdefault\u00bb hover_enabled=\u00bb0&#8243; global_colors_info=\u00bb{}\u00bb theme_builder_area=\u00bbpost_content\u00bb sticky_enabled=\u00bb0&#8243;]<\/p>\n<h2>Directiva Junta Mayor<\/h2>\n<p>Presidenta: Virtudes Sanchiz Gim\u00e9nez<\/p>\n<p>Vicepresidente: Rafael Sanchiz Gim\u00e9nez<\/p>\n<p>Secretario: Carlos Mullor Ferr\u00e1ndiz<\/p>\n<p>Tesorero: Luis Abell\u00e1n Navarro<\/p>\n<p>Vocales: Alfonso Flor Mayayo, Ana Medrano Navarro, Jos\u00e9 Miguel Ibern\u00f3n Domene, Mar\u00eda Teresa P\u00e9rez Lillo y F\u00e1tima L\u00e1zaro Domene<\/p>\n<p>Consiliario:<\/p>\n<p>&nbsp;<\/p>\n<p>[\/et_pb_text][et_pb_toggle title=\u00bbDirecci\u00f3n postal\u00bb _builder_version=\u00bb4.27.4&#8243; _module_preset=\u00bbdefault\u00bb custom_margin=\u00bb0px||||false|false\u00bb hover_enabled=\u00bb0&#8243; global_colors_info=\u00bb{}\u00bb theme_builder_area=\u00bbpost_content\u00bb sticky_enabled=\u00bb0&#8243;]<\/p>\n<p>Plaza de Santa Mar\u00eda, 10, 03400, Villena<\/p>\n<p>[\/et_pb_toggle][et_pb_toggle title=\u00bbCorreo electr\u00f3nico\u00bb _builder_version=\u00bb4.27.4&#8243; _module_preset=\u00bbdefault\u00bb custom_margin=\u00bb0px||||false|false\u00bb hover_enabled=\u00bb0&#8243; global_colors_info=\u00bb{}\u00bb theme_builder_area=\u00bbpost_content\u00bb sticky_enabled=\u00bb0&#8243;]<\/p>\n<p>juntamayorvillena@gmail.com<\/p>\n<p>[\/et_pb_toggle][et_pb_toggle title=\u00bbTel\u00e9fono\u00bb _builder_version=\u00bb4.27.4&#8243; _module_preset=\u00bbdefault\u00bb hover_enabled=\u00bb0&#8243; global_colors_info=\u00bb{}\u00bb theme_builder_area=\u00bbpost_content\u00bb sticky_enabled=\u00bb0&#8243;]<\/p>\n<p>626 606 261 \/\/ 644 248 874<\/p>\n<p>[\/et_pb_toggle][et_pb_toggle title=\u00bbRedes sociales\u00bb _builder_version=\u00bb4.27.4&#8243; _module_preset=\u00bbdefault\u00bb hover_enabled=\u00bb0&#8243; global_colors_info=\u00bb{}\u00bb theme_builder_area=\u00bbpost_content\u00bb sticky_enabled=\u00bb0&#8243;]<\/p>\n<p><a href=\"https:\/\/www.facebook.com\/profile.php?id=100064321556442\">Facebook<\/a> e <a href=\"https:\/\/www.instagram.com\/juntamayorvillena\/\">Instagram<\/a><\/p>\n<p>[\/et_pb_toggle][et_pb_toggle title=\u00bbP\u00e1gina web\u00bb _builder_version=\u00bb4.27.4&#8243; _module_preset=\u00bbdefault\u00bb hover_enabled=\u00bb0&#8243; global_colors_info=\u00bb{}\u00bb theme_builder_area=\u00bbpost_content\u00bb sticky_enabled=\u00bb0&#8243;][\/et_pb_toggle][\/et_pb_column][\/et_pb_row][et_pb_row column_structure=\u00bb1_3,2_3&#8243; _builder_version=\u00bb4.27.4&#8243; _module_preset=\u00bbdefault\u00bb global_colors_info=\u00bb{}\u00bb theme_builder_area=\u00bbpost_content\u00bb][et_pb_column type=\u00bb1_3&#8243; _builder_version=\u00bb4.27.4&#8243; _module_preset=\u00bbdefault\u00bb global_colors_info=\u00bb{}\u00bb theme_builder_area=\u00bbpost_content\u00bb][et_pb_text _builder_version=\u00bb4.27.4&#8243; _module_preset=\u00bbdefault\u00bb hover_enabled=\u00bb0&#8243; global_colors_info=\u00bb{}\u00bb theme_builder_area=\u00bbpost_content\u00bb sticky_enabled=\u00bb0&#8243;]<\/p>\n<h2>Cofrad\u00edas y Hermandades<\/h2>\n<ul>\n<li>Hermandad de Nuestro Padre Jes\u00fas del Amor en su Prendimiento y Mar\u00eda Sant\u00edsima de la Esperanza<\/li>\n<li>Hermandad del Stmo. Cristo de la Luz y Jes\u00fas Rescatado<\/li>\n<li>Hermandad del Stmo. Cristo de la Ca\u00edda y Mar\u00eda Sant\u00edsima de la Amargura<\/li>\n<li>Hermandad del Sant\u00edsimo Cristo Resucitado<\/li>\n<li>Hermandad del Sant\u00edsmo Cristo de las Penas y Ecce-Homo<\/li>\n<li>Hermandad del Santo Sepulcro y Cristo de la Columna<\/li>\n<li>Cofrad\u00eda de Nuestro Padre Jes\u00fas<\/li>\n<li>Cofrad\u00eda de Nuestra Se\u00f1ora de los Dolores<\/li>\n<li>Cofrad\u00eda de Nuestra Se\u00f1ora de las Angustias<\/li>\n<\/ul>\n<p>[\/et_pb_text][\/et_pb_column][et_pb_column type=\u00bb2_3&#8243; _builder_version=\u00bb4.27.4&#8243; _module_preset=\u00bbdefault\u00bb global_colors_info=\u00bb{}\u00bb theme_builder_area=\u00bbpost_content\u00bb][et_pb_image src=\u00bbhttps:\/\/juntadiocesanaoa.com\/wp-content\/uploads\/CARTEL-SEMANA-SANTA-2025-VILLENA.jpg\u00bb title_text=\u00bbCARTEL SEMANA SANTA 2025 VILLENA\u00bb _builder_version=\u00bb4.27.4&#8243; _module_preset=\u00bbdefault\u00bb width=\u00bb70%\u00bb module_alignment=\u00bbcenter\u00bb hover_enabled=\u00bb0&#8243; global_colors_info=\u00bb{}\u00bb theme_builder_area=\u00bbpost_content\u00bb sticky_enabled=\u00bb0&#8243;][\/et_pb_image][\/et_pb_column][\/et_pb_row][et_pb_row column_structure=\u00bb1_4,3_4&#8243; _builder_version=\u00bb4.27.4&#8243; _module_preset=\u00bbdefault\u00bb global_colors_info=\u00bb{}\u00bb theme_builder_area=\u00bbpost_content\u00bb][et_pb_column type=\u00bb1_4&#8243; _builder_version=\u00bb4.27.4&#8243; _module_preset=\u00bbdefault\u00bb global_colors_info=\u00bb{}\u00bb theme_builder_area=\u00bbpost_content\u00bb][et_pb_heading title=\u00bbDatos de inter\u00e9s\u00bb _builder_version=\u00bb4.27.4&#8243; _module_preset=\u00bbdefault\u00bb global_colors_info=\u00bb{}\u00bb theme_builder_area=\u00bbpost_content\u00bb][\/et_pb_heading][\/et_pb_column][et_pb_column type=\u00bb3_4&#8243; _builder_version=\u00bb4.27.4&#8243; _module_preset=\u00bbdefault\u00bb global_colors_info=\u00bb{}\u00bb theme_builder_area=\u00bbpost_content\u00bb][et_pb_text _builder_version=\u00bb4.27.4&#8243; _module_preset=\u00bbdefault\u00bb custom_padding=\u00bb1px|||||\u00bb hover_enabled=\u00bb0&#8243; global_colors_info=\u00bb{}\u00bb theme_builder_area=\u00bbpost_content\u00bb sticky_enabled=\u00bb0&#8243;]<\/p>\n<p>La Semana Santa de Villena es una de las m\u00e1s largas de la Comunitat Valenciana, que comienza Viernes de Dolores y termina Domingo de Resurrecci\u00f3n, una semana en la que los hermanos cofrades llevamos a cobo procesiones, traslados, viacrucis, representaciones y actos importantes para la cultura y patrimonio de la ciudad.<\/p>\n<p>[\/et_pb_text][\/et_pb_column][\/et_pb_row][et_pb_row column_structure=\u00bb1_4,3_4&#8243; _builder_version=\u00bb4.27.4&#8243; _module_preset=\u00bbdefault\u00bb global_colors_info=\u00bb{}\u00bb theme_builder_area=\u00bbpost_content\u00bb][et_pb_column type=\u00bb1_4&#8243; _builder_version=\u00bb4.27.4&#8243; _module_preset=\u00bbdefault\u00bb global_colors_info=\u00bb{}\u00bb theme_builder_area=\u00bbpost_content\u00bb][et_pb_heading title=\u00bbBreve historia de la Semana Santa de Villena\u00bb _builder_version=\u00bb4.27.4&#8243; _module_preset=\u00bbdefault\u00bb hover_enabled=\u00bb0&#8243; global_colors_info=\u00bb{}\u00bb theme_builder_area=\u00bbpost_content\u00bb sticky_enabled=\u00bb0&#8243;][\/et_pb_heading][\/et_pb_column][et_pb_column type=\u00bb3_4&#8243; _builder_version=\u00bb4.27.4&#8243; _module_preset=\u00bbdefault\u00bb global_colors_info=\u00bb{}\u00bb theme_builder_area=\u00bbpost_content\u00bb][et_pb_text _builder_version=\u00bb4.27.4&#8243; _module_preset=\u00bbdefault\u00bb hover_enabled=\u00bb0&#8243; global_colors_info=\u00bb{}\u00bb theme_builder_area=\u00bbpost_content\u00bb sticky_enabled=\u00bb0&#8243;]<\/p>\n<p>La Junta Mayor est\u00e1 compuesta por 10 Cofrad\u00edas y Hermandades y 15 Im\u00e1genes, en las cuales se representan diferentes momentos de la pasi\u00f3n, muerte y Resurrecci\u00f3n de Jesucristo, algunas de ellas con m\u00e1s de 100 a\u00f1os de historia que generan el inter\u00e9s de los villeneros y gente de la comarca.<\/p>\n<p>Invitamos a contemplar nuestra Semana Santa y participar en ella activamente. \u00a0<\/p>\n<p>&nbsp;<\/p>\n<p>[\/et_pb_text][\/et_pb_column][\/et_pb_row][\/et_pb_section]<\/p>\n","protected":false},"excerpt":{"rendered":"<p>1972500Parroquia de Santa Mar\u00eda de la Asunci\u00f3n de VillenaDirectiva Junta Mayor Presidenta: Virtudes Sanchiz Gim\u00e9nez Vicepresidente: Rafael Sanchiz Gim\u00e9nez Secretario: Carlos Mullor Ferr\u00e1ndiz Tesorero: Luis Abell\u00e1n Navarro Vocales: Alfonso Flor Mayayo, Ana Medrano Navarro, Jos\u00e9 Miguel Ibern\u00f3n Domene, Mar\u00eda Teresa P\u00e9rez Lillo y F\u00e1tima L\u00e1zaro Domene Consiliario: &nbsp;Plaza de Santa Mar\u00eda, 10, 03400, Villenajuntamayorvillena@gmail.com626 606 [&hellip;]<\/p>\n","protected":false},"author":2,"featured_media":0,"parent":0,"menu_order":0,"comment_status":"closed","ping_status":"closed","template":"","meta":{"_et_pb_use_builder":"on","_et_pb_old_content":"<!-- wp:divi\/placeholder \/-->","_et_gb_content_width":"","footnotes":""},"class_list":["post-522","page","type-page","status-publish","hentry"],"yoast_head":"<!-- This site is optimized with the Yoast SEO plugin v27.2 - https:\/\/yoast.com\/product\/yoast-seo-wordpress\/ -->\n<title>Villena - Junta Diocesana Orihuela-Alicante<\/title>\n<meta name=\"robots\" content=\"index, follow, max-snippet:-1, max-image-preview:large, max-video-preview:-1\" \/>\n<link rel=\"canonical\" href=\"https:\/\/juntadiocesanaoa.com\/?page_id=522\" \/>\n<meta property=\"og:locale\" content=\"es_ES\" \/>\n<meta property=\"og:type\" content=\"article\" \/>\n<meta property=\"og:title\" content=\"Villena - Junta Diocesana Orihuela-Alicante\" \/>\n<meta property=\"og:description\" content=\"1972500Parroquia de Santa Mar\u00eda de la Asunci\u00f3n de VillenaDirectiva Junta Mayor Presidenta: Virtudes Sanchiz Gim\u00e9nez Vicepresidente: Rafael Sanchiz Gim\u00e9nez Secretario: Carlos Mullor Ferr\u00e1ndiz Tesorero: Luis Abell\u00e1n Navarro Vocales: Alfonso Flor Mayayo, Ana Medrano Navarro, Jos\u00e9 Miguel Ibern\u00f3n Domene, Mar\u00eda Teresa P\u00e9rez Lillo y F\u00e1tima L\u00e1zaro Domene Consiliario: &nbsp;Plaza de Santa Mar\u00eda, 10, 03400, Villenajuntamayorvillena@gmail.com626 606 [&hellip;]\" \/>\n<meta property=\"og:url\" content=\"https:\/\/juntadiocesanaoa.com\/?page_id=522\" \/>\n<meta property=\"og:site_name\" content=\"Junta Diocesana Orihuela-Alicante\" \/>\n<meta property=\"article:modified_time\" content=\"2026-01-09T19:48:28+00:00\" \/>\n<meta name=\"twitter:card\" content=\"summary_large_image\" \/>\n<script type=\"application\/ld+json\" class=\"yoast-schema-graph\">{\"@context\":\"https:\/\/schema.org\",\"@graph\":[{\"@type\":\"WebPage\",\"@id\":\"https:\/\/juntadiocesanaoa.com\/?page_id=522\",\"url\":\"https:\/\/juntadiocesanaoa.com\/?page_id=522\",\"name\":\"Villena - Junta Diocesana Orihuela-Alicante\",\"isPartOf\":{\"@id\":\"https:\/\/juntadiocesanaoa.com\/#website\"},\"datePublished\":\"2025-11-05T12:28:48+00:00\",\"dateModified\":\"2026-01-09T19:48:28+00:00\",\"breadcrumb\":{\"@id\":\"https:\/\/juntadiocesanaoa.com\/?page_id=522#breadcrumb\"},\"inLanguage\":\"es\",\"potentialAction\":[{\"@type\":\"ReadAction\",\"target\":[\"https:\/\/juntadiocesanaoa.com\/?page_id=522\"]}]},{\"@type\":\"BreadcrumbList\",\"@id\":\"https:\/\/juntadiocesanaoa.com\/?page_id=522#breadcrumb\",\"itemListElement\":[{\"@type\":\"ListItem\",\"position\":1,\"name\":\"Portada\",\"item\":\"https:\/\/juntadiocesanaoa.com\/\"},{\"@type\":\"ListItem\",\"position\":2,\"name\":\"Villena\"}]},{\"@type\":\"WebSite\",\"@id\":\"https:\/\/juntadiocesanaoa.com\/#website\",\"url\":\"https:\/\/juntadiocesanaoa.com\/\",\"name\":\"Junta Diocesana Orihuela-Alicante\",\"description\":\"\",\"potentialAction\":[{\"@type\":\"SearchAction\",\"target\":{\"@type\":\"EntryPoint\",\"urlTemplate\":\"https:\/\/juntadiocesanaoa.com\/?s={search_term_string}\"},\"query-input\":{\"@type\":\"PropertyValueSpecification\",\"valueRequired\":true,\"valueName\":\"search_term_string\"}}],\"inLanguage\":\"es\"}]}<\/script>\n<!-- \/ Yoast SEO plugin. -->","yoast_head_json":{"title":"Villena - Junta Diocesana Orihuela-Alicante","robots":{"index":"index","follow":"follow","max-snippet":"max-snippet:-1","max-image-preview":"max-image-preview:large","max-video-preview":"max-video-preview:-1"},"canonical":"https:\/\/juntadiocesanaoa.com\/?page_id=522","og_locale":"es_ES","og_type":"article","og_title":"Villena - Junta Diocesana Orihuela-Alicante","og_description":"1972500Parroquia de Santa Mar\u00eda de la Asunci\u00f3n de VillenaDirectiva Junta Mayor Presidenta: Virtudes Sanchiz Gim\u00e9nez Vicepresidente: Rafael Sanchiz Gim\u00e9nez Secretario: Carlos Mullor Ferr\u00e1ndiz Tesorero: Luis Abell\u00e1n Navarro Vocales: Alfonso Flor Mayayo, Ana Medrano Navarro, Jos\u00e9 Miguel Ibern\u00f3n Domene, Mar\u00eda Teresa P\u00e9rez Lillo y F\u00e1tima L\u00e1zaro Domene Consiliario: &nbsp;Plaza de Santa Mar\u00eda, 10, 03400, Villenajuntamayorvillena@gmail.com626 606 [&hellip;]","og_url":"https:\/\/juntadiocesanaoa.com\/?page_id=522","og_site_name":"Junta Diocesana Orihuela-Alicante","article_modified_time":"2026-01-09T19:48:28+00:00","twitter_card":"summary_large_image","schema":{"@context":"https:\/\/schema.org","@graph":[{"@type":"WebPage","@id":"https:\/\/juntadiocesanaoa.com\/?page_id=522","url":"https:\/\/juntadiocesanaoa.com\/?page_id=522","name":"Villena - Junta Diocesana Orihuela-Alicante","isPartOf":{"@id":"https:\/\/juntadiocesanaoa.com\/#website"},"datePublished":"2025-11-05T12:28:48+00:00","dateModified":"2026-01-09T19:48:28+00:00","breadcrumb":{"@id":"https:\/\/juntadiocesanaoa.com\/?page_id=522#breadcrumb"},"inLanguage":"es","potentialAction":[{"@type":"ReadAction","target":["https:\/\/juntadiocesanaoa.com\/?page_id=522"]}]},{"@type":"BreadcrumbList","@id":"https:\/\/juntadiocesanaoa.com\/?page_id=522#breadcrumb","itemListElement":[{"@type":"ListItem","position":1,"name":"Portada","item":"https:\/\/juntadiocesanaoa.com\/"},{"@type":"ListItem","position":2,"name":"Villena"}]},{"@type":"WebSite","@id":"https:\/\/juntadiocesanaoa.com\/#website","url":"https:\/\/juntadiocesanaoa.com\/","name":"Junta Diocesana Orihuela-Alicante","description":"","potentialAction":[{"@type":"SearchAction","target":{"@type":"EntryPoint","urlTemplate":"https:\/\/juntadiocesanaoa.com\/?s={search_term_string}"},"query-input":{"@type":"PropertyValueSpecification","valueRequired":true,"valueName":"search_term_string"}}],"inLanguage":"es"}]}},"_links":{"self":[{"href":"https:\/\/juntadiocesanaoa.com\/index.php?rest_route=\/wp\/v2\/pages\/522","targetHints":{"allow":["GET"]}}],"collection":[{"href":"https:\/\/juntadiocesanaoa.com\/index.php?rest_route=\/wp\/v2\/pages"}],"about":[{"href":"https:\/\/juntadiocesanaoa.com\/index.php?rest_route=\/wp\/v2\/types\/page"}],"author":[{"embeddable":true,"href":"https:\/\/juntadiocesanaoa.com\/index.php?rest_route=\/wp\/v2\/users\/2"}],"replies":[{"embeddable":true,"href":"https:\/\/juntadiocesanaoa.com\/index.php?rest_route=%2Fwp%2Fv2%2Fcomments&post=522"}],"version-history":[{"count":7,"href":"https:\/\/juntadiocesanaoa.com\/index.php?rest_route=\/wp\/v2\/pages\/522\/revisions"}],"predecessor-version":[{"id":823,"href":"https:\/\/juntadiocesanaoa.com\/index.php?rest_route=\/wp\/v2\/pages\/522\/revisions\/823"}],"wp:attachment":[{"href":"https:\/\/juntadiocesanaoa.com\/index.php?rest_route=%2Fwp%2Fv2%2Fmedia&parent=522"}],"curies":[{"name":"wp","href":"https:\/\/api.w.org\/{rel}","templated":true}]}}