{"id":520,"date":"2025-11-05T12:28:38","date_gmt":"2025-11-05T12:28:38","guid":{"rendered":"https:\/\/juntadiocesanaoa.com\/?page_id=520"},"modified":"2026-03-31T17:24:58","modified_gmt":"2026-03-31T17:24:58","slug":"la-vila-joiosa","status":"publish","type":"page","link":"https:\/\/juntadiocesanaoa.com\/?page_id=520","title":{"rendered":"La Vila Joiosa"},"content":{"rendered":"<p>[et_pb_section fb_built=\u00bb1&#8243; _builder_version=\u00bb4.27.4&#8243; _module_preset=\u00bbdefault\u00bb global_colors_info=\u00bb{}\u00bb][et_pb_row column_structure=\u00bb1_2,1_2&#8243; _builder_version=\u00bb4.27.4&#8243; _module_preset=\u00bbdefault\u00bb global_colors_info=\u00bb{}\u00bb][et_pb_column type=\u00bb1_2&#8243; _builder_version=\u00bb4.27.4&#8243; _module_preset=\u00bbdefault\u00bb global_colors_info=\u00bb{}\u00bb][et_pb_heading title=\u00bbLa Vila Joiosa\u00bb _builder_version=\u00bb4.27.4&#8243; _module_preset=\u00bbdefault\u00bb global_colors_info=\u00bb{}\u00bb][\/et_pb_heading][et_pb_image src=\u00bbhttps:\/\/juntadiocesanaoa.com\/wp-content\/uploads\/Logo-Junta-Cofradias-La-Vila-Joiosa-hor.png\u00bb title_text=\u00bbLogo Junta Cofradias La Vila Joiosa hor\u00bb align=\u00bbcenter\u00bb _builder_version=\u00bb4.27.6&#8243; _module_preset=\u00bbdefault\u00bb module_alignment=\u00bbleft\u00bb max_height=\u00bb264px\u00bb hover_enabled=\u00bb0&#8243; global_colors_info=\u00bb{}\u00bb sticky_enabled=\u00bb0&#8243;][\/et_pb_image][et_pb_heading title=\u00bbJunta Mayor de Cofrad\u00edas y Hermandades de Semana Santa de Villajoyosa\u00bb _builder_version=\u00bb4.27.6&#8243; _module_preset=\u00bbdefault\u00bb hover_enabled=\u00bb0&#8243; global_colors_info=\u00bb{}\u00bb sticky_enabled=\u00bb0&#8243;][\/et_pb_heading][et_pb_tabs _builder_version=\u00bb4.27.4&#8243; _module_preset=\u00bbdefault\u00bb global_colors_info=\u00bb{}\u00bb][et_pb_tab title=\u00bbA\u00f1o de fundaci\u00f3n\u00bb _builder_version=\u00bb4.27.4&#8243; _module_preset=\u00bbdefault\u00bb global_colors_info=\u00bb{}\u00bb]<\/p>\n<p>1992<\/p>\n<p>[\/et_pb_tab][et_pb_tab title=\u00bbHermanos cofrades\u00bb _builder_version=\u00bb4.27.4&#8243; _module_preset=\u00bbdefault\u00bb global_colors_info=\u00bb{}\u00bb]<\/p>\n<p>600<\/p>\n<p>[\/et_pb_tab][et_pb_tab title=\u00bbSede can\u00f3nica\u00bb _builder_version=\u00bb4.27.4&#8243; _module_preset=\u00bbdefault\u00bb global_colors_info=\u00bb{}\u00bb]<\/p>\n<p>Parroquia Nuestra Se\u00f1ora de la Asunci\u00f3n de la Vila Joiosa<\/p>\n<p>[\/et_pb_tab][\/et_pb_tabs][\/et_pb_column][et_pb_column type=\u00bb1_2&#8243; _builder_version=\u00bb4.27.4&#8243; _module_preset=\u00bbdefault\u00bb global_colors_info=\u00bb{}\u00bb][et_pb_image src=\u00bbhttps:\/\/juntadiocesanaoa.com\/wp-content\/uploads\/JM-VILLAJOYOSA_encuentro-nazareno-y-veronica.jpg\u00bb title_text=\u00bbOLYMPUS DIGITAL CAMERA\u00bb show_bottom_space=\u00bboff\u00bb _builder_version=\u00bb4.27.6&#8243; _module_preset=\u00bbdefault\u00bb global_colors_info=\u00bb{}\u00bb custom_margin=\u00bb30px||0px||false|false\u00bb][\/et_pb_image][et_pb_text _builder_version=\u00bb4.27.4&#8243; _module_preset=\u00bbdefault\u00bb custom_margin=\u00bb0px||0px||false|false\u00bb global_colors_info=\u00bb{}\u00bb]<\/p>\n<h4>Fotos Antonio Mingot (Foto-Cine La <span>Vila)<\/span><\/h4>\n<p>[\/et_pb_text][\/et_pb_column][\/et_pb_row][et_pb_row column_structure=\u00bb1_2,1_2&#8243; _builder_version=\u00bb4.27.4&#8243; _module_preset=\u00bbdefault\u00bb global_colors_info=\u00bb{}\u00bb][et_pb_column type=\u00bb1_2&#8243; _builder_version=\u00bb4.27.4&#8243; _module_preset=\u00bbdefault\u00bb global_colors_info=\u00bb{}\u00bb][et_pb_image src=\u00bbhttps:\/\/juntadiocesanaoa.com\/wp-content\/uploads\/JM-VILLAJOYOSA_encuentro-gloria.jpg\u00bb title_text=\u00bbJM VILLAJOYOSA_encuentro gloria\u00bb _builder_version=\u00bb4.27.4&#8243; _module_preset=\u00bbdefault\u00bb width=\u00bb100%\u00bb max_width=\u00bb81%\u00bb global_colors_info=\u00bb{}\u00bb][\/et_pb_image][\/et_pb_column][et_pb_column type=\u00bb1_2&#8243; _builder_version=\u00bb4.27.4&#8243; _module_preset=\u00bbdefault\u00bb global_colors_info=\u00bb{}\u00bb][et_pb_text _builder_version=\u00bb4.27.4&#8243; _module_preset=\u00bbdefault\u00bb global_colors_info=\u00bb{}\u00bb]<\/p>\n<h2>Directiva Junta Mayor<\/h2>\n<p>Presidenta: Nancy Graciela Beltr\u00e1n Roslan<\/p>\n<p>Vicepresidente: Pedro Casta\u00f1o<\/p>\n<p>Secretaria: Alicia Soriano<\/p>\n<p>Vicesecretario: Ram\u00f3n Pe\u00f1alver<\/p>\n<p>Tesorero: Adri\u00e1n Agull\u00f3<\/p>\n<p>Contador: Miguel Bl\u00e1zquez<\/p>\n<p>Vocales:\u00a0Andr\u00e9s Mayor,\u00a0Isa Segrelles,\u00a0Mar\u00eda Reos,\u00a0Marta Beneyte y\u00a0Mar\u00eda Dolores Ortiz<\/p>\n<p>Consiliario: Juan Jos\u00e9 Ortega<\/p>\n<p>&nbsp;<\/p>\n<p>&nbsp;<\/p>\n<p>[\/et_pb_text][et_pb_toggle title=\u00bbDirecci\u00f3n postal\u00bb _builder_version=\u00bb4.27.4&#8243; _module_preset=\u00bbdefault\u00bb custom_margin=\u00bb0px||||false|false\u00bb global_colors_info=\u00bb{}\u00bb]<\/p>\n<p>C\/ Germans Aragon\u00e9s, 1 , La Vila Joiosa<\/p>\n<p>[\/et_pb_toggle][et_pb_toggle title=\u00bbCorreo electr\u00f3nico\u00bb _builder_version=\u00bb4.27.4&#8243; _module_preset=\u00bbdefault\u00bb global_colors_info=\u00bb{}\u00bb]<\/p>\n<p>semanasantavillajoyosa@gmail.com<\/p>\n<p>[\/et_pb_toggle][et_pb_toggle title=\u00bbTel\u00e9fono\u00bb _builder_version=\u00bb4.27.4&#8243; _module_preset=\u00bbdefault\u00bb global_colors_info=\u00bb{}\u00bb]<\/p>\n<p><span data-olk-copy-source=\"MessageBody\">699783568 (Presidencia)<\/span>\u00a0<\/p>\n<p>[\/et_pb_toggle][et_pb_toggle title=\u00bbRedes sociales\u00bb _builder_version=\u00bb4.27.4&#8243; _module_preset=\u00bbdefault\u00bb global_colors_info=\u00bb{}\u00bb]<\/p>\n<p><a href=\"https:\/\/www.facebook.com\/profile.php?id=100016122610814\">Facebook,<\/a> <a href=\"https:\/\/www.instagram.com\/semanasantavillajoyosa\/\">Instagram<\/a><\/p>\n<p>[\/et_pb_toggle][et_pb_toggle title=\u00bbP\u00e1gina web\u00bb _builder_version=\u00bb4.27.4&#8243; _module_preset=\u00bbdefault\u00bb global_colors_info=\u00bb{}\u00bb][\/et_pb_toggle][\/et_pb_column][\/et_pb_row][et_pb_row column_structure=\u00bb1_3,2_3&#8243; _builder_version=\u00bb4.27.4&#8243; _module_preset=\u00bbdefault\u00bb global_colors_info=\u00bb{}\u00bb][et_pb_column type=\u00bb1_3&#8243; _builder_version=\u00bb4.27.4&#8243; _module_preset=\u00bbdefault\u00bb global_colors_info=\u00bb{}\u00bb][et_pb_text _builder_version=\u00bb4.27.4&#8243; _module_preset=\u00bbdefault\u00bb global_colors_info=\u00bb{}\u00bb]<\/p>\n<h2>Cofrad\u00edas y Hermandades<\/h2>\n<ul>\n<li>Cofrad\u00eda Jes\u00fas Triunfante, fundada en 2002<\/li>\n<li>Cofrad\u00eda Ntro. Padre Jes\u00fas Cautivo, fundada en 2002<\/li>\n<li>Cofrad\u00eda Ecce Homo, fundada en 2003<\/li>\n<li>Hermandad Santa Mujer Ver\u00f3nica, fundada en 1986<\/li>\n<li>Cofrad\u00eda Ntro. Padre Jes\u00fas Nazareno, fundada en 1982<\/li>\n<li>Cofrad\u00eda Cristo de la Fe, fundada en 1976<\/li>\n<li>Cofrad\u00eda Sant\u00edsima Virgen de la Caridad, fundada en 1988<\/li>\n<li>Cofrad\u00eda Santo Sepulcro, fundada en 1990<\/li>\n<li>Cofrad\u00eda Ntra. Sra. de los Dolores, fundada en 1990<\/li>\n<li>Confraria de Resurrecci\u00f3 i Gl\u00f2ria, fundada en 1996<\/li>\n<\/ul>\n<p>[\/et_pb_text][\/et_pb_column][et_pb_column type=\u00bb2_3&#8243; _builder_version=\u00bb4.27.4&#8243; _module_preset=\u00bbdefault\u00bb global_colors_info=\u00bb{}\u00bb][et_pb_image src=\u00bbhttps:\/\/juntadiocesanaoa.com\/wp-content\/uploads\/JM-VILLAJOYOSA_sepulcro2.jpg\u00bb title_text=\u00bbJM VILLAJOYOSA_sepulcro2&#8243; _builder_version=\u00bb4.27.4&#8243; _module_preset=\u00bbdefault\u00bb global_colors_info=\u00bb{}\u00bb][\/et_pb_image][\/et_pb_column][\/et_pb_row][et_pb_row column_structure=\u00bb1_4,3_4&#8243; _builder_version=\u00bb4.27.4&#8243; _module_preset=\u00bbdefault\u00bb global_colors_info=\u00bb{}\u00bb][et_pb_column type=\u00bb1_4&#8243; _builder_version=\u00bb4.27.4&#8243; _module_preset=\u00bbdefault\u00bb global_colors_info=\u00bb{}\u00bb][et_pb_heading title=\u00bbDatos de inter\u00e9s\u00bb _builder_version=\u00bb4.27.4&#8243; _module_preset=\u00bbdefault\u00bb global_colors_info=\u00bb{}\u00bb][\/et_pb_heading][\/et_pb_column][et_pb_column type=\u00bb3_4&#8243; _builder_version=\u00bb4.27.4&#8243; _module_preset=\u00bbdefault\u00bb global_colors_info=\u00bb{}\u00bb][et_pb_text _builder_version=\u00bb4.27.4&#8243; _module_preset=\u00bbdefault\u00bb custom_padding=\u00bb1px|||||\u00bb global_colors_info=\u00bb{}\u00bb]<\/p>\n<p>A destacar la celebraci\u00f3n de las procesiones por su gran participaci\u00f3n como son la procesi\u00f3n del Domingo de Ramos, Santo Entierro y Domingo de Resurrecci\u00f3n.<\/p>\n<p>[\/et_pb_text][\/et_pb_column][\/et_pb_row][et_pb_row column_structure=\u00bb1_4,3_4&#8243; _builder_version=\u00bb4.27.4&#8243; _module_preset=\u00bbdefault\u00bb global_colors_info=\u00bb{}\u00bb][et_pb_column type=\u00bb1_4&#8243; _builder_version=\u00bb4.27.4&#8243; _module_preset=\u00bbdefault\u00bb global_colors_info=\u00bb{}\u00bb][et_pb_heading title=\u00bbBreve historia de la Semana Santa de          la Vila Joiosa\u00bb _builder_version=\u00bb4.27.4&#8243; _module_preset=\u00bbdefault\u00bb global_colors_info=\u00bb{}\u00bb][\/et_pb_heading][\/et_pb_column][et_pb_column type=\u00bb3_4&#8243; _builder_version=\u00bb4.27.4&#8243; _module_preset=\u00bbdefault\u00bb global_colors_info=\u00bb{}\u00bb][et_pb_text _builder_version=\u00bb4.27.6&#8243; _module_preset=\u00bbdefault\u00bb hover_enabled=\u00bb0&#8243; global_colors_info=\u00bb{}\u00bb sticky_enabled=\u00bb0&#8243;]<\/p>\n<p>Santa de Villajoyosa es una de las festividades religiosas m\u00e1s importantes de nuestra ciudad. La celebraci\u00f3n de dicha festividad cristiana siempre se ha realizado con ritos lit\u00fargicos y procesionales exceptuando los a\u00f1os de la Guerra civil espa\u00f1ola, en dicha guerra fue destruida toda la imaginer\u00eda patrimonial que exist\u00eda, en la actualidad solamente se pueden venerar las manos de la imagen del Nazareno que fueron el \u00fanico resto que se pudo recuperar.<\/p>\n<p>Tras la posguerra se fueron adquiriendo nuevas im\u00e1genes pasionales costeadas por varias familias seg\u00fan su devoci\u00f3n. As\u00ed, se adquirieron las im\u00e1genes de la Virgen de los Dolores, la Caridad, El Santo Sepulcro, el Cristo de la Fe. Todas ellas fueron expuestas en las capillas laterales del templo de la parroquia de la Asunci\u00f3n que tras la guerra qued\u00f3 totalmente destruida, los autores de dichas im\u00e1genes son el escultor valenciano Rabasa y otro escultor desconocido.<\/p>\n<p>Dichas im\u00e1genes y el Ecce Homo sal\u00edan en procesi\u00f3n durante la Semana Santa acompa\u00f1adas por devotos y feligreses sin estar constituidas las cofrad\u00edas, no es hasta la d\u00e9cada de los 70, que se forma la Cofrad\u00eda del Cristo de la Fe y, a ra\u00edz de \u00e9sta, empiezan a formarse diferentes cofrad\u00edas ante el fervor y devoci\u00f3n de feligreses.<\/p>\n<p>En el a\u00f1o 1987 se funda la hermandad de la Santa Mujer Ver\u00f3nica, con la cual se dio un paso adelante en el engrandecimiento de los actos a celebrar con el &#8216;Encuentro&#8217; en la ma\u00f1ana del Viernes Santo junto con la imagen del Nazareno camino a la celebraci\u00f3n del V\u00eda Crucis y serm\u00f3n de la Pasi\u00f3n. En los a\u00f1os venideros, a principios de la d\u00e9cada de los 90 se fundan las cofrad\u00edas del Santo Sepulcro y de la Virgen de los Dolores, al ver el aumento notable en la participaci\u00f3n de cofrades se decide entre las cofrad\u00edas existentes la creaci\u00f3n de una Junta de Cofrad\u00edas. Gracias a la iniciativa de un grupo de personas, presidentes\/as o representantes de las cofrad\u00edas que empiezan a reunirse junto con el Ayuntamiento, en concreto la Concejal\u00eda de Fiestas, para poder mejorar y coordinar los diferentes actos y procesione que se realizaban en la Semana Santa. Y es el 12 de enero de 1993 cuando queda constituida legalmente al ser aprobados sus estatutos.<\/p>\n<p>Su finalidad es mantener, potenciar y colaborar en los actos de religiosidad popular relacionados con la Semana Santa. Para lograr sus fines, esta Junta programa, organiza y coordina diversas actividades culturales, religiosas y formativas para poder as\u00ed fomentar y propagar la Semana Santa. En este sentido, organiz\u00f3 en el a\u00f1o 2003 el X Encuentro Provincial de Cofrad\u00edas y Hermandades de Semana Santa.<\/p>\n<p>Tambi\u00e9n ha organizado diferentes conciertos, algunos de ellos forman parte del acto del preg\u00f3n de Semana Santa mientras que otros son independientes organizados conjuntamente con la Agrupaci\u00f3n Musical Mediterr\u00e1neo de Villajoyosa. Entre ellos cabe destacar la actuaci\u00f3n de la Capella del Misteri d\u2019Elx y la Pasi\u00f3n por el grupo Jerusal\u00e9n. A<span style=\"font-size: 14px;\">nualmente tambi\u00e9n se ha venido editando el programa de los actos procesionales y traslados que tradicionalmente se celebran en Villajoyosa con motivo de la Semana Santa, se\u00f1alando las fechas y coordinando el orden de las cofrad\u00edas, horarios e itinerarios de los mismos.<\/span><\/p>\n<p>En la actualidad las tres parroquias que existen en Villajoyosa se ven inmersas en la celebraci\u00f3n de multitud de actos lit\u00fargicos y procesionales en nuestras calles con un gran n\u00famero de cofrades y feligreses. Cada procesi\u00f3n tiene sus caracter\u00edsticas y belleza ya que discurren por itinerarios \u00fanicos con gran valor hist\u00f3rico en nuestra ciudad, cada a\u00f1o la afluencia de turistas por contemplar los actos que dicha Junta organiza van en aumento.<\/p>\n<p>Durante estos 33 a\u00f1os se ha trabajado en mejorar los actos y fomentar la participaci\u00f3n en la Semana Santa, porque se ha trabajado y se trabaja por mantener vivas nuestras tradiciones.<\/p>\n<p>[\/et_pb_text][\/et_pb_column][\/et_pb_row][et_pb_row _builder_version=\u00bb4.27.4&#8243; _module_preset=\u00bbdefault\u00bb custom_margin=\u00bb||0px||false|false\u00bb global_colors_info=\u00bb{}\u00bb][et_pb_column type=\u00bb4_4&#8243; _builder_version=\u00bb4.27.4&#8243; _module_preset=\u00bbdefault\u00bb global_colors_info=\u00bb{}\u00bb][et_pb_text _builder_version=\u00bb4.27.4&#8243; _module_preset=\u00bbdefault\u00bb custom_margin=\u00bb0px||-1px||false|false\u00bb global_colors_info=\u00bb{}\u00bb]<\/p>\n<h4>Fotos Antonio Mingot (Foto-Cine La <span>Vila)<\/span><\/h4>\n<p>[\/et_pb_text][dica_divi_carousel loop=\u00bbon\u00bb autoplay=\u00bbon\u00bb hoverpause=\u00bbon\u00bb arrow_nav=\u00bbon\u00bb dot_nav=\u00bbon\u00bb advanced_effect=\u00bb1&#8243; arrow_nav_color=\u00bb#7c3112&#8243; dots_color=\u00bb#e0ae5e\u00bb dots_active_color=\u00bb#7c3112&#8243; arrow_position=\u00bbmiddle-outside\u00bb _builder_version=\u00bb4.27.4&#8243; _module_preset=\u00bbdefault\u00bb global_colors_info=\u00bb{}\u00bb][dica_divi_carouselitem title=\u00bbTriunfante\u00bb button_url_new_window=\u00bb1&#8243; image=\u00bbhttps:\/\/juntadiocesanaoa.com\/wp-content\/uploads\/JM-VILLAJOYOSA_Triunfante.jpg\u00bb image_lightbox=\u00bbon\u00bb _builder_version=\u00bb4.27.4&#8243; _module_preset=\u00bbdefault\u00bb global_colors_info=\u00bb{}\u00bb][\/dica_divi_carouselitem][dica_divi_carouselitem title=\u00bbVer\u00f3nica\u00bb button_url_new_window=\u00bb1&#8243; image=\u00bbhttps:\/\/juntadiocesanaoa.com\/wp-content\/uploads\/JM-VILLAJOYOSA_veronica.jpg\u00bb image_lightbox=\u00bbon\u00bb _builder_version=\u00bb4.27.4&#8243; _module_preset=\u00bbdefault\u00bb global_colors_info=\u00bb{}\u00bb][\/dica_divi_carouselitem][dica_divi_carouselitem title=\u00bbEcce Homo\u00bb button_url_new_window=\u00bb1&#8243; image=\u00bbhttps:\/\/juntadiocesanaoa.com\/wp-content\/uploads\/JM-VILLAJOYOSA_ecce-homo.jpg\u00bb image_lightbox=\u00bbon\u00bb _builder_version=\u00bb4.27.4&#8243; _module_preset=\u00bbdefault\u00bb global_colors_info=\u00bb{}\u00bb][\/dica_divi_carouselitem][dica_divi_carouselitem title=\u00bbEcce Homo\u00bb button_url_new_window=\u00bb1&#8243; image=\u00bbhttps:\/\/juntadiocesanaoa.com\/wp-content\/uploads\/JM-VILLAJOYOSA_ecce-homo-2.jpg\u00bb image_lightbox=\u00bbon\u00bb _builder_version=\u00bb4.27.4&#8243; _module_preset=\u00bbdefault\u00bb global_colors_info=\u00bb{}\u00bb][\/dica_divi_carouselitem][dica_divi_carouselitem title=\u00bbCautivo\u00bb button_url_new_window=\u00bb1&#8243; image=\u00bbhttps:\/\/juntadiocesanaoa.com\/wp-content\/uploads\/JM-VILLAJOYOSA_CAUTIVO-2.jpg\u00bb image_lightbox=\u00bbon\u00bb _builder_version=\u00bb4.27.4&#8243; _module_preset=\u00bbdefault\u00bb global_colors_info=\u00bb{}\u00bb][\/dica_divi_carouselitem][dica_divi_carouselitem title=\u00bbNazareno\u00bb button_url_new_window=\u00bb1&#8243; image=\u00bbhttps:\/\/juntadiocesanaoa.com\/wp-content\/uploads\/JM-VILLAJOYOSA_NAZARENO-2.jpg\u00bb image_lightbox=\u00bbon\u00bb _builder_version=\u00bb4.27.4&#8243; _module_preset=\u00bbdefault\u00bb global_colors_info=\u00bb{}\u00bb][\/dica_divi_carouselitem][dica_divi_carouselitem button_url_new_window=\u00bb1&#8243; image=\u00bbhttps:\/\/juntadiocesanaoa.com\/wp-content\/uploads\/JM-VILLAJOYOSA_1010258-1.jpg\u00bb image_lightbox=\u00bbon\u00bb _builder_version=\u00bb4.27.4&#8243; _module_preset=\u00bbdefault\u00bb global_colors_info=\u00bb{}\u00bb][\/dica_divi_carouselitem][dica_divi_carouselitem title=\u00bbCristo de la Fe\u00bb button_url_new_window=\u00bb1&#8243; image=\u00bbhttps:\/\/juntadiocesanaoa.com\/wp-content\/uploads\/JM-VILLAJOYOSA_cristo-de-la-fe.jpg\u00bb image_lightbox=\u00bbon\u00bb _builder_version=\u00bb4.27.4&#8243; _module_preset=\u00bbdefault\u00bb global_colors_info=\u00bb{}\u00bb][\/dica_divi_carouselitem][dica_divi_carouselitem title=\u00bbDolorosa\u00bb button_url_new_window=\u00bb1&#8243; image=\u00bbhttps:\/\/juntadiocesanaoa.com\/wp-content\/uploads\/JM-VILLAJOYOSA_Dolorosa.jpg\u00bb image_lightbox=\u00bbon\u00bb _builder_version=\u00bb4.27.4&#8243; _module_preset=\u00bbdefault\u00bb global_colors_info=\u00bb{}\u00bb][\/dica_divi_carouselitem][dica_divi_carouselitem title=\u00bbVirgen de la Caridad\u00bb button_url_new_window=\u00bb1&#8243; image=\u00bbhttps:\/\/juntadiocesanaoa.com\/wp-content\/uploads\/JM-VILLAJOYOSA_VIRGEN-CARIDAD.jpg\u00bb image_lightbox=\u00bbon\u00bb _builder_version=\u00bb4.27.4&#8243; _module_preset=\u00bbdefault\u00bb global_colors_info=\u00bb{}\u00bb][\/dica_divi_carouselitem][dica_divi_carouselitem title=\u00bbResucitat\u00bb button_url_new_window=\u00bb1&#8243; image=\u00bbhttps:\/\/juntadiocesanaoa.com\/wp-content\/uploads\/JM-VILLAJOYOSA_Resucitat.jpg\u00bb image_lightbox=\u00bbon\u00bb _builder_version=\u00bb4.27.4&#8243; _module_preset=\u00bbdefault\u00bb global_colors_info=\u00bb{}\u00bb][\/dica_divi_carouselitem][\/dica_divi_carousel][\/et_pb_column][\/et_pb_row][\/et_pb_section]<\/p>\n","protected":false},"excerpt":{"rendered":"<p>1992600Parroquia Nuestra Se\u00f1ora de la Asunci\u00f3n de la Vila JoiosaFotos Antonio Mingot (Foto-Cine La Vila)Directiva Junta Mayor Presidenta: Nancy Graciela Beltr\u00e1n Roslan Vicepresidente: Pedro Casta\u00f1o Secretaria: Alicia Soriano Vicesecretario: Ram\u00f3n Pe\u00f1alver Tesorero: Adri\u00e1n Agull\u00f3 Contador: Miguel Bl\u00e1zquez Vocales:\u00a0Andr\u00e9s Mayor,\u00a0Isa Segrelles,\u00a0Mar\u00eda Reos,\u00a0Marta Beneyte y\u00a0Mar\u00eda Dolores Ortiz Consiliario: Juan Jos\u00e9 Ortega &nbsp; &nbsp;C\/ Germans Aragon\u00e9s, 1 , [&hellip;]<\/p>\n","protected":false},"author":2,"featured_media":0,"parent":0,"menu_order":0,"comment_status":"closed","ping_status":"closed","template":"","meta":{"_et_pb_use_builder":"on","_et_pb_old_content":"<!-- wp:divi\/placeholder \/-->","_et_gb_content_width":"","footnotes":""},"class_list":["post-520","page","type-page","status-publish","hentry"],"yoast_head":"<!-- This site is optimized with the Yoast SEO plugin v27.2 - https:\/\/yoast.com\/product\/yoast-seo-wordpress\/ -->\n<title>La Vila Joiosa - Junta Diocesana Orihuela-Alicante<\/title>\n<meta name=\"robots\" content=\"index, follow, max-snippet:-1, max-image-preview:large, max-video-preview:-1\" \/>\n<link rel=\"canonical\" href=\"https:\/\/juntadiocesanaoa.com\/?page_id=520\" \/>\n<meta property=\"og:locale\" content=\"es_ES\" \/>\n<meta property=\"og:type\" content=\"article\" \/>\n<meta property=\"og:title\" content=\"La Vila Joiosa - Junta Diocesana Orihuela-Alicante\" \/>\n<meta property=\"og:description\" content=\"1992600Parroquia Nuestra Se\u00f1ora de la Asunci\u00f3n de la Vila JoiosaFotos Antonio Mingot (Foto-Cine La Vila)Directiva Junta Mayor Presidenta: Nancy Graciela Beltr\u00e1n Roslan Vicepresidente: Pedro Casta\u00f1o Secretaria: Alicia Soriano Vicesecretario: Ram\u00f3n Pe\u00f1alver Tesorero: Adri\u00e1n Agull\u00f3 Contador: Miguel Bl\u00e1zquez Vocales:\u00a0Andr\u00e9s Mayor,\u00a0Isa Segrelles,\u00a0Mar\u00eda Reos,\u00a0Marta Beneyte y\u00a0Mar\u00eda Dolores Ortiz Consiliario: Juan Jos\u00e9 Ortega &nbsp; &nbsp;C\/ Germans Aragon\u00e9s, 1 , [&hellip;]\" \/>\n<meta property=\"og:url\" content=\"https:\/\/juntadiocesanaoa.com\/?page_id=520\" \/>\n<meta property=\"og:site_name\" content=\"Junta Diocesana Orihuela-Alicante\" \/>\n<meta property=\"article:modified_time\" content=\"2026-03-31T17:24:58+00:00\" \/>\n<meta name=\"twitter:card\" content=\"summary_large_image\" \/>\n<script type=\"application\/ld+json\" class=\"yoast-schema-graph\">{\"@context\":\"https:\/\/schema.org\",\"@graph\":[{\"@type\":\"WebPage\",\"@id\":\"https:\/\/juntadiocesanaoa.com\/?page_id=520\",\"url\":\"https:\/\/juntadiocesanaoa.com\/?page_id=520\",\"name\":\"La Vila Joiosa - Junta Diocesana Orihuela-Alicante\",\"isPartOf\":{\"@id\":\"https:\/\/juntadiocesanaoa.com\/#website\"},\"datePublished\":\"2025-11-05T12:28:38+00:00\",\"dateModified\":\"2026-03-31T17:24:58+00:00\",\"breadcrumb\":{\"@id\":\"https:\/\/juntadiocesanaoa.com\/?page_id=520#breadcrumb\"},\"inLanguage\":\"es\",\"potentialAction\":[{\"@type\":\"ReadAction\",\"target\":[\"https:\/\/juntadiocesanaoa.com\/?page_id=520\"]}]},{\"@type\":\"BreadcrumbList\",\"@id\":\"https:\/\/juntadiocesanaoa.com\/?page_id=520#breadcrumb\",\"itemListElement\":[{\"@type\":\"ListItem\",\"position\":1,\"name\":\"Portada\",\"item\":\"https:\/\/juntadiocesanaoa.com\/\"},{\"@type\":\"ListItem\",\"position\":2,\"name\":\"La Vila Joiosa\"}]},{\"@type\":\"WebSite\",\"@id\":\"https:\/\/juntadiocesanaoa.com\/#website\",\"url\":\"https:\/\/juntadiocesanaoa.com\/\",\"name\":\"Junta Diocesana Orihuela-Alicante\",\"description\":\"\",\"potentialAction\":[{\"@type\":\"SearchAction\",\"target\":{\"@type\":\"EntryPoint\",\"urlTemplate\":\"https:\/\/juntadiocesanaoa.com\/?s={search_term_string}\"},\"query-input\":{\"@type\":\"PropertyValueSpecification\",\"valueRequired\":true,\"valueName\":\"search_term_string\"}}],\"inLanguage\":\"es\"}]}<\/script>\n<!-- \/ Yoast SEO plugin. -->","yoast_head_json":{"title":"La Vila Joiosa - Junta Diocesana Orihuela-Alicante","robots":{"index":"index","follow":"follow","max-snippet":"max-snippet:-1","max-image-preview":"max-image-preview:large","max-video-preview":"max-video-preview:-1"},"canonical":"https:\/\/juntadiocesanaoa.com\/?page_id=520","og_locale":"es_ES","og_type":"article","og_title":"La Vila Joiosa - Junta Diocesana Orihuela-Alicante","og_description":"1992600Parroquia Nuestra Se\u00f1ora de la Asunci\u00f3n de la Vila JoiosaFotos Antonio Mingot (Foto-Cine La Vila)Directiva Junta Mayor Presidenta: Nancy Graciela Beltr\u00e1n Roslan Vicepresidente: Pedro Casta\u00f1o Secretaria: Alicia Soriano Vicesecretario: Ram\u00f3n Pe\u00f1alver Tesorero: Adri\u00e1n Agull\u00f3 Contador: Miguel Bl\u00e1zquez Vocales:\u00a0Andr\u00e9s Mayor,\u00a0Isa Segrelles,\u00a0Mar\u00eda Reos,\u00a0Marta Beneyte y\u00a0Mar\u00eda Dolores Ortiz Consiliario: Juan Jos\u00e9 Ortega &nbsp; &nbsp;C\/ Germans Aragon\u00e9s, 1 , [&hellip;]","og_url":"https:\/\/juntadiocesanaoa.com\/?page_id=520","og_site_name":"Junta Diocesana Orihuela-Alicante","article_modified_time":"2026-03-31T17:24:58+00:00","twitter_card":"summary_large_image","schema":{"@context":"https:\/\/schema.org","@graph":[{"@type":"WebPage","@id":"https:\/\/juntadiocesanaoa.com\/?page_id=520","url":"https:\/\/juntadiocesanaoa.com\/?page_id=520","name":"La Vila Joiosa - Junta Diocesana Orihuela-Alicante","isPartOf":{"@id":"https:\/\/juntadiocesanaoa.com\/#website"},"datePublished":"2025-11-05T12:28:38+00:00","dateModified":"2026-03-31T17:24:58+00:00","breadcrumb":{"@id":"https:\/\/juntadiocesanaoa.com\/?page_id=520#breadcrumb"},"inLanguage":"es","potentialAction":[{"@type":"ReadAction","target":["https:\/\/juntadiocesanaoa.com\/?page_id=520"]}]},{"@type":"BreadcrumbList","@id":"https:\/\/juntadiocesanaoa.com\/?page_id=520#breadcrumb","itemListElement":[{"@type":"ListItem","position":1,"name":"Portada","item":"https:\/\/juntadiocesanaoa.com\/"},{"@type":"ListItem","position":2,"name":"La Vila Joiosa"}]},{"@type":"WebSite","@id":"https:\/\/juntadiocesanaoa.com\/#website","url":"https:\/\/juntadiocesanaoa.com\/","name":"Junta Diocesana Orihuela-Alicante","description":"","potentialAction":[{"@type":"SearchAction","target":{"@type":"EntryPoint","urlTemplate":"https:\/\/juntadiocesanaoa.com\/?s={search_term_string}"},"query-input":{"@type":"PropertyValueSpecification","valueRequired":true,"valueName":"search_term_string"}}],"inLanguage":"es"}]}},"_links":{"self":[{"href":"https:\/\/juntadiocesanaoa.com\/index.php?rest_route=\/wp\/v2\/pages\/520","targetHints":{"allow":["GET"]}}],"collection":[{"href":"https:\/\/juntadiocesanaoa.com\/index.php?rest_route=\/wp\/v2\/pages"}],"about":[{"href":"https:\/\/juntadiocesanaoa.com\/index.php?rest_route=\/wp\/v2\/types\/page"}],"author":[{"embeddable":true,"href":"https:\/\/juntadiocesanaoa.com\/index.php?rest_route=\/wp\/v2\/users\/2"}],"replies":[{"embeddable":true,"href":"https:\/\/juntadiocesanaoa.com\/index.php?rest_route=%2Fwp%2Fv2%2Fcomments&post=520"}],"version-history":[{"count":11,"href":"https:\/\/juntadiocesanaoa.com\/index.php?rest_route=\/wp\/v2\/pages\/520\/revisions"}],"predecessor-version":[{"id":1606,"href":"https:\/\/juntadiocesanaoa.com\/index.php?rest_route=\/wp\/v2\/pages\/520\/revisions\/1606"}],"wp:attachment":[{"href":"https:\/\/juntadiocesanaoa.com\/index.php?rest_route=%2Fwp%2Fv2%2Fmedia&parent=520"}],"curies":[{"name":"wp","href":"https:\/\/api.w.org\/{rel}","templated":true}]}}