{"id":518,"date":"2025-11-05T12:28:20","date_gmt":"2025-11-05T12:28:20","guid":{"rendered":"https:\/\/juntadiocesanaoa.com\/?page_id=518"},"modified":"2026-02-26T20:20:06","modified_gmt":"2026-02-26T20:20:06","slug":"torrevieja","status":"publish","type":"page","link":"https:\/\/juntadiocesanaoa.com\/?page_id=518","title":{"rendered":"Torrevieja"},"content":{"rendered":"<p>[et_pb_section fb_built=\u00bb1&#8243; _builder_version=\u00bb4.27.4&#8243; _module_preset=\u00bbdefault\u00bb global_colors_info=\u00bb{}\u00bb][et_pb_row column_structure=\u00bb1_2,1_2&#8243; _builder_version=\u00bb4.27.4&#8243; _module_preset=\u00bbdefault\u00bb global_colors_info=\u00bb{}\u00bb][et_pb_column type=\u00bb1_2&#8243; _builder_version=\u00bb4.27.4&#8243; _module_preset=\u00bbdefault\u00bb global_colors_info=\u00bb{}\u00bb][et_pb_heading title=\u00bbTorrevieja\u00bb _builder_version=\u00bb4.27.4&#8243; _module_preset=\u00bbdefault\u00bb global_colors_info=\u00bb{}\u00bb][\/et_pb_heading][et_pb_image src=\u00bbhttps:\/\/juntadiocesanaoa.com\/wp-content\/uploads\/escudo-jm-torrevieja.png\u00bb title_text=\u00bbescudo jm torrevieja\u00bb align=\u00bbcenter\u00bb _builder_version=\u00bb4.27.4&#8243; _module_preset=\u00bbdefault\u00bb module_alignment=\u00bbleft\u00bb max_height=\u00bb166px\u00bb global_colors_info=\u00bb{}\u00bb][\/et_pb_image][et_pb_heading title=\u00bbJunta Mayor de Cofrad\u00edas y Hermandades de Semana Santa de Torrevieja\u00bb _builder_version=\u00bb4.27.4&#8243; _module_preset=\u00bbdefault\u00bb global_colors_info=\u00bb{}\u00bb][\/et_pb_heading][et_pb_tabs _builder_version=\u00bb4.27.4&#8243; _module_preset=\u00bbdefault\u00bb global_colors_info=\u00bb{}\u00bb][et_pb_tab title=\u00bbA\u00f1o de fundaci\u00f3n\u00bb _builder_version=\u00bb4.27.4&#8243; _module_preset=\u00bbdefault\u00bb global_colors_info=\u00bb{}\u00bb]<\/p>\n<p>1981<\/p>\n<p>[\/et_pb_tab][et_pb_tab title=\u00bbHermanos cofrades\u00bb _builder_version=\u00bb4.27.4&#8243; _module_preset=\u00bbdefault\u00bb global_colors_info=\u00bb{}\u00bb]<\/p>\n<p>3.000<\/p>\n<p>[\/et_pb_tab][et_pb_tab title=\u00bbDistinciones honor\u00edficas\u00bb _builder_version=\u00bb4.27.4&#8243; _module_preset=\u00bbdefault\u00bb global_colors_info=\u00bb{}\u00bb]<\/p>\n<p>Declarada de Inter\u00e9s Tur\u00edstico Auton\u00f3mico<\/p>\n<p>[\/et_pb_tab][et_pb_tab title=\u00bbSede can\u00f3nica\u00bb _builder_version=\u00bb4.27.4&#8243; _module_preset=\u00bbdefault\u00bb global_colors_info=\u00bb{}\u00bb]<\/p>\n<p>Parroquia de la Inmaculada Concepci\u00f3n de Torrevieja<\/p>\n<p>[\/et_pb_tab][\/et_pb_tabs][\/et_pb_column][et_pb_column type=\u00bb1_2&#8243; _builder_version=\u00bb4.27.4&#8243; _module_preset=\u00bbdefault\u00bb global_colors_info=\u00bb{}\u00bb][et_pb_image src=\u00bbhttps:\/\/juntadiocesanaoa.com\/wp-content\/uploads\/JM-TORREVIEJA_5882.jpg\u00bb title_text=\u00bbJM TORREVIEJA_5882&#8243; show_bottom_space=\u00bboff\u00bb _builder_version=\u00bb4.27.4&#8243; _module_preset=\u00bbdefault\u00bb custom_margin=\u00bb||2px||false|false\u00bb global_colors_info=\u00bb{}\u00bb][\/et_pb_image][\/et_pb_column][\/et_pb_row][et_pb_row column_structure=\u00bb1_2,1_2&#8243; _builder_version=\u00bb4.27.4&#8243; _module_preset=\u00bbdefault\u00bb global_colors_info=\u00bb{}\u00bb][et_pb_column type=\u00bb1_2&#8243; _builder_version=\u00bb4.27.4&#8243; _module_preset=\u00bbdefault\u00bb global_colors_info=\u00bb{}\u00bb][et_pb_image src=\u00bbhttps:\/\/juntadiocesanaoa.com\/wp-content\/uploads\/JM-TORREVIEJA_0010.jpg\u00bb title_text=\u00bbJM TORREVIEJA_0010&#8243; show_bottom_space=\u00bboff\u00bb _builder_version=\u00bb4.27.4&#8243; _module_preset=\u00bbdefault\u00bb width=\u00bb100%\u00bb max_width=\u00bb81%\u00bb custom_margin=\u00bb||2px||false|false\u00bb global_colors_info=\u00bb{}\u00bb][\/et_pb_image][\/et_pb_column][et_pb_column type=\u00bb1_2&#8243; _builder_version=\u00bb4.27.4&#8243; _module_preset=\u00bbdefault\u00bb global_colors_info=\u00bb{}\u00bb][et_pb_text _builder_version=\u00bb4.27.4&#8243; _module_preset=\u00bbdefault\u00bb hover_enabled=\u00bb0&#8243; global_colors_info=\u00bb{}\u00bb sticky_enabled=\u00bb0&#8243;]<\/p>\n<h2>Directiva Junta Mayor<\/h2>\n<p>Presidente: Francisco Montesinos<\/p>\n<p>Vicepresidenta: Mar\u00eda Jes\u00fas Lomas<\/p>\n<p>Tesorera: Inmaculada Vera<\/p>\n<p>Secretaria: Isabela Mart\u00edn<\/p>\n<p>Consiliario: Rvdo. D. Jos\u00e9 Antonio Gea<\/p>\n<p>[\/et_pb_text][et_pb_toggle title=\u00bbDirecci\u00f3n postal\u00bb _builder_version=\u00bb4.27.4&#8243; _module_preset=\u00bbdefault\u00bb custom_margin=\u00bb0px||||false|false\u00bb global_colors_info=\u00bb{}\u00bb]<\/p>\n<p>C\/ Caballero de Rodas 29. Parroquia de la Inmaculada Concepci\u00f3n de Torrevieja\u00a0<\/p>\n<p>[\/et_pb_toggle][et_pb_toggle title=\u00bbCorreo electr\u00f3nico\u00bb _builder_version=\u00bb4.27.4&#8243; _module_preset=\u00bbdefault\u00bb global_colors_info=\u00bb{}\u00bb]<\/p>\n<p><a href=\"mailto:semanasantacatral@homail.com\">torreviejasemanasanta@gmail.com<\/a><\/p>\n<p>[\/et_pb_toggle][et_pb_toggle title=\u00bbTel\u00e9fono\u00bb _builder_version=\u00bb4.27.4&#8243; _module_preset=\u00bbdefault\u00bb global_colors_info=\u00bb{}\u00bb][\/et_pb_toggle][et_pb_toggle title=\u00bbRedes sociales\u00bb _builder_version=\u00bb4.27.4&#8243; _module_preset=\u00bbdefault\u00bb global_colors_info=\u00bb{}\u00bb][\/et_pb_toggle][et_pb_toggle title=\u00bbP\u00e1gina web\u00bb _builder_version=\u00bb4.27.4&#8243; _module_preset=\u00bbdefault\u00bb global_colors_info=\u00bb{}\u00bb]<\/p>\n<p><a href=\"http:\/\/www.semanasantatorrevieja.es\">www.semanasantatorrevieja.es<\/a><\/p>\n<p>[\/et_pb_toggle][\/et_pb_column][\/et_pb_row][et_pb_row column_structure=\u00bb1_3,2_3&#8243; _builder_version=\u00bb4.27.4&#8243; _module_preset=\u00bbdefault\u00bb global_colors_info=\u00bb{}\u00bb][et_pb_column type=\u00bb1_3&#8243; _builder_version=\u00bb4.27.4&#8243; _module_preset=\u00bbdefault\u00bb global_colors_info=\u00bb{}\u00bb][et_pb_text _builder_version=\u00bb4.27.4&#8243; _module_preset=\u00bbdefault\u00bb global_colors_info=\u00bb{}\u00bb]<\/p>\n<h2>Cofrad\u00edas y Hermandades<\/h2>\n<ul>\n<li>\n<p>Cofrad\u00eda de la Sant\u00edsima Vera-Cruz de la Convocatoria y Ntro. Padre Jes\u00fas en Samaria<\/p>\n<\/li>\n<li>\n<p>Hermandad y Cofrad\u00eda de Nazarenos de Ntro. Padre Jes\u00fas en la \u00daltima y Sagrada Cena y Mar\u00eda Sant\u00edsima de la Victoria<\/p>\n<\/li>\n<li>\n<p>Cofrad\u00eda de Ntro. Padre Jes\u00fas en la Oraci\u00f3n en el Huerto de los Olivos<\/p>\n<\/li>\n<li>\n<p>Cofrad\u00eda del Stmo. Cristo de la Flagelaci\u00f3n. Stma Virgen de la Estrella, Reina de los \u00c1ngeles y San Judas Tadeo<\/p>\n<\/li>\n<li>\n<p>Cofrad\u00eda de San Pedro Arrepentido<\/p>\n<\/li>\n<li>\n<p>Cofrad\u00eda de Ntro. Padre Jes\u00fas Cautivo (Nazareno)<\/p>\n<\/li>\n<li>\n<p>Cofrad\u00eda de Ntro. Padre Jes\u00fas de la Salud<\/p>\n<\/li>\n<li>\n<p>Cofrad\u00eda de Ntro. Padre Jes\u00fas de la Ca\u00edda<\/p>\n<\/li>\n<li>\n<p>Cofrad\u00eda de la Santa Faz y Mujer Ver\u00f3nica<\/p>\n<\/li>\n<li>\n<p>Cofrad\u00eda de Ntra. Se\u00f1ora de la Esperanza y de la Paz y Ntro. Padre Jes\u00fas Triunfante<\/p>\n<\/li>\n<li>\n<p>Cofrad\u00eda Cristo Crucificado y Mar\u00eda Sant\u00edsima del Silencio<\/p>\n<\/li>\n<li>\n<p>Cofrad\u00eda de Nuestra Se\u00f1ora de la Piedad<\/p>\n<\/li>\n<li>\n<p>Cofrad\u00eda del Santo Sepulcro (Yacente)<\/p>\n<\/li>\n<li>\n<p>Cofrad\u00eda de San Juan Evangelista<\/p>\n<\/li>\n<li>\n<p>Cofrad\u00eda Ntra. Se\u00f1ora de los Dolores<\/p>\n<\/li>\n<\/ul>\n<p>[\/et_pb_text][\/et_pb_column][et_pb_column type=\u00bb2_3&#8243; _builder_version=\u00bb4.27.4&#8243; _module_preset=\u00bbdefault\u00bb global_colors_info=\u00bb{}\u00bb][et_pb_image src=\u00bbhttps:\/\/juntadiocesanaoa.com\/wp-content\/uploads\/JM-TORREVIEJA_2983.jpg\u00bb title_text=\u00bbJM TORREVIEJA_2983&#8243; show_bottom_space=\u00bboff\u00bb _builder_version=\u00bb4.27.4&#8243; _module_preset=\u00bbdefault\u00bb custom_margin=\u00bb||2px||false|false\u00bb global_colors_info=\u00bb{}\u00bb][\/et_pb_image][\/et_pb_column][\/et_pb_row][et_pb_row column_structure=\u00bb1_4,3_4&#8243; _builder_version=\u00bb4.27.4&#8243; _module_preset=\u00bbdefault\u00bb global_colors_info=\u00bb{}\u00bb][et_pb_column type=\u00bb1_4&#8243; _builder_version=\u00bb4.27.4&#8243; _module_preset=\u00bbdefault\u00bb global_colors_info=\u00bb{}\u00bb][et_pb_heading title=\u00bbDatos de inter\u00e9s\u00bb _builder_version=\u00bb4.27.4&#8243; _module_preset=\u00bbdefault\u00bb global_colors_info=\u00bb{}\u00bb][\/et_pb_heading][\/et_pb_column][et_pb_column type=\u00bb3_4&#8243; _builder_version=\u00bb4.27.4&#8243; _module_preset=\u00bbdefault\u00bb global_colors_info=\u00bb{}\u00bb][et_pb_text _builder_version=\u00bb4.27.4&#8243; _module_preset=\u00bbdefault\u00bb custom_padding=\u00bb1px|||||\u00bb global_colors_info=\u00bb{}\u00bb][\/et_pb_text][\/et_pb_column][\/et_pb_row][et_pb_row column_structure=\u00bb1_4,3_4&#8243; _builder_version=\u00bb4.27.4&#8243; _module_preset=\u00bbdefault\u00bb global_colors_info=\u00bb{}\u00bb][et_pb_column type=\u00bb1_4&#8243; _builder_version=\u00bb4.27.4&#8243; _module_preset=\u00bbdefault\u00bb global_colors_info=\u00bb{}\u00bb][et_pb_heading title=\u00bbBreve historia de la Semana Santa de Torrevieja\u00bb _builder_version=\u00bb4.27.4&#8243; _module_preset=\u00bbdefault\u00bb global_colors_info=\u00bb{}\u00bb][\/et_pb_heading][\/et_pb_column][et_pb_column type=\u00bb3_4&#8243; _builder_version=\u00bb4.27.4&#8243; _module_preset=\u00bbdefault\u00bb global_colors_info=\u00bb{}\u00bb][et_pb_text _builder_version=\u00bb4.27.4&#8243; _module_preset=\u00bbdefault\u00bb global_colors_info=\u00bb{}\u00bb]<\/p>\n<p>Parece ser que en el mes de marzo de 1807, a tan s\u00f3lo unos meses del establecimiento de la Parroquia de la Inmaculada Concepci\u00f3n, aparecen las primeras noticias que relacionan la Semana Santa con Torrevieja. Sirvi\u00e9ndonos de lo publicado en 1983 por don Francisco Sala Aniorte, fue un familiar del Santo Oficio de la Inquisici\u00f3n de Murcia, don Antonio Blasco y Viudes, el que dona una imagen de la Soledad que adquiri\u00f3 en Valencia, as\u00ed como costea su altar y otras obras de la mencionada Iglesia. Es por tanto la primera referencia que indica que dicha imagen de la Soledad fue procesionada por las calles de aquella peque\u00f1a villa. A\u00f1os m\u00e1s tarde, en 1814, don Juan Bosco, quien desempe\u00f1aba el cargo de capit\u00e1n del puerto, regala varios lienzos con diferentes im\u00e1genes sagradas, entre ellos uno de la Dolorosa, y seis a\u00f1os m\u00e1s tarde se colocaron nuevas estampas, con sus correspondientes marcos y cruces para las estaciones en el ejercicio del v\u00eda crucis, al estar las primitivas deterioradas.<\/p>\n<p>Torrevieja no quiso quedarse atr\u00e1s del resto de poblaciones espa\u00f1olas que profesaban el ejercicio del v\u00eda crucis, y en la parte norte, la parte m\u00e1s alta de la ciudad, se construy\u00f3 dicho v\u00eda crucis, a expensas del cura p\u00e1rroco de Torrevieja don Jos\u00e9 S\u00e1nchez uno de los pasos y los tres restantes por medio de arbitrios y limosnas, que fue bendecido el primero de abril de 1827 por el padre fray F\u00e9lix Mart\u00ednez, del convento de San Gregorio de Orihuela. Para tal acontecimiento se efectu\u00f3 una procesi\u00f3n desde la Iglesia hasta dicho lugar, que como recordatorio a la crucifixi\u00f3n de Jesucristo pas\u00f3 a llamarse &#8216;El Calvario&#8217;. En ella tomaron parte el clero y el pueblo en devota rogativa.<\/p>\n<p>En el a\u00f1o 1846 aparecen en los registros municipales gastos para las celebraciones de las fiestas de la Semana Santa. Adem\u00e1s de la procesi\u00f3n lit\u00fargica del Domingo de Ramos, se realizan las de Viernes Santo y la Procesi\u00f3n del Encuentro, el Domingo de Resurrecci\u00f3n, desfiles que continuaron efectu\u00e1ndose durante el per\u00edodo de tiempo de construcci\u00f3n del nuevo templo de la Inmaculada Concepci\u00f3n (1884-1901).<\/p>\n<p>En el mes de enero de 1903 qued\u00f3 constituida una sociedad titulada de Semana Santa, que, como su nombre indica, no ten\u00eda otro objeto que fomentar y atender el culto exterior de las im\u00e1genes que tomaban parte en dichas celebraciones. Esta asociaci\u00f3n estuvo presidida por D. Manuel Montesinos, quien tras a\u00f1os dif\u00edciles y de escasa participaci\u00f3n, en 1907 ve c\u00f3mo se celebran solemnes y grandiosas procesiones que fueron elogiadas en toda la comarca.<\/p>\n<p>Parece ser que en 1912 tuvieron lugar procesiones que elevaron a\u00fan m\u00e1s la categor\u00eda de \u00e9stas: encabezadas por guardias carabineros con uniforme de gala a caballo, tomaban parte La Convocatoria, compuesta por j\u00f3venes que ensayaban en el almac\u00e9n del hermano de \u00c1ngel &#8216;El Primitivo&#8217;; La Ver\u00f3nica, propiedad del guardia municipal con el sobrenombre de &#8216;El Tonto de las Palas&#8217;; La Samaritana, propiedad de do\u00f1a Rita Mercader, due\u00f1a de &#8216;El Caf\u00e9 de Espa\u00f1a&#8217;; San Juan, de la familia Fortipiani; El Cristo Crucificado, de la familia Ballester; El Nazareno; El Cristo de la Ca\u00edda; Ntra. Sra. de los Dolores, de las familias Rodr\u00edguez, Barcel\u00f3 y P\u00e9rez, y El Santo Sepulcro, cuya propiedad reca\u00eda en la Corporaci\u00f3n Municipal. Todas ellas fueron destruidas en la guerra civil espa\u00f1ola y existe algo m\u00e1s de informaci\u00f3n en el libro &#8216;Historia de la Semana Santa en Torrevieja&#8217;.<\/p>\n<p>[\/et_pb_text][\/et_pb_column][\/et_pb_row][et_pb_row _builder_version=\u00bb4.27.4&#8243; _module_preset=\u00bbdefault\u00bb global_colors_info=\u00bb{}\u00bb][et_pb_column type=\u00bb4_4&#8243; _builder_version=\u00bb4.27.4&#8243; _module_preset=\u00bbdefault\u00bb global_colors_info=\u00bb{}\u00bb][dica_divi_carousel loop=\u00bbon\u00bb autoplay=\u00bbon\u00bb hoverpause=\u00bbon\u00bb arrow_nav=\u00bbon\u00bb dot_nav=\u00bbon\u00bb advanced_effect=\u00bb1&#8243; arrow_nav_color=\u00bb#7c3112&#8243; dots_color=\u00bb#e0ae5e\u00bb dots_active_color=\u00bb#7c3112&#8243; arrow_position=\u00bbmiddle-outside\u00bb _builder_version=\u00bb4.27.4&#8243; _module_preset=\u00bbdefault\u00bb global_colors_info=\u00bb{}\u00bb][dica_divi_carouselitem button_url_new_window=\u00bb1&#8243; image=\u00bbhttps:\/\/juntadiocesanaoa.com\/wp-content\/uploads\/JM-TORREVIEJA_5427.jpg\u00bb image_lightbox=\u00bbon\u00bb _builder_version=\u00bb4.27.4&#8243; _module_preset=\u00bbdefault\u00bb global_colors_info=\u00bb{}\u00bb][\/dica_divi_carouselitem][dica_divi_carouselitem button_url_new_window=\u00bb1&#8243; image=\u00bbhttps:\/\/juntadiocesanaoa.com\/wp-content\/uploads\/JM-TORREVIEJA_5509.jpg\u00bb image_lightbox=\u00bbon\u00bb _builder_version=\u00bb4.27.4&#8243; _module_preset=\u00bbdefault\u00bb global_colors_info=\u00bb{}\u00bb][\/dica_divi_carouselitem][dica_divi_carouselitem button_url_new_window=\u00bb1&#8243; image=\u00bbhttps:\/\/juntadiocesanaoa.com\/wp-content\/uploads\/JM-TORREVIEJA_2983.jpg\u00bb image_lightbox=\u00bbon\u00bb _builder_version=\u00bb4.27.4&#8243; _module_preset=\u00bbdefault\u00bb global_colors_info=\u00bb{}\u00bb][\/dica_divi_carouselitem][dica_divi_carouselitem button_url_new_window=\u00bb1&#8243; image=\u00bbhttps:\/\/juntadiocesanaoa.com\/wp-content\/uploads\/JM-TORREVIEJA_5882.jpg\u00bb image_lightbox=\u00bbon\u00bb _builder_version=\u00bb4.27.4&#8243; _module_preset=\u00bbdefault\u00bb global_colors_info=\u00bb{}\u00bb][\/dica_divi_carouselitem][\/dica_divi_carousel][dica_divi_carousel show_items_desktop=\u00bb3&#8243; loop=\u00bbon\u00bb autoplay=\u00bbon\u00bb arrow_nav=\u00bbon\u00bb dot_nav=\u00bbon\u00bb advanced_effect=\u00bb1&#8243; arrow_nav_color=\u00bb#7c3112&#8243; dots_color=\u00bb#e0ae5e\u00bb dots_active_color=\u00bb#7c3112&#8243; arrow_position=\u00bbmiddle-outside\u00bb _builder_version=\u00bb4.27.4&#8243; _module_preset=\u00bbdefault\u00bb global_colors_info=\u00bb{}\u00bb][dica_divi_carouselitem button_url_new_window=\u00bb1&#8243; image=\u00bbhttps:\/\/juntadiocesanaoa.com\/wp-content\/uploads\/JM-TORREVIEJA_0102.jpg\u00bb image_lightbox=\u00bbon\u00bb _builder_version=\u00bb4.27.4&#8243; _module_preset=\u00bbdefault\u00bb global_colors_info=\u00bb{}\u00bb][\/dica_divi_carouselitem][dica_divi_carouselitem button_url_new_window=\u00bb1&#8243; image=\u00bbhttps:\/\/juntadiocesanaoa.com\/wp-content\/uploads\/JM-TORREVIEJA_0061.jpg\u00bb image_lightbox=\u00bbon\u00bb _builder_version=\u00bb4.27.4&#8243; _module_preset=\u00bbdefault\u00bb global_colors_info=\u00bb{}\u00bb][\/dica_divi_carouselitem][dica_divi_carouselitem button_url_new_window=\u00bb1&#8243; image=\u00bbhttps:\/\/juntadiocesanaoa.com\/wp-content\/uploads\/JM-TORREVIEJA_8959.jpg\u00bb image_lightbox=\u00bbon\u00bb _builder_version=\u00bb4.27.4&#8243; _module_preset=\u00bbdefault\u00bb global_colors_info=\u00bb{}\u00bb][\/dica_divi_carouselitem][\/dica_divi_carousel][\/et_pb_column][\/et_pb_row][\/et_pb_section]<\/p>\n","protected":false},"excerpt":{"rendered":"<p>19813.000Declarada de Inter\u00e9s Tur\u00edstico Auton\u00f3micoParroquia de la Inmaculada Concepci\u00f3n de TorreviejaDirectiva Junta Mayor Presidente: Francisco Montesinos Vicepresidenta: Mar\u00eda Jes\u00fas Lomas Tesorera: Inmaculada Vera Secretaria: Isabela Mart\u00edn Consiliario: Rvdo. D. Jos\u00e9 Antonio GeaC\/ Caballero de Rodas 29. Parroquia de la Inmaculada Concepci\u00f3n de Torrevieja\u00a0torreviejasemanasanta@gmail.comwww.semanasantatorrevieja.esCofrad\u00edas y Hermandades Cofrad\u00eda de la Sant\u00edsima Vera-Cruz de la Convocatoria y Ntro. [&hellip;]<\/p>\n","protected":false},"author":2,"featured_media":0,"parent":0,"menu_order":0,"comment_status":"closed","ping_status":"closed","template":"","meta":{"_et_pb_use_builder":"on","_et_pb_old_content":"<!-- wp:divi\/placeholder \/-->","_et_gb_content_width":"","footnotes":""},"class_list":["post-518","page","type-page","status-publish","hentry"],"yoast_head":"<!-- This site is optimized with the Yoast SEO plugin v27.2 - https:\/\/yoast.com\/product\/yoast-seo-wordpress\/ -->\n<title>Torrevieja - Junta Diocesana Orihuela-Alicante<\/title>\n<meta name=\"robots\" content=\"index, follow, max-snippet:-1, max-image-preview:large, max-video-preview:-1\" \/>\n<link rel=\"canonical\" href=\"https:\/\/juntadiocesanaoa.com\/?page_id=518\" \/>\n<meta property=\"og:locale\" content=\"es_ES\" \/>\n<meta property=\"og:type\" content=\"article\" \/>\n<meta property=\"og:title\" content=\"Torrevieja - Junta Diocesana Orihuela-Alicante\" \/>\n<meta property=\"og:description\" content=\"19813.000Declarada de Inter\u00e9s Tur\u00edstico Auton\u00f3micoParroquia de la Inmaculada Concepci\u00f3n de TorreviejaDirectiva Junta Mayor Presidente: Francisco Montesinos Vicepresidenta: Mar\u00eda Jes\u00fas Lomas Tesorera: Inmaculada Vera Secretaria: Isabela Mart\u00edn Consiliario: Rvdo. D. Jos\u00e9 Antonio GeaC\/ Caballero de Rodas 29. Parroquia de la Inmaculada Concepci\u00f3n de Torrevieja\u00a0torreviejasemanasanta@gmail.comwww.semanasantatorrevieja.esCofrad\u00edas y Hermandades Cofrad\u00eda de la Sant\u00edsima Vera-Cruz de la Convocatoria y Ntro. [&hellip;]\" \/>\n<meta property=\"og:url\" content=\"https:\/\/juntadiocesanaoa.com\/?page_id=518\" \/>\n<meta property=\"og:site_name\" content=\"Junta Diocesana Orihuela-Alicante\" \/>\n<meta property=\"article:modified_time\" content=\"2026-02-26T20:20:06+00:00\" \/>\n<meta name=\"twitter:card\" content=\"summary_large_image\" \/>\n<script type=\"application\/ld+json\" class=\"yoast-schema-graph\">{\"@context\":\"https:\/\/schema.org\",\"@graph\":[{\"@type\":\"WebPage\",\"@id\":\"https:\/\/juntadiocesanaoa.com\/?page_id=518\",\"url\":\"https:\/\/juntadiocesanaoa.com\/?page_id=518\",\"name\":\"Torrevieja - Junta Diocesana Orihuela-Alicante\",\"isPartOf\":{\"@id\":\"https:\/\/juntadiocesanaoa.com\/#website\"},\"datePublished\":\"2025-11-05T12:28:20+00:00\",\"dateModified\":\"2026-02-26T20:20:06+00:00\",\"breadcrumb\":{\"@id\":\"https:\/\/juntadiocesanaoa.com\/?page_id=518#breadcrumb\"},\"inLanguage\":\"es\",\"potentialAction\":[{\"@type\":\"ReadAction\",\"target\":[\"https:\/\/juntadiocesanaoa.com\/?page_id=518\"]}]},{\"@type\":\"BreadcrumbList\",\"@id\":\"https:\/\/juntadiocesanaoa.com\/?page_id=518#breadcrumb\",\"itemListElement\":[{\"@type\":\"ListItem\",\"position\":1,\"name\":\"Portada\",\"item\":\"https:\/\/juntadiocesanaoa.com\/\"},{\"@type\":\"ListItem\",\"position\":2,\"name\":\"Torrevieja\"}]},{\"@type\":\"WebSite\",\"@id\":\"https:\/\/juntadiocesanaoa.com\/#website\",\"url\":\"https:\/\/juntadiocesanaoa.com\/\",\"name\":\"Junta Diocesana Orihuela-Alicante\",\"description\":\"\",\"potentialAction\":[{\"@type\":\"SearchAction\",\"target\":{\"@type\":\"EntryPoint\",\"urlTemplate\":\"https:\/\/juntadiocesanaoa.com\/?s={search_term_string}\"},\"query-input\":{\"@type\":\"PropertyValueSpecification\",\"valueRequired\":true,\"valueName\":\"search_term_string\"}}],\"inLanguage\":\"es\"}]}<\/script>\n<!-- \/ Yoast SEO plugin. -->","yoast_head_json":{"title":"Torrevieja - Junta Diocesana Orihuela-Alicante","robots":{"index":"index","follow":"follow","max-snippet":"max-snippet:-1","max-image-preview":"max-image-preview:large","max-video-preview":"max-video-preview:-1"},"canonical":"https:\/\/juntadiocesanaoa.com\/?page_id=518","og_locale":"es_ES","og_type":"article","og_title":"Torrevieja - Junta Diocesana Orihuela-Alicante","og_description":"19813.000Declarada de Inter\u00e9s Tur\u00edstico Auton\u00f3micoParroquia de la Inmaculada Concepci\u00f3n de TorreviejaDirectiva Junta Mayor Presidente: Francisco Montesinos Vicepresidenta: Mar\u00eda Jes\u00fas Lomas Tesorera: Inmaculada Vera Secretaria: Isabela Mart\u00edn Consiliario: Rvdo. D. Jos\u00e9 Antonio GeaC\/ Caballero de Rodas 29. Parroquia de la Inmaculada Concepci\u00f3n de Torrevieja\u00a0torreviejasemanasanta@gmail.comwww.semanasantatorrevieja.esCofrad\u00edas y Hermandades Cofrad\u00eda de la Sant\u00edsima Vera-Cruz de la Convocatoria y Ntro. [&hellip;]","og_url":"https:\/\/juntadiocesanaoa.com\/?page_id=518","og_site_name":"Junta Diocesana Orihuela-Alicante","article_modified_time":"2026-02-26T20:20:06+00:00","twitter_card":"summary_large_image","schema":{"@context":"https:\/\/schema.org","@graph":[{"@type":"WebPage","@id":"https:\/\/juntadiocesanaoa.com\/?page_id=518","url":"https:\/\/juntadiocesanaoa.com\/?page_id=518","name":"Torrevieja - Junta Diocesana Orihuela-Alicante","isPartOf":{"@id":"https:\/\/juntadiocesanaoa.com\/#website"},"datePublished":"2025-11-05T12:28:20+00:00","dateModified":"2026-02-26T20:20:06+00:00","breadcrumb":{"@id":"https:\/\/juntadiocesanaoa.com\/?page_id=518#breadcrumb"},"inLanguage":"es","potentialAction":[{"@type":"ReadAction","target":["https:\/\/juntadiocesanaoa.com\/?page_id=518"]}]},{"@type":"BreadcrumbList","@id":"https:\/\/juntadiocesanaoa.com\/?page_id=518#breadcrumb","itemListElement":[{"@type":"ListItem","position":1,"name":"Portada","item":"https:\/\/juntadiocesanaoa.com\/"},{"@type":"ListItem","position":2,"name":"Torrevieja"}]},{"@type":"WebSite","@id":"https:\/\/juntadiocesanaoa.com\/#website","url":"https:\/\/juntadiocesanaoa.com\/","name":"Junta Diocesana Orihuela-Alicante","description":"","potentialAction":[{"@type":"SearchAction","target":{"@type":"EntryPoint","urlTemplate":"https:\/\/juntadiocesanaoa.com\/?s={search_term_string}"},"query-input":{"@type":"PropertyValueSpecification","valueRequired":true,"valueName":"search_term_string"}}],"inLanguage":"es"}]}},"_links":{"self":[{"href":"https:\/\/juntadiocesanaoa.com\/index.php?rest_route=\/wp\/v2\/pages\/518","targetHints":{"allow":["GET"]}}],"collection":[{"href":"https:\/\/juntadiocesanaoa.com\/index.php?rest_route=\/wp\/v2\/pages"}],"about":[{"href":"https:\/\/juntadiocesanaoa.com\/index.php?rest_route=\/wp\/v2\/types\/page"}],"author":[{"embeddable":true,"href":"https:\/\/juntadiocesanaoa.com\/index.php?rest_route=\/wp\/v2\/users\/2"}],"replies":[{"embeddable":true,"href":"https:\/\/juntadiocesanaoa.com\/index.php?rest_route=%2Fwp%2Fv2%2Fcomments&post=518"}],"version-history":[{"count":9,"href":"https:\/\/juntadiocesanaoa.com\/index.php?rest_route=\/wp\/v2\/pages\/518\/revisions"}],"predecessor-version":[{"id":1217,"href":"https:\/\/juntadiocesanaoa.com\/index.php?rest_route=\/wp\/v2\/pages\/518\/revisions\/1217"}],"wp:attachment":[{"href":"https:\/\/juntadiocesanaoa.com\/index.php?rest_route=%2Fwp%2Fv2%2Fmedia&parent=518"}],"curies":[{"name":"wp","href":"https:\/\/api.w.org\/{rel}","templated":true}]}}