{"id":514,"date":"2025-11-05T12:27:53","date_gmt":"2025-11-05T12:27:53","guid":{"rendered":"https:\/\/juntadiocesanaoa.com\/?page_id=514"},"modified":"2026-01-29T17:46:04","modified_gmt":"2026-01-29T17:46:04","slug":"san-vicente-del-raspeig","status":"publish","type":"page","link":"https:\/\/juntadiocesanaoa.com\/?page_id=514","title":{"rendered":"San Vicente del Raspeig"},"content":{"rendered":"<p>[et_pb_section fb_built=\u00bb1&#8243; _builder_version=\u00bb4.27.4&#8243; _module_preset=\u00bbdefault\u00bb global_colors_info=\u00bb{}\u00bb theme_builder_area=\u00bbpost_content\u00bb][et_pb_row column_structure=\u00bb1_2,1_2&#8243; _builder_version=\u00bb4.27.4&#8243; _module_preset=\u00bbdefault\u00bb global_colors_info=\u00bb{}\u00bb theme_builder_area=\u00bbpost_content\u00bb][et_pb_column type=\u00bb1_2&#8243; _builder_version=\u00bb4.27.4&#8243; _module_preset=\u00bbdefault\u00bb global_colors_info=\u00bb{}\u00bb theme_builder_area=\u00bbpost_content\u00bb][et_pb_heading title=\u00bbSan Vicente del Raspeig\u00bb _builder_version=\u00bb4.27.4&#8243; _module_preset=\u00bbdefault\u00bb hover_enabled=\u00bb0&#8243; global_colors_info=\u00bb{}\u00bb theme_builder_area=\u00bbpost_content\u00bb sticky_enabled=\u00bb0&#8243;][\/et_pb_heading][et_pb_image src=\u00bbhttps:\/\/juntadiocesanaoa.com\/wp-content\/uploads\/logo-JM-San-Vicente.png\u00bb title_text=\u00bblogo JM San Vicente\u00bb align=\u00bbcenter\u00bb _builder_version=\u00bb4.27.4&#8243; _module_preset=\u00bbdefault\u00bb module_alignment=\u00bbleft\u00bb max_height=\u00bb166px\u00bb hover_enabled=\u00bb0&#8243; global_colors_info=\u00bb{}\u00bb theme_builder_area=\u00bbpost_content\u00bb sticky_enabled=\u00bb0&#8243;][\/et_pb_image][et_pb_heading title=\u00bbJunta Mayor de Hermandades, Cofrad\u00edas y Mayordom\u00edas de Semana Santa de                                                                                                                               San Vicente del Raspeig\u00bb _builder_version=\u00bb4.27.4&#8243; _module_preset=\u00bbdefault\u00bb hover_enabled=\u00bb0&#8243; global_colors_info=\u00bb{}\u00bb theme_builder_area=\u00bbpost_content\u00bb sticky_enabled=\u00bb0&#8243;][\/et_pb_heading][et_pb_tabs _builder_version=\u00bb4.27.4&#8243; _module_preset=\u00bbdefault\u00bb hover_enabled=\u00bb0&#8243; global_colors_info=\u00bb{}\u00bb theme_builder_area=\u00bbpost_content\u00bb sticky_enabled=\u00bb0&#8243;][et_pb_tab title=\u00bbA\u00f1o de fundaci\u00f3n\u00bb _builder_version=\u00bb4.27.4&#8243; _module_preset=\u00bbdefault\u00bb hover_enabled=\u00bb0&#8243; global_colors_info=\u00bb{}\u00bb theme_builder_area=\u00bbpost_content\u00bb sticky_enabled=\u00bb0&#8243;]<\/p>\n<p>2012<\/p>\n<p>[\/et_pb_tab][et_pb_tab title=\u00bbHermanos cofrades\u00bb _builder_version=\u00bb4.27.4&#8243; _module_preset=\u00bbdefault\u00bb hover_enabled=\u00bb0&#8243; global_colors_info=\u00bb{}\u00bb theme_builder_area=\u00bbpost_content\u00bb sticky_enabled=\u00bb0&#8243;]<\/p>\n<p>530<\/p>\n<p>[\/et_pb_tab][et_pb_tab title=\u00bbSede can\u00f3nica\u00bb _builder_version=\u00bb4.27.4&#8243; _module_preset=\u00bbdefault\u00bb hover_enabled=\u00bb0&#8243; global_colors_info=\u00bb{}\u00bb theme_builder_area=\u00bbpost_content\u00bb sticky_enabled=\u00bb0&#8243;]<\/p>\n<p class=\"p1\">Parroquia San Vicente Ferrer de San Vicente del Raspeig<\/p>\n<p>[\/et_pb_tab][\/et_pb_tabs][\/et_pb_column][et_pb_column type=\u00bb1_2&#8243; _builder_version=\u00bb4.27.4&#8243; _module_preset=\u00bbdefault\u00bb global_colors_info=\u00bb{}\u00bb theme_builder_area=\u00bbpost_content\u00bb][et_pb_image src=\u00bbhttps:\/\/juntadiocesanaoa.com\/wp-content\/uploads\/JM-SAN-VICENTE-01.jpg\u00bb title_text=\u00bboppo_2&#8243; _builder_version=\u00bb4.27.4&#8243; _module_preset=\u00bbdefault\u00bb hover_enabled=\u00bb0&#8243; global_colors_info=\u00bb{}\u00bb theme_builder_area=\u00bbpost_content\u00bb sticky_enabled=\u00bb0&#8243;][\/et_pb_image][\/et_pb_column][\/et_pb_row][et_pb_row column_structure=\u00bb1_2,1_2&#8243; _builder_version=\u00bb4.27.4&#8243; _module_preset=\u00bbdefault\u00bb global_colors_info=\u00bb{}\u00bb theme_builder_area=\u00bbpost_content\u00bb][et_pb_column type=\u00bb1_2&#8243; _builder_version=\u00bb4.27.4&#8243; _module_preset=\u00bbdefault\u00bb global_colors_info=\u00bb{}\u00bb theme_builder_area=\u00bbpost_content\u00bb][et_pb_image src=\u00bbhttps:\/\/juntadiocesanaoa.com\/wp-content\/uploads\/CARTEL-SEMANA-SANTA-2025-SAN-VICENTE-DEL-RASPEIG.jpg\u00bb title_text=\u00bbCARTEL SEMANA SANTA 2025 SAN VICENTE DEL RASPEIG\u00bb _builder_version=\u00bb4.27.4&#8243; _module_preset=\u00bbdefault\u00bb width=\u00bb100%\u00bb max_width=\u00bb81%\u00bb hover_enabled=\u00bb0&#8243; global_colors_info=\u00bb{}\u00bb theme_builder_area=\u00bbpost_content\u00bb sticky_enabled=\u00bb0&#8243;][\/et_pb_image][\/et_pb_column][et_pb_column type=\u00bb1_2&#8243; _builder_version=\u00bb4.27.4&#8243; _module_preset=\u00bbdefault\u00bb global_colors_info=\u00bb{}\u00bb theme_builder_area=\u00bbpost_content\u00bb][et_pb_text _builder_version=\u00bb4.27.4&#8243; _module_preset=\u00bbdefault\u00bb hover_enabled=\u00bb0&#8243; global_colors_info=\u00bb{}\u00bb theme_builder_area=\u00bbpost_content\u00bb sticky_enabled=\u00bb0&#8243;]<\/p>\n<h2>Directiva Junta Mayor<\/h2>\n<p>Presidenta: Mar\u00eda de las Mercedes Barber\u00e1 Pastor<\/p>\n<p>Vicepresidente 1\u00ba: Francisco Javier Cerd\u00e1 Orts<\/p>\n<p>Vicepresidenta 2\u00ba: Mar\u00eda Dolores Huertas Diaz Cambronero<\/p>\n<p>Secretario: Antonio Verdejo Borja<\/p>\n<p>Tesorero: Ram\u00f3n Pastor Aracil<\/p>\n<p>Organizaci\u00f3n: Mar\u00eda Del Mar Cuenca Esteve y Mar\u00eda Esclap\u00e9s Pertusa<\/p>\n<p>Protocolo: Juliana Duque Casero y Eduardo Monllor Montesinos<\/p>\n<p>Comunicaci\u00f3n e Imagen: Mart\u00edn Belinch\u00f3n Romero<\/p>\n<p>Consiliario: Rvdo. D. Miguel \u00c1ngel Cerezo Saura<\/p>\n<p>[\/et_pb_text][et_pb_toggle title=\u00bbDirecci\u00f3n postal\u00bb _builder_version=\u00bb4.27.4&#8243; _module_preset=\u00bbdefault\u00bb custom_margin=\u00bb0px||||false|false\u00bb hover_enabled=\u00bb0&#8243; global_colors_info=\u00bb{}\u00bb theme_builder_area=\u00bbpost_content\u00bb sticky_enabled=\u00bb0&#8243;]<\/p>\n<p class=\"p1\">Plaza de Espa\u00f1a, 2 &#8211; 03690 San Vicente del Raspeig (Alicante)<\/p>\n<p>[\/et_pb_toggle][et_pb_toggle title=\u00bbCorreo electr\u00f3nico\u00bb _builder_version=\u00bb4.27.4&#8243; _module_preset=\u00bbdefault\u00bb custom_margin=\u00bb0px||||false|false\u00bb hover_enabled=\u00bb0&#8243; global_colors_info=\u00bb{}\u00bb theme_builder_area=\u00bbpost_content\u00bb sticky_enabled=\u00bb0&#8243;]<\/p>\n<p><a href=\"mailto:juntamayorhhccsanvicente@gmail.com\">juntamayorhhccsanvicente@gmail.com<\/a>\u00a0<\/p>\n<p>[\/et_pb_toggle][et_pb_toggle title=\u00bbTel\u00e9fono\u00bb _builder_version=\u00bb4.27.4&#8243; _module_preset=\u00bbdefault\u00bb hover_enabled=\u00bb0&#8243; global_colors_info=\u00bb{}\u00bb theme_builder_area=\u00bbpost_content\u00bb sticky_enabled=\u00bb0&#8243;][\/et_pb_toggle][et_pb_toggle title=\u00bbRedes sociales\u00bb _builder_version=\u00bb4.27.4&#8243; _module_preset=\u00bbdefault\u00bb hover_enabled=\u00bb0&#8243; global_colors_info=\u00bb{}\u00bb theme_builder_area=\u00bbpost_content\u00bb sticky_enabled=\u00bb0&#8243;]<\/p>\n<p><a href=\"https:\/\/www.facebook.com\/JuntaMayorSV\">Facebook<\/a> e<a href=\"https:\/\/www.instagram.com\/jmhcsv\/\"> Instagram<\/a><\/p>\n<p>[\/et_pb_toggle][et_pb_toggle title=\u00bbP\u00e1gina web\u00bb _builder_version=\u00bb4.27.4&#8243; _module_preset=\u00bbdefault\u00bb hover_enabled=\u00bb0&#8243; global_colors_info=\u00bb{}\u00bb theme_builder_area=\u00bbpost_content\u00bb sticky_enabled=\u00bb0&#8243;][\/et_pb_toggle][\/et_pb_column][\/et_pb_row][et_pb_row column_structure=\u00bb1_3,2_3&#8243; _builder_version=\u00bb4.27.4&#8243; _module_preset=\u00bbdefault\u00bb global_colors_info=\u00bb{}\u00bb theme_builder_area=\u00bbpost_content\u00bb][et_pb_column type=\u00bb1_3&#8243; _builder_version=\u00bb4.27.4&#8243; _module_preset=\u00bbdefault\u00bb global_colors_info=\u00bb{}\u00bb theme_builder_area=\u00bbpost_content\u00bb][et_pb_text _builder_version=\u00bb4.27.4&#8243; _module_preset=\u00bbdefault\u00bb hover_enabled=\u00bb0&#8243; global_colors_info=\u00bb{}\u00bb theme_builder_area=\u00bbpost_content\u00bb sticky_enabled=\u00bb0&#8243;]<\/p>\n<h2>Cofrad\u00edas y Hermandades<\/h2>\n<ul>\n<li>Cofrad\u00eda Sant\u00edsimo Cristo del Perd\u00f3n<\/li>\n<li>Hermandad de la Virgen de Los Dolores<\/li>\n<li>Hermandad de la Ver\u00f3nica y la Santa Faz<\/li>\n<li>Hermandad de Nuestro Padre Jes\u00fas Nazareno y Nuestra Se\u00f1ora de la Soledad<\/li>\n<li>Hermandad Santo Sepulcro y Cruz Redentora<\/li>\n<li class=\"p1\">Hermandad de la Inmaculada Concepci\u00f3n de Mar\u00eda<\/li>\n<\/ul>\n<p>[\/et_pb_text][\/et_pb_column][et_pb_column type=\u00bb2_3&#8243; _builder_version=\u00bb4.27.4&#8243; _module_preset=\u00bbdefault\u00bb global_colors_info=\u00bb{}\u00bb theme_builder_area=\u00bbpost_content\u00bb][et_pb_image src=\u00bbhttps:\/\/juntadiocesanaoa.com\/wp-content\/uploads\/CARTEL-SEMANA-SANTA-2025-SAN-VICENTE-DEL-RASPEIG.jpg\u00bb title_text=\u00bbCARTEL SEMANA SANTA 2025 SAN VICENTE DEL RASPEIG\u00bb _builder_version=\u00bb4.27.4&#8243; _module_preset=\u00bbdefault\u00bb width=\u00bb70%\u00bb module_alignment=\u00bbcenter\u00bb hover_enabled=\u00bb0&#8243; global_colors_info=\u00bb{}\u00bb theme_builder_area=\u00bbpost_content\u00bb sticky_enabled=\u00bb0&#8243;][\/et_pb_image][\/et_pb_column][\/et_pb_row][et_pb_row column_structure=\u00bb1_4,3_4&#8243; _builder_version=\u00bb4.27.4&#8243; _module_preset=\u00bbdefault\u00bb global_colors_info=\u00bb{}\u00bb theme_builder_area=\u00bbpost_content\u00bb][et_pb_column type=\u00bb1_4&#8243; _builder_version=\u00bb4.27.4&#8243; _module_preset=\u00bbdefault\u00bb global_colors_info=\u00bb{}\u00bb theme_builder_area=\u00bbpost_content\u00bb][et_pb_heading title=\u00bbDatos de inter\u00e9s\u00bb _builder_version=\u00bb4.27.4&#8243; _module_preset=\u00bbdefault\u00bb global_colors_info=\u00bb{}\u00bb theme_builder_area=\u00bbpost_content\u00bb][\/et_pb_heading][\/et_pb_column][et_pb_column type=\u00bb3_4&#8243; _builder_version=\u00bb4.27.4&#8243; _module_preset=\u00bbdefault\u00bb global_colors_info=\u00bb{}\u00bb theme_builder_area=\u00bbpost_content\u00bb][et_pb_text _builder_version=\u00bb4.27.4&#8243; _module_preset=\u00bbdefault\u00bb custom_padding=\u00bb1px|||||\u00bb hover_enabled=\u00bb0&#8243; global_colors_info=\u00bb{}\u00bb theme_builder_area=\u00bbpost_content\u00bb sticky_enabled=\u00bb0&#8243;]<\/p>\n<p>Celebraci\u00f3n en 2024 del XXX Encuentro Provincial de Cofrad\u00edas y Hermandades de Semana Santa de Alicante<\/p>\n<p>[\/et_pb_text][\/et_pb_column][\/et_pb_row][et_pb_row column_structure=\u00bb1_4,3_4&#8243; _builder_version=\u00bb4.27.4&#8243; _module_preset=\u00bbdefault\u00bb global_colors_info=\u00bb{}\u00bb theme_builder_area=\u00bbpost_content\u00bb][et_pb_column type=\u00bb1_4&#8243; _builder_version=\u00bb4.27.4&#8243; _module_preset=\u00bbdefault\u00bb global_colors_info=\u00bb{}\u00bb theme_builder_area=\u00bbpost_content\u00bb][et_pb_heading title=\u00bbBreve historia de la Semana Santa de\u00a0 \u00a0 \u00a0 San Vicente del Raspeig\u00bb _builder_version=\u00bb4.27.4&#8243; _module_preset=\u00bbdefault\u00bb hover_enabled=\u00bb0&#8243; global_colors_info=\u00bb{}\u00bb theme_builder_area=\u00bbpost_content\u00bb sticky_enabled=\u00bb0&#8243;][\/et_pb_heading][\/et_pb_column][et_pb_column type=\u00bb3_4&#8243; _builder_version=\u00bb4.27.4&#8243; _module_preset=\u00bbdefault\u00bb global_colors_info=\u00bb{}\u00bb theme_builder_area=\u00bbpost_content\u00bb][et_pb_text _builder_version=\u00bb4.27.4&#8243; _module_preset=\u00bbdefault\u00bb hover_enabled=\u00bb0&#8243; global_colors_info=\u00bb{}\u00bb theme_builder_area=\u00bbpost_content\u00bb sticky_enabled=\u00bb0&#8243;]<\/p>\n<h4>La Semana Santa en San Vicente del Raspeig: tradici\u00f3n, historia y devoci\u00f3n popular<\/h4>\n<p>La Semana Santa de San Vicente del Raspeig constituye una de las expresiones religiosas y culturales m\u00e1s significativas del municipio. Con ra\u00edces que se remontan al siglo XVI, esta celebraci\u00f3n refleja la continuidad de una tradici\u00f3n que ha sabido adaptarse a los tiempos sin perder su esencia devocional ni su car\u00e1cter comunitario.<\/p>\n<p>Las primeras referencias hist\u00f3ricas sit\u00faan la existencia de cofrad\u00edas y hermandades sanvicenteras en los siglos XVI y XVII, en sinton\u00eda con el desarrollo de la Semana Santa en otras localidades de la provincia de Alicante. A trav\u00e9s de estas primeras agrupaciones religiosas se consolidaron los actos de culto y las primeras procesiones, configurando un calendario lit\u00fargico que ha perdurado hasta nuestros d\u00edas.<\/p>\n<p>A lo largo de los siglos, la Semana Santa sanvicentera ha evolucionado en su forma y organizaci\u00f3n, incorporando nuevos pasos, im\u00e1genes y estilos procesionales, al tiempo que ha mantenido el esp\u00edritu de recogimiento y participaci\u00f3n ciudadana que la caracteriza. Las procesiones recorren las calles del municipio con solemnidad, acompa\u00f1adas por bandas de m\u00fasica, tambores y cofrades que, con esmero y fe, mantienen viva una tradici\u00f3n heredada.<\/p>\n<p>Entre los actos m\u00e1s destacados se encuentran el preg\u00f3n de Semana Santa, las tamborradas, los conciertos de m\u00fasica sacra y, por supuesto, las procesiones principales que tienen lugar entre el Domingo de Ramos y el Domingo de Resurrecci\u00f3n. Estos eventos, adem\u00e1s de su dimensi\u00f3n religiosa, representan un importante punto de encuentro social y cultural en el que participan activamente las distintas hermandades y cofrad\u00edas locales.<\/p>\n<p>En este conjunto de celebraciones, destaca de forma especial la Procesi\u00f3n Infantil Sanvicentera, una de las manifestaciones m\u00e1s entra\u00f1ables y simb\u00f3licas de la Semana Santa actual. Naci\u00f3 en el a\u00f1o 2012 como una iniciativa espont\u00e1nea que pretend\u00eda acercar a los m\u00e1s peque\u00f1os a la tradici\u00f3n y al sentimiento cofrade. Aquella primera edici\u00f3n cont\u00f3 \u00fanicamente con un paso, La Cruz, acompa\u00f1ada por un grupo de ni\u00f1os y ni\u00f1as, y desde entonces ha crecido hasta convertirse en un evento consolidado y esperado cada Martes Santo.<\/p>\n<p>Gracias a la implicaci\u00f3n de familias y entidades locales, la procesi\u00f3n infantil fue ampliando sus pasos: el Nazareno, el Sepulcro, la Virgen de los Dolores, el Cristo Atado a la Columna, la Soledad, el Cristo del Perd\u00f3n, la Vera Cruz y el Cristo Resucitado. En la actualidad, estos ocho pasos son portados por ni\u00f1os y ni\u00f1as de precomuni\u00f3n y comuni\u00f3n de las tres parroquias del municipio, bajo la supervisi\u00f3n de sus catequistas y acompa\u00f1ados por bandas de tambores infantiles de diferentes hermandades y cofrad\u00edas.<\/p>\n<p>El ambiente que se respira en este acto es de ilusi\u00f3n, respeto y alegr\u00eda. Los peque\u00f1os costaleros desfilan con orgullo por las calles de San Vicente, mientras las familias y vecinos los animan con entusiasmo. Esta procesi\u00f3n no solo es un ejemplo de devoci\u00f3n, sino tambi\u00e9n una escuela de valores y tradici\u00f3n, en la que los m\u00e1s j\u00f3venes aprenden a vivir y sentir la Semana Santa desde temprana edad.<\/p>\n<p>El Ayuntamiento y las instituciones culturales del municipio colaboran activamente en la promoci\u00f3n y difusi\u00f3n de todos los actos de la Semana Santa, que cada a\u00f1o atrae a numerosos visitantes. Hoy en d\u00eda, m\u00e1s de quinientos cofrades contribuyen al esplendor de esta festividad, que no es \u00fanicamente una manifestaci\u00f3n de religiosidad popular, sino tambi\u00e9n un testimonio vivo de la identidad colectiva del pueblo.<\/p>\n<p>En la Semana Santa de San Vicente del Raspeig confluyen la historia, el arte y la devoci\u00f3n. Y dentro de ese marco, la Procesi\u00f3n Infantil representa el futuro de una tradici\u00f3n que sigue transmiti\u00e9ndose de generaci\u00f3n en generaci\u00f3n, manteniendo viva la fe, la uni\u00f3n y el sentimiento de todo un pueblo.<\/p>\n<p>[\/et_pb_text][\/et_pb_column][\/et_pb_row][\/et_pb_section]<\/p>\n","protected":false},"excerpt":{"rendered":"<p>2012530Parroquia San Vicente Ferrer de San Vicente del RaspeigDirectiva Junta Mayor Presidenta: Mar\u00eda de las Mercedes Barber\u00e1 Pastor Vicepresidente 1\u00ba: Francisco Javier Cerd\u00e1 Orts Vicepresidenta 2\u00ba: Mar\u00eda Dolores Huertas Diaz Cambronero Secretario: Antonio Verdejo Borja Tesorero: Ram\u00f3n Pastor Aracil Organizaci\u00f3n: Mar\u00eda Del Mar Cuenca Esteve y Mar\u00eda Esclap\u00e9s Pertusa Protocolo: Juliana Duque Casero y Eduardo [&hellip;]<\/p>\n","protected":false},"author":2,"featured_media":0,"parent":0,"menu_order":0,"comment_status":"closed","ping_status":"closed","template":"","meta":{"_et_pb_use_builder":"on","_et_pb_old_content":"<!-- wp:divi\/placeholder \/-->","_et_gb_content_width":"","footnotes":""},"class_list":["post-514","page","type-page","status-publish","hentry"],"yoast_head":"<!-- This site is optimized with the Yoast SEO plugin v27.2 - https:\/\/yoast.com\/product\/yoast-seo-wordpress\/ -->\n<title>San Vicente del Raspeig - Junta Diocesana Orihuela-Alicante<\/title>\n<meta name=\"robots\" content=\"index, follow, max-snippet:-1, max-image-preview:large, max-video-preview:-1\" \/>\n<link rel=\"canonical\" href=\"https:\/\/juntadiocesanaoa.com\/?page_id=514\" \/>\n<meta property=\"og:locale\" content=\"es_ES\" \/>\n<meta property=\"og:type\" content=\"article\" \/>\n<meta property=\"og:title\" content=\"San Vicente del Raspeig - Junta Diocesana Orihuela-Alicante\" \/>\n<meta property=\"og:description\" content=\"2012530Parroquia San Vicente Ferrer de San Vicente del RaspeigDirectiva Junta Mayor Presidenta: Mar\u00eda de las Mercedes Barber\u00e1 Pastor Vicepresidente 1\u00ba: Francisco Javier Cerd\u00e1 Orts Vicepresidenta 2\u00ba: Mar\u00eda Dolores Huertas Diaz Cambronero Secretario: Antonio Verdejo Borja Tesorero: Ram\u00f3n Pastor Aracil Organizaci\u00f3n: Mar\u00eda Del Mar Cuenca Esteve y Mar\u00eda Esclap\u00e9s Pertusa Protocolo: Juliana Duque Casero y Eduardo [&hellip;]\" \/>\n<meta property=\"og:url\" content=\"https:\/\/juntadiocesanaoa.com\/?page_id=514\" \/>\n<meta property=\"og:site_name\" content=\"Junta Diocesana Orihuela-Alicante\" \/>\n<meta property=\"article:modified_time\" content=\"2026-01-29T17:46:04+00:00\" \/>\n<meta name=\"twitter:card\" content=\"summary_large_image\" \/>\n<script type=\"application\/ld+json\" class=\"yoast-schema-graph\">{\"@context\":\"https:\/\/schema.org\",\"@graph\":[{\"@type\":\"WebPage\",\"@id\":\"https:\/\/juntadiocesanaoa.com\/?page_id=514\",\"url\":\"https:\/\/juntadiocesanaoa.com\/?page_id=514\",\"name\":\"San Vicente del Raspeig - Junta Diocesana Orihuela-Alicante\",\"isPartOf\":{\"@id\":\"https:\/\/juntadiocesanaoa.com\/#website\"},\"datePublished\":\"2025-11-05T12:27:53+00:00\",\"dateModified\":\"2026-01-29T17:46:04+00:00\",\"breadcrumb\":{\"@id\":\"https:\/\/juntadiocesanaoa.com\/?page_id=514#breadcrumb\"},\"inLanguage\":\"es\",\"potentialAction\":[{\"@type\":\"ReadAction\",\"target\":[\"https:\/\/juntadiocesanaoa.com\/?page_id=514\"]}]},{\"@type\":\"BreadcrumbList\",\"@id\":\"https:\/\/juntadiocesanaoa.com\/?page_id=514#breadcrumb\",\"itemListElement\":[{\"@type\":\"ListItem\",\"position\":1,\"name\":\"Portada\",\"item\":\"https:\/\/juntadiocesanaoa.com\/\"},{\"@type\":\"ListItem\",\"position\":2,\"name\":\"San Vicente del Raspeig\"}]},{\"@type\":\"WebSite\",\"@id\":\"https:\/\/juntadiocesanaoa.com\/#website\",\"url\":\"https:\/\/juntadiocesanaoa.com\/\",\"name\":\"Junta Diocesana Orihuela-Alicante\",\"description\":\"\",\"potentialAction\":[{\"@type\":\"SearchAction\",\"target\":{\"@type\":\"EntryPoint\",\"urlTemplate\":\"https:\/\/juntadiocesanaoa.com\/?s={search_term_string}\"},\"query-input\":{\"@type\":\"PropertyValueSpecification\",\"valueRequired\":true,\"valueName\":\"search_term_string\"}}],\"inLanguage\":\"es\"}]}<\/script>\n<!-- \/ Yoast SEO plugin. -->","yoast_head_json":{"title":"San Vicente del Raspeig - Junta Diocesana Orihuela-Alicante","robots":{"index":"index","follow":"follow","max-snippet":"max-snippet:-1","max-image-preview":"max-image-preview:large","max-video-preview":"max-video-preview:-1"},"canonical":"https:\/\/juntadiocesanaoa.com\/?page_id=514","og_locale":"es_ES","og_type":"article","og_title":"San Vicente del Raspeig - Junta Diocesana Orihuela-Alicante","og_description":"2012530Parroquia San Vicente Ferrer de San Vicente del RaspeigDirectiva Junta Mayor Presidenta: Mar\u00eda de las Mercedes Barber\u00e1 Pastor Vicepresidente 1\u00ba: Francisco Javier Cerd\u00e1 Orts Vicepresidenta 2\u00ba: Mar\u00eda Dolores Huertas Diaz Cambronero Secretario: Antonio Verdejo Borja Tesorero: Ram\u00f3n Pastor Aracil Organizaci\u00f3n: Mar\u00eda Del Mar Cuenca Esteve y Mar\u00eda Esclap\u00e9s Pertusa Protocolo: Juliana Duque Casero y Eduardo [&hellip;]","og_url":"https:\/\/juntadiocesanaoa.com\/?page_id=514","og_site_name":"Junta Diocesana Orihuela-Alicante","article_modified_time":"2026-01-29T17:46:04+00:00","twitter_card":"summary_large_image","schema":{"@context":"https:\/\/schema.org","@graph":[{"@type":"WebPage","@id":"https:\/\/juntadiocesanaoa.com\/?page_id=514","url":"https:\/\/juntadiocesanaoa.com\/?page_id=514","name":"San Vicente del Raspeig - Junta Diocesana Orihuela-Alicante","isPartOf":{"@id":"https:\/\/juntadiocesanaoa.com\/#website"},"datePublished":"2025-11-05T12:27:53+00:00","dateModified":"2026-01-29T17:46:04+00:00","breadcrumb":{"@id":"https:\/\/juntadiocesanaoa.com\/?page_id=514#breadcrumb"},"inLanguage":"es","potentialAction":[{"@type":"ReadAction","target":["https:\/\/juntadiocesanaoa.com\/?page_id=514"]}]},{"@type":"BreadcrumbList","@id":"https:\/\/juntadiocesanaoa.com\/?page_id=514#breadcrumb","itemListElement":[{"@type":"ListItem","position":1,"name":"Portada","item":"https:\/\/juntadiocesanaoa.com\/"},{"@type":"ListItem","position":2,"name":"San Vicente del Raspeig"}]},{"@type":"WebSite","@id":"https:\/\/juntadiocesanaoa.com\/#website","url":"https:\/\/juntadiocesanaoa.com\/","name":"Junta Diocesana Orihuela-Alicante","description":"","potentialAction":[{"@type":"SearchAction","target":{"@type":"EntryPoint","urlTemplate":"https:\/\/juntadiocesanaoa.com\/?s={search_term_string}"},"query-input":{"@type":"PropertyValueSpecification","valueRequired":true,"valueName":"search_term_string"}}],"inLanguage":"es"}]}},"_links":{"self":[{"href":"https:\/\/juntadiocesanaoa.com\/index.php?rest_route=\/wp\/v2\/pages\/514","targetHints":{"allow":["GET"]}}],"collection":[{"href":"https:\/\/juntadiocesanaoa.com\/index.php?rest_route=\/wp\/v2\/pages"}],"about":[{"href":"https:\/\/juntadiocesanaoa.com\/index.php?rest_route=\/wp\/v2\/types\/page"}],"author":[{"embeddable":true,"href":"https:\/\/juntadiocesanaoa.com\/index.php?rest_route=\/wp\/v2\/users\/2"}],"replies":[{"embeddable":true,"href":"https:\/\/juntadiocesanaoa.com\/index.php?rest_route=%2Fwp%2Fv2%2Fcomments&post=514"}],"version-history":[{"count":4,"href":"https:\/\/juntadiocesanaoa.com\/index.php?rest_route=\/wp\/v2\/pages\/514\/revisions"}],"predecessor-version":[{"id":1030,"href":"https:\/\/juntadiocesanaoa.com\/index.php?rest_route=\/wp\/v2\/pages\/514\/revisions\/1030"}],"wp:attachment":[{"href":"https:\/\/juntadiocesanaoa.com\/index.php?rest_route=%2Fwp%2Fv2%2Fmedia&parent=514"}],"curies":[{"name":"wp","href":"https:\/\/api.w.org\/{rel}","templated":true}]}}