{"id":512,"date":"2025-11-05T12:27:36","date_gmt":"2025-11-05T12:27:36","guid":{"rendered":"https:\/\/juntadiocesanaoa.com\/?page_id=512"},"modified":"2026-03-13T11:37:37","modified_gmt":"2026-03-13T11:37:37","slug":"san-miguel-de-salinas","status":"publish","type":"page","link":"https:\/\/juntadiocesanaoa.com\/?page_id=512","title":{"rendered":"San Miguel de Salinas"},"content":{"rendered":"<p>[et_pb_section fb_built=\u00bb1&#8243; _builder_version=\u00bb4.27.4&#8243; _module_preset=\u00bbdefault\u00bb global_colors_info=\u00bb{}\u00bb][et_pb_row column_structure=\u00bb1_2,1_2&#8243; _builder_version=\u00bb4.27.4&#8243; _module_preset=\u00bbdefault\u00bb global_colors_info=\u00bb{}\u00bb][et_pb_column type=\u00bb1_2&#8243; _builder_version=\u00bb4.27.4&#8243; _module_preset=\u00bbdefault\u00bb global_colors_info=\u00bb{}\u00bb][et_pb_heading title=\u00bbSan Miguel de Salinas\u00bb _builder_version=\u00bb4.27.4&#8243; _module_preset=\u00bbdefault\u00bb global_colors_info=\u00bb{}\u00bb][\/et_pb_heading][et_pb_image src=\u00bbhttps:\/\/juntadiocesanaoa.com\/wp-content\/uploads\/logo-JM-San-Miguel-Salinas.png\u00bb title_text=\u00bblogo JM San Miguel Salinas\u00bb align=\u00bbcenter\u00bb _builder_version=\u00bb4.27.4&#8243; _module_preset=\u00bbdefault\u00bb module_alignment=\u00bbleft\u00bb max_height=\u00bb166px\u00bb global_colors_info=\u00bb{}\u00bb][\/et_pb_image][et_pb_heading title=\u00bbJunta Local de Cofrad\u00edas de San Miguel de Salinas\u00bb _builder_version=\u00bb4.27.4&#8243; _module_preset=\u00bbdefault\u00bb global_colors_info=\u00bb{}\u00bb][\/et_pb_heading][et_pb_tabs _builder_version=\u00bb4.27.4&#8243; _module_preset=\u00bbdefault\u00bb global_colors_info=\u00bb{}\u00bb][et_pb_tab title=\u00bbA\u00f1o de fundaci\u00f3n\u00bb _builder_version=\u00bb4.27.4&#8243; _module_preset=\u00bbdefault\u00bb global_colors_info=\u00bb{}\u00bb]<\/p>\n<p>1996<\/p>\n<p>[\/et_pb_tab][et_pb_tab title=\u00bbHermanos cofrades\u00bb _builder_version=\u00bb4.27.4&#8243; _module_preset=\u00bbdefault\u00bb global_colors_info=\u00bb{}\u00bb]<\/p>\n<p>220<\/p>\n<p>[\/et_pb_tab][et_pb_tab title=\u00bbSede can\u00f3nica\u00bb _builder_version=\u00bb4.27.4&#8243; _module_preset=\u00bbdefault\u00bb global_colors_info=\u00bb{}\u00bb]<\/p>\n<p class=\"p1\">Parroquia de San Miguel Arc\u00e1ngel<\/p>\n<p>[\/et_pb_tab][\/et_pb_tabs][\/et_pb_column][et_pb_column type=\u00bb1_2&#8243; _builder_version=\u00bb4.27.4&#8243; _module_preset=\u00bbdefault\u00bb global_colors_info=\u00bb{}\u00bb][et_pb_image src=\u00bbhttps:\/\/juntadiocesanaoa.com\/wp-content\/uploads\/CARTEL-SEMANA-SANTA-2025-SAN-MIGUEL-DE-SALINAS.jpg\u00bb title_text=\u00bbCARTEL SEMANA SANTA 2025 SAN MIGUEL DE SALINAS\u00bb _builder_version=\u00bb4.27.4&#8243; _module_preset=\u00bbdefault\u00bb hover_enabled=\u00bb0&#8243; global_colors_info=\u00bb{}\u00bb sticky_enabled=\u00bb0&#8243;][\/et_pb_image][\/et_pb_column][\/et_pb_row][et_pb_row column_structure=\u00bb1_2,1_2&#8243; _builder_version=\u00bb4.27.4&#8243; _module_preset=\u00bbdefault\u00bb global_colors_info=\u00bb{}\u00bb][et_pb_column type=\u00bb1_2&#8243; _builder_version=\u00bb4.27.4&#8243; _module_preset=\u00bbdefault\u00bb global_colors_info=\u00bb{}\u00bb][et_pb_image src=\u00bbhttps:\/\/juntadiocesanaoa.com\/wp-content\/uploads\/Horarios-Semana-Santa-2026-San-MIguel-de-Salinas.jpeg\u00bb title_text=\u00bbHorarios Semana Santa 2026 San MIguel de Salinas\u00bb _builder_version=\u00bb4.27.4&#8243; _module_preset=\u00bbdefault\u00bb width=\u00bb100%\u00bb max_width=\u00bb81%\u00bb hover_enabled=\u00bb0&#8243; global_colors_info=\u00bb{}\u00bb sticky_enabled=\u00bb0&#8243;][\/et_pb_image][\/et_pb_column][et_pb_column type=\u00bb1_2&#8243; _builder_version=\u00bb4.27.4&#8243; _module_preset=\u00bbdefault\u00bb global_colors_info=\u00bb{}\u00bb][et_pb_text _builder_version=\u00bb4.27.4&#8243; _module_preset=\u00bbdefault\u00bb global_colors_info=\u00bb{}\u00bb]<\/p>\n<h2>Directiva Junta Mayor<\/h2>\n<p>Presidente: Jos\u00e9 Manuel Mart\u00ednez Imbern\u00f3n<\/p>\n<p>Vicepresidenta: Mar\u00eda Dolores P\u00e9rez Garc\u00eda<\/p>\n<p>Secretaria: Amparo Ramos Torres<\/p>\n<p>Tesorera: Inmaculada Hern\u00e1ndez Valero<\/p>\n<p>Vocales: Mar\u00eda Soledad Vicente Correas, Delia Vicente Dur\u00e1 y Jos\u00e9 Mar\u00eda Escribano Arteaga<\/p>\n<p>Consiliario:<\/p>\n<p>[\/et_pb_text][et_pb_toggle title=\u00bbDirecci\u00f3n postal\u00bb _builder_version=\u00bb4.27.4&#8243; _module_preset=\u00bbdefault\u00bb custom_margin=\u00bb0px||||false|false\u00bb global_colors_info=\u00bb{}\u00bb]<\/p>\n<p class=\"p1\">Bajo C\/ Juan Mateo Vera con C\/ Joaqu\u00edn Rodrigo , 03193 San Miguel de Salinas<\/p>\n<p>[\/et_pb_toggle][et_pb_toggle title=\u00bbCorreo electr\u00f3nico\u00bb _builder_version=\u00bb4.27.4&#8243; _module_preset=\u00bbdefault\u00bb custom_margin=\u00bb0px||||false|false\u00bb global_colors_info=\u00bb{}\u00bb]<\/p>\n<p><a href=\"mailto:jmanuel@tabisam.es\">jmanuel@tabisam.es<\/a>\u00a0<\/p>\n<p>[\/et_pb_toggle][et_pb_toggle title=\u00bbTel\u00e9fono\u00bb _builder_version=\u00bb4.27.4&#8243; _module_preset=\u00bbdefault\u00bb global_colors_info=\u00bb{}\u00bb]<\/p>\n<p class=\"p1\">639 666 737<\/p>\n<p>[\/et_pb_toggle][et_pb_toggle title=\u00bbRedes sociales\u00bb _builder_version=\u00bb4.27.4&#8243; _module_preset=\u00bbdefault\u00bb global_colors_info=\u00bb{}\u00bb]<\/p>\n<p><a href=\"https:\/\/www.facebook.com\/jmc.cofradias\">Facebook<\/a><\/p>\n<p>[\/et_pb_toggle][et_pb_toggle title=\u00bbP\u00e1gina web\u00bb _builder_version=\u00bb4.27.4&#8243; _module_preset=\u00bbdefault\u00bb global_colors_info=\u00bb{}\u00bb][\/et_pb_toggle][\/et_pb_column][\/et_pb_row][et_pb_row column_structure=\u00bb1_3,2_3&#8243; _builder_version=\u00bb4.27.4&#8243; _module_preset=\u00bbdefault\u00bb global_colors_info=\u00bb{}\u00bb][et_pb_column type=\u00bb1_3&#8243; _builder_version=\u00bb4.27.4&#8243; _module_preset=\u00bbdefault\u00bb global_colors_info=\u00bb{}\u00bb][et_pb_text _builder_version=\u00bb4.27.4&#8243; _module_preset=\u00bbdefault\u00bb global_colors_info=\u00bb{}\u00bb]<\/p>\n<h2>Cofrad\u00edas y Hermandades<\/h2>\n<ul>\n<li>Cofrad\u00eda Virgen de los Dolores<\/li>\n<li>Cofrad\u00eda San Juan<\/li>\n<li>Hermanos Cofrades del Sudario<\/li>\n<li>Cofrad\u00eda de Pescadores Pescadoras<\/li>\n<li>Centuria Romana<\/li>\n<li>Cofrad\u00eda del Yacente y Crucificado<\/li>\n<\/ul>\n<p>[\/et_pb_text][\/et_pb_column][et_pb_column type=\u00bb2_3&#8243; _builder_version=\u00bb4.27.4&#8243; _module_preset=\u00bbdefault\u00bb global_colors_info=\u00bb{}\u00bb][et_pb_image src=\u00bbhttps:\/\/juntadiocesanaoa.com\/wp-content\/uploads\/CARTEL-SEMANA-SANTA-2025-SAN-MIGUEL-DE-SALINAS.jpg\u00bb title_text=\u00bbCARTEL SEMANA SANTA 2025 SAN MIGUEL DE SALINAS\u00bb _builder_version=\u00bb4.27.4&#8243; _module_preset=\u00bbdefault\u00bb width=\u00bb70%\u00bb module_alignment=\u00bbcenter\u00bb global_colors_info=\u00bb{}\u00bb][\/et_pb_image][\/et_pb_column][\/et_pb_row][et_pb_row column_structure=\u00bb1_4,3_4&#8243; _builder_version=\u00bb4.27.4&#8243; _module_preset=\u00bbdefault\u00bb global_colors_info=\u00bb{}\u00bb][et_pb_column type=\u00bb1_4&#8243; _builder_version=\u00bb4.27.4&#8243; _module_preset=\u00bbdefault\u00bb global_colors_info=\u00bb{}\u00bb][et_pb_heading title=\u00bbDatos de inter\u00e9s\u00bb _builder_version=\u00bb4.27.4&#8243; _module_preset=\u00bbdefault\u00bb global_colors_info=\u00bb{}\u00bb][\/et_pb_heading][\/et_pb_column][et_pb_column type=\u00bb3_4&#8243; _builder_version=\u00bb4.27.4&#8243; _module_preset=\u00bbdefault\u00bb global_colors_info=\u00bb{}\u00bb][et_pb_text _builder_version=\u00bb4.27.4&#8243; _module_preset=\u00bbdefault\u00bb custom_padding=\u00bb1px|||||\u00bb global_colors_info=\u00bb{}\u00bb]<\/p>\n<p>La Procesi\u00f3n del Silencio de Jueves Santo por el casco antiguo del pueblo a oscuras. Y el encuentro de Domingo de Resurrecci\u00f3n.<\/p>\n<p>[\/et_pb_text][\/et_pb_column][\/et_pb_row][et_pb_row column_structure=\u00bb1_4,3_4&#8243; _builder_version=\u00bb4.27.4&#8243; _module_preset=\u00bbdefault\u00bb global_colors_info=\u00bb{}\u00bb][et_pb_column type=\u00bb1_4&#8243; _builder_version=\u00bb4.27.4&#8243; _module_preset=\u00bbdefault\u00bb global_colors_info=\u00bb{}\u00bb][et_pb_heading title=\u00bbBreve historia de la Semana Santa de San Miguel de Salinas\u00bb _builder_version=\u00bb4.27.4&#8243; _module_preset=\u00bbdefault\u00bb global_colors_info=\u00bb{}\u00bb][\/et_pb_heading][\/et_pb_column][et_pb_column type=\u00bb3_4&#8243; _builder_version=\u00bb4.27.4&#8243; _module_preset=\u00bbdefault\u00bb global_colors_info=\u00bb{}\u00bb][et_pb_text _builder_version=\u00bb4.27.4&#8243; _module_preset=\u00bbdefault\u00bb global_colors_info=\u00bb{}\u00bb]<\/p>\n<p>La Semana Santa de San Miguel de Salinas es una manifestaci\u00f3n de fe profundamente arraigada en la historia y en la vida del pueblo, construida a lo largo de generaciones gracias al esfuerzo y la devoci\u00f3n de sus vecinos.<\/p>\n<p>Sus or\u00edgenes se remontan al primer tercio del siglo XX, cuando comenzaron a organizarse las primeras procesiones en torno a las im\u00e1genes de la parroquia, especialmente las dedicadas al Cristo Yacente, San Juan Evangelista, la Virgen de los Dolores y la Centuria Romana. Desde entonces, la Semana Santa ha ido evolucionando de forma sencilla pero constante, adapt\u00e1ndose a los tiempos sin perder su esencia popular y religiosa.<\/p>\n<p>A partir de la segunda mitad del siglo XX y, de manera m\u00e1s significativa en las \u00faltimas d\u00e9cadas, se consolidan las cofrad\u00edas tal y como hoy las conocemos, incorporando nuevos pasos, im\u00e1genes y formas de participaci\u00f3n. Destaca especialmente la implicaci\u00f3n directa de colectivos locales -agricultores, pescadores, j\u00f3venes y familias enteras- que han hecho de la Semana Santa una celebraci\u00f3n viva, transmitida de padres a hijos.<\/p>\n<p>La creaci\u00f3n y fortalecimiento de cofrad\u00edas como la Cofrad\u00eda de Pescadores, los Hermanos Cofrades del Sudario, o las asociaciones vinculadas a la Virgen de los Dolores y San Juan Evangelista ha permitido estructurar los desfiles procesionales y enriquecerlos con elementos propios: la tamborrada, las saetas, la presencia de las manolas, la guardia al Cristo Yacente o el Encuentro de la Santa mujer Ver\u00f3nica y Nuestro Padre Jesus &#8216;El Nazareno&#8217; y el de Domingo de Resurrecci\u00f3n.<\/p>\n<p>Hoy, la Semana Santa de San Miguel de Salinas se caracteriza por su sobriedad, su recogimiento y su fuerte sentido comunitario. M\u00e1s all\u00e1 del valor art\u00edstico de sus im\u00e1genes o del orden de sus procesiones, es, ante todo, una expresi\u00f3n de fe compartida, sostenida con esfuerzo y dedicaci\u00f3n, que sigue dando testimonio de las ra\u00edces cristianas del pueblo y de su voluntad de mantener viva una tradici\u00f3n que forma parte de su identidad.<\/p>\n<p>[\/et_pb_text][\/et_pb_column][\/et_pb_row][\/et_pb_section]<\/p>\n","protected":false},"excerpt":{"rendered":"<p>1996220Parroquia de San Miguel Arc\u00e1ngelDirectiva Junta Mayor Presidente: Jos\u00e9 Manuel Mart\u00ednez Imbern\u00f3n Vicepresidenta: Mar\u00eda Dolores P\u00e9rez Garc\u00eda Secretaria: Amparo Ramos Torres Tesorera: Inmaculada Hern\u00e1ndez Valero Vocales: Mar\u00eda Soledad Vicente Correas, Delia Vicente Dur\u00e1 y Jos\u00e9 Mar\u00eda Escribano Arteaga Consiliario:Bajo C\/ Juan Mateo Vera con C\/ Joaqu\u00edn Rodrigo , 03193 San Miguel de Salinasjmanuel@tabisam.es\u00a0639 666 737FacebookCofrad\u00edas [&hellip;]<\/p>\n","protected":false},"author":2,"featured_media":0,"parent":0,"menu_order":0,"comment_status":"closed","ping_status":"closed","template":"","meta":{"_et_pb_use_builder":"on","_et_pb_old_content":"<!-- wp:divi\/placeholder \/-->","_et_gb_content_width":"","footnotes":""},"class_list":["post-512","page","type-page","status-publish","hentry"],"yoast_head":"<!-- This site is optimized with the Yoast SEO plugin v27.2 - https:\/\/yoast.com\/product\/yoast-seo-wordpress\/ -->\n<title>San Miguel de Salinas - Junta Diocesana Orihuela-Alicante<\/title>\n<meta name=\"robots\" content=\"index, follow, max-snippet:-1, max-image-preview:large, max-video-preview:-1\" \/>\n<link rel=\"canonical\" href=\"https:\/\/juntadiocesanaoa.com\/?page_id=512\" \/>\n<meta property=\"og:locale\" content=\"es_ES\" \/>\n<meta property=\"og:type\" content=\"article\" \/>\n<meta property=\"og:title\" content=\"San Miguel de Salinas - Junta Diocesana Orihuela-Alicante\" \/>\n<meta property=\"og:description\" content=\"1996220Parroquia de San Miguel Arc\u00e1ngelDirectiva Junta Mayor Presidente: Jos\u00e9 Manuel Mart\u00ednez Imbern\u00f3n Vicepresidenta: Mar\u00eda Dolores P\u00e9rez Garc\u00eda Secretaria: Amparo Ramos Torres Tesorera: Inmaculada Hern\u00e1ndez Valero Vocales: Mar\u00eda Soledad Vicente Correas, Delia Vicente Dur\u00e1 y Jos\u00e9 Mar\u00eda Escribano Arteaga Consiliario:Bajo C\/ Juan Mateo Vera con C\/ Joaqu\u00edn Rodrigo , 03193 San Miguel de Salinasjmanuel@tabisam.es\u00a0639 666 737FacebookCofrad\u00edas [&hellip;]\" \/>\n<meta property=\"og:url\" content=\"https:\/\/juntadiocesanaoa.com\/?page_id=512\" \/>\n<meta property=\"og:site_name\" content=\"Junta Diocesana Orihuela-Alicante\" \/>\n<meta property=\"article:modified_time\" content=\"2026-03-13T11:37:37+00:00\" \/>\n<meta name=\"twitter:card\" content=\"summary_large_image\" \/>\n<script type=\"application\/ld+json\" class=\"yoast-schema-graph\">{\"@context\":\"https:\/\/schema.org\",\"@graph\":[{\"@type\":\"WebPage\",\"@id\":\"https:\/\/juntadiocesanaoa.com\/?page_id=512\",\"url\":\"https:\/\/juntadiocesanaoa.com\/?page_id=512\",\"name\":\"San Miguel de Salinas - Junta Diocesana Orihuela-Alicante\",\"isPartOf\":{\"@id\":\"https:\/\/juntadiocesanaoa.com\/#website\"},\"datePublished\":\"2025-11-05T12:27:36+00:00\",\"dateModified\":\"2026-03-13T11:37:37+00:00\",\"breadcrumb\":{\"@id\":\"https:\/\/juntadiocesanaoa.com\/?page_id=512#breadcrumb\"},\"inLanguage\":\"es\",\"potentialAction\":[{\"@type\":\"ReadAction\",\"target\":[\"https:\/\/juntadiocesanaoa.com\/?page_id=512\"]}]},{\"@type\":\"BreadcrumbList\",\"@id\":\"https:\/\/juntadiocesanaoa.com\/?page_id=512#breadcrumb\",\"itemListElement\":[{\"@type\":\"ListItem\",\"position\":1,\"name\":\"Portada\",\"item\":\"https:\/\/juntadiocesanaoa.com\/\"},{\"@type\":\"ListItem\",\"position\":2,\"name\":\"San Miguel de Salinas\"}]},{\"@type\":\"WebSite\",\"@id\":\"https:\/\/juntadiocesanaoa.com\/#website\",\"url\":\"https:\/\/juntadiocesanaoa.com\/\",\"name\":\"Junta Diocesana Orihuela-Alicante\",\"description\":\"\",\"potentialAction\":[{\"@type\":\"SearchAction\",\"target\":{\"@type\":\"EntryPoint\",\"urlTemplate\":\"https:\/\/juntadiocesanaoa.com\/?s={search_term_string}\"},\"query-input\":{\"@type\":\"PropertyValueSpecification\",\"valueRequired\":true,\"valueName\":\"search_term_string\"}}],\"inLanguage\":\"es\"}]}<\/script>\n<!-- \/ Yoast SEO plugin. -->","yoast_head_json":{"title":"San Miguel de Salinas - Junta Diocesana Orihuela-Alicante","robots":{"index":"index","follow":"follow","max-snippet":"max-snippet:-1","max-image-preview":"max-image-preview:large","max-video-preview":"max-video-preview:-1"},"canonical":"https:\/\/juntadiocesanaoa.com\/?page_id=512","og_locale":"es_ES","og_type":"article","og_title":"San Miguel de Salinas - Junta Diocesana Orihuela-Alicante","og_description":"1996220Parroquia de San Miguel Arc\u00e1ngelDirectiva Junta Mayor Presidente: Jos\u00e9 Manuel Mart\u00ednez Imbern\u00f3n Vicepresidenta: Mar\u00eda Dolores P\u00e9rez Garc\u00eda Secretaria: Amparo Ramos Torres Tesorera: Inmaculada Hern\u00e1ndez Valero Vocales: Mar\u00eda Soledad Vicente Correas, Delia Vicente Dur\u00e1 y Jos\u00e9 Mar\u00eda Escribano Arteaga Consiliario:Bajo C\/ Juan Mateo Vera con C\/ Joaqu\u00edn Rodrigo , 03193 San Miguel de Salinasjmanuel@tabisam.es\u00a0639 666 737FacebookCofrad\u00edas [&hellip;]","og_url":"https:\/\/juntadiocesanaoa.com\/?page_id=512","og_site_name":"Junta Diocesana Orihuela-Alicante","article_modified_time":"2026-03-13T11:37:37+00:00","twitter_card":"summary_large_image","schema":{"@context":"https:\/\/schema.org","@graph":[{"@type":"WebPage","@id":"https:\/\/juntadiocesanaoa.com\/?page_id=512","url":"https:\/\/juntadiocesanaoa.com\/?page_id=512","name":"San Miguel de Salinas - Junta Diocesana Orihuela-Alicante","isPartOf":{"@id":"https:\/\/juntadiocesanaoa.com\/#website"},"datePublished":"2025-11-05T12:27:36+00:00","dateModified":"2026-03-13T11:37:37+00:00","breadcrumb":{"@id":"https:\/\/juntadiocesanaoa.com\/?page_id=512#breadcrumb"},"inLanguage":"es","potentialAction":[{"@type":"ReadAction","target":["https:\/\/juntadiocesanaoa.com\/?page_id=512"]}]},{"@type":"BreadcrumbList","@id":"https:\/\/juntadiocesanaoa.com\/?page_id=512#breadcrumb","itemListElement":[{"@type":"ListItem","position":1,"name":"Portada","item":"https:\/\/juntadiocesanaoa.com\/"},{"@type":"ListItem","position":2,"name":"San Miguel de Salinas"}]},{"@type":"WebSite","@id":"https:\/\/juntadiocesanaoa.com\/#website","url":"https:\/\/juntadiocesanaoa.com\/","name":"Junta Diocesana Orihuela-Alicante","description":"","potentialAction":[{"@type":"SearchAction","target":{"@type":"EntryPoint","urlTemplate":"https:\/\/juntadiocesanaoa.com\/?s={search_term_string}"},"query-input":{"@type":"PropertyValueSpecification","valueRequired":true,"valueName":"search_term_string"}}],"inLanguage":"es"}]}},"_links":{"self":[{"href":"https:\/\/juntadiocesanaoa.com\/index.php?rest_route=\/wp\/v2\/pages\/512","targetHints":{"allow":["GET"]}}],"collection":[{"href":"https:\/\/juntadiocesanaoa.com\/index.php?rest_route=\/wp\/v2\/pages"}],"about":[{"href":"https:\/\/juntadiocesanaoa.com\/index.php?rest_route=\/wp\/v2\/types\/page"}],"author":[{"embeddable":true,"href":"https:\/\/juntadiocesanaoa.com\/index.php?rest_route=\/wp\/v2\/users\/2"}],"replies":[{"embeddable":true,"href":"https:\/\/juntadiocesanaoa.com\/index.php?rest_route=%2Fwp%2Fv2%2Fcomments&post=512"}],"version-history":[{"count":6,"href":"https:\/\/juntadiocesanaoa.com\/index.php?rest_route=\/wp\/v2\/pages\/512\/revisions"}],"predecessor-version":[{"id":1271,"href":"https:\/\/juntadiocesanaoa.com\/index.php?rest_route=\/wp\/v2\/pages\/512\/revisions\/1271"}],"wp:attachment":[{"href":"https:\/\/juntadiocesanaoa.com\/index.php?rest_route=%2Fwp%2Fv2%2Fmedia&parent=512"}],"curies":[{"name":"wp","href":"https:\/\/api.w.org\/{rel}","templated":true}]}}