{"id":510,"date":"2025-11-05T12:27:20","date_gmt":"2025-11-05T12:27:20","guid":{"rendered":"https:\/\/juntadiocesanaoa.com\/?page_id=510"},"modified":"2026-03-20T16:12:42","modified_gmt":"2026-03-20T16:12:42","slug":"sant-joan-dalacant","status":"publish","type":"page","link":"https:\/\/juntadiocesanaoa.com\/?page_id=510","title":{"rendered":"Sant Joan d&#8217;Alacant"},"content":{"rendered":"<p>[et_pb_section fb_built=\u00bb1&#8243; _builder_version=\u00bb4.27.4&#8243; _module_preset=\u00bbdefault\u00bb global_colors_info=\u00bb{}\u00bb][et_pb_row column_structure=\u00bb1_2,1_2&#8243; _builder_version=\u00bb4.27.4&#8243; _module_preset=\u00bbdefault\u00bb global_colors_info=\u00bb{}\u00bb][et_pb_column type=\u00bb1_2&#8243; _builder_version=\u00bb4.27.4&#8243; _module_preset=\u00bbdefault\u00bb global_colors_info=\u00bb{}\u00bb][et_pb_heading title=\u00bbSant Joan d&#8217;Alacant\u00bb _builder_version=\u00bb4.27.4&#8243; _module_preset=\u00bbdefault\u00bb global_colors_info=\u00bb{}\u00bb][\/et_pb_heading][et_pb_image src=\u00bbhttps:\/\/juntadiocesanaoa.com\/wp-content\/uploads\/Escudo-JUNTA-MAYOR-sant-joan.png\u00bb title_text=\u00bbEscudo JUNTA MAYOR sant joan\u00bb align=\u00bbcenter\u00bb _builder_version=\u00bb4.27.4&#8243; _module_preset=\u00bbdefault\u00bb module_alignment=\u00bbleft\u00bb max_height=\u00bb166px\u00bb global_colors_info=\u00bb{}\u00bb][\/et_pb_image][et_pb_heading title=\u00bbJunta Mayor de Cofrad\u00edas y Hermandades de la Semana Santa de Sant Joan d&#8217;Alacant\u00bb _builder_version=\u00bb4.27.4&#8243; _module_preset=\u00bbdefault\u00bb global_colors_info=\u00bb{}\u00bb][\/et_pb_heading][et_pb_tabs _builder_version=\u00bb4.27.4&#8243; _module_preset=\u00bbdefault\u00bb global_colors_info=\u00bb{}\u00bb][et_pb_tab title=\u00bbA\u00f1o de fundaci\u00f3n\u00bb _builder_version=\u00bb4.27.4&#8243; _module_preset=\u00bbdefault\u00bb global_colors_info=\u00bb{}\u00bb]<\/p>\n<p>1981<\/p>\n<p>[\/et_pb_tab][et_pb_tab title=\u00bbHermanos cofrades\u00bb _builder_version=\u00bb4.27.4&#8243; _module_preset=\u00bbdefault\u00bb global_colors_info=\u00bb{}\u00bb]<\/p>\n<p>550<\/p>\n<p>[\/et_pb_tab][et_pb_tab title=\u00bbDistinciones honor\u00edficas\u00bb _builder_version=\u00bb4.27.4&#8243; _module_preset=\u00bbdefault\u00bb global_colors_info=\u00bb{}\u00bb]<\/p>\n<p>&#8216;El Canto de los Dolores&#8217; est\u00e1 a la espera de ser declarado <span>Bien Inter\u00e9s Cultural Inmaterial de la Comunitat Valenciana<\/span><\/p>\n<p>[\/et_pb_tab][et_pb_tab title=\u00bbSede can\u00f3nica\u00bb _builder_version=\u00bb4.27.4&#8243; _module_preset=\u00bbdefault\u00bb global_colors_info=\u00bb{}\u00bb]<\/p>\n<p>Parroquia de San Juan Bautista<\/p>\n<p>C\/ Doctor Sanmiguel de Tarazona, 2, Sant Joan d\u2019Alacant<\/p>\n<p>[\/et_pb_tab][\/et_pb_tabs][\/et_pb_column][et_pb_column type=\u00bb1_2&#8243; _builder_version=\u00bb4.27.4&#8243; _module_preset=\u00bbdefault\u00bb global_colors_info=\u00bb{}\u00bb][et_pb_image src=\u00bbhttps:\/\/juntadiocesanaoa.com\/wp-content\/uploads\/JM-SANT-JOAN_3367.jpg\u00bb title_text=\u00bbJM SANT JOAN_3367&#8243; _builder_version=\u00bb4.27.6&#8243; _module_preset=\u00bbdefault\u00bb hover_enabled=\u00bb0&#8243; global_colors_info=\u00bb{}\u00bb sticky_enabled=\u00bb0&#8243; show_bottom_space=\u00bboff\u00bb custom_padding=\u00bb||2px||false|false\u00bb][\/et_pb_image][et_pb_text _builder_version=\u00bb4.27.6&#8243; _module_preset=\u00bbdefault\u00bb custom_margin=\u00bb0px||0px||false|false\u00bb hover_enabled=\u00bb0&#8243; global_colors_info=\u00bb{}\u00bb theme_builder_area=\u00bbpost_content\u00bb sticky_enabled=\u00bb0&#8243;]<\/p>\n<h4 class=\"p1\">Procesi\u00f3n de Palmas y Ramos<\/h4>\n<p>[\/et_pb_text][\/et_pb_column][\/et_pb_row][et_pb_row column_structure=\u00bb1_2,1_2&#8243; _builder_version=\u00bb4.27.4&#8243; _module_preset=\u00bbdefault\u00bb global_colors_info=\u00bb{}\u00bb][et_pb_column type=\u00bb1_2&#8243; _builder_version=\u00bb4.27.4&#8243; _module_preset=\u00bbdefault\u00bb global_colors_info=\u00bb{}\u00bb][et_pb_image src=\u00bbhttps:\/\/juntadiocesanaoa.com\/wp-content\/uploads\/JM-SANT-JOAN_4850.jpg\u00bb title_text=\u00bbJM SANT JOAN_4850&#8243; _builder_version=\u00bb4.27.6&#8243; _module_preset=\u00bbdefault\u00bb width=\u00bb100%\u00bb max_width=\u00bb100%\u00bb hover_enabled=\u00bb0&#8243; global_colors_info=\u00bb{}\u00bb sticky_enabled=\u00bb0&#8243; show_bottom_space=\u00bboff\u00bb custom_padding=\u00bb||2px||false|false\u00bb][\/et_pb_image][et_pb_text _builder_version=\u00bb4.27.6&#8243; _module_preset=\u00bbdefault\u00bb custom_margin=\u00bb0px||0px||false|false\u00bb hover_enabled=\u00bb0&#8243; global_colors_info=\u00bb{}\u00bb theme_builder_area=\u00bbpost_content\u00bb sticky_enabled=\u00bb0&#8243;]<\/p>\n<h4 class=\"p1\">Encuentro entre Nuestro Padre Jes\u00fas Nazareno y la Santa Mujer Ver\u00f3nica<\/h4>\n<p>[\/et_pb_text][\/et_pb_column][et_pb_column type=\u00bb1_2&#8243; _builder_version=\u00bb4.27.4&#8243; _module_preset=\u00bbdefault\u00bb global_colors_info=\u00bb{}\u00bb][et_pb_text _builder_version=\u00bb4.27.4&#8243; _module_preset=\u00bbdefault\u00bb global_colors_info=\u00bb{}\u00bb]<\/p>\n<h2>Directiva Junta Mayor<\/h2>\n<p>Presidenta: Rosa Mar\u00eda Navarro Torregrosa<\/p>\n<p>Vicepresidenta: Remedios Sevila Salvador<\/p>\n<p>Secretario: Jos\u00e9 Antonio Sala Terol<\/p>\n<p>Tesorera: M.\u00aa Concepci\u00f3n Sala Giner<\/p>\n<p>Vocales: Gumersinda S\u00e1nchez Garc\u00eda, Javier Pastor Mart\u00ednez, Ana Ib\u00e1\u00f1ez Bas, Alejandro Arenas Mart\u00ednez, M\u00aa Concepci\u00f3n Sala Giner, Jos\u00e9 Vicente Ferr\u00e1ndiz Camarasa<\/p>\n<p>Consiliario: Rvdo. Roque Carlos Jim\u00e9nez<\/p>\n<p>[\/et_pb_text][et_pb_toggle title=\u00bbDirecci\u00f3n postal\u00bb _builder_version=\u00bb4.27.4&#8243; _module_preset=\u00bbdefault\u00bb custom_margin=\u00bb0px||||false|false\u00bb global_colors_info=\u00bb{}\u00bb]<\/p>\n<p class=\"p1\">Parroquia de San Juan Bautista<\/p>\n<p class=\"p1\">C\/ Doctor Sanmiguel de Tarazona, 2, Sant Joan d\u2019Alacant, 03550, Alicante<\/p>\n<p>[\/et_pb_toggle][et_pb_toggle title=\u00bbCorreo electr\u00f3nico\u00bb _builder_version=\u00bb4.27.4&#8243; _module_preset=\u00bbdefault\u00bb custom_margin=\u00bb0px||||false|false\u00bb global_colors_info=\u00bb{}\u00bb]<\/p>\n<p><a class=\"x1i10hfl xjbqb8w x1ejq31n x18oe1m7 x1sy0etr xstzfhl x972fbf x10w94by x1qhh985 x14e42zd x9f619 x1ypdohk xt0psk2 x3ct3a4 xdj266r x14z9mp xat24cr x1lziwak xexx8yu xyri2b x18d9i69 x1c1uobl x16tdsg8 x1hl2dhg xggy1nq x1a2a7pz xkrqix3 x1sur9pj x1fey0fg x1s688f\" href=\"mailto:jmch-albatera@hotmail.com\" rel=\"nofollow noopener noreferrer\" role=\"link\" target=\"_blank\" tabindex=\"0\">juntadecofradiassanjuan@hotmail.es<\/a><\/p>\n<p>[\/et_pb_toggle][et_pb_toggle title=\u00bbTel\u00e9fono\u00bb _builder_version=\u00bb4.27.4&#8243; _module_preset=\u00bbdefault\u00bb global_colors_info=\u00bb{}\u00bb]<\/p>\n<p class=\"p1\">678309402<\/p>\n<p>[\/et_pb_toggle][et_pb_toggle title=\u00bbRedes sociales\u00bb _builder_version=\u00bb4.27.4&#8243; _module_preset=\u00bbdefault\u00bb global_colors_info=\u00bb{}\u00bb]<\/p>\n<p><a href=\"https:\/\/www.facebook.com\/JuntaMayorSemanaSantaSantJoan\">Facebook<\/a> e <a href=\"https:\/\/www.instagram.com\/semanasantasj\/\">Instagram<\/a><\/p>\n<p>[\/et_pb_toggle][et_pb_toggle title=\u00bbP\u00e1gina web\u00bb _builder_version=\u00bb4.27.4&#8243; _module_preset=\u00bbdefault\u00bb global_colors_info=\u00bb{}\u00bb][\/et_pb_toggle][\/et_pb_column][\/et_pb_row][et_pb_row column_structure=\u00bb1_3,2_3&#8243; _builder_version=\u00bb4.27.4&#8243; _module_preset=\u00bbdefault\u00bb global_colors_info=\u00bb{}\u00bb][et_pb_column type=\u00bb1_3&#8243; _builder_version=\u00bb4.27.4&#8243; _module_preset=\u00bbdefault\u00bb global_colors_info=\u00bb{}\u00bb][et_pb_text _builder_version=\u00bb4.27.4&#8243; _module_preset=\u00bbdefault\u00bb global_colors_info=\u00bb{}\u00bb]<\/p>\n<h2>Cofrad\u00edas y Hermandades<\/h2>\n<ul>\n<li>Hermandad Sant\u00edsima Virgen de los Dolores y Jes\u00fas Atado a la Columna<\/li>\n<li>Cofrad\u00eda Nuestro Padre Jes\u00fas Nazareno<\/li>\n<li>Cofrad\u00eda Santa Mujer Ver\u00f3nica<\/li>\n<li>Hermandad Nuestra Se\u00f1ora de los Dolores<\/li>\n<li>Cofrad\u00eda Sant\u00edsimo Cristo de la Paz<\/li>\n<li>\n<p class=\"p1\">Cofrad\u00eda Nuestra Se\u00f1ora de la Caridad<\/p>\n<\/li>\n<li>\n<p class=\"p1\">Cofrad\u00eda Santo Sepulcro<\/p>\n<\/li>\n<li>\n<p class=\"p1\">Cofrad\u00eda Sant\u00edsima Soledad de Mar\u00eda<\/p>\n<\/li>\n<\/ul>\n<p>[\/et_pb_text][\/et_pb_column][et_pb_column type=\u00bb2_3&#8243; _builder_version=\u00bb4.27.4&#8243; _module_preset=\u00bbdefault\u00bb global_colors_info=\u00bb{}\u00bb][et_pb_image src=\u00bbhttps:\/\/juntadiocesanaoa.com\/wp-content\/uploads\/JM-SANT-JOAN_2103.jpg\u00bb title_text=\u00bbJM SANT JOAN_2103&#8243; _builder_version=\u00bb4.27.6&#8243; _module_preset=\u00bbdefault\u00bb width=\u00bb91%\u00bb module_alignment=\u00bbleft\u00bb hover_enabled=\u00bb0&#8243; global_colors_info=\u00bb{}\u00bb sticky_enabled=\u00bb0&#8243; show_bottom_space=\u00bboff\u00bb custom_padding=\u00bb||2px||false|false\u00bb][\/et_pb_image][et_pb_text _builder_version=\u00bb4.27.6&#8243; _module_preset=\u00bbdefault\u00bb custom_margin=\u00bb0px||0px||false|false\u00bb hover_enabled=\u00bb0&#8243; global_colors_info=\u00bb{}\u00bb theme_builder_area=\u00bbpost_content\u00bb sticky_enabled=\u00bb0&#8243;]<\/p>\n<h4 class=\"p1\">Canto de los Dolores<\/h4>\n<p>[\/et_pb_text][\/et_pb_column][\/et_pb_row][et_pb_row column_structure=\u00bb1_4,3_4&#8243; _builder_version=\u00bb4.27.4&#8243; _module_preset=\u00bbdefault\u00bb global_colors_info=\u00bb{}\u00bb][et_pb_column type=\u00bb1_4&#8243; _builder_version=\u00bb4.27.4&#8243; _module_preset=\u00bbdefault\u00bb global_colors_info=\u00bb{}\u00bb][et_pb_heading title=\u00bbDatos de inter\u00e9s\u00bb _builder_version=\u00bb4.27.4&#8243; _module_preset=\u00bbdefault\u00bb global_colors_info=\u00bb{}\u00bb][\/et_pb_heading][\/et_pb_column][et_pb_column type=\u00bb3_4&#8243; _builder_version=\u00bb4.27.4&#8243; _module_preset=\u00bbdefault\u00bb global_colors_info=\u00bb{}\u00bb][et_pb_text _builder_version=\u00bb4.27.4&#8243; _module_preset=\u00bbdefault\u00bb custom_padding=\u00bb1px|||||\u00bb global_colors_info=\u00bb{}\u00bb]<\/p>\n<p>Contamos con la Casa de la Semana Santa &#8216;Carmelo D\u00e1vila&#8217;, donde se encuentra la pinacoteca de la Junta Mayor, formada por los lienzos y obras realizados por los artistas para el cartel de Semana Santa.<\/p>\n<p>Entre nuestro patrimonio art\u00edstico destaca &#8216;El Canto de los Dolores&#8217;, que data de 1877, compuesto por el maestro Go\u00f1i (partitura original), rescatado por la Junta Mayor en 1997.<\/p>\n<p>[\/et_pb_text][\/et_pb_column][\/et_pb_row][et_pb_row column_structure=\u00bb1_4,3_4&#8243; _builder_version=\u00bb4.27.4&#8243; _module_preset=\u00bbdefault\u00bb global_colors_info=\u00bb{}\u00bb][et_pb_column type=\u00bb1_4&#8243; _builder_version=\u00bb4.27.4&#8243; _module_preset=\u00bbdefault\u00bb global_colors_info=\u00bb{}\u00bb][et_pb_heading title=\u00bbBreve historia de la Semana Santa de Sant Joan d&#8217;Alacant\u00bb _builder_version=\u00bb4.27.4&#8243; _module_preset=\u00bbdefault\u00bb global_colors_info=\u00bb{}\u00bb][\/et_pb_heading][\/et_pb_column][et_pb_column type=\u00bb3_4&#8243; _builder_version=\u00bb4.27.4&#8243; _module_preset=\u00bbdefault\u00bb global_colors_info=\u00bb{}\u00bb][et_pb_text _builder_version=\u00bb4.27.4&#8243; _module_preset=\u00bbdefault\u00bb global_colors_info=\u00bb{}\u00bb]<\/p>\n<p>La Semana Santa en Sant Joan d\u2019Alacant, una de las celebraciones locales m\u00e1s antigua, data del siglo XVII.\u00a0\u00a0La Junta Mayor de Cofrad\u00edas y Hermandades se cre\u00f3 en 1981, asentando as\u00ed las bases de lo que es hoy la Semana Santa. En la actualidad cuenta con numerosos actos y celebraciones, tanto de car\u00e1cter cultural como religioso.<\/p>\n<p>En la parte cultural destaca la Presentaci\u00f3n del Libro y Cartel anunciadores (35 edici\u00f3n, cuya recaudaci\u00f3n se destina a acci\u00f3n social), la Exposici\u00f3n de Fotograf\u00edas de la Semana Santa y de su patrimonio art\u00edstico (que supera las 34 ediciones), el Preg\u00f3n de Semana Santa, Preg\u00f3n y Cartel infantiles, visita guiada a colegios (creaci\u00f3n del \u00e1lbum de cromos que se entrega a los ni\u00f1os), conciertos de m\u00fasica Sacra, organizaci\u00f3n del Bel\u00e9n Parroquial y altar en la Procesi\u00f3n del Corpus Christi.<\/p>\n<p>En la parte lit\u00fargica, los actos principales comienzan con el Septenario a la Virgen de los Dolores, finalizando el Viernes de Dolores donde se celebra &#8216;El Canto de Los Dolores&#8217; (canto y rezo).<\/p>\n<p>El d\u00eda siguiente, S\u00e1bado de Pasi\u00f3n se celebra el V\u00eda Crucis y el <strong>Domingo de Ramos<\/strong>, se celebra la procesi\u00f3n con la imagen de Jes\u00fas Triunfante.<\/p>\n<p>\u00a0El\u00a0<strong>Martes Santo<\/strong>\u00a0tiene lugar la Procesi\u00f3n del Silencio con las im\u00e1genes de Jes\u00fas Atado a la Columna y la Virgen de Los Dolores.<\/p>\n<p>\u00a0El Mi\u00e9rcoles Santo se celebra la procesi\u00f3n infantil con las im\u00e1genes del Cristo de las Tres Estrellas y la Virgen del Silencio (Colegio Nuestra Se\u00f1ora del Carmen).<\/p>\n<p>\u00a0El\u00a0<strong>Viernes Santo<\/strong> por la tarde se celebran los Oficios en la iglesia, y despu\u00e9s tiene lugar la Procesi\u00f3n del Santo Entierro, que da comienzo con el Encuentro entre las im\u00e1genes del Nazareno y la Ver\u00f3nica. Para seguir con las im\u00e1genes de la Dolorosa, el Sant\u00edsimo Cristo de la Paz, la Caridad, el Santo Sepulcro, una Cruz Gu\u00eda y la Soledad.<\/p>\n<p>El <strong>S\u00e1bado Santo<\/strong>\u00a0por la noche tiene lugar la Vigilia Pascual\u00a0y finalmente el\u00a0<strong>Domingo de Resurrecci\u00f3n<\/strong>\u00a0se celebra la Procesi\u00f3n del Encuentro con la Virgen de los Dolores y el Sant\u00edsimo Sacramento bajo palio.\u00a0<\/p>\n<p>[\/et_pb_text][\/et_pb_column][\/et_pb_row][et_pb_row _builder_version=\u00bb4.27.6&#8243; _module_preset=\u00bbdefault\u00bb][et_pb_column _builder_version=\u00bb4.27.6&#8243; _module_preset=\u00bbdefault\u00bb type=\u00bb4_4&#8243;][dica_divi_carousel loop=\u00bbon\u00bb autoplay=\u00bbon\u00bb hoverpause=\u00bbon\u00bb arrow_nav=\u00bbon\u00bb dot_nav=\u00bbon\u00bb advanced_effect=\u00bb1&#8243; _builder_version=\u00bb4.27.6&#8243; _module_preset=\u00bbdefault\u00bb hover_enabled=\u00bb0&#8243; global_colors_info=\u00bb{}\u00bb theme_builder_area=\u00bbpost_content\u00bb sticky_enabled=\u00bb0&#8243;][dica_divi_carouselitem title=\u00bbProcesi\u00f3n Infantil \u00bb button_url_new_window=\u00bb1&#8243; image=\u00bbhttps:\/\/juntadiocesanaoa.com\/wp-content\/uploads\/JM-SANT-JOAN_4186.jpg\u00bb image_lightbox=\u00bbon\u00bb _builder_version=\u00bb4.27.6&#8243; _module_preset=\u00bbdefault\u00bb hover_enabled=\u00bb0&#8243; global_colors_info=\u00bb{}\u00bb theme_builder_area=\u00bbpost_content\u00bb title_text=\u00bbJM SANT JOAN_4186&#8243; sticky_enabled=\u00bb0&#8243;][\/dica_divi_carouselitem][dica_divi_carouselitem title=\u00bbProcesi\u00f3n del Silencio\u00bb button_url_new_window=\u00bb1&#8243; image=\u00bbhttps:\/\/juntadiocesanaoa.com\/wp-content\/uploads\/JM-SANT-JOAN_3834.jpg\u00bb image_lightbox=\u00bbon\u00bb _builder_version=\u00bb4.27.6&#8243; _module_preset=\u00bbdefault\u00bb hover_enabled=\u00bb0&#8243; global_colors_info=\u00bb{}\u00bb theme_builder_area=\u00bbpost_content\u00bb title_text=\u00bbJM SANT JOAN_3834&#8243; sticky_enabled=\u00bb0&#8243;][\/dica_divi_carouselitem][dica_divi_carouselitem title=\u00bbNuestra Se\u00f1ora de los Dolores\u00bb button_url_new_window=\u00bb1&#8243; image=\u00bbhttps:\/\/juntadiocesanaoa.com\/wp-content\/uploads\/JM-SANT-JOAN_4924.jpg\u00bb image_lightbox=\u00bbon\u00bb _builder_version=\u00bb4.27.6&#8243; _module_preset=\u00bbdefault\u00bb hover_enabled=\u00bb0&#8243; global_colors_info=\u00bb{}\u00bb theme_builder_area=\u00bbpost_content\u00bb title_text=\u00bbJM SANT JOAN_4924&#8243; sticky_enabled=\u00bb0&#8243;][\/dica_divi_carouselitem][dica_divi_carouselitem title=\u00bbSant\u00edsimo Cristo de la Paz\u00bb button_url_new_window=\u00bb1&#8243; image=\u00bbhttps:\/\/juntadiocesanaoa.com\/wp-content\/uploads\/JM-SANT-JOAN_4997.jpg\u00bb image_lightbox=\u00bbon\u00bb _builder_version=\u00bb4.27.6&#8243; _module_preset=\u00bbdefault\u00bb hover_enabled=\u00bb0&#8243; global_colors_info=\u00bb{}\u00bb theme_builder_area=\u00bbpost_content\u00bb title_text=\u00bbJM SANT JOAN_4997&#8243; sticky_enabled=\u00bb0&#8243;][\/dica_divi_carouselitem][dica_divi_carouselitem title=\u00bbNuestra Se\u00f1ora de la Caridad\u00bb button_url_new_window=\u00bb1&#8243; image=\u00bbhttps:\/\/juntadiocesanaoa.com\/wp-content\/uploads\/JM-SANT-JOAN_5545.jpg\u00bb image_lightbox=\u00bbon\u00bb _builder_version=\u00bb4.27.6&#8243; _module_preset=\u00bbdefault\u00bb hover_enabled=\u00bb0&#8243; global_colors_info=\u00bb{}\u00bb theme_builder_area=\u00bbpost_content\u00bb title_text=\u00bbJM SANT JOAN_5545&#8243; sticky_enabled=\u00bb0&#8243;][\/dica_divi_carouselitem][dica_divi_carouselitem title=\u00bbSanto Sepulcro\u00bb button_url_new_window=\u00bb1&#8243; image=\u00bbhttps:\/\/juntadiocesanaoa.com\/wp-content\/uploads\/JM-SANT-JOAN_5067.jpg\u00bb image_lightbox=\u00bbon\u00bb _builder_version=\u00bb4.27.6&#8243; _module_preset=\u00bbdefault\u00bb hover_enabled=\u00bb0&#8243; global_colors_info=\u00bb{}\u00bb theme_builder_area=\u00bbpost_content\u00bb title_text=\u00bbJM SANT JOAN_5067&#8243; sticky_enabled=\u00bb0&#8243;][\/dica_divi_carouselitem][dica_divi_carouselitem title=\u00bbSant\u00edsima Soledad de Mar\u00eda\u00bb button_url_new_window=\u00bb1&#8243; image=\u00bbhttps:\/\/juntadiocesanaoa.com\/wp-content\/uploads\/JM-SANT-JOAN_5092.jpg\u00bb image_lightbox=\u00bbon\u00bb _builder_version=\u00bb4.27.6&#8243; _module_preset=\u00bbdefault\u00bb hover_enabled=\u00bb0&#8243; global_colors_info=\u00bb{}\u00bb theme_builder_area=\u00bbpost_content\u00bb title_text=\u00bbJM SANT JOAN_5092&#8243; sticky_enabled=\u00bb0&#8243;][\/dica_divi_carouselitem][dica_divi_carouselitem title=\u00bbProcesi\u00f3n del Encuentro \u00bb button_url_new_window=\u00bb1&#8243; image=\u00bbhttps:\/\/juntadiocesanaoa.com\/wp-content\/uploads\/JM-SANT-JOAN_6313.jpg\u00bb image_lightbox=\u00bbon\u00bb _builder_version=\u00bb4.27.6&#8243; _module_preset=\u00bbdefault\u00bb hover_enabled=\u00bb0&#8243; global_colors_info=\u00bb{}\u00bb theme_builder_area=\u00bbpost_content\u00bb title_text=\u00bbJM SANT JOAN_6313&#8243; sticky_enabled=\u00bb0&#8243;][\/dica_divi_carouselitem][\/dica_divi_carousel][\/et_pb_column][\/et_pb_row][\/et_pb_section]<\/p>\n","protected":false},"excerpt":{"rendered":"<p>1981550&#8217;El Canto de los Dolores&#8217; est\u00e1 a la espera de ser declarado Bien Inter\u00e9s Cultural Inmaterial de la Comunitat ValencianaParroquia de San Juan Bautista C\/ Doctor Sanmiguel de Tarazona, 2, Sant Joan d\u2019AlacantProcesi\u00f3n de Palmas y RamosEncuentro entre Nuestro Padre Jes\u00fas Nazareno y la Santa Mujer Ver\u00f3nicaDirectiva Junta Mayor Presidenta: Rosa Mar\u00eda Navarro Torregrosa Vicepresidenta: [&hellip;]<\/p>\n","protected":false},"author":2,"featured_media":0,"parent":0,"menu_order":0,"comment_status":"closed","ping_status":"closed","template":"","meta":{"_et_pb_use_builder":"on","_et_pb_old_content":"<!-- wp:divi\/placeholder \/-->","_et_gb_content_width":"","footnotes":""},"class_list":["post-510","page","type-page","status-publish","hentry"],"yoast_head":"<!-- This site is optimized with the Yoast SEO plugin v27.2 - https:\/\/yoast.com\/product\/yoast-seo-wordpress\/ -->\n<title>Sant Joan d&#039;Alacant - Junta Diocesana Orihuela-Alicante<\/title>\n<meta name=\"robots\" content=\"index, follow, max-snippet:-1, max-image-preview:large, max-video-preview:-1\" \/>\n<link rel=\"canonical\" href=\"https:\/\/juntadiocesanaoa.com\/?page_id=510\" \/>\n<meta property=\"og:locale\" content=\"es_ES\" \/>\n<meta property=\"og:type\" content=\"article\" \/>\n<meta property=\"og:title\" content=\"Sant Joan d&#039;Alacant - Junta Diocesana Orihuela-Alicante\" \/>\n<meta property=\"og:description\" content=\"1981550&#039;El Canto de los Dolores&#039; est\u00e1 a la espera de ser declarado Bien Inter\u00e9s Cultural Inmaterial de la Comunitat ValencianaParroquia de San Juan Bautista C\/ Doctor Sanmiguel de Tarazona, 2, Sant Joan d\u2019AlacantProcesi\u00f3n de Palmas y RamosEncuentro entre Nuestro Padre Jes\u00fas Nazareno y la Santa Mujer Ver\u00f3nicaDirectiva Junta Mayor Presidenta: Rosa Mar\u00eda Navarro Torregrosa Vicepresidenta: [&hellip;]\" \/>\n<meta property=\"og:url\" content=\"https:\/\/juntadiocesanaoa.com\/?page_id=510\" \/>\n<meta property=\"og:site_name\" content=\"Junta Diocesana Orihuela-Alicante\" \/>\n<meta property=\"article:modified_time\" content=\"2026-03-20T16:12:42+00:00\" \/>\n<meta name=\"twitter:card\" content=\"summary_large_image\" \/>\n<script type=\"application\/ld+json\" class=\"yoast-schema-graph\">{\"@context\":\"https:\/\/schema.org\",\"@graph\":[{\"@type\":\"WebPage\",\"@id\":\"https:\/\/juntadiocesanaoa.com\/?page_id=510\",\"url\":\"https:\/\/juntadiocesanaoa.com\/?page_id=510\",\"name\":\"Sant Joan d'Alacant - Junta Diocesana Orihuela-Alicante\",\"isPartOf\":{\"@id\":\"https:\/\/juntadiocesanaoa.com\/#website\"},\"datePublished\":\"2025-11-05T12:27:20+00:00\",\"dateModified\":\"2026-03-20T16:12:42+00:00\",\"breadcrumb\":{\"@id\":\"https:\/\/juntadiocesanaoa.com\/?page_id=510#breadcrumb\"},\"inLanguage\":\"es\",\"potentialAction\":[{\"@type\":\"ReadAction\",\"target\":[\"https:\/\/juntadiocesanaoa.com\/?page_id=510\"]}]},{\"@type\":\"BreadcrumbList\",\"@id\":\"https:\/\/juntadiocesanaoa.com\/?page_id=510#breadcrumb\",\"itemListElement\":[{\"@type\":\"ListItem\",\"position\":1,\"name\":\"Portada\",\"item\":\"https:\/\/juntadiocesanaoa.com\/\"},{\"@type\":\"ListItem\",\"position\":2,\"name\":\"Sant Joan d&#8217;Alacant\"}]},{\"@type\":\"WebSite\",\"@id\":\"https:\/\/juntadiocesanaoa.com\/#website\",\"url\":\"https:\/\/juntadiocesanaoa.com\/\",\"name\":\"Junta Diocesana Orihuela-Alicante\",\"description\":\"\",\"potentialAction\":[{\"@type\":\"SearchAction\",\"target\":{\"@type\":\"EntryPoint\",\"urlTemplate\":\"https:\/\/juntadiocesanaoa.com\/?s={search_term_string}\"},\"query-input\":{\"@type\":\"PropertyValueSpecification\",\"valueRequired\":true,\"valueName\":\"search_term_string\"}}],\"inLanguage\":\"es\"}]}<\/script>\n<!-- \/ Yoast SEO plugin. -->","yoast_head_json":{"title":"Sant Joan d'Alacant - Junta Diocesana Orihuela-Alicante","robots":{"index":"index","follow":"follow","max-snippet":"max-snippet:-1","max-image-preview":"max-image-preview:large","max-video-preview":"max-video-preview:-1"},"canonical":"https:\/\/juntadiocesanaoa.com\/?page_id=510","og_locale":"es_ES","og_type":"article","og_title":"Sant Joan d'Alacant - Junta Diocesana Orihuela-Alicante","og_description":"1981550'El Canto de los Dolores' est\u00e1 a la espera de ser declarado Bien Inter\u00e9s Cultural Inmaterial de la Comunitat ValencianaParroquia de San Juan Bautista C\/ Doctor Sanmiguel de Tarazona, 2, Sant Joan d\u2019AlacantProcesi\u00f3n de Palmas y RamosEncuentro entre Nuestro Padre Jes\u00fas Nazareno y la Santa Mujer Ver\u00f3nicaDirectiva Junta Mayor Presidenta: Rosa Mar\u00eda Navarro Torregrosa Vicepresidenta: [&hellip;]","og_url":"https:\/\/juntadiocesanaoa.com\/?page_id=510","og_site_name":"Junta Diocesana Orihuela-Alicante","article_modified_time":"2026-03-20T16:12:42+00:00","twitter_card":"summary_large_image","schema":{"@context":"https:\/\/schema.org","@graph":[{"@type":"WebPage","@id":"https:\/\/juntadiocesanaoa.com\/?page_id=510","url":"https:\/\/juntadiocesanaoa.com\/?page_id=510","name":"Sant Joan d'Alacant - Junta Diocesana Orihuela-Alicante","isPartOf":{"@id":"https:\/\/juntadiocesanaoa.com\/#website"},"datePublished":"2025-11-05T12:27:20+00:00","dateModified":"2026-03-20T16:12:42+00:00","breadcrumb":{"@id":"https:\/\/juntadiocesanaoa.com\/?page_id=510#breadcrumb"},"inLanguage":"es","potentialAction":[{"@type":"ReadAction","target":["https:\/\/juntadiocesanaoa.com\/?page_id=510"]}]},{"@type":"BreadcrumbList","@id":"https:\/\/juntadiocesanaoa.com\/?page_id=510#breadcrumb","itemListElement":[{"@type":"ListItem","position":1,"name":"Portada","item":"https:\/\/juntadiocesanaoa.com\/"},{"@type":"ListItem","position":2,"name":"Sant Joan d&#8217;Alacant"}]},{"@type":"WebSite","@id":"https:\/\/juntadiocesanaoa.com\/#website","url":"https:\/\/juntadiocesanaoa.com\/","name":"Junta Diocesana Orihuela-Alicante","description":"","potentialAction":[{"@type":"SearchAction","target":{"@type":"EntryPoint","urlTemplate":"https:\/\/juntadiocesanaoa.com\/?s={search_term_string}"},"query-input":{"@type":"PropertyValueSpecification","valueRequired":true,"valueName":"search_term_string"}}],"inLanguage":"es"}]}},"_links":{"self":[{"href":"https:\/\/juntadiocesanaoa.com\/index.php?rest_route=\/wp\/v2\/pages\/510","targetHints":{"allow":["GET"]}}],"collection":[{"href":"https:\/\/juntadiocesanaoa.com\/index.php?rest_route=\/wp\/v2\/pages"}],"about":[{"href":"https:\/\/juntadiocesanaoa.com\/index.php?rest_route=\/wp\/v2\/types\/page"}],"author":[{"embeddable":true,"href":"https:\/\/juntadiocesanaoa.com\/index.php?rest_route=\/wp\/v2\/users\/2"}],"replies":[{"embeddable":true,"href":"https:\/\/juntadiocesanaoa.com\/index.php?rest_route=%2Fwp%2Fv2%2Fcomments&post=510"}],"version-history":[{"count":10,"href":"https:\/\/juntadiocesanaoa.com\/index.php?rest_route=\/wp\/v2\/pages\/510\/revisions"}],"predecessor-version":[{"id":1362,"href":"https:\/\/juntadiocesanaoa.com\/index.php?rest_route=\/wp\/v2\/pages\/510\/revisions\/1362"}],"wp:attachment":[{"href":"https:\/\/juntadiocesanaoa.com\/index.php?rest_route=%2Fwp%2Fv2%2Fmedia&parent=510"}],"curies":[{"name":"wp","href":"https:\/\/api.w.org\/{rel}","templated":true}]}}