{"id":506,"date":"2025-11-05T12:26:55","date_gmt":"2025-11-05T12:26:55","guid":{"rendered":"https:\/\/juntadiocesanaoa.com\/?page_id=506"},"modified":"2026-04-02T08:47:10","modified_gmt":"2026-04-02T08:47:10","slug":"rojales","status":"publish","type":"page","link":"https:\/\/juntadiocesanaoa.com\/?page_id=506","title":{"rendered":"Rojales"},"content":{"rendered":"<p>[et_pb_section fb_built=\u00bb1&#8243; _builder_version=\u00bb4.27.4&#8243; _module_preset=\u00bbdefault\u00bb global_colors_info=\u00bb{}\u00bb][et_pb_row column_structure=\u00bb1_2,1_2&#8243; _builder_version=\u00bb4.27.4&#8243; _module_preset=\u00bbdefault\u00bb global_colors_info=\u00bb{}\u00bb][et_pb_column type=\u00bb1_2&#8243; _builder_version=\u00bb4.27.4&#8243; _module_preset=\u00bbdefault\u00bb global_colors_info=\u00bb{}\u00bb][et_pb_heading title=\u00bbRojales\u00bb _builder_version=\u00bb4.27.4&#8243; _module_preset=\u00bbdefault\u00bb global_colors_info=\u00bb{}\u00bb][\/et_pb_heading][et_pb_image src=\u00bbhttps:\/\/juntadiocesanaoa.com\/wp-content\/uploads\/escudo-junta-mayor-rojales.png\u00bb title_text=\u00bbescudo junta mayor rojales\u00bb align=\u00bbcenter\u00bb _builder_version=\u00bb4.27.4&#8243; _module_preset=\u00bbdefault\u00bb module_alignment=\u00bbleft\u00bb max_height=\u00bb166px\u00bb global_colors_info=\u00bb{}\u00bb][\/et_pb_image][et_pb_heading title=\u00bbJunta Mayor de Cofrad\u00edas y Hermandades de la Semana Santa de Rojales\u00bb _builder_version=\u00bb4.27.4&#8243; _module_preset=\u00bbdefault\u00bb global_colors_info=\u00bb{}\u00bb][\/et_pb_heading][et_pb_tabs _builder_version=\u00bb4.27.4&#8243; _module_preset=\u00bbdefault\u00bb global_colors_info=\u00bb{}\u00bb][et_pb_tab title=\u00bbA\u00f1o de fundaci\u00f3n\u00bb _builder_version=\u00bb4.27.4&#8243; _module_preset=\u00bbdefault\u00bb global_colors_info=\u00bb{}\u00bb]<\/p>\n<p>1996<\/p>\n<p>[\/et_pb_tab][et_pb_tab title=\u00bbHermanos cofrades\u00bb _builder_version=\u00bb4.27.4&#8243; _module_preset=\u00bbdefault\u00bb global_colors_info=\u00bb{}\u00bb]<\/p>\n<p>600<\/p>\n<p>[\/et_pb_tab][et_pb_tab title=\u00bbDistinciones honor\u00edficas\u00bb _builder_version=\u00bb4.27.4&#8243; _module_preset=\u00bbdefault\u00bb global_colors_info=\u00bb{}\u00bb]<\/p>\n<p class=\"p1\">La representaci\u00f3n de la Pasi\u00f3n llevada a cabo por la Cofrad\u00eda del Cristo de la Buena Muerte y la Crucifixi\u00f3n en el Monte Calvario est\u00e1 declarada de Inter\u00e9s Tur\u00edstico Provincial.<\/p>\n<p>[\/et_pb_tab][et_pb_tab title=\u00bbSede can\u00f3nica\u00bb _builder_version=\u00bb4.27.4&#8243; _module_preset=\u00bbdefault\u00bb global_colors_info=\u00bb{}\u00bb]<\/p>\n<p class=\"p1\">Parroquia San Pedro Ap\u00f3stol de Rojales<\/p>\n<p>[\/et_pb_tab][\/et_pb_tabs][\/et_pb_column][et_pb_column type=\u00bb1_2&#8243; _builder_version=\u00bb4.27.4&#8243; _module_preset=\u00bbdefault\u00bb global_colors_info=\u00bb{}\u00bb][et_pb_image src=\u00bbhttps:\/\/juntadiocesanaoa.com\/wp-content\/uploads\/JM-ROJALES_9363.jpg\u00bb title_text=\u00bbJM ROJALES_9363&#8243; show_bottom_space=\u00bboff\u00bb _builder_version=\u00bb4.27.6&#8243; _module_preset=\u00bbdefault\u00bb custom_padding=\u00bb||2px||false|false\u00bb global_colors_info=\u00bb{}\u00bb][\/et_pb_image][et_pb_text _builder_version=\u00bb4.27.6&#8243; _module_preset=\u00bbdefault\u00bb custom_margin=\u00bb0px||0px||false|false\u00bb global_colors_info=\u00bb{}\u00bb]<\/p>\n<h4 class=\"p1\">Flagelaci\u00f3n del Se\u00f1or<\/h4>\n<p>[\/et_pb_text][\/et_pb_column][\/et_pb_row][et_pb_row column_structure=\u00bb1_2,1_2&#8243; _builder_version=\u00bb4.27.4&#8243; _module_preset=\u00bbdefault\u00bb global_colors_info=\u00bb{}\u00bb][et_pb_column type=\u00bb1_2&#8243; _builder_version=\u00bb4.27.4&#8243; _module_preset=\u00bbdefault\u00bb global_colors_info=\u00bb{}\u00bb][et_pb_image src=\u00bbhttps:\/\/juntadiocesanaoa.com\/wp-content\/uploads\/JM-ROJALES_8710.jpg\u00bb title_text=\u00bbJM ROJALES_8710&#8243; _builder_version=\u00bb4.27.6&#8243; _module_preset=\u00bbdefault\u00bb width=\u00bb100%\u00bb max_width=\u00bb81%\u00bb hover_enabled=\u00bb0&#8243; global_colors_info=\u00bb{}\u00bb show_bottom_space=\u00bboff\u00bb custom_padding=\u00bb||2px||false|false\u00bb sticky_enabled=\u00bb0&#8243;][\/et_pb_image][et_pb_text _builder_version=\u00bb4.27.6&#8243; _module_preset=\u00bbdefault\u00bb custom_margin=\u00bb0px||0px||false|false\u00bb hover_enabled=\u00bb0&#8243; global_colors_info=\u00bb{}\u00bb theme_builder_area=\u00bbpost_content\u00bb sticky_enabled=\u00bb0&#8243;]<\/p>\n<h4 class=\"p1\">Jes\u00fas Triunfante<\/h4>\n<p>[\/et_pb_text][\/et_pb_column][et_pb_column type=\u00bb1_2&#8243; _builder_version=\u00bb4.27.4&#8243; _module_preset=\u00bbdefault\u00bb global_colors_info=\u00bb{}\u00bb][et_pb_text _builder_version=\u00bb4.27.4&#8243; _module_preset=\u00bbdefault\u00bb global_colors_info=\u00bb{}\u00bb]<\/p>\n<h2>Directiva Junta Mayor<\/h2>\n<p class=\"p1\">Presidenta: Carmen Rosario Rodr\u00edguez Roca<\/p>\n<p class=\"p1\">Vicepresidente: Antonio Jos\u00e9 Sampere \u00d1\u00edguez<\/p>\n<p class=\"p1\">Tesorero: Jes\u00fas Butr\u00f3n Valero<\/p>\n<p class=\"p1\">Secretaria: Eva Mar\u00eda Ros Ruiz<\/p>\n<p class=\"p1\">Vocales: Amparo Rabasco Marcos, Leonor Penalva Murica y Mar\u00eda Vicenta Cano Albero<\/p>\n<p>Consiliario: Rvdo.\u00a0D. Jos\u00e9 Mar\u00eda Galant Valero<\/p>\n<p>[\/et_pb_text][et_pb_toggle title=\u00bbDirecci\u00f3n postal\u00bb _builder_version=\u00bb4.27.4&#8243; _module_preset=\u00bbdefault\u00bb custom_margin=\u00bb0px||||false|false\u00bb global_colors_info=\u00bb{}\u00bb]<\/p>\n<p>Paseo de la Iglesia, s\/n 03170 Rojales<\/p>\n<p>[\/et_pb_toggle][et_pb_toggle title=\u00bbCorreo electr\u00f3nico\u00bb _builder_version=\u00bb4.27.4&#8243; _module_preset=\u00bbdefault\u00bb custom_margin=\u00bb0px||||false|false\u00bb global_colors_info=\u00bb{}\u00bb]<\/p>\n<p><a href=\"mailto:juntamayorssrojales@gmail.com\">juntamayorssrojales@gmail.com<\/a>\u00a0<\/p>\n<p>[\/et_pb_toggle][et_pb_toggle title=\u00bbTel\u00e9fono\u00bb _builder_version=\u00bb4.27.4&#8243; _module_preset=\u00bbdefault\u00bb global_colors_info=\u00bb{}\u00bb][\/et_pb_toggle][et_pb_toggle title=\u00bbRedes sociales\u00bb _builder_version=\u00bb4.27.6&#8243; _module_preset=\u00bbdefault\u00bb hover_enabled=\u00bb0&#8243; global_colors_info=\u00bb{}\u00bb sticky_enabled=\u00bb0&#8243;]<\/p>\n<p><a href=\"https:\/\/www.facebook.com\/profile.php?id=61572967310795&amp;rdid=NkLcd8WmJBork5GT&amp;share_url=https%3A%2F%2Fwww.facebook.com%2Fshare%2F1AadhLxqBb%2F#\">Facebook<\/a><\/p>\n<p>[\/et_pb_toggle][et_pb_toggle title=\u00bbP\u00e1gina web\u00bb _builder_version=\u00bb4.27.4&#8243; _module_preset=\u00bbdefault\u00bb global_colors_info=\u00bb{}\u00bb][\/et_pb_toggle][\/et_pb_column][\/et_pb_row][et_pb_row column_structure=\u00bb1_3,2_3&#8243; _builder_version=\u00bb4.27.4&#8243; _module_preset=\u00bbdefault\u00bb global_colors_info=\u00bb{}\u00bb][et_pb_column type=\u00bb1_3&#8243; _builder_version=\u00bb4.27.4&#8243; _module_preset=\u00bbdefault\u00bb global_colors_info=\u00bb{}\u00bb][et_pb_text _builder_version=\u00bb4.27.4&#8243; _module_preset=\u00bbdefault\u00bb global_colors_info=\u00bb{}\u00bb]<\/p>\n<h2>Cofrad\u00edas y Hermandades<\/h2>\n<ul>\n<li>Cofrad\u00eda de la Cruz de los Labradores y la Oraci\u00f3n en el Huerto<\/li>\n<li>Cofrad\u00eda de la Samaritana<\/li>\n<li>Cofrad\u00eda de la Flagelaci\u00f3n del Se\u00f1or y Hermandad Penitencial del Ecce-Homo<\/li>\n<li>Cofrad\u00eda Nuestro Padre Jes\u00fas Nazareno<\/li>\n<li>Cofrad\u00eda Enjugatorio de Jes\u00fas<\/li>\n<li>Cofrad\u00eda Sant\u00edsimo Cristo de la Buena Muerte y Santa Crucifixi\u00f3n en el Monte Calvario<\/li>\n<li>Cofrad\u00eda Nuestra Se\u00f1ora de los Dolores y San Juan de la Palma<\/li>\n<li>Cofrad\u00eda Santo Sepulcro<\/li>\n<li>Cofrad\u00eda Virgen de la Soledad<\/li>\n<li>Cofrad\u00eda de la Pur\u00edsima Concepci\u00f3n<\/li>\n<\/ul>\n<p>[\/et_pb_text][\/et_pb_column][et_pb_column type=\u00bb2_3&#8243; _builder_version=\u00bb4.27.4&#8243; _module_preset=\u00bbdefault\u00bb global_colors_info=\u00bb{}\u00bb][et_pb_image src=\u00bbhttps:\/\/juntadiocesanaoa.com\/wp-content\/uploads\/JM-ROJALES_9368.jpg\u00bb title_text=\u00bbJM ROJALES_9368&#8243; show_bottom_space=\u00bboff\u00bb _builder_version=\u00bb4.27.6&#8243; _module_preset=\u00bbdefault\u00bb width=\u00bb70%\u00bb module_alignment=\u00bbcenter\u00bb custom_padding=\u00bb||2px||false|false\u00bb global_colors_info=\u00bb{}\u00bb][\/et_pb_image][et_pb_text _builder_version=\u00bb4.27.6&#8243; _module_preset=\u00bbdefault\u00bb text_orientation=\u00bbcenter\u00bb custom_margin=\u00bb0px||0px||false|false\u00bb global_colors_info=\u00bb{}\u00bb]<\/p>\n<h4 class=\"p1\">Nuestra Se\u00f1ora de los Dolores y San Juan de la Palma<\/h4>\n<p>[\/et_pb_text][\/et_pb_column][\/et_pb_row][et_pb_row column_structure=\u00bb1_4,3_4&#8243; _builder_version=\u00bb4.27.4&#8243; _module_preset=\u00bbdefault\u00bb global_colors_info=\u00bb{}\u00bb][et_pb_column type=\u00bb1_4&#8243; _builder_version=\u00bb4.27.4&#8243; _module_preset=\u00bbdefault\u00bb global_colors_info=\u00bb{}\u00bb][et_pb_heading title=\u00bbDatos de inter\u00e9s\u00bb _builder_version=\u00bb4.27.4&#8243; _module_preset=\u00bbdefault\u00bb global_colors_info=\u00bb{}\u00bb][\/et_pb_heading][\/et_pb_column][et_pb_column type=\u00bb3_4&#8243; _builder_version=\u00bb4.27.4&#8243; _module_preset=\u00bbdefault\u00bb global_colors_info=\u00bb{}\u00bb][et_pb_text _builder_version=\u00bb4.27.4&#8243; _module_preset=\u00bbdefault\u00bb custom_padding=\u00bb1px|||||\u00bb global_colors_info=\u00bb{}\u00bb][\/et_pb_text][\/et_pb_column][\/et_pb_row][et_pb_row column_structure=\u00bb1_4,3_4&#8243; _builder_version=\u00bb4.27.4&#8243; _module_preset=\u00bbdefault\u00bb global_colors_info=\u00bb{}\u00bb][et_pb_column type=\u00bb1_4&#8243; _builder_version=\u00bb4.27.4&#8243; _module_preset=\u00bbdefault\u00bb global_colors_info=\u00bb{}\u00bb][et_pb_heading title=\u00bbBreve historia de la Semana Santa de Rojales\u00bb _builder_version=\u00bb4.27.4&#8243; _module_preset=\u00bbdefault\u00bb global_colors_info=\u00bb{}\u00bb][\/et_pb_heading][\/et_pb_column][et_pb_column type=\u00bb3_4&#8243; _builder_version=\u00bb4.27.4&#8243; _module_preset=\u00bbdefault\u00bb global_colors_info=\u00bb{}\u00bb][et_pb_text _builder_version=\u00bb4.27.4&#8243; _module_preset=\u00bbdefault\u00bb global_colors_info=\u00bb{}\u00bb]<\/p>\n<p>Las procesiones de Semana Santa de Rojales se podr\u00edan fechar a principios del siglo XIX, tanto por declaraciones de nuestros mayores como por la investigaci\u00f3n en escritos publicados en textos de diferentes autores. Como por ejemplo, Montesinos, a finales siglo XVIII, en su visita a Rojales, en sus relatos de los pueblos de la Comarca de la Vega Baja del Segura, donde se describen imaginer\u00eda, cultos y actividades en las parroquias, adem\u00e1s de por algunos enseres que se conservan.<\/p>\n<p>Como en el resto de la comarca, esas procesiones originarias, est\u00e1n ligadas a la labor evangelizadora de las \u00f3rdenes religiosas.<\/p>\n<p>La parroquia de San Pedro Ap\u00f3stol se constituye como eje hist\u00f3rico del municipio y punto desde el que tradicionalmente se articulan las procesiones. Como en otras muchas parroquias, la de San Pedro Ap\u00f3stol de Rojales, se destruyeron documentos e imaginer\u00eda, en los incendios producidos en las noches del 17 y 19 de julio de 1936.<\/p>\n<p>La imaginer\u00eda destruida corresponde a: Cruz de los Labradores, Oraci\u00f3n en el Huerto, Flagelaci\u00f3n del Se\u00f1or, Nuestro Padre Jes\u00fas Nazareno (se conserva vestimenta), Sant\u00edsimo Cristo de la Buena Muerte, San Juan y la Dolorosa (se conserva manto de la Virgen), Santo Sepulcro (se conserva el \u00c1ngel de la Urna y sudario) y Virgen de la Soledad (se conserva manto y vestido).<\/p>\n<p>Despu\u00e9s de la Guerra Civil, a partir del\u00a0 1941 se empiezan\u00a0 a reorganizar las Cofrad\u00edas\u00a0 y Hermandades de la Semana Santa de Rojales; para\u00a0 tal fin se nombra una Comisi\u00f3n, que con mucho esfuerzo, comienza a reactivar el quehacer cofrade y se ponen en marcha las siguiente cofrad\u00edas:\u00a0 Cofrad\u00eda Cruz de los Labradores (1942), Oraci\u00f3n en el Huerto (1945), Flagelaci\u00f3n del Se\u00f1or (1943), Nuestro Padre Jes\u00fas (1941), Cristo de la Buena Muerte (1941), Virgen de los Dolores (1942), Sepulcro 1944, Virgen de la Soledad (1942), Enjuagatorio de Jes\u00fas (1950) y\u00a0 San Juan de la Palma (1950).<\/p>\n<p>Rojales asiste a su mayor esplendor procesional en los a\u00f1os cuarenta y cincuenta, y a un inmenso declive en los decenios de los sesenta y setenta, fundamentalmente debido a la crisis econ\u00f3mica donde la emigraci\u00f3n supuso un lastre importante para la poblaci\u00f3n; pero, aun as\u00ed, con mayor o menor participaci\u00f3n, todos los a\u00f1os se celebraban las procesiones.<\/p>\n<p>\u00a0Llegado el a\u00f1o 1976 se crea la Comisi\u00f3n General de la Semana Santa de Rojales, dando un impulso a la vida de las cofrad\u00edas y formalizando normativas para el funcionamiento de las\u00a0\u00a0 procesiones, estableci\u00e9ndose un libro de actas.<\/p>\n<p>\u00a0En 1996 se constituye la actual Junta Mayor de Cofrad\u00edas y Hermandades de la Semana Santa de Rojales, se redactan los primeros estatutos, registr\u00e1ndose en el Obispado de la Di\u00f3cesis de Orihuela-Alicante en el a\u00f1o 1999 y aprobados por la Di\u00f3cesis en el a\u00f1o 2000. Es precisamente en estos momentos cuando se produce un auge espectacular de la participaci\u00f3n cofrade, acompa\u00f1ado de la llegada de nuevas im\u00e1genes:\u00a0 de Jes\u00fas Triunfante (1998), San Pedro Arrepentido (1999), Ecce- Homo (1999) y La Samaritana (2001).<\/p>\n<p>Para concluir este breve relato, se hace necesario a\u00f1adir la representaci\u00f3n de la Pasi\u00f3n que se realiza en Jueves Santo en el Monte Calvario de Rojales, desde hace m\u00e1s de 30 a\u00f1os, a cargo de la Cofrad\u00eda del Cristo de la Buena Muerte y la Crucifixi\u00f3n.<\/p>\n<p>En actualidad, vivimos un momento de incertidumbre; no hay un crecimiento en cuanto a la participaci\u00f3n cofrade pero tampoco un gran declive.\u00a0 As\u00ed es que, con la confianza puesta en Dios, esperamos mantener nuestra devoci\u00f3n y nuestra tradici\u00f3n tal y como la hemos heredado.<\/p>\n<p>[\/et_pb_text][\/et_pb_column][\/et_pb_row][et_pb_row _builder_version=\u00bb4.27.6&#8243; _module_preset=\u00bbdefault\u00bb global_colors_info=\u00bb{}\u00bb][et_pb_column type=\u00bb4_4&#8243; _builder_version=\u00bb4.27.6&#8243; _module_preset=\u00bbdefault\u00bb global_colors_info=\u00bb{}\u00bb][dica_divi_carousel loop=\u00bbon\u00bb autoplay=\u00bbon\u00bb hoverpause=\u00bbon\u00bb arrow_nav=\u00bbon\u00bb dot_nav=\u00bbon\u00bb advanced_effect=\u00bb1&#8243; _builder_version=\u00bb4.27.6&#8243; _module_preset=\u00bbdefault\u00bb hover_enabled=\u00bb0&#8243; global_colors_info=\u00bb{}\u00bb sticky_enabled=\u00bb0&#8243;][dica_divi_carouselitem title=\u00bbLa Oraci\u00f3n en el Huerto\u00bb button_url_new_window=\u00bb1&#8243; image=\u00bbhttps:\/\/juntadiocesanaoa.com\/wp-content\/uploads\/JM-ROJALES_0966.jpg\u00bb image_lightbox=\u00bbon\u00bb _builder_version=\u00bb4.27.6&#8243; _module_preset=\u00bbdefault\u00bb global_colors_info=\u00bb{}\u00bb][\/dica_divi_carouselitem][dica_divi_carouselitem title=\u00bb La Samaritana\u00bb button_url_new_window=\u00bb1&#8243; image=\u00bbhttps:\/\/juntadiocesanaoa.com\/wp-content\/uploads\/JM-ROJALES_9425.jpg\u00bb image_lightbox=\u00bbon\u00bb _builder_version=\u00bb4.27.6&#8243; _module_preset=\u00bbdefault\u00bb global_colors_info=\u00bb{}\u00bb][\/dica_divi_carouselitem][dica_divi_carouselitem title=\u00bbVer\u00f3nica\u00bb button_url_new_window=\u00bb1&#8243; image=\u00bbhttps:\/\/juntadiocesanaoa.com\/wp-content\/uploads\/JM-ROJALES_9388.jpg\u00bb image_lightbox=\u00bbon\u00bb _builder_version=\u00bb4.27.6&#8243; _module_preset=\u00bbdefault\u00bb global_colors_info=\u00bb{}\u00bb][\/dica_divi_carouselitem][dica_divi_carouselitem title=\u00bb Cruz de los Labradores\u00bb button_url_new_window=\u00bb1&#8243; image=\u00bbhttps:\/\/juntadiocesanaoa.com\/wp-content\/uploads\/JM-ROJALES_9428.jpg\u00bb image_lightbox=\u00bbon\u00bb _builder_version=\u00bb4.27.6&#8243; _module_preset=\u00bbdefault\u00bb global_colors_info=\u00bb{}\u00bb][\/dica_divi_carouselitem][dica_divi_carouselitem title=\u00bb Tres Cruces en el Monte Calvario\u00bb button_url_new_window=\u00bb1&#8243; image=\u00bbhttps:\/\/juntadiocesanaoa.com\/wp-content\/uploads\/JM-ROJALES_9474.jpg\u00bb image_lightbox=\u00bbon\u00bb _builder_version=\u00bb4.27.6&#8243; _module_preset=\u00bbdefault\u00bb hover_enabled=\u00bb0&#8243; global_colors_info=\u00bb{}\u00bb sticky_enabled=\u00bb0&#8243;][\/dica_divi_carouselitem][dica_divi_carouselitem title=\u00bb Santo Sepulcro\u00bb button_url_new_window=\u00bb1&#8243; image=\u00bbhttps:\/\/juntadiocesanaoa.com\/wp-content\/uploads\/JM-ROJALES_1750.jpg\u00bb image_lightbox=\u00bbon\u00bb _builder_version=\u00bb4.27.6&#8243; _module_preset=\u00bbdefault\u00bb global_colors_info=\u00bb{}\u00bb][\/dica_divi_carouselitem][\/dica_divi_carousel][dica_divi_carousel loop=\u00bbon\u00bb autoplay=\u00bbon\u00bb hoverpause=\u00bbon\u00bb arrow_nav=\u00bbon\u00bb dot_nav=\u00bbon\u00bb advanced_effect=\u00bb1&#8243; _builder_version=\u00bb4.27.6&#8243; _module_preset=\u00bbdefault\u00bb hover_enabled=\u00bb0&#8243; global_colors_info=\u00bb{}\u00bb sticky_enabled=\u00bb0&#8243;][dica_divi_carouselitem title=\u00bbSan Pedro Arrepentido\u00bb button_url_new_window=\u00bb1&#8243; image=\u00bbhttps:\/\/juntadiocesanaoa.com\/wp-content\/uploads\/JM-ROJALES_1300.jpg\u00bb image_lightbox=\u00bbon\u00bb _builder_version=\u00bb4.27.6&#8243; _module_preset=\u00bbdefault\u00bb global_colors_info=\u00bb{}\u00bb][\/dica_divi_carouselitem][dica_divi_carouselitem title=\u00bb Ecce-Homo\u00bb button_url_new_window=\u00bb1&#8243; image=\u00bbhttps:\/\/juntadiocesanaoa.com\/wp-content\/uploads\/JM-ROJALES_9124.jpg\u00bb image_lightbox=\u00bbon\u00bb _builder_version=\u00bb4.27.6&#8243; _module_preset=\u00bbdefault\u00bb global_colors_info=\u00bb{}\u00bb][\/dica_divi_carouselitem][dica_divi_carouselitem title=\u00bbNuestro Padre Jes\u00fas Nazareno\u00bb button_url_new_window=\u00bb1&#8243; image=\u00bbhttps:\/\/juntadiocesanaoa.com\/wp-content\/uploads\/JM-ROJALES_9395.jpg\u00bb image_lightbox=\u00bbon\u00bb _builder_version=\u00bb4.27.6&#8243; _module_preset=\u00bbdefault\u00bb global_colors_info=\u00bb{}\u00bb][\/dica_divi_carouselitem][dica_divi_carouselitem title=\u00bb Cristo de la Buena Muerte\u00bb button_url_new_window=\u00bb1&#8243; image=\u00bbhttps:\/\/juntadiocesanaoa.com\/wp-content\/uploads\/JM-ROJALES_9360.jpg\u00bb image_lightbox=\u00bbon\u00bb _builder_version=\u00bb4.27.6&#8243; _module_preset=\u00bbdefault\u00bb hover_enabled=\u00bb0&#8243; global_colors_info=\u00bb{}\u00bb sticky_enabled=\u00bb0&#8243;][\/dica_divi_carouselitem][dica_divi_carouselitem title=\u00bbVirgen de la Soledad\u00bb button_url_new_window=\u00bb1&#8243; image=\u00bbhttps:\/\/juntadiocesanaoa.com\/wp-content\/uploads\/JM-ROJALES_1787.jpg\u00bb image_lightbox=\u00bbon\u00bb _builder_version=\u00bb4.27.6&#8243; _module_preset=\u00bbdefault\u00bb global_colors_info=\u00bb{}\u00bb][\/dica_divi_carouselitem][\/dica_divi_carousel][\/et_pb_column][\/et_pb_row][\/et_pb_section]<\/p>\n","protected":false},"excerpt":{"rendered":"<p>1996600La representaci\u00f3n de la Pasi\u00f3n llevada a cabo por la Cofrad\u00eda del Cristo de la Buena Muerte y la Crucifixi\u00f3n en el Monte Calvario est\u00e1 declarada de Inter\u00e9s Tur\u00edstico Provincial.Parroquia San Pedro Ap\u00f3stol de RojalesFlagelaci\u00f3n del Se\u00f1orJes\u00fas TriunfanteDirectiva Junta Mayor Presidenta: Carmen Rosario Rodr\u00edguez Roca Vicepresidente: Antonio Jos\u00e9 Sampere \u00d1\u00edguez Tesorero: Jes\u00fas Butr\u00f3n Valero Secretaria: [&hellip;]<\/p>\n","protected":false},"author":2,"featured_media":0,"parent":0,"menu_order":0,"comment_status":"closed","ping_status":"closed","template":"","meta":{"_et_pb_use_builder":"on","_et_pb_old_content":"<!-- wp:divi\/placeholder \/-->","_et_gb_content_width":"","footnotes":""},"class_list":["post-506","page","type-page","status-publish","hentry"],"yoast_head":"<!-- This site is optimized with the Yoast SEO plugin v27.2 - https:\/\/yoast.com\/product\/yoast-seo-wordpress\/ -->\n<title>Rojales - Junta Diocesana Orihuela-Alicante<\/title>\n<meta name=\"robots\" content=\"index, follow, max-snippet:-1, max-image-preview:large, max-video-preview:-1\" \/>\n<link rel=\"canonical\" href=\"https:\/\/juntadiocesanaoa.com\/?page_id=506\" \/>\n<meta property=\"og:locale\" content=\"es_ES\" \/>\n<meta property=\"og:type\" content=\"article\" \/>\n<meta property=\"og:title\" content=\"Rojales - Junta Diocesana Orihuela-Alicante\" \/>\n<meta property=\"og:description\" content=\"1996600La representaci\u00f3n de la Pasi\u00f3n llevada a cabo por la Cofrad\u00eda del Cristo de la Buena Muerte y la Crucifixi\u00f3n en el Monte Calvario est\u00e1 declarada de Inter\u00e9s Tur\u00edstico Provincial.Parroquia San Pedro Ap\u00f3stol de RojalesFlagelaci\u00f3n del Se\u00f1orJes\u00fas TriunfanteDirectiva Junta Mayor Presidenta: Carmen Rosario Rodr\u00edguez Roca Vicepresidente: Antonio Jos\u00e9 Sampere \u00d1\u00edguez Tesorero: Jes\u00fas Butr\u00f3n Valero Secretaria: [&hellip;]\" \/>\n<meta property=\"og:url\" content=\"https:\/\/juntadiocesanaoa.com\/?page_id=506\" \/>\n<meta property=\"og:site_name\" content=\"Junta Diocesana Orihuela-Alicante\" \/>\n<meta property=\"article:modified_time\" content=\"2026-04-02T08:47:10+00:00\" \/>\n<meta name=\"twitter:card\" content=\"summary_large_image\" \/>\n<script type=\"application\/ld+json\" class=\"yoast-schema-graph\">{\"@context\":\"https:\/\/schema.org\",\"@graph\":[{\"@type\":\"WebPage\",\"@id\":\"https:\/\/juntadiocesanaoa.com\/?page_id=506\",\"url\":\"https:\/\/juntadiocesanaoa.com\/?page_id=506\",\"name\":\"Rojales - Junta Diocesana Orihuela-Alicante\",\"isPartOf\":{\"@id\":\"https:\/\/juntadiocesanaoa.com\/#website\"},\"datePublished\":\"2025-11-05T12:26:55+00:00\",\"dateModified\":\"2026-04-02T08:47:10+00:00\",\"breadcrumb\":{\"@id\":\"https:\/\/juntadiocesanaoa.com\/?page_id=506#breadcrumb\"},\"inLanguage\":\"es\",\"potentialAction\":[{\"@type\":\"ReadAction\",\"target\":[\"https:\/\/juntadiocesanaoa.com\/?page_id=506\"]}]},{\"@type\":\"BreadcrumbList\",\"@id\":\"https:\/\/juntadiocesanaoa.com\/?page_id=506#breadcrumb\",\"itemListElement\":[{\"@type\":\"ListItem\",\"position\":1,\"name\":\"Portada\",\"item\":\"https:\/\/juntadiocesanaoa.com\/\"},{\"@type\":\"ListItem\",\"position\":2,\"name\":\"Rojales\"}]},{\"@type\":\"WebSite\",\"@id\":\"https:\/\/juntadiocesanaoa.com\/#website\",\"url\":\"https:\/\/juntadiocesanaoa.com\/\",\"name\":\"Junta Diocesana Orihuela-Alicante\",\"description\":\"\",\"potentialAction\":[{\"@type\":\"SearchAction\",\"target\":{\"@type\":\"EntryPoint\",\"urlTemplate\":\"https:\/\/juntadiocesanaoa.com\/?s={search_term_string}\"},\"query-input\":{\"@type\":\"PropertyValueSpecification\",\"valueRequired\":true,\"valueName\":\"search_term_string\"}}],\"inLanguage\":\"es\"}]}<\/script>\n<!-- \/ Yoast SEO plugin. -->","yoast_head_json":{"title":"Rojales - Junta Diocesana Orihuela-Alicante","robots":{"index":"index","follow":"follow","max-snippet":"max-snippet:-1","max-image-preview":"max-image-preview:large","max-video-preview":"max-video-preview:-1"},"canonical":"https:\/\/juntadiocesanaoa.com\/?page_id=506","og_locale":"es_ES","og_type":"article","og_title":"Rojales - Junta Diocesana Orihuela-Alicante","og_description":"1996600La representaci\u00f3n de la Pasi\u00f3n llevada a cabo por la Cofrad\u00eda del Cristo de la Buena Muerte y la Crucifixi\u00f3n en el Monte Calvario est\u00e1 declarada de Inter\u00e9s Tur\u00edstico Provincial.Parroquia San Pedro Ap\u00f3stol de RojalesFlagelaci\u00f3n del Se\u00f1orJes\u00fas TriunfanteDirectiva Junta Mayor Presidenta: Carmen Rosario Rodr\u00edguez Roca Vicepresidente: Antonio Jos\u00e9 Sampere \u00d1\u00edguez Tesorero: Jes\u00fas Butr\u00f3n Valero Secretaria: [&hellip;]","og_url":"https:\/\/juntadiocesanaoa.com\/?page_id=506","og_site_name":"Junta Diocesana Orihuela-Alicante","article_modified_time":"2026-04-02T08:47:10+00:00","twitter_card":"summary_large_image","schema":{"@context":"https:\/\/schema.org","@graph":[{"@type":"WebPage","@id":"https:\/\/juntadiocesanaoa.com\/?page_id=506","url":"https:\/\/juntadiocesanaoa.com\/?page_id=506","name":"Rojales - Junta Diocesana Orihuela-Alicante","isPartOf":{"@id":"https:\/\/juntadiocesanaoa.com\/#website"},"datePublished":"2025-11-05T12:26:55+00:00","dateModified":"2026-04-02T08:47:10+00:00","breadcrumb":{"@id":"https:\/\/juntadiocesanaoa.com\/?page_id=506#breadcrumb"},"inLanguage":"es","potentialAction":[{"@type":"ReadAction","target":["https:\/\/juntadiocesanaoa.com\/?page_id=506"]}]},{"@type":"BreadcrumbList","@id":"https:\/\/juntadiocesanaoa.com\/?page_id=506#breadcrumb","itemListElement":[{"@type":"ListItem","position":1,"name":"Portada","item":"https:\/\/juntadiocesanaoa.com\/"},{"@type":"ListItem","position":2,"name":"Rojales"}]},{"@type":"WebSite","@id":"https:\/\/juntadiocesanaoa.com\/#website","url":"https:\/\/juntadiocesanaoa.com\/","name":"Junta Diocesana Orihuela-Alicante","description":"","potentialAction":[{"@type":"SearchAction","target":{"@type":"EntryPoint","urlTemplate":"https:\/\/juntadiocesanaoa.com\/?s={search_term_string}"},"query-input":{"@type":"PropertyValueSpecification","valueRequired":true,"valueName":"search_term_string"}}],"inLanguage":"es"}]}},"_links":{"self":[{"href":"https:\/\/juntadiocesanaoa.com\/index.php?rest_route=\/wp\/v2\/pages\/506","targetHints":{"allow":["GET"]}}],"collection":[{"href":"https:\/\/juntadiocesanaoa.com\/index.php?rest_route=\/wp\/v2\/pages"}],"about":[{"href":"https:\/\/juntadiocesanaoa.com\/index.php?rest_route=\/wp\/v2\/types\/page"}],"author":[{"embeddable":true,"href":"https:\/\/juntadiocesanaoa.com\/index.php?rest_route=\/wp\/v2\/users\/2"}],"replies":[{"embeddable":true,"href":"https:\/\/juntadiocesanaoa.com\/index.php?rest_route=%2Fwp%2Fv2%2Fcomments&post=506"}],"version-history":[{"count":11,"href":"https:\/\/juntadiocesanaoa.com\/index.php?rest_route=\/wp\/v2\/pages\/506\/revisions"}],"predecessor-version":[{"id":1662,"href":"https:\/\/juntadiocesanaoa.com\/index.php?rest_route=\/wp\/v2\/pages\/506\/revisions\/1662"}],"wp:attachment":[{"href":"https:\/\/juntadiocesanaoa.com\/index.php?rest_route=%2Fwp%2Fv2%2Fmedia&parent=506"}],"curies":[{"name":"wp","href":"https:\/\/api.w.org\/{rel}","templated":true}]}}