{"id":498,"date":"2025-11-05T12:25:52","date_gmt":"2025-11-05T12:25:52","guid":{"rendered":"https:\/\/juntadiocesanaoa.com\/?page_id=498"},"modified":"2026-03-10T20:36:42","modified_gmt":"2026-03-10T20:36:42","slug":"orihuela","status":"publish","type":"page","link":"https:\/\/juntadiocesanaoa.com\/?page_id=498","title":{"rendered":"Orihuela"},"content":{"rendered":"<p>[et_pb_section fb_built=\u00bb1&#8243; _builder_version=\u00bb4.27.4&#8243; _module_preset=\u00bbdefault\u00bb global_colors_info=\u00bb{}\u00bb][et_pb_row column_structure=\u00bb1_2,1_2&#8243; _builder_version=\u00bb4.27.4&#8243; _module_preset=\u00bbdefault\u00bb global_colors_info=\u00bb{}\u00bb][et_pb_column type=\u00bb1_2&#8243; _builder_version=\u00bb4.27.4&#8243; _module_preset=\u00bbdefault\u00bb global_colors_info=\u00bb{}\u00bb][et_pb_heading title=\u00bbOrihuela\u00bb _builder_version=\u00bb4.27.4&#8243; _module_preset=\u00bbdefault\u00bb global_colors_info=\u00bb{}\u00bb][\/et_pb_heading][et_pb_image src=\u00bbhttps:\/\/juntadiocesanaoa.com\/wp-content\/uploads\/junta-mayor-orihuela-escudo.jpg\u00bb title_text=\u00bbjunta mayor orihuela escudo\u00bb align=\u00bbcenter\u00bb _builder_version=\u00bb4.27.4&#8243; _module_preset=\u00bbdefault\u00bb module_alignment=\u00bbleft\u00bb max_height=\u00bb166px\u00bb global_colors_info=\u00bb{}\u00bb][\/et_pb_image][et_pb_heading title=\u00bbJunta Mayor de Cofrad\u00edas, Hermandades   y Mayordom\u00edas de Semana Santa de Orihuela\u00bb _builder_version=\u00bb4.27.4&#8243; _module_preset=\u00bbdefault\u00bb global_colors_info=\u00bb{}\u00bb][\/et_pb_heading][et_pb_tabs _builder_version=\u00bb4.27.4&#8243; _module_preset=\u00bbdefault\u00bb global_colors_info=\u00bb{}\u00bb][et_pb_tab title=\u00bbA\u00f1o de fundaci\u00f3n\u00bb _builder_version=\u00bb4.27.4&#8243; _module_preset=\u00bbdefault\u00bb global_colors_info=\u00bb{}\u00bb]<\/p>\n<p>Siglo XVII &#8211; D\u00e9cada de los 40<\/p>\n<p>[\/et_pb_tab][et_pb_tab title=\u00bbHermanos cofrades\u00bb _builder_version=\u00bb4.27.4&#8243; _module_preset=\u00bbdefault\u00bb global_colors_info=\u00bb{}\u00bb]<\/p>\n<p>11.500<\/p>\n<p>[\/et_pb_tab][et_pb_tab title=\u00bbDistinciones honor\u00edficas\u00bb _builder_version=\u00bb4.27.4&#8243; _module_preset=\u00bbdefault\u00bb global_colors_info=\u00bb{}\u00bb]<\/p>\n<p>Declarada de Inter\u00e9s Tur\u00edstico Internacional<\/p>\n<p>[\/et_pb_tab][et_pb_tab title=\u00bbSede can\u00f3nica\u00bb _builder_version=\u00bb4.27.4&#8243; _module_preset=\u00bbdefault\u00bb global_colors_info=\u00bb{}\u00bb]<\/p>\n<p>Santa Iglesia Catedral del Salvador y Santa Mar\u00eda<\/p>\n<p>[\/et_pb_tab][\/et_pb_tabs][\/et_pb_column][et_pb_column type=\u00bb1_2&#8243; _builder_version=\u00bb4.27.4&#8243; _module_preset=\u00bbdefault\u00bb global_colors_info=\u00bb{}\u00bb][et_pb_image src=\u00bbhttps:\/\/juntadiocesanaoa.com\/wp-content\/uploads\/JM-ORIHUELA_0170.jpg\u00bb title_text=\u00bbJM ORIHUELA_0170&#8243; _builder_version=\u00bb4.27.4&#8243; _module_preset=\u00bbdefault\u00bb global_colors_info=\u00bb{}\u00bb][\/et_pb_image][\/et_pb_column][\/et_pb_row][et_pb_row column_structure=\u00bb1_2,1_2&#8243; _builder_version=\u00bb4.27.4&#8243; _module_preset=\u00bbdefault\u00bb global_colors_info=\u00bb{}\u00bb][et_pb_column type=\u00bb1_2&#8243; _builder_version=\u00bb4.27.4&#8243; _module_preset=\u00bbdefault\u00bb global_colors_info=\u00bb{}\u00bb][et_pb_image src=\u00bbhttps:\/\/juntadiocesanaoa.com\/wp-content\/uploads\/CARTEL-SEMANA-SANTA-2025-ORIHUELA.jpg\u00bb title_text=\u00bbCARTEL SEMANA SANTA 2025 ORIHUELA\u00bb _builder_version=\u00bb4.27.4&#8243; _module_preset=\u00bbdefault\u00bb width=\u00bb100%\u00bb max_width=\u00bb81%\u00bb global_colors_info=\u00bb{}\u00bb][\/et_pb_image][\/et_pb_column][et_pb_column type=\u00bb1_2&#8243; _builder_version=\u00bb4.27.4&#8243; _module_preset=\u00bbdefault\u00bb global_colors_info=\u00bb{}\u00bb][et_pb_text _builder_version=\u00bb4.27.4&#8243; _module_preset=\u00bbdefault\u00bb global_colors_info=\u00bb{}\u00bb]<\/p>\n<h2>Directiva Junta Mayor<\/h2>\n<p>Presidente: Jos\u00e9 F. S\u00e1ez Sironi<\/p>\n<p>Vicepresidente: Jos\u00e9 Luis Gil Salazar<\/p>\n<p>Secretario: Joaqu\u00edn Marz\u00e1 Merc\u00e9<\/p>\n<p>Vicesecretaria: Chelo Mo\u00f1ino Miquel<\/p>\n<p>Tesorero: Alberto J. L\u00f3pez Mart\u00ednez<\/p>\n<p>Consiliario:<\/p>\n<p>[\/et_pb_text][et_pb_toggle title=\u00bbDirecci\u00f3n postal\u00bb _builder_version=\u00bb4.27.4&#8243; _module_preset=\u00bbdefault\u00bb custom_margin=\u00bb0px||||false|false\u00bb global_colors_info=\u00bb{}\u00bb]<\/p>\n<p>Plaza de la Merced, 1 &#8211; Museo de Semana Santa,\u00a003300 Orihuela<\/p>\n<p>[\/et_pb_toggle][et_pb_toggle title=\u00bbCorreo electr\u00f3nico\u00bb _builder_version=\u00bb4.27.4&#8243; _module_preset=\u00bbdefault\u00bb custom_margin=\u00bb0px||||false|false\u00bb global_colors_info=\u00bb{}\u00bb]<\/p>\n<p>juntamayor@semanasantaorihuela.com<\/p>\n<p>[\/et_pb_toggle][et_pb_toggle title=\u00bbTel\u00e9fono\u00bb _builder_version=\u00bb4.27.4&#8243; _module_preset=\u00bbdefault\u00bb global_colors_info=\u00bb{}\u00bb]<\/p>\n<p>96744089<\/p>\n<p>[\/et_pb_toggle][et_pb_toggle title=\u00bbRedes sociales\u00bb _builder_version=\u00bb4.27.4&#8243; _module_preset=\u00bbdefault\u00bb hover_enabled=\u00bb0&#8243; global_colors_info=\u00bb{}\u00bb sticky_enabled=\u00bb0&#8243;]<\/p>\n<p><a href=\"juntamayor_orihuela\">Facebook<\/a> e <a href=\"https:\/\/www.instagram.com\/juntamayor_orihuela\/\">Instagram<\/a><\/p>\n<p>[\/et_pb_toggle][et_pb_toggle title=\u00bbP\u00e1gina web\u00bb _builder_version=\u00bb4.27.4&#8243; _module_preset=\u00bbdefault\u00bb global_colors_info=\u00bb{}\u00bb]<\/p>\n<p><a href=\"https:\/\/semanasantaorihuela.com\/\">www.semanasantaorihuela.com<\/a><\/p>\n<p>[\/et_pb_toggle][\/et_pb_column][\/et_pb_row][et_pb_row column_structure=\u00bb1_3,2_3&#8243; _builder_version=\u00bb4.27.4&#8243; _module_preset=\u00bbdefault\u00bb global_colors_info=\u00bb{}\u00bb][et_pb_column type=\u00bb1_3&#8243; _builder_version=\u00bb4.27.4&#8243; _module_preset=\u00bbdefault\u00bb global_colors_info=\u00bb{}\u00bb][et_pb_text _builder_version=\u00bb4.27.4&#8243; _module_preset=\u00bbdefault\u00bb global_colors_info=\u00bb{}\u00bb]<\/p>\n<h2>Cofrad\u00edas y Hermandades<\/h2>\n<ul>\n<li>Mayordom\u00eda de Ntra. Sra. de los Dolores<\/li>\n<li>Cofrad\u00eda del Sant\u00edsimo Cristo de la Flagelaci\u00f3n<\/li>\n<li>Hermandad Penitencial del Stmo. Cristo de Zalamea y Mar\u00eda Sant\u00edsima del Consuelo<\/li>\n<li>Pontificia, Real e Ilustre Hermandad de Ntro. Padre Jes\u00fas en el paso del Prendimiento<\/li>\n<li>Cofrad\u00eda La Samaritana<\/li>\n<li>Cofrad\u00eda del Perd\u00f3n<\/li>\n<li>Cofrad\u00eda Ecce-Homo<\/li>\n<li>Muy Ilustre Mayordom\u00eda de Ntro. Padre Jes\u00fas Nazareno<\/li>\n<li>Cofrad\u00eda de la Sagrada Instituci\u00f3n de la Eucar\u00edst\u00eda Santa Cena y Ntra. Sra. de los \u00c1ngeles<\/li>\n<li>Real Archicofrad\u00eda y Mayordom\u00eda de Ntra. Sra. del Pilar y Real Cofrad\u00eda de El Lavatorio<\/li>\n<li>Hermandad del Silencio<\/li>\n<li>Hermandad Penitencial del Stmo. Cristo de la Buena Muerte<\/li>\n<li>Sociedad Compa\u00f1\u00eda de Armaos, Centuria Romana de Ntro. Padre Jes\u00fas<\/li>\n<li>Hermandad de la Resurrecci\u00f3n<\/li>\n<\/ul>\n<p>[\/et_pb_text][\/et_pb_column][et_pb_column type=\u00bb2_3&#8243; _builder_version=\u00bb4.27.4&#8243; _module_preset=\u00bbdefault\u00bb global_colors_info=\u00bb{}\u00bb][et_pb_image src=\u00bbhttps:\/\/juntadiocesanaoa.com\/wp-content\/uploads\/CARTEL-SEMANA-SANTA-2025-ORIHUELA.jpg\u00bb title_text=\u00bbCARTEL SEMANA SANTA 2025 ORIHUELA\u00bb _builder_version=\u00bb4.27.4&#8243; _module_preset=\u00bbdefault\u00bb width=\u00bb70%\u00bb module_alignment=\u00bbcenter\u00bb global_colors_info=\u00bb{}\u00bb][\/et_pb_image][\/et_pb_column][\/et_pb_row][et_pb_row column_structure=\u00bb1_4,3_4&#8243; _builder_version=\u00bb4.27.4&#8243; _module_preset=\u00bbdefault\u00bb global_colors_info=\u00bb{}\u00bb][et_pb_column type=\u00bb1_4&#8243; _builder_version=\u00bb4.27.4&#8243; _module_preset=\u00bbdefault\u00bb global_colors_info=\u00bb{}\u00bb][et_pb_heading title=\u00bbDatos de inter\u00e9s\u00bb _builder_version=\u00bb4.27.4&#8243; _module_preset=\u00bbdefault\u00bb global_colors_info=\u00bb{}\u00bb][\/et_pb_heading][\/et_pb_column][et_pb_column type=\u00bb3_4&#8243; _builder_version=\u00bb4.27.4&#8243; _module_preset=\u00bbdefault\u00bb global_colors_info=\u00bb{}\u00bb][et_pb_text _builder_version=\u00bb4.27.4&#8243; _module_preset=\u00bbdefault\u00bb custom_padding=\u00bb1px|||||\u00bb global_colors_info=\u00bb{}\u00bb]<\/p>\n<p>La Procesi\u00f3n del Entierro de S\u00e1bado Santo es organizada por el Ayuntamiento de Orihuela.<\/p>\n<p>[\/et_pb_text][\/et_pb_column][\/et_pb_row][et_pb_row column_structure=\u00bb1_4,3_4&#8243; _builder_version=\u00bb4.27.4&#8243; _module_preset=\u00bbdefault\u00bb global_colors_info=\u00bb{}\u00bb][et_pb_column type=\u00bb1_4&#8243; _builder_version=\u00bb4.27.4&#8243; _module_preset=\u00bbdefault\u00bb global_colors_info=\u00bb{}\u00bb][et_pb_heading title=\u00bbBreve historia de la Semana Santa de Orihuela\u00bb _builder_version=\u00bb4.27.4&#8243; _module_preset=\u00bbdefault\u00bb global_colors_info=\u00bb{}\u00bb][\/et_pb_heading][\/et_pb_column][et_pb_column type=\u00bb3_4&#8243; _builder_version=\u00bb4.27.4&#8243; _module_preset=\u00bbdefault\u00bb global_colors_info=\u00bb{}\u00bb][et_pb_text _builder_version=\u00bb4.27.4&#8243; _module_preset=\u00bbdefault\u00bb global_colors_info=\u00bb{}\u00bb]<\/p>\n<p>Los inicios de la Semana Santa datan del siglo XVII, en la capilla del Loreto situada en el Palacio Episcopal. Su refundaci\u00f3n fue en la d\u00e9cada de los 40 donde ya comenzaron su andadura muchas de las actuales cofrad\u00edas.<\/p>\n<p>&nbsp;<\/p>\n<p>[\/et_pb_text][\/et_pb_column][\/et_pb_row][\/et_pb_section]<\/p>\n","protected":false},"excerpt":{"rendered":"<p>Siglo XVII &#8211; D\u00e9cada de los 4011.500Declarada de Inter\u00e9s Tur\u00edstico InternacionalSanta Iglesia Catedral del Salvador y Santa Mar\u00edaDirectiva Junta Mayor Presidente: Jos\u00e9 F. S\u00e1ez Sironi Vicepresidente: Jos\u00e9 Luis Gil Salazar Secretario: Joaqu\u00edn Marz\u00e1 Merc\u00e9 Vicesecretaria: Chelo Mo\u00f1ino Miquel Tesorero: Alberto J. L\u00f3pez Mart\u00ednez Consiliario:Plaza de la Merced, 1 &#8211; Museo de Semana Santa,\u00a003300 Orihuelajuntamayor@semanasantaorihuela.com96744089Facebook e [&hellip;]<\/p>\n","protected":false},"author":2,"featured_media":0,"parent":0,"menu_order":0,"comment_status":"closed","ping_status":"closed","template":"","meta":{"_et_pb_use_builder":"on","_et_pb_old_content":"<!-- wp:divi\/placeholder \/-->","_et_gb_content_width":"","footnotes":""},"class_list":["post-498","page","type-page","status-publish","hentry"],"yoast_head":"<!-- This site is optimized with the Yoast SEO plugin v27.2 - https:\/\/yoast.com\/product\/yoast-seo-wordpress\/ -->\n<title>Orihuela - Junta Diocesana Orihuela-Alicante<\/title>\n<meta name=\"robots\" content=\"index, follow, max-snippet:-1, max-image-preview:large, max-video-preview:-1\" \/>\n<link rel=\"canonical\" href=\"https:\/\/juntadiocesanaoa.com\/?page_id=498\" \/>\n<meta property=\"og:locale\" content=\"es_ES\" \/>\n<meta property=\"og:type\" content=\"article\" \/>\n<meta property=\"og:title\" content=\"Orihuela - Junta Diocesana Orihuela-Alicante\" \/>\n<meta property=\"og:description\" content=\"Siglo XVII - D\u00e9cada de los 4011.500Declarada de Inter\u00e9s Tur\u00edstico InternacionalSanta Iglesia Catedral del Salvador y Santa Mar\u00edaDirectiva Junta Mayor Presidente: Jos\u00e9 F. S\u00e1ez Sironi Vicepresidente: Jos\u00e9 Luis Gil Salazar Secretario: Joaqu\u00edn Marz\u00e1 Merc\u00e9 Vicesecretaria: Chelo Mo\u00f1ino Miquel Tesorero: Alberto J. L\u00f3pez Mart\u00ednez Consiliario:Plaza de la Merced, 1 - Museo de Semana Santa,\u00a003300 Orihuelajuntamayor@semanasantaorihuela.com96744089Facebook e [&hellip;]\" \/>\n<meta property=\"og:url\" content=\"https:\/\/juntadiocesanaoa.com\/?page_id=498\" \/>\n<meta property=\"og:site_name\" content=\"Junta Diocesana Orihuela-Alicante\" \/>\n<meta property=\"article:modified_time\" content=\"2026-03-10T20:36:42+00:00\" \/>\n<meta name=\"twitter:card\" content=\"summary_large_image\" \/>\n<script type=\"application\/ld+json\" class=\"yoast-schema-graph\">{\"@context\":\"https:\/\/schema.org\",\"@graph\":[{\"@type\":\"WebPage\",\"@id\":\"https:\/\/juntadiocesanaoa.com\/?page_id=498\",\"url\":\"https:\/\/juntadiocesanaoa.com\/?page_id=498\",\"name\":\"Orihuela - Junta Diocesana Orihuela-Alicante\",\"isPartOf\":{\"@id\":\"https:\/\/juntadiocesanaoa.com\/#website\"},\"datePublished\":\"2025-11-05T12:25:52+00:00\",\"dateModified\":\"2026-03-10T20:36:42+00:00\",\"breadcrumb\":{\"@id\":\"https:\/\/juntadiocesanaoa.com\/?page_id=498#breadcrumb\"},\"inLanguage\":\"es\",\"potentialAction\":[{\"@type\":\"ReadAction\",\"target\":[\"https:\/\/juntadiocesanaoa.com\/?page_id=498\"]}]},{\"@type\":\"BreadcrumbList\",\"@id\":\"https:\/\/juntadiocesanaoa.com\/?page_id=498#breadcrumb\",\"itemListElement\":[{\"@type\":\"ListItem\",\"position\":1,\"name\":\"Portada\",\"item\":\"https:\/\/juntadiocesanaoa.com\/\"},{\"@type\":\"ListItem\",\"position\":2,\"name\":\"Orihuela\"}]},{\"@type\":\"WebSite\",\"@id\":\"https:\/\/juntadiocesanaoa.com\/#website\",\"url\":\"https:\/\/juntadiocesanaoa.com\/\",\"name\":\"Junta Diocesana Orihuela-Alicante\",\"description\":\"\",\"potentialAction\":[{\"@type\":\"SearchAction\",\"target\":{\"@type\":\"EntryPoint\",\"urlTemplate\":\"https:\/\/juntadiocesanaoa.com\/?s={search_term_string}\"},\"query-input\":{\"@type\":\"PropertyValueSpecification\",\"valueRequired\":true,\"valueName\":\"search_term_string\"}}],\"inLanguage\":\"es\"}]}<\/script>\n<!-- \/ Yoast SEO plugin. -->","yoast_head_json":{"title":"Orihuela - Junta Diocesana Orihuela-Alicante","robots":{"index":"index","follow":"follow","max-snippet":"max-snippet:-1","max-image-preview":"max-image-preview:large","max-video-preview":"max-video-preview:-1"},"canonical":"https:\/\/juntadiocesanaoa.com\/?page_id=498","og_locale":"es_ES","og_type":"article","og_title":"Orihuela - Junta Diocesana Orihuela-Alicante","og_description":"Siglo XVII - D\u00e9cada de los 4011.500Declarada de Inter\u00e9s Tur\u00edstico InternacionalSanta Iglesia Catedral del Salvador y Santa Mar\u00edaDirectiva Junta Mayor Presidente: Jos\u00e9 F. S\u00e1ez Sironi Vicepresidente: Jos\u00e9 Luis Gil Salazar Secretario: Joaqu\u00edn Marz\u00e1 Merc\u00e9 Vicesecretaria: Chelo Mo\u00f1ino Miquel Tesorero: Alberto J. L\u00f3pez Mart\u00ednez Consiliario:Plaza de la Merced, 1 - Museo de Semana Santa,\u00a003300 Orihuelajuntamayor@semanasantaorihuela.com96744089Facebook e [&hellip;]","og_url":"https:\/\/juntadiocesanaoa.com\/?page_id=498","og_site_name":"Junta Diocesana Orihuela-Alicante","article_modified_time":"2026-03-10T20:36:42+00:00","twitter_card":"summary_large_image","schema":{"@context":"https:\/\/schema.org","@graph":[{"@type":"WebPage","@id":"https:\/\/juntadiocesanaoa.com\/?page_id=498","url":"https:\/\/juntadiocesanaoa.com\/?page_id=498","name":"Orihuela - Junta Diocesana Orihuela-Alicante","isPartOf":{"@id":"https:\/\/juntadiocesanaoa.com\/#website"},"datePublished":"2025-11-05T12:25:52+00:00","dateModified":"2026-03-10T20:36:42+00:00","breadcrumb":{"@id":"https:\/\/juntadiocesanaoa.com\/?page_id=498#breadcrumb"},"inLanguage":"es","potentialAction":[{"@type":"ReadAction","target":["https:\/\/juntadiocesanaoa.com\/?page_id=498"]}]},{"@type":"BreadcrumbList","@id":"https:\/\/juntadiocesanaoa.com\/?page_id=498#breadcrumb","itemListElement":[{"@type":"ListItem","position":1,"name":"Portada","item":"https:\/\/juntadiocesanaoa.com\/"},{"@type":"ListItem","position":2,"name":"Orihuela"}]},{"@type":"WebSite","@id":"https:\/\/juntadiocesanaoa.com\/#website","url":"https:\/\/juntadiocesanaoa.com\/","name":"Junta Diocesana Orihuela-Alicante","description":"","potentialAction":[{"@type":"SearchAction","target":{"@type":"EntryPoint","urlTemplate":"https:\/\/juntadiocesanaoa.com\/?s={search_term_string}"},"query-input":{"@type":"PropertyValueSpecification","valueRequired":true,"valueName":"search_term_string"}}],"inLanguage":"es"}]}},"_links":{"self":[{"href":"https:\/\/juntadiocesanaoa.com\/index.php?rest_route=\/wp\/v2\/pages\/498","targetHints":{"allow":["GET"]}}],"collection":[{"href":"https:\/\/juntadiocesanaoa.com\/index.php?rest_route=\/wp\/v2\/pages"}],"about":[{"href":"https:\/\/juntadiocesanaoa.com\/index.php?rest_route=\/wp\/v2\/types\/page"}],"author":[{"embeddable":true,"href":"https:\/\/juntadiocesanaoa.com\/index.php?rest_route=\/wp\/v2\/users\/2"}],"replies":[{"embeddable":true,"href":"https:\/\/juntadiocesanaoa.com\/index.php?rest_route=%2Fwp%2Fv2%2Fcomments&post=498"}],"version-history":[{"count":7,"href":"https:\/\/juntadiocesanaoa.com\/index.php?rest_route=\/wp\/v2\/pages\/498\/revisions"}],"predecessor-version":[{"id":1240,"href":"https:\/\/juntadiocesanaoa.com\/index.php?rest_route=\/wp\/v2\/pages\/498\/revisions\/1240"}],"wp:attachment":[{"href":"https:\/\/juntadiocesanaoa.com\/index.php?rest_route=%2Fwp%2Fv2%2Fmedia&parent=498"}],"curies":[{"name":"wp","href":"https:\/\/api.w.org\/{rel}","templated":true}]}}