{"id":492,"date":"2025-11-05T12:25:12","date_gmt":"2025-11-05T12:25:12","guid":{"rendered":"https:\/\/juntadiocesanaoa.com\/?page_id=492"},"modified":"2026-03-11T18:08:18","modified_gmt":"2026-03-11T18:08:18","slug":"monovar","status":"publish","type":"page","link":"https:\/\/juntadiocesanaoa.com\/?page_id=492","title":{"rendered":"Mon\u00f3var"},"content":{"rendered":"<p>[et_pb_section fb_built=\u00bb1&#8243; _builder_version=\u00bb4.27.4&#8243; _module_preset=\u00bbdefault\u00bb global_colors_info=\u00bb{}\u00bb][et_pb_row column_structure=\u00bb1_2,1_2&#8243; _builder_version=\u00bb4.27.4&#8243; _module_preset=\u00bbdefault\u00bb global_colors_info=\u00bb{}\u00bb][et_pb_column type=\u00bb1_2&#8243; _builder_version=\u00bb4.27.4&#8243; _module_preset=\u00bbdefault\u00bb global_colors_info=\u00bb{}\u00bb][et_pb_heading title=\u00bbMon\u00f3var\u00bb _builder_version=\u00bb4.27.4&#8243; _module_preset=\u00bbdefault\u00bb global_colors_info=\u00bb{}\u00bb][\/et_pb_heading][et_pb_image src=\u00bbhttps:\/\/juntadiocesanaoa.com\/wp-content\/uploads\/escudo-jm-monovar.png\u00bb title_text=\u00bbescudo jm monovar\u00bb align=\u00bbcenter\u00bb _builder_version=\u00bb4.27.4&#8243; _module_preset=\u00bbdefault\u00bb module_alignment=\u00bbleft\u00bb max_height=\u00bb166px\u00bb global_colors_info=\u00bb{}\u00bb][\/et_pb_image][et_pb_heading title=\u00bbJunta Mayor de Cofrad\u00edas y Hermandades de la Semana Santa de Mon\u00f3var\u00bb _builder_version=\u00bb4.27.4&#8243; _module_preset=\u00bbdefault\u00bb global_colors_info=\u00bb{}\u00bb][\/et_pb_heading][et_pb_tabs _builder_version=\u00bb4.27.4&#8243; _module_preset=\u00bbdefault\u00bb global_colors_info=\u00bb{}\u00bb][et_pb_tab title=\u00bbA\u00f1o de fundaci\u00f3n\u00bb _builder_version=\u00bb4.27.4&#8243; _module_preset=\u00bbdefault\u00bb global_colors_info=\u00bb{}\u00bb]<\/p>\n<p>2006<\/p>\n<p>[\/et_pb_tab][et_pb_tab title=\u00bbHermanos cofrades\u00bb _builder_version=\u00bb4.27.4&#8243; _module_preset=\u00bbdefault\u00bb global_colors_info=\u00bb{}\u00bb]<\/p>\n<p>2.000<\/p>\n<p>[\/et_pb_tab][et_pb_tab title=\u00bbDistinciones honor\u00edficas\u00bb _builder_version=\u00bb4.27.4&#8243; _module_preset=\u00bbdefault\u00bb global_colors_info=\u00bb{}\u00bb]<\/p>\n<p class=\"p1\">Declarada de Inter\u00e9s Tur\u00edstico Provincial<\/p>\n<p>[\/et_pb_tab][et_pb_tab title=\u00bbSede can\u00f3nica\u00bb _builder_version=\u00bb4.27.4&#8243; _module_preset=\u00bbdefault\u00bb global_colors_info=\u00bb{}\u00bb]<\/p>\n<p>Parroquia San Juan Bautista (C\/ Mayor, 142, Mon\u00f3var)<\/p>\n<p>[\/et_pb_tab][\/et_pb_tabs][\/et_pb_column][et_pb_column type=\u00bb1_2&#8243; _builder_version=\u00bb4.27.4&#8243; _module_preset=\u00bbdefault\u00bb global_colors_info=\u00bb{}\u00bb][et_pb_image src=\u00bbhttps:\/\/juntadiocesanaoa.com\/wp-content\/uploads\/JM-MONOVAR_3087.jpg\u00bb title_text=\u00bbJM MONOVAR_3087&#8243; show_bottom_space=\u00bboff\u00bb _builder_version=\u00bb4.27.4&#8243; _module_preset=\u00bbdefault\u00bb custom_margin=\u00bb||2px||false|false\u00bb global_colors_info=\u00bb{}\u00bb][\/et_pb_image][\/et_pb_column][\/et_pb_row][et_pb_row column_structure=\u00bb1_2,1_2&#8243; _builder_version=\u00bb4.27.4&#8243; _module_preset=\u00bbdefault\u00bb global_colors_info=\u00bb{}\u00bb][et_pb_column type=\u00bb1_2&#8243; _builder_version=\u00bb4.27.4&#8243; _module_preset=\u00bbdefault\u00bb global_colors_info=\u00bb{}\u00bb][et_pb_image src=\u00bbhttps:\/\/juntadiocesanaoa.com\/wp-content\/uploads\/JM-MONOVAR_259.jpg\u00bb title_text=\u00bbJM MONOVAR_259&#8243; show_bottom_space=\u00bboff\u00bb _builder_version=\u00bb4.27.4&#8243; _module_preset=\u00bbdefault\u00bb width=\u00bb100%\u00bb max_width=\u00bb81%\u00bb custom_margin=\u00bb||2px||false|false\u00bb global_colors_info=\u00bb{}\u00bb][\/et_pb_image][\/et_pb_column][et_pb_column type=\u00bb1_2&#8243; _builder_version=\u00bb4.27.4&#8243; _module_preset=\u00bbdefault\u00bb global_colors_info=\u00bb{}\u00bb][et_pb_text _builder_version=\u00bb4.27.4&#8243; _module_preset=\u00bbdefault\u00bb hover_enabled=\u00bb0&#8243; global_colors_info=\u00bb{}\u00bb sticky_enabled=\u00bb0&#8243;]<\/p>\n<h2>Directiva Junta Mayor<\/h2>\n<p>Presidente: Liberto Esteve Requena<\/p>\n<p>Vicepresidenta: Lourdes P\u00e9rez S\u00e1nchez<\/p>\n<p>Secretario: Francisco Ja\u00e9n Mira<\/p>\n<p class=\"p1\">Tesorero: Francisco Verd\u00fa Esteve<\/p>\n<p class=\"p1\">Vocales:\u00a0Juan Albert Mart\u00ednez, Juan Carlos Albert Torres, Mart\u00edn Albert del Campo, <span>Jos\u00e9 Alberto Ca\u00f1ada, Luc\u00eda Ramos, Ines Rico Vera, Enrique Marhuenda Bellot, Enrique Vidal Gim\u00e9nez, M\u00aa Carmen Ponsoda L\u00f3pez de Atalaya, <\/span><span>Juan Carlos Vidal Pardo, Francisco Cutillas Gomariz, Vicente Alvarado Cutillas, Alberto P\u00e9rez Mart\u00ednez, Mari Carmen Calpena Poveda, Jos\u00e9 Antonio Palomares P\u00e9rez, Loli S\u00e1nchez Castell\u00f3n, Enrique Vidal Arroyo<\/span><\/p>\n<p class=\"p1\">Consiliario: <span data-olk-copy-source=\"MessageBody\">Rvdo D. Vicente Alonso Quiles<\/span><\/p>\n<p>[\/et_pb_text][et_pb_toggle title=\u00bbDirecci\u00f3n postal\u00bb _builder_version=\u00bb4.27.4&#8243; _module_preset=\u00bbdefault\u00bb custom_margin=\u00bb0px||||false|false\u00bb global_colors_info=\u00bb{}\u00bb]<\/p>\n<p>C\/ Mayor, 142 (Parroquia San Juan Bautista) 03640 Mon\u00f3var<\/p>\n<p>[\/et_pb_toggle][et_pb_toggle title=\u00bbCorreo electr\u00f3nico\u00bb _builder_version=\u00bb4.27.4&#8243; _module_preset=\u00bbdefault\u00bb global_colors_info=\u00bb{}\u00bb]<\/p>\n<p>semanasantamonovar@gmail.com<\/p>\n<p>[\/et_pb_toggle][et_pb_toggle title=\u00bbTel\u00e9fono\u00bb _builder_version=\u00bb4.27.4&#8243; _module_preset=\u00bbdefault\u00bb global_colors_info=\u00bb{}\u00bb]<\/p>\n<p>696590662<\/p>\n<p>[\/et_pb_toggle][et_pb_toggle title=\u00bbRedes sociales\u00bb _builder_version=\u00bb4.27.4&#8243; _module_preset=\u00bbdefault\u00bb global_colors_info=\u00bb{}\u00bb]<\/p>\n<p><a href=\"https:\/\/www.facebook.com\/juntamayormonovar\">Facebook<\/a> e\u00a0<a href=\"https:\/\/www.instagram.com\/semanasantamonovar\/\">Instagram<\/a><\/p>\n<p>[\/et_pb_toggle][et_pb_toggle title=\u00bbP\u00e1gina web\u00bb _builder_version=\u00bb4.27.4&#8243; _module_preset=\u00bbdefault\u00bb global_colors_info=\u00bb{}\u00bb]<\/p>\n<p><a href=\"https:\/\/semanasantamonovar.es.tl\/\">www.semanasantamonovar.es.tl<\/a><\/p>\n<p>[\/et_pb_toggle][\/et_pb_column][\/et_pb_row][et_pb_row column_structure=\u00bb1_3,2_3&#8243; _builder_version=\u00bb4.27.4&#8243; _module_preset=\u00bbdefault\u00bb global_colors_info=\u00bb{}\u00bb][et_pb_column type=\u00bb1_3&#8243; _builder_version=\u00bb4.27.4&#8243; _module_preset=\u00bbdefault\u00bb global_colors_info=\u00bb{}\u00bb][et_pb_text _builder_version=\u00bb4.27.4&#8243; _module_preset=\u00bbdefault\u00bb global_colors_info=\u00bb{}\u00bb]<\/p>\n<h2>Cofrad\u00edas y Hermandades<\/h2>\n<ul>\n<li>Hermandad de la Entrada de Jes\u00fas Triunfante en Jerusal\u00e9n<\/li>\n<li>Cofrad\u00eda de Nuestro Padre Jes\u00fas Nazareno<\/li>\n<li>Hermandad del Sant\u00edsimo Cristo Crucificado y Mar\u00eda Sant\u00edsima de la Esperanza<\/li>\n<li>Cofrad\u00eda de Nuestra Se\u00f1ora de los Dolores<\/li>\n<li>Cofrad\u00eda del Santo Sepulcro y Jes\u00fas Cautivo<\/li>\n<li>Cofrad\u00eda de Nuestra Se\u00f1ora de la Soledad<\/li>\n<li><span data-olk-copy-source=\"MessageBody\">Mayordom\u00eda de la Sant\u00edsima Virgen del Remedio<\/span><\/li>\n<\/ul>\n<p>[\/et_pb_text][\/et_pb_column][et_pb_column type=\u00bb2_3&#8243; _builder_version=\u00bb4.27.4&#8243; _module_preset=\u00bbdefault\u00bb global_colors_info=\u00bb{}\u00bb][et_pb_image src=\u00bbhttps:\/\/juntadiocesanaoa.com\/wp-content\/uploads\/JM-MONOVAR_8031.jpg\u00bb title_text=\u00bbJM MONOVAR_8031&#8243; show_bottom_space=\u00bboff\u00bb _builder_version=\u00bb4.27.4&#8243; _module_preset=\u00bbdefault\u00bb custom_margin=\u00bb||2px||false|false\u00bb global_colors_info=\u00bb{}\u00bb][\/et_pb_image][\/et_pb_column][\/et_pb_row][et_pb_row column_structure=\u00bb1_4,3_4&#8243; _builder_version=\u00bb4.27.4&#8243; _module_preset=\u00bbdefault\u00bb global_colors_info=\u00bb{}\u00bb][et_pb_column type=\u00bb1_4&#8243; _builder_version=\u00bb4.27.4&#8243; _module_preset=\u00bbdefault\u00bb global_colors_info=\u00bb{}\u00bb][et_pb_heading title=\u00bbDatos de inter\u00e9s\u00bb _builder_version=\u00bb4.27.4&#8243; _module_preset=\u00bbdefault\u00bb global_colors_info=\u00bb{}\u00bb][\/et_pb_heading][\/et_pb_column][et_pb_column type=\u00bb3_4&#8243; _builder_version=\u00bb4.27.4&#8243; _module_preset=\u00bbdefault\u00bb global_colors_info=\u00bb{}\u00bb][et_pb_text _builder_version=\u00bb4.27.4&#8243; _module_preset=\u00bbdefault\u00bb custom_padding=\u00bb0px|||||\u00bb hover_enabled=\u00bb0&#8243; global_colors_info=\u00bb{}\u00bb sticky_enabled=\u00bb0&#8243;]<\/p>\n<div data-olk-copy-source=\"MessageBody\">Horarios de inicio de cada procesi\u00f3n de la Semana Santa de Mon\u00f3var:<\/div>\n<div><b>&#8211; Domingo de Ramos<\/b><span>, <\/span>con la imagen de la Entrada de Jes\u00fas Triunfante en Jerusal\u00e9n,<span>\u00a0<\/span><b>11:30 horas<\/b><\/div>\n<div><b>&#8211; Lunes Santo,<\/b><span>\u00a0<\/span>con la imagen de Jes\u00fas Cautivo,<span>\u00a0<\/span><b>21:30 horas<\/b><\/div>\n<div><b>&#8211; Martes Santo,<\/b>\u00a0con la imagen de Nuestro Padre Jes\u00fas Nazareno,<span>\u00a0<\/span><b>22:00 horas<\/b><\/div>\n<div><b>&#8211; Mi\u00e9rcoles Santo,<\/b><span>\u00a0<\/span>con las im\u00e1genes\u00a0de Nuestra Se\u00f1ora de la Soledad y Nuestra Se\u00f1ora de los Dolores,\u00a0<span>\u00a0<\/span><b>22:00 horas<\/b><\/div>\n<div><b>&#8211; Jueves Santo,<\/b><span>\u00a0<\/span>con las im\u00e1genes del Sant\u00edsimo Cristo Crucificado\u00a0y Mar\u00eda Sant\u00edsima de la Esperanza,<span>\u00a0<\/span><b>23:00 horas<\/b><\/div>\n<div><b>&#8211; Viernes Santo,<\/b><span>\u00a0<\/span>con las im\u00e1genes de Nuestro Padre Jes\u00fas Nazareno, Sant\u00edsimo\u00a0Cristo Crucificado y Mar\u00eda Sant\u00edsima de la Esperanza, Nuestra Se\u00f1ora de los Dolores, Santo Sepulcro y Nuestra Se\u00f1ora de la Soledad.<span>\u00a0<\/span><b>19:30 horas<\/b><\/div>\n<div><b>&#8211; Domingo de Resurrecci\u00f3n,<span>\u00a0<\/span><\/b>con las im\u00e1genes\u00a0de la Virgen del Remedio y el Sant\u00edsimo Sacramento,<span>\u00a0<\/span><b>11:30 horas<\/b><\/div>\n<p>[\/et_pb_text][\/et_pb_column][\/et_pb_row][et_pb_row column_structure=\u00bb1_4,3_4&#8243; _builder_version=\u00bb4.27.4&#8243; _module_preset=\u00bbdefault\u00bb global_colors_info=\u00bb{}\u00bb][et_pb_column type=\u00bb1_4&#8243; _builder_version=\u00bb4.27.4&#8243; _module_preset=\u00bbdefault\u00bb global_colors_info=\u00bb{}\u00bb][et_pb_heading title=\u00bbBreve historia de la Semana Santa de Mon\u00f3var\u00bb _builder_version=\u00bb4.27.4&#8243; _module_preset=\u00bbdefault\u00bb global_colors_info=\u00bb{}\u00bb][\/et_pb_heading][\/et_pb_column][et_pb_column type=\u00bb3_4&#8243; _builder_version=\u00bb4.27.4&#8243; _module_preset=\u00bbdefault\u00bb global_colors_info=\u00bb{}\u00bb][et_pb_text _builder_version=\u00bb4.27.4&#8243; _module_preset=\u00bbdefault\u00bb global_colors_info=\u00bb{}\u00bb]<\/p>\n<p>Seg\u00fan informaci\u00f3n obrante en la documentaci\u00f3n del Archivo Municipal, la Semana Santa de Mon\u00f3var asienta sus ra\u00edces en el siglo XVII. Se trata de un gran acontecimiento religioso, social, cultural, art\u00edstico y patrimonial que involucra a la mayor\u00eda de familias monoveras.<\/p>\n<p>A lo largo de la Semana Santa, procesionan alrededor de 2.000 personas aglutinadas en siete cofrad\u00edas o hermandades. Se trata de una gran tradici\u00f3n familiar que se ha perpetuado de generaci\u00f3n en generaci\u00f3n. En ella, se mezcla religiosidad, arte, m\u00fasica, tradici\u00f3n popular y gastronom\u00eda.<\/p>\n<p>La Semana Santa de Mon\u00f3var se distingue, fundamentalmente, por el gran n\u00famero de participantes, la belleza de sus im\u00e1genes y la solemnidad de sus procesiones. Por todo ello, se le otorg\u00f3 el reconocimiento como Fiesta de\u00a0Inter\u00e9s Tur\u00edstico Provincial por resoluci\u00f3n, de 26 de marzo de 2019, de la Presidencia de la Generalitat (DOGV 8514).<\/p>\n<p>[\/et_pb_text][\/et_pb_column][\/et_pb_row][et_pb_row _builder_version=\u00bb4.27.4&#8243; _module_preset=\u00bbdefault\u00bb custom_margin=\u00bb||0px||false|false\u00bb global_colors_info=\u00bb{}\u00bb][et_pb_column type=\u00bb4_4&#8243; _builder_version=\u00bb4.27.4&#8243; _module_preset=\u00bbdefault\u00bb global_colors_info=\u00bb{}\u00bb][dica_divi_carousel show_items_desktop=\u00bb3&#8243; loop=\u00bbon\u00bb autoplay=\u00bbon\u00bb hoverpause=\u00bbon\u00bb arrow_nav=\u00bbon\u00bb dot_nav=\u00bbon\u00bb advanced_effect=\u00bb1&#8243; arrow_nav_color=\u00bb#7c3112&#8243; dots_color=\u00bb#e0ae5e\u00bb dots_active_color=\u00bb#7c3112&#8243; arrow_position=\u00bbmiddle-outside\u00bb _builder_version=\u00bb4.27.4&#8243; _module_preset=\u00bbdefault\u00bb global_colors_info=\u00bb{}\u00bb][dica_divi_carouselitem title=\u00bbSemana Santa de Mon\u00f3var\u00bb button_url_new_window=\u00bb1&#8243; image=\u00bbhttps:\/\/juntadiocesanaoa.com\/wp-content\/uploads\/JM-MONOVAR_6239.jpg\u00bb image_lightbox=\u00bbon\u00bb _builder_version=\u00bb4.27.4&#8243; _module_preset=\u00bbdefault\u00bb global_colors_info=\u00bb{}\u00bb][\/dica_divi_carouselitem][dica_divi_carouselitem title=\u00bbSemana Santa de Mon\u00f3var\u00bb button_url_new_window=\u00bb1&#8243; image=\u00bbhttps:\/\/juntadiocesanaoa.com\/wp-content\/uploads\/JM-MONOVAR_8976.jpg\u00bb image_lightbox=\u00bbon\u00bb _builder_version=\u00bb4.27.4&#8243; _module_preset=\u00bbdefault\u00bb global_colors_info=\u00bb{}\u00bb][\/dica_divi_carouselitem][dica_divi_carouselitem title=\u00bbSemana Santa de Mon\u00f3var\u00bb button_url_new_window=\u00bb1&#8243; image=\u00bbhttps:\/\/juntadiocesanaoa.com\/wp-content\/uploads\/JM-MONOVAR_1030099.jpg\u00bb image_lightbox=\u00bbon\u00bb _builder_version=\u00bb4.27.4&#8243; _module_preset=\u00bbdefault\u00bb global_colors_info=\u00bb{}\u00bb][\/dica_divi_carouselitem][\/dica_divi_carousel][\/et_pb_column][\/et_pb_row][\/et_pb_section]<\/p>\n","protected":false},"excerpt":{"rendered":"<p>20062.000Declarada de Inter\u00e9s Tur\u00edstico ProvincialParroquia San Juan Bautista (C\/ Mayor, 142, Mon\u00f3var)Directiva Junta Mayor Presidente: Liberto Esteve Requena Vicepresidenta: Lourdes P\u00e9rez S\u00e1nchez Secretario: Francisco Ja\u00e9n Mira Tesorero: Francisco Verd\u00fa Esteve Vocales:\u00a0Juan Albert Mart\u00ednez, Juan Carlos Albert Torres, Mart\u00edn Albert del Campo, Jos\u00e9 Alberto Ca\u00f1ada, Luc\u00eda Ramos, Ines Rico Vera, Enrique Marhuenda Bellot, Enrique Vidal Gim\u00e9nez, [&hellip;]<\/p>\n","protected":false},"author":2,"featured_media":0,"parent":0,"menu_order":0,"comment_status":"closed","ping_status":"closed","template":"","meta":{"_et_pb_use_builder":"on","_et_pb_old_content":"<!-- wp:divi\/placeholder \/-->","_et_gb_content_width":"","footnotes":""},"class_list":["post-492","page","type-page","status-publish","hentry"],"yoast_head":"<!-- This site is optimized with the Yoast SEO plugin v27.2 - https:\/\/yoast.com\/product\/yoast-seo-wordpress\/ -->\n<title>Mon\u00f3var - Junta Diocesana Orihuela-Alicante<\/title>\n<meta name=\"robots\" content=\"index, follow, max-snippet:-1, max-image-preview:large, max-video-preview:-1\" \/>\n<link rel=\"canonical\" href=\"https:\/\/juntadiocesanaoa.com\/?page_id=492\" \/>\n<meta property=\"og:locale\" content=\"es_ES\" \/>\n<meta property=\"og:type\" content=\"article\" \/>\n<meta property=\"og:title\" content=\"Mon\u00f3var - Junta Diocesana Orihuela-Alicante\" \/>\n<meta property=\"og:description\" content=\"20062.000Declarada de Inter\u00e9s Tur\u00edstico ProvincialParroquia San Juan Bautista (C\/ Mayor, 142, Mon\u00f3var)Directiva Junta Mayor Presidente: Liberto Esteve Requena Vicepresidenta: Lourdes P\u00e9rez S\u00e1nchez Secretario: Francisco Ja\u00e9n Mira Tesorero: Francisco Verd\u00fa Esteve Vocales:\u00a0Juan Albert Mart\u00ednez, Juan Carlos Albert Torres, Mart\u00edn Albert del Campo, Jos\u00e9 Alberto Ca\u00f1ada, Luc\u00eda Ramos, Ines Rico Vera, Enrique Marhuenda Bellot, Enrique Vidal Gim\u00e9nez, [&hellip;]\" \/>\n<meta property=\"og:url\" content=\"https:\/\/juntadiocesanaoa.com\/?page_id=492\" \/>\n<meta property=\"og:site_name\" content=\"Junta Diocesana Orihuela-Alicante\" \/>\n<meta property=\"article:modified_time\" content=\"2026-03-11T18:08:18+00:00\" \/>\n<meta name=\"twitter:card\" content=\"summary_large_image\" \/>\n<script type=\"application\/ld+json\" class=\"yoast-schema-graph\">{\"@context\":\"https:\/\/schema.org\",\"@graph\":[{\"@type\":\"WebPage\",\"@id\":\"https:\/\/juntadiocesanaoa.com\/?page_id=492\",\"url\":\"https:\/\/juntadiocesanaoa.com\/?page_id=492\",\"name\":\"Mon\u00f3var - Junta Diocesana Orihuela-Alicante\",\"isPartOf\":{\"@id\":\"https:\/\/juntadiocesanaoa.com\/#website\"},\"datePublished\":\"2025-11-05T12:25:12+00:00\",\"dateModified\":\"2026-03-11T18:08:18+00:00\",\"breadcrumb\":{\"@id\":\"https:\/\/juntadiocesanaoa.com\/?page_id=492#breadcrumb\"},\"inLanguage\":\"es\",\"potentialAction\":[{\"@type\":\"ReadAction\",\"target\":[\"https:\/\/juntadiocesanaoa.com\/?page_id=492\"]}]},{\"@type\":\"BreadcrumbList\",\"@id\":\"https:\/\/juntadiocesanaoa.com\/?page_id=492#breadcrumb\",\"itemListElement\":[{\"@type\":\"ListItem\",\"position\":1,\"name\":\"Portada\",\"item\":\"https:\/\/juntadiocesanaoa.com\/\"},{\"@type\":\"ListItem\",\"position\":2,\"name\":\"Mon\u00f3var\"}]},{\"@type\":\"WebSite\",\"@id\":\"https:\/\/juntadiocesanaoa.com\/#website\",\"url\":\"https:\/\/juntadiocesanaoa.com\/\",\"name\":\"Junta Diocesana Orihuela-Alicante\",\"description\":\"\",\"potentialAction\":[{\"@type\":\"SearchAction\",\"target\":{\"@type\":\"EntryPoint\",\"urlTemplate\":\"https:\/\/juntadiocesanaoa.com\/?s={search_term_string}\"},\"query-input\":{\"@type\":\"PropertyValueSpecification\",\"valueRequired\":true,\"valueName\":\"search_term_string\"}}],\"inLanguage\":\"es\"}]}<\/script>\n<!-- \/ Yoast SEO plugin. -->","yoast_head_json":{"title":"Mon\u00f3var - Junta Diocesana Orihuela-Alicante","robots":{"index":"index","follow":"follow","max-snippet":"max-snippet:-1","max-image-preview":"max-image-preview:large","max-video-preview":"max-video-preview:-1"},"canonical":"https:\/\/juntadiocesanaoa.com\/?page_id=492","og_locale":"es_ES","og_type":"article","og_title":"Mon\u00f3var - Junta Diocesana Orihuela-Alicante","og_description":"20062.000Declarada de Inter\u00e9s Tur\u00edstico ProvincialParroquia San Juan Bautista (C\/ Mayor, 142, Mon\u00f3var)Directiva Junta Mayor Presidente: Liberto Esteve Requena Vicepresidenta: Lourdes P\u00e9rez S\u00e1nchez Secretario: Francisco Ja\u00e9n Mira Tesorero: Francisco Verd\u00fa Esteve Vocales:\u00a0Juan Albert Mart\u00ednez, Juan Carlos Albert Torres, Mart\u00edn Albert del Campo, Jos\u00e9 Alberto Ca\u00f1ada, Luc\u00eda Ramos, Ines Rico Vera, Enrique Marhuenda Bellot, Enrique Vidal Gim\u00e9nez, [&hellip;]","og_url":"https:\/\/juntadiocesanaoa.com\/?page_id=492","og_site_name":"Junta Diocesana Orihuela-Alicante","article_modified_time":"2026-03-11T18:08:18+00:00","twitter_card":"summary_large_image","schema":{"@context":"https:\/\/schema.org","@graph":[{"@type":"WebPage","@id":"https:\/\/juntadiocesanaoa.com\/?page_id=492","url":"https:\/\/juntadiocesanaoa.com\/?page_id=492","name":"Mon\u00f3var - Junta Diocesana Orihuela-Alicante","isPartOf":{"@id":"https:\/\/juntadiocesanaoa.com\/#website"},"datePublished":"2025-11-05T12:25:12+00:00","dateModified":"2026-03-11T18:08:18+00:00","breadcrumb":{"@id":"https:\/\/juntadiocesanaoa.com\/?page_id=492#breadcrumb"},"inLanguage":"es","potentialAction":[{"@type":"ReadAction","target":["https:\/\/juntadiocesanaoa.com\/?page_id=492"]}]},{"@type":"BreadcrumbList","@id":"https:\/\/juntadiocesanaoa.com\/?page_id=492#breadcrumb","itemListElement":[{"@type":"ListItem","position":1,"name":"Portada","item":"https:\/\/juntadiocesanaoa.com\/"},{"@type":"ListItem","position":2,"name":"Mon\u00f3var"}]},{"@type":"WebSite","@id":"https:\/\/juntadiocesanaoa.com\/#website","url":"https:\/\/juntadiocesanaoa.com\/","name":"Junta Diocesana Orihuela-Alicante","description":"","potentialAction":[{"@type":"SearchAction","target":{"@type":"EntryPoint","urlTemplate":"https:\/\/juntadiocesanaoa.com\/?s={search_term_string}"},"query-input":{"@type":"PropertyValueSpecification","valueRequired":true,"valueName":"search_term_string"}}],"inLanguage":"es"}]}},"_links":{"self":[{"href":"https:\/\/juntadiocesanaoa.com\/index.php?rest_route=\/wp\/v2\/pages\/492","targetHints":{"allow":["GET"]}}],"collection":[{"href":"https:\/\/juntadiocesanaoa.com\/index.php?rest_route=\/wp\/v2\/pages"}],"about":[{"href":"https:\/\/juntadiocesanaoa.com\/index.php?rest_route=\/wp\/v2\/types\/page"}],"author":[{"embeddable":true,"href":"https:\/\/juntadiocesanaoa.com\/index.php?rest_route=\/wp\/v2\/users\/2"}],"replies":[{"embeddable":true,"href":"https:\/\/juntadiocesanaoa.com\/index.php?rest_route=%2Fwp%2Fv2%2Fcomments&post=492"}],"version-history":[{"count":9,"href":"https:\/\/juntadiocesanaoa.com\/index.php?rest_route=\/wp\/v2\/pages\/492\/revisions"}],"predecessor-version":[{"id":1251,"href":"https:\/\/juntadiocesanaoa.com\/index.php?rest_route=\/wp\/v2\/pages\/492\/revisions\/1251"}],"wp:attachment":[{"href":"https:\/\/juntadiocesanaoa.com\/index.php?rest_route=%2Fwp%2Fv2%2Fmedia&parent=492"}],"curies":[{"name":"wp","href":"https:\/\/api.w.org\/{rel}","templated":true}]}}