{"id":490,"date":"2025-11-05T12:24:58","date_gmt":"2025-11-05T12:24:58","guid":{"rendered":"https:\/\/juntadiocesanaoa.com\/?page_id=490"},"modified":"2026-03-28T18:21:26","modified_gmt":"2026-03-28T18:21:26","slug":"los-montesinos","status":"publish","type":"page","link":"https:\/\/juntadiocesanaoa.com\/?page_id=490","title":{"rendered":"Los Montesinos"},"content":{"rendered":"<p>[et_pb_section fb_built=\u00bb1&#8243; _builder_version=\u00bb4.27.4&#8243; _module_preset=\u00bbdefault\u00bb global_colors_info=\u00bb{}\u00bb][et_pb_row column_structure=\u00bb1_2,1_2&#8243; _builder_version=\u00bb4.27.4&#8243; _module_preset=\u00bbdefault\u00bb global_colors_info=\u00bb{}\u00bb][et_pb_column type=\u00bb1_2&#8243; _builder_version=\u00bb4.27.4&#8243; _module_preset=\u00bbdefault\u00bb global_colors_info=\u00bb{}\u00bb][et_pb_heading title=\u00bbLos Montesinos\u00bb _builder_version=\u00bb4.27.4&#8243; _module_preset=\u00bbdefault\u00bb global_colors_info=\u00bb{}\u00bb][\/et_pb_heading][et_pb_image src=\u00bbhttps:\/\/juntadiocesanaoa.com\/wp-content\/uploads\/Emblema-Junta-Mayor-de-Cofradias-de-Los-Montesinos.jpeg\u00bb title_text=\u00bbEmblema Junta Mayor de Cofradi\u0301as de Los Montesinos\u00bb align=\u00bbcenter\u00bb _builder_version=\u00bb4.27.4&#8243; _module_preset=\u00bbdefault\u00bb module_alignment=\u00bbleft\u00bb max_height=\u00bb166px\u00bb global_colors_info=\u00bb{}\u00bb][\/et_pb_image][et_pb_heading title=\u00bbJunta Mayor de Cofrad\u00edas de Los Montesinos\u00bb _builder_version=\u00bb4.27.4&#8243; _module_preset=\u00bbdefault\u00bb global_colors_info=\u00bb{}\u00bb][\/et_pb_heading][et_pb_tabs _builder_version=\u00bb4.27.4&#8243; _module_preset=\u00bbdefault\u00bb global_colors_info=\u00bb{}\u00bb][et_pb_tab title=\u00bbA\u00f1o de fundaci\u00f3n\u00bb _builder_version=\u00bb4.27.4&#8243; _module_preset=\u00bbdefault\u00bb global_colors_info=\u00bb{}\u00bb]<\/p>\n<p>2025<\/p>\n<p>[\/et_pb_tab][et_pb_tab title=\u00bbHermanos cofrades\u00bb _builder_version=\u00bb4.27.4&#8243; _module_preset=\u00bbdefault\u00bb global_colors_info=\u00bb{}\u00bb]<\/p>\n<p>400<\/p>\n<p>[\/et_pb_tab][et_pb_tab title=\u00bbDistinciones honor\u00edficas\u00bb _builder_version=\u00bb4.27.4&#8243; _module_preset=\u00bbdefault\u00bb global_colors_info=\u00bb{}\u00bb]<\/p>\n<p><span>La Procesi\u00f3n del Encuentro est\u00e1 Declarada de Inter\u00e9s Tur\u00edstico Local\u00a0<\/span><\/p>\n<p>[\/et_pb_tab][et_pb_tab title=\u00bbSede can\u00f3nica\u00bb _builder_version=\u00bb4.27.4&#8243; _module_preset=\u00bbdefault\u00bb global_colors_info=\u00bb{}\u00bb]<\/p>\n<p class=\"p1\">Parroquia de Nuestra Se\u00f1ora del Pilar de Los Montesinos<\/p>\n<p>[\/et_pb_tab][\/et_pb_tabs][\/et_pb_column][et_pb_column type=\u00bb1_2&#8243; _builder_version=\u00bb4.27.4&#8243; _module_preset=\u00bbdefault\u00bb global_colors_info=\u00bb{}\u00bb][et_pb_image src=\u00bbhttps:\/\/juntadiocesanaoa.com\/wp-content\/uploads\/los-montesinos-semana-santa-abril-2019.jpg\u00bb title_text=\u00bblos-montesinos-semana-santa-abril-2019&#8243; _builder_version=\u00bb4.27.4&#8243; _module_preset=\u00bbdefault\u00bb global_colors_info=\u00bb{}\u00bb][\/et_pb_image][\/et_pb_column][\/et_pb_row][et_pb_row column_structure=\u00bb1_2,1_2&#8243; _builder_version=\u00bb4.27.4&#8243; _module_preset=\u00bbdefault\u00bb global_colors_info=\u00bb{}\u00bb][et_pb_column type=\u00bb1_2&#8243; _builder_version=\u00bb4.27.4&#8243; _module_preset=\u00bbdefault\u00bb global_colors_info=\u00bb{}\u00bb][et_pb_image src=\u00bbhttps:\/\/juntadiocesanaoa.com\/wp-content\/uploads\/Cartel-Los-Montesinos-2026.jpeg\u00bb title_text=\u00bbCartel Los Montesinos 2026&#8243; _builder_version=\u00bb4.27.6&#8243; _module_preset=\u00bbdefault\u00bb width=\u00bb100%\u00bb max_width=\u00bb81%\u00bb hover_enabled=\u00bb0&#8243; global_colors_info=\u00bb{}\u00bb sticky_enabled=\u00bb0&#8243;][\/et_pb_image][\/et_pb_column][et_pb_column type=\u00bb1_2&#8243; _builder_version=\u00bb4.27.4&#8243; _module_preset=\u00bbdefault\u00bb global_colors_info=\u00bb{}\u00bb][et_pb_text _builder_version=\u00bb4.27.6&#8243; _module_preset=\u00bbdefault\u00bb hover_enabled=\u00bb0&#8243; global_colors_info=\u00bb{}\u00bb sticky_enabled=\u00bb0&#8243;]<\/p>\n<h2>Directiva Junta Mayor<\/h2>\n<p>Presidenta: Eulalia Piernas Andreu<\/p>\n<p>Vicepresidenta: Mar\u00eda del Mar S\u00e1ez Pedraza<\/p>\n<p>Secretaria: Silvia Guillam\u00f3n Aguilera<\/p>\n<p>Tesorero: Mariano S\u00e1ez Pedraza<\/p>\n<p>Vocales: Adriana S\u00e1ez Rodr\u00edguez, Mar\u00eda Paloma Pizana Abad\u00eda, Mar\u00eda del Rosario Cifo Moreno, Inmaculada Espinosa Ru\u00edz, Aurelia P\u00e9rez Espinosa, <span data-olk-copy-source=\"MessageBody\">Elisa Isabel Esquiva Berral<\/span><\/p>\n<p>Consiliario: Francisco Isidro Hern\u00e1ndez Escamilla<\/p>\n<p>[\/et_pb_text][et_pb_toggle title=\u00bbDirecci\u00f3n postal\u00bb _builder_version=\u00bb4.27.4&#8243; _module_preset=\u00bbdefault\u00bb custom_margin=\u00bb0px||||false|false\u00bb global_colors_info=\u00bb{}\u00bb]<\/p>\n<p>C\/San Antonio, 4, 03187 Los Montesinos<\/p>\n<p>[\/et_pb_toggle][et_pb_toggle title=\u00bbCorreo electr\u00f3nico\u00bb _builder_version=\u00bb4.27.4&#8243; _module_preset=\u00bbdefault\u00bb custom_margin=\u00bb0px||||false|false\u00bb global_colors_info=\u00bb{}\u00bb]<\/p>\n<p>losmontesinosjuntamayordecofra@gmail.com<\/p>\n<p>[\/et_pb_toggle][et_pb_toggle title=\u00bbTel\u00e9fono\u00bb _builder_version=\u00bb4.27.4&#8243; _module_preset=\u00bbdefault\u00bb global_colors_info=\u00bb{}\u00bb]<\/p>\n<p class=\"p1\"><span class=\"apple-converted-space\">\u00a0<\/span>610438489<o:p><\/o:p><\/p>\n<p>[\/et_pb_toggle][et_pb_toggle title=\u00bbRedes sociales\u00bb _builder_version=\u00bb4.27.4&#8243; _module_preset=\u00bbdefault\u00bb global_colors_info=\u00bb{}\u00bb]<\/p>\n<p><a href=\"https:\/\/www.facebook.com\/profile.php?id=100011510254383\">Facebook<\/a> e <a href=\"https:\/\/www.instagram.com\/parroquiadelpilarmontesinos\/\">Instagram<\/a><\/p>\n<p>[\/et_pb_toggle][et_pb_toggle title=\u00bbP\u00e1gina web\u00bb _builder_version=\u00bb4.27.4&#8243; _module_preset=\u00bbdefault\u00bb global_colors_info=\u00bb{}\u00bb][\/et_pb_toggle][\/et_pb_column][\/et_pb_row][et_pb_row column_structure=\u00bb1_3,2_3&#8243; _builder_version=\u00bb4.27.4&#8243; _module_preset=\u00bbdefault\u00bb global_colors_info=\u00bb{}\u00bb][et_pb_column type=\u00bb1_3&#8243; _builder_version=\u00bb4.27.4&#8243; _module_preset=\u00bbdefault\u00bb global_colors_info=\u00bb{}\u00bb][et_pb_text _builder_version=\u00bb4.27.4&#8243; _module_preset=\u00bbdefault\u00bb global_colors_info=\u00bb{}\u00bb]<\/p>\n<h2>Cofrad\u00edas y Hermandades<\/h2>\n<ul>\n<li>\n<p class=\"p1\">Cofrad\u00eda de Nuestra Se\u00f1ora de los Dolores<\/p>\n<\/li>\n<li>\n<p class=\"p1\">Cofrad\u00eda del Sant\u00edsimo Cristo Yacente<\/p>\n<\/li>\n<li>\n<p class=\"p1\">Cofrad\u00eda del Sant\u00edsimo Cristo del Perd\u00f3n en la Agon\u00eda<\/p>\n<\/li>\n<\/ul>\n<p>[\/et_pb_text][et_pb_text _builder_version=\u00bb4.27.6&#8243; _module_preset=\u00bbdefault\u00bb hover_enabled=\u00bb0&#8243; sticky_enabled=\u00bb0&#8243;]<\/p>\n<p>Pincha el siguiente enlace para conocer todo el contenido de la\u00a0<a href=\"https:\/\/juntadiocesanaoa.com\/wp-content\/uploads\/REVISTA-SEMANA-SANTA-2026-LOS-MONTESINOS-red.pdf\" rel=\"attachment wp-att-1572\">REVISTA SEMANA SANTA 2026 LOS MONTESINOS<\/a><\/p>\n<p>[\/et_pb_text][\/et_pb_column][et_pb_column type=\u00bb2_3&#8243; _builder_version=\u00bb4.27.4&#8243; _module_preset=\u00bbdefault\u00bb global_colors_info=\u00bb{}\u00bb][et_pb_image src=\u00bbhttps:\/\/juntadiocesanaoa.com\/wp-content\/uploads\/REVISTA-SEMANA-SANTA-2026-LOS-MONTESINOS-red-pdf.jpg\u00bb title_text=\u00bbREVISTA SEMANA SANTA 2026 LOS MONTESINOS red\u00bb _builder_version=\u00bb4.27.6&#8243; _module_preset=\u00bbdefault\u00bb width=\u00bb72%\u00bb module_alignment=\u00bbcenter\u00bb hover_enabled=\u00bb0&#8243; global_colors_info=\u00bb{}\u00bb sticky_enabled=\u00bb0&#8243; height=\u00bb596px\u00bb max_height=\u00bb1000px\u00bb][\/et_pb_image][\/et_pb_column][\/et_pb_row][et_pb_row column_structure=\u00bb1_4,3_4&#8243; _builder_version=\u00bb4.27.4&#8243; _module_preset=\u00bbdefault\u00bb global_colors_info=\u00bb{}\u00bb][et_pb_column type=\u00bb1_4&#8243; _builder_version=\u00bb4.27.4&#8243; _module_preset=\u00bbdefault\u00bb global_colors_info=\u00bb{}\u00bb][et_pb_heading title=\u00bbDatos de inter\u00e9s\u00bb _builder_version=\u00bb4.27.4&#8243; _module_preset=\u00bbdefault\u00bb global_colors_info=\u00bb{}\u00bb][\/et_pb_heading][\/et_pb_column][et_pb_column type=\u00bb3_4&#8243; _builder_version=\u00bb4.27.4&#8243; _module_preset=\u00bbdefault\u00bb global_colors_info=\u00bb{}\u00bb][et_pb_text _builder_version=\u00bb4.27.6&#8243; _module_preset=\u00bbdefault\u00bb custom_padding=\u00bb1px|||||\u00bb hover_enabled=\u00bb0&#8243; global_colors_info=\u00bb{}\u00bb sticky_enabled=\u00bb0&#8243;]<\/p>\n<p class=\"p1\"><b>Elementos distintivos: <\/b>Uno de los actos m\u00e1s emblem\u00e1ticos es la <b>alfombra floral<\/b> que se prepara para el\u00a0Domingo de Resurrecci\u00f3n: los vecinos recolectan flores y las colocan formando\u00a0mantos florales decorativos en el itinerario de la procesi\u00f3n.<\/p>\n<p class=\"p1\">En la Procesi\u00f3n del Encuentro, se escenifica\u00a0el encuentro entre la Virgen de los Dolores y\u00a0el Sant\u00edsimo Sacramento resucitado. En ese\u00a0momento se realiza un ritual simb\u00f3lico:\u00a0intercambio de banderas (una blanca como\u00a0s\u00edmbolo de vida\/resurrecci\u00f3n y otra negra como signo de luto\/dolor).<\/p>\n<p class=\"p1\"><b>Elementos religiosos y art\u00edsticos: <\/b>Entre las im\u00e1genes m\u00e1s destacadas est\u00e1 la Virgen de los Dolores, obra de Manuel Ribera Girona, hecha en 1952. Tambi\u00e9n est\u00e1 el Sant\u00edsimo Cristo Yacente, cuyo autor se desconoce, pero cuya imagen tiene gran arraigo en la poblaci\u00f3n. Y el <span data-olk-copy-source=\"MessageBody\">Sant\u00edsimo Cristo del Perd\u00f3n en su Agon\u00eda, realizado en 1952 en Olot (Gerona) en los talleres &#8216;El Renacimiento&#8217; o &#8216;Arte Cristiano&#8217;.<\/span><\/p>\n<p>[\/et_pb_text][\/et_pb_column][\/et_pb_row][et_pb_row column_structure=\u00bb1_4,3_4&#8243; _builder_version=\u00bb4.27.4&#8243; _module_preset=\u00bbdefault\u00bb global_colors_info=\u00bb{}\u00bb][et_pb_column type=\u00bb1_4&#8243; _builder_version=\u00bb4.27.4&#8243; _module_preset=\u00bbdefault\u00bb global_colors_info=\u00bb{}\u00bb][et_pb_heading title=\u00bbBreve historia de la Semana Santa de Los Montesinos\u00bb _builder_version=\u00bb4.27.4&#8243; _module_preset=\u00bbdefault\u00bb global_colors_info=\u00bb{}\u00bb][\/et_pb_heading][\/et_pb_column][et_pb_column type=\u00bb3_4&#8243; _builder_version=\u00bb4.27.4&#8243; _module_preset=\u00bbdefault\u00bb global_colors_info=\u00bb{}\u00bb][et_pb_text _builder_version=\u00bb4.27.4&#8243; _module_preset=\u00bbdefault\u00bb global_colors_info=\u00bb{}\u00bb]<\/p>\n<p class=\"p1\">El origen de la Procesi\u00f3n del Encuentro en\u00a0Domingo de Resurrecci\u00f3n se sit\u00faa entre finales del siglo XIX y principios del XX, seg\u00fan testimonios orales locales.<\/p>\n<p class=\"p1\">Aunque no hay fechas documentadas muy antiguas, la tradici\u00f3n se ha ido consolidando con el tiempo y creciendo en devoci\u00f3n y\u00a0participaci\u00f3n.<\/p>\n<p>&nbsp;<\/p>\n<p>[\/et_pb_text][\/et_pb_column][\/et_pb_row][et_pb_row _builder_version=\u00bb4.27.4&#8243; _module_preset=\u00bbdefault\u00bb global_colors_info=\u00bb{}\u00bb][et_pb_column type=\u00bb4_4&#8243; _builder_version=\u00bb4.27.4&#8243; _module_preset=\u00bbdefault\u00bb global_colors_info=\u00bb{}\u00bb][et_pb_text _builder_version=\u00bb4.27.4&#8243; _module_preset=\u00bbdefault\u00bb global_colors_info=\u00bb{}\u00bb]<\/p>\n<h3 class=\"style-scope ytd-watch-metadata\"><yt-formatted-string force-default-style=\"\" class=\"style-scope ytd-watch-metadata\" title=\"Procesi\u00f3n del Encuentro, Los Montesinos, 2023\">Procesi\u00f3n del Encuentro 2023, Domingo de Resurrecci\u00f3n, Los Montesinos<\/yt-formatted-string><\/h3>\n<p><iframe loading=\"lazy\" title=\"Procesi\u00f3n del Encuentro, Los Montesinos, 2023\" width=\"1080\" height=\"608\" src=\"https:\/\/www.youtube.com\/embed\/_HeLwkgwQFU?feature=oembed\"  allow=\"accelerometer; autoplay; clipboard-write; encrypted-media; gyroscope; picture-in-picture; web-share\" referrerpolicy=\"strict-origin-when-cross-origin\" allowfullscreen><\/iframe><\/p>\n<p>[\/et_pb_text][\/et_pb_column][\/et_pb_row][\/et_pb_section]<\/p>\n","protected":false},"excerpt":{"rendered":"<p>2025400La Procesi\u00f3n del Encuentro est\u00e1 Declarada de Inter\u00e9s Tur\u00edstico Local\u00a0Parroquia de Nuestra Se\u00f1ora del Pilar de Los MontesinosDirectiva Junta Mayor Presidenta: Eulalia Piernas Andreu Vicepresidenta: Mar\u00eda del Mar S\u00e1ez Pedraza Secretaria: Silvia Guillam\u00f3n Aguilera Tesorero: Mariano S\u00e1ez Pedraza Vocales: Adriana S\u00e1ez Rodr\u00edguez, Mar\u00eda Paloma Pizana Abad\u00eda, Mar\u00eda del Rosario Cifo Moreno, Inmaculada Espinosa Ru\u00edz, Aurelia [&hellip;]<\/p>\n","protected":false},"author":2,"featured_media":0,"parent":0,"menu_order":0,"comment_status":"closed","ping_status":"closed","template":"","meta":{"_et_pb_use_builder":"on","_et_pb_old_content":"<!-- wp:divi\/placeholder \/-->","_et_gb_content_width":"","footnotes":""},"class_list":["post-490","page","type-page","status-publish","hentry"],"yoast_head":"<!-- This site is optimized with the Yoast SEO plugin v27.2 - https:\/\/yoast.com\/product\/yoast-seo-wordpress\/ -->\n<title>Los Montesinos - Junta Diocesana Orihuela-Alicante<\/title>\n<meta name=\"robots\" content=\"index, follow, max-snippet:-1, max-image-preview:large, max-video-preview:-1\" \/>\n<link rel=\"canonical\" href=\"https:\/\/juntadiocesanaoa.com\/?page_id=490\" \/>\n<meta property=\"og:locale\" content=\"es_ES\" \/>\n<meta property=\"og:type\" content=\"article\" \/>\n<meta property=\"og:title\" content=\"Los Montesinos - Junta Diocesana Orihuela-Alicante\" \/>\n<meta property=\"og:description\" content=\"2025400La Procesi\u00f3n del Encuentro est\u00e1 Declarada de Inter\u00e9s Tur\u00edstico Local\u00a0Parroquia de Nuestra Se\u00f1ora del Pilar de Los MontesinosDirectiva Junta Mayor Presidenta: Eulalia Piernas Andreu Vicepresidenta: Mar\u00eda del Mar S\u00e1ez Pedraza Secretaria: Silvia Guillam\u00f3n Aguilera Tesorero: Mariano S\u00e1ez Pedraza Vocales: Adriana S\u00e1ez Rodr\u00edguez, Mar\u00eda Paloma Pizana Abad\u00eda, Mar\u00eda del Rosario Cifo Moreno, Inmaculada Espinosa Ru\u00edz, Aurelia [&hellip;]\" \/>\n<meta property=\"og:url\" content=\"https:\/\/juntadiocesanaoa.com\/?page_id=490\" \/>\n<meta property=\"og:site_name\" content=\"Junta Diocesana Orihuela-Alicante\" \/>\n<meta property=\"article:modified_time\" content=\"2026-03-28T18:21:26+00:00\" \/>\n<meta name=\"twitter:card\" content=\"summary_large_image\" \/>\n<script type=\"application\/ld+json\" class=\"yoast-schema-graph\">{\"@context\":\"https:\/\/schema.org\",\"@graph\":[{\"@type\":\"WebPage\",\"@id\":\"https:\/\/juntadiocesanaoa.com\/?page_id=490\",\"url\":\"https:\/\/juntadiocesanaoa.com\/?page_id=490\",\"name\":\"Los Montesinos - Junta Diocesana Orihuela-Alicante\",\"isPartOf\":{\"@id\":\"https:\/\/juntadiocesanaoa.com\/#website\"},\"datePublished\":\"2025-11-05T12:24:58+00:00\",\"dateModified\":\"2026-03-28T18:21:26+00:00\",\"breadcrumb\":{\"@id\":\"https:\/\/juntadiocesanaoa.com\/?page_id=490#breadcrumb\"},\"inLanguage\":\"es\",\"potentialAction\":[{\"@type\":\"ReadAction\",\"target\":[\"https:\/\/juntadiocesanaoa.com\/?page_id=490\"]}]},{\"@type\":\"BreadcrumbList\",\"@id\":\"https:\/\/juntadiocesanaoa.com\/?page_id=490#breadcrumb\",\"itemListElement\":[{\"@type\":\"ListItem\",\"position\":1,\"name\":\"Portada\",\"item\":\"https:\/\/juntadiocesanaoa.com\/\"},{\"@type\":\"ListItem\",\"position\":2,\"name\":\"Los Montesinos\"}]},{\"@type\":\"WebSite\",\"@id\":\"https:\/\/juntadiocesanaoa.com\/#website\",\"url\":\"https:\/\/juntadiocesanaoa.com\/\",\"name\":\"Junta Diocesana Orihuela-Alicante\",\"description\":\"\",\"potentialAction\":[{\"@type\":\"SearchAction\",\"target\":{\"@type\":\"EntryPoint\",\"urlTemplate\":\"https:\/\/juntadiocesanaoa.com\/?s={search_term_string}\"},\"query-input\":{\"@type\":\"PropertyValueSpecification\",\"valueRequired\":true,\"valueName\":\"search_term_string\"}}],\"inLanguage\":\"es\"}]}<\/script>\n<!-- \/ Yoast SEO plugin. -->","yoast_head_json":{"title":"Los Montesinos - Junta Diocesana Orihuela-Alicante","robots":{"index":"index","follow":"follow","max-snippet":"max-snippet:-1","max-image-preview":"max-image-preview:large","max-video-preview":"max-video-preview:-1"},"canonical":"https:\/\/juntadiocesanaoa.com\/?page_id=490","og_locale":"es_ES","og_type":"article","og_title":"Los Montesinos - Junta Diocesana Orihuela-Alicante","og_description":"2025400La Procesi\u00f3n del Encuentro est\u00e1 Declarada de Inter\u00e9s Tur\u00edstico Local\u00a0Parroquia de Nuestra Se\u00f1ora del Pilar de Los MontesinosDirectiva Junta Mayor Presidenta: Eulalia Piernas Andreu Vicepresidenta: Mar\u00eda del Mar S\u00e1ez Pedraza Secretaria: Silvia Guillam\u00f3n Aguilera Tesorero: Mariano S\u00e1ez Pedraza Vocales: Adriana S\u00e1ez Rodr\u00edguez, Mar\u00eda Paloma Pizana Abad\u00eda, Mar\u00eda del Rosario Cifo Moreno, Inmaculada Espinosa Ru\u00edz, Aurelia [&hellip;]","og_url":"https:\/\/juntadiocesanaoa.com\/?page_id=490","og_site_name":"Junta Diocesana Orihuela-Alicante","article_modified_time":"2026-03-28T18:21:26+00:00","twitter_card":"summary_large_image","schema":{"@context":"https:\/\/schema.org","@graph":[{"@type":"WebPage","@id":"https:\/\/juntadiocesanaoa.com\/?page_id=490","url":"https:\/\/juntadiocesanaoa.com\/?page_id=490","name":"Los Montesinos - Junta Diocesana Orihuela-Alicante","isPartOf":{"@id":"https:\/\/juntadiocesanaoa.com\/#website"},"datePublished":"2025-11-05T12:24:58+00:00","dateModified":"2026-03-28T18:21:26+00:00","breadcrumb":{"@id":"https:\/\/juntadiocesanaoa.com\/?page_id=490#breadcrumb"},"inLanguage":"es","potentialAction":[{"@type":"ReadAction","target":["https:\/\/juntadiocesanaoa.com\/?page_id=490"]}]},{"@type":"BreadcrumbList","@id":"https:\/\/juntadiocesanaoa.com\/?page_id=490#breadcrumb","itemListElement":[{"@type":"ListItem","position":1,"name":"Portada","item":"https:\/\/juntadiocesanaoa.com\/"},{"@type":"ListItem","position":2,"name":"Los Montesinos"}]},{"@type":"WebSite","@id":"https:\/\/juntadiocesanaoa.com\/#website","url":"https:\/\/juntadiocesanaoa.com\/","name":"Junta Diocesana Orihuela-Alicante","description":"","potentialAction":[{"@type":"SearchAction","target":{"@type":"EntryPoint","urlTemplate":"https:\/\/juntadiocesanaoa.com\/?s={search_term_string}"},"query-input":{"@type":"PropertyValueSpecification","valueRequired":true,"valueName":"search_term_string"}}],"inLanguage":"es"}]}},"_links":{"self":[{"href":"https:\/\/juntadiocesanaoa.com\/index.php?rest_route=\/wp\/v2\/pages\/490","targetHints":{"allow":["GET"]}}],"collection":[{"href":"https:\/\/juntadiocesanaoa.com\/index.php?rest_route=\/wp\/v2\/pages"}],"about":[{"href":"https:\/\/juntadiocesanaoa.com\/index.php?rest_route=\/wp\/v2\/types\/page"}],"author":[{"embeddable":true,"href":"https:\/\/juntadiocesanaoa.com\/index.php?rest_route=\/wp\/v2\/users\/2"}],"replies":[{"embeddable":true,"href":"https:\/\/juntadiocesanaoa.com\/index.php?rest_route=%2Fwp%2Fv2%2Fcomments&post=490"}],"version-history":[{"count":18,"href":"https:\/\/juntadiocesanaoa.com\/index.php?rest_route=\/wp\/v2\/pages\/490\/revisions"}],"predecessor-version":[{"id":1580,"href":"https:\/\/juntadiocesanaoa.com\/index.php?rest_route=\/wp\/v2\/pages\/490\/revisions\/1580"}],"wp:attachment":[{"href":"https:\/\/juntadiocesanaoa.com\/index.php?rest_route=%2Fwp%2Fv2%2Fmedia&parent=490"}],"curies":[{"name":"wp","href":"https:\/\/api.w.org\/{rel}","templated":true}]}}