{"id":484,"date":"2025-11-05T12:24:12","date_gmt":"2025-11-05T12:24:12","guid":{"rendered":"https:\/\/juntadiocesanaoa.com\/?page_id=484"},"modified":"2026-02-19T22:07:05","modified_gmt":"2026-02-19T22:07:05","slug":"elda","status":"publish","type":"page","link":"https:\/\/juntadiocesanaoa.com\/?page_id=484","title":{"rendered":"Elda"},"content":{"rendered":"<p>[et_pb_section fb_built=\u00bb1&#8243; _builder_version=\u00bb4.27.4&#8243; _module_preset=\u00bbdefault\u00bb global_colors_info=\u00bb{}\u00bb][et_pb_row column_structure=\u00bb1_2,1_2&#8243; _builder_version=\u00bb4.27.4&#8243; _module_preset=\u00bbdefault\u00bb global_colors_info=\u00bb{}\u00bb][et_pb_column type=\u00bb1_2&#8243; _builder_version=\u00bb4.27.4&#8243; _module_preset=\u00bbdefault\u00bb global_colors_info=\u00bb{}\u00bb][et_pb_heading title=\u00bbElda\u00bb _builder_version=\u00bb4.27.4&#8243; _module_preset=\u00bbdefault\u00bb global_colors_info=\u00bb{}\u00bb][\/et_pb_heading][et_pb_image src=\u00bbhttps:\/\/juntadiocesanaoa.com\/wp-content\/uploads\/escudo-jm-elda.png\u00bb title_text=\u00bbescudo jm elda\u00bb align=\u00bbcenter\u00bb _builder_version=\u00bb4.27.4&#8243; _module_preset=\u00bbdefault\u00bb module_alignment=\u00bbleft\u00bb max_height=\u00bb166px\u00bb global_colors_info=\u00bb{}\u00bb][\/et_pb_image][et_pb_heading title=\u00bbJunta Mayor de Cofrad\u00edas y Hermandades de Semana Santa de Elda\u00bb _builder_version=\u00bb4.27.4&#8243; _module_preset=\u00bbdefault\u00bb global_colors_info=\u00bb{}\u00bb][\/et_pb_heading][et_pb_tabs _builder_version=\u00bb4.27.4&#8243; _module_preset=\u00bbdefault\u00bb global_colors_info=\u00bb{}\u00bb][et_pb_tab title=\u00bbA\u00f1o de fundaci\u00f3n\u00bb _builder_version=\u00bb4.27.4&#8243; _module_preset=\u00bbdefault\u00bb global_colors_info=\u00bb{}\u00bb]<\/p>\n<p>1988<\/p>\n<p>[\/et_pb_tab][et_pb_tab title=\u00bbHermanos cofrades\u00bb _builder_version=\u00bb4.27.4&#8243; _module_preset=\u00bbdefault\u00bb global_colors_info=\u00bb{}\u00bb]<\/p>\n<p>800<\/p>\n<p>[\/et_pb_tab][et_pb_tab title=\u00bbSede can\u00f3nica\u00bb _builder_version=\u00bb4.27.4&#8243; _module_preset=\u00bbdefault\u00bb global_colors_info=\u00bb{}\u00bb]<\/p>\n<p>Parroquia de Santa Ana<\/p>\n<p>[\/et_pb_tab][\/et_pb_tabs][\/et_pb_column][et_pb_column type=\u00bb1_2&#8243; _builder_version=\u00bb4.27.4&#8243; _module_preset=\u00bbdefault\u00bb global_colors_info=\u00bb{}\u00bb][et_pb_image src=\u00bbhttps:\/\/juntadiocesanaoa.com\/wp-content\/uploads\/Semana-Santa-Elda-01.jpg\u00bb title_text=\u00bbSemana Santa Elda 01&#8243; _builder_version=\u00bb4.27.4&#8243; _module_preset=\u00bbdefault\u00bb global_colors_info=\u00bb{}\u00bb][\/et_pb_image][\/et_pb_column][\/et_pb_row][et_pb_row column_structure=\u00bb1_2,1_2&#8243; _builder_version=\u00bb4.27.4&#8243; _module_preset=\u00bbdefault\u00bb global_colors_info=\u00bb{}\u00bb][et_pb_column type=\u00bb1_2&#8243; _builder_version=\u00bb4.27.4&#8243; _module_preset=\u00bbdefault\u00bb global_colors_info=\u00bb{}\u00bb][et_pb_image src=\u00bbhttps:\/\/juntadiocesanaoa.com\/wp-content\/uploads\/Semana-Santa-Elda-02.jpg\u00bb title_text=\u00bbOLYMPUS DIGITAL CAMERA\u00bb _builder_version=\u00bb4.27.4&#8243; _module_preset=\u00bbdefault\u00bb width=\u00bb100%\u00bb max_width=\u00bb81%\u00bb global_colors_info=\u00bb{}\u00bb][\/et_pb_image][\/et_pb_column][et_pb_column type=\u00bb1_2&#8243; _builder_version=\u00bb4.27.4&#8243; _module_preset=\u00bbdefault\u00bb global_colors_info=\u00bb{}\u00bb][et_pb_text _builder_version=\u00bb4.27.4&#8243; _module_preset=\u00bbdefault\u00bb hover_enabled=\u00bb0&#8243; global_colors_info=\u00bb{}\u00bb sticky_enabled=\u00bb0&#8243;]<\/p>\n<h2>Directiva Junta Mayor<\/h2>\n<p>Presidente: Jos\u00e9 Pascual Barcel\u00f3 L\u00f3pez<\/p>\n<p>Vicepresidente: Gerardo Cerd\u00e1 Rico<\/p>\n<p>Secretaria: Pilar Riquelme Escobar<\/p>\n<p>Tesorero: Antonio Vera<\/p>\n<p>Vocal: David Sempere L\u00f3pez<\/p>\n<p>Consiliario:\u00a0Rvdo. D. Antonio Javier Villalba Belmonte<\/p>\n<p>[\/et_pb_text][et_pb_toggle title=\u00bbDirecci\u00f3n postal\u00bb _builder_version=\u00bb4.27.4&#8243; _module_preset=\u00bbdefault\u00bb custom_margin=\u00bb0px||||false|false\u00bb global_colors_info=\u00bb{}\u00bb]<\/p>\n<p>Apartado de Correos 1023<\/p>\n<p>[\/et_pb_toggle][et_pb_toggle title=\u00bbCorreo electr\u00f3nico\u00bb _builder_version=\u00bb4.27.4&#8243; _module_preset=\u00bbdefault\u00bb custom_margin=\u00bb0px||||false|false\u00bb global_colors_info=\u00bb{}\u00bb]<\/p>\n<p>presidencia@semanasantaelda.es<\/p>\n<p>[\/et_pb_toggle][et_pb_toggle title=\u00bbTel\u00e9fono\u00bb _builder_version=\u00bb4.27.4&#8243; _module_preset=\u00bbdefault\u00bb global_colors_info=\u00bb{}\u00bb]<\/p>\n<p>622626957<\/p>\n<p>[\/et_pb_toggle][et_pb_toggle title=\u00bbRedes sociales\u00bb _builder_version=\u00bb4.27.4&#8243; _module_preset=\u00bbdefault\u00bb global_colors_info=\u00bb{}\u00bb]<\/p>\n<p><a href=\"https:\/\/www.facebook.com\/JMCofradiasElda\/\">Facebook<\/a><\/p>\n<p>[\/et_pb_toggle][et_pb_toggle title=\u00bbP\u00e1gina web\u00bb _builder_version=\u00bb4.27.4&#8243; _module_preset=\u00bbdefault\u00bb global_colors_info=\u00bb{}\u00bb]<\/p>\n<p><a href=\"http:\/\/www.semanasantaelda.es\">www.semanasantaelda.es<\/a><\/p>\n<p>[\/et_pb_toggle][\/et_pb_column][\/et_pb_row][et_pb_row column_structure=\u00bb1_3,2_3&#8243; _builder_version=\u00bb4.27.4&#8243; _module_preset=\u00bbdefault\u00bb global_colors_info=\u00bb{}\u00bb][et_pb_column type=\u00bb1_3&#8243; _builder_version=\u00bb4.27.4&#8243; _module_preset=\u00bbdefault\u00bb global_colors_info=\u00bb{}\u00bb][et_pb_text _builder_version=\u00bb4.27.4&#8243; _module_preset=\u00bbdefault\u00bb global_colors_info=\u00bb{}\u00bb]<\/p>\n<h2>Cofrad\u00edas y Hermandades<\/h2>\n<ul>\n<li>Cofrad\u00eda Santa Cena. N\u00ba R.E.R. 026688<\/li>\n<li>Cofrad\u00eda y Hermandad de Nuestro Padre Jes\u00fas de Medinaceli y Dulce Nombre de Jes\u00fas. R.E.R. 025570<\/li>\n<li>Cofrad\u00eda\u00a0 Mujer Ver\u00f3nica. R.E.R. 026356<\/li>\n<li>Cofrad\u00eda Nuestro Padre Jes\u00fas Nazareno<\/li>\n<li>Cofrad\u00eda del Calvario del Cristo del Buen Amor<\/li>\n<li>Cofrad\u00eda de Nuestra Se\u00f1ora de la Piedad y Sant\u00edsimo Cristo del Perd\u00f3n<\/li>\n<li>Cofrad\u00eda del Santo Sepulcro. R.E.R. 025822<\/li>\n<li>Cofrad\u00eda de Nazarenos y Mantillas de Nuestra Se\u00f1ora la Virgen Mar\u00eda de la Soledad<\/li>\n<\/ul>\n<p>[\/et_pb_text][\/et_pb_column][et_pb_column type=\u00bb2_3&#8243; _builder_version=\u00bb4.27.4&#8243; _module_preset=\u00bbdefault\u00bb global_colors_info=\u00bb{}\u00bb][et_pb_image src=\u00bbhttps:\/\/juntadiocesanaoa.com\/wp-content\/uploads\/Semana-Santa-Elda-12-La-cena-Jose-Maria-Canto.jpg\u00bb title_text=\u00bbSemana Santa Elda 12 La cena Jose Maria Canto\u00bb show_bottom_space=\u00bboff\u00bb _builder_version=\u00bb4.27.4&#8243; _module_preset=\u00bbdefault\u00bb custom_margin=\u00bb||2px||false|false\u00bb global_colors_info=\u00bb{}\u00bb][\/et_pb_image][et_pb_text _builder_version=\u00bb4.27.4&#8243; _module_preset=\u00bbdefault\u00bb custom_margin=\u00bb0px||0px||false|false\u00bb custom_padding=\u00bb0px|||||\u00bb global_colors_info=\u00bb{}\u00bb]<\/p>\n<h4 class=\"p1\">La Cena. <em>Foto Jos\u00e9 Mar\u00eda Cant\u00f3<\/em><\/h4>\n<p>[\/et_pb_text][\/et_pb_column][\/et_pb_row][et_pb_row column_structure=\u00bb1_4,3_4&#8243; _builder_version=\u00bb4.27.4&#8243; _module_preset=\u00bbdefault\u00bb global_colors_info=\u00bb{}\u00bb][et_pb_column type=\u00bb1_4&#8243; _builder_version=\u00bb4.27.4&#8243; _module_preset=\u00bbdefault\u00bb global_colors_info=\u00bb{}\u00bb][et_pb_heading title=\u00bbDatos de inter\u00e9s\u00bb _builder_version=\u00bb4.27.4&#8243; _module_preset=\u00bbdefault\u00bb global_colors_info=\u00bb{}\u00bb][\/et_pb_heading][\/et_pb_column][et_pb_column type=\u00bb3_4&#8243; _builder_version=\u00bb4.27.4&#8243; _module_preset=\u00bbdefault\u00bb global_colors_info=\u00bb{}\u00bb][et_pb_text _builder_version=\u00bb4.27.4&#8243; _module_preset=\u00bbdefault\u00bb custom_padding=\u00bb1px|||||\u00bb global_colors_info=\u00bb{}\u00bb]<\/p>\n<p><span style=\"font-size: 14px;\">La identidad de la Semana Santa eldense actual se apoya en sus cofrad\u00edas:<\/span><\/p>\n<ol>\n<li><strong>Santa Cena:<\/strong> Destaca por su monumental grupo escult\u00f3rico, uno de los m\u00e1s grandes de la provincia, que representa el momento de la instituci\u00f3n de la Eucarist\u00eda.<\/li>\n<li><strong>Nuestro Padre Jes\u00fas de Medinaceli:<\/strong> Posee una de las mayores devociones populares, especialmente en su besapi\u00e9s y en su procesi\u00f3n del Lunes Santo.<\/li>\n<li><strong>Nuestro Padre Jes\u00fas Nazareno:<\/strong> Custodia la tradici\u00f3n hist\u00f3rica de la ciudad, vinculada a las familias m\u00e1s antiguas de Elda.<\/li>\n<li><strong>Santa Mujer Ver\u00f3nica:<\/strong> Conocida por su elegancia y por el acto del encuentro del Martes Santo con el Nazareno, un momento cumbre de la semana.<\/li>\n<li><strong>Santo Calvario (Cristo del Buen Amor):<\/strong> Aporta sobriedad y un estilo de carga caracter\u00edstico.<\/li>\n<li><strong>Nuestra Se\u00f1ora de la Soledad:<\/strong> Representa el dolor de la madre. Ha evolucionado en su est\u00e9tica, incorporando el palio y el acompa\u00f1amiento de las \u00abManolas\u00bb (mujeres con mantilla negra).<\/li>\n<li><strong>Santo Sepulcro:<\/strong> Es la imagen central de la procesi\u00f3n oficial del Viernes Santo, representando el entierro de Cristo.<\/li>\n<\/ol>\n<p>Aparte de la Semana Santa propiamente dicha, la Junta Mayor es la encargada de la tradici\u00f3n de los Gigantes y Cabezudos y de montar el Bel\u00e9n Monumental de la ciudad.<\/p>\n<p>La Junta Mayor tambi\u00e9n organiza el concurso de fotograf\u00eda de la Semana Santa de Elda.<\/p>\n<p>[\/et_pb_text][\/et_pb_column][\/et_pb_row][et_pb_row column_structure=\u00bb1_4,3_4&#8243; _builder_version=\u00bb4.27.4&#8243; _module_preset=\u00bbdefault\u00bb global_colors_info=\u00bb{}\u00bb][et_pb_column type=\u00bb1_4&#8243; _builder_version=\u00bb4.27.4&#8243; _module_preset=\u00bbdefault\u00bb global_colors_info=\u00bb{}\u00bb][et_pb_heading title=\u00bbBreve historia de la Semana Santa de Elda\u00bb _builder_version=\u00bb4.27.4&#8243; _module_preset=\u00bbdefault\u00bb global_colors_info=\u00bb{}\u00bb][\/et_pb_heading][\/et_pb_column][et_pb_column type=\u00bb3_4&#8243; _builder_version=\u00bb4.27.4&#8243; _module_preset=\u00bbdefault\u00bb global_colors_info=\u00bb{}\u00bb][et_pb_text _builder_version=\u00bb4.27.4&#8243; _module_preset=\u00bbdefault\u00bb global_colors_info=\u00bb{}\u00bb]<\/p>\n<p>La Semana Santa de Elda representa una de las manifestaciones religiosas y culturales m\u00e1s profundas de la ciudad. Tras un periodo de interrupci\u00f3n y posterior resurgimiento a finales de los a\u00f1os 80, la festividad ha logrado consolidarse como un pilar de la identidad eldense, uniendo la devoci\u00f3n religiosa con el patrimonio art\u00edstico y la participaci\u00f3n social.<\/p>\n<p><strong>Antecedentes Hist\u00f3ricos (Siglos XVI &#8211; XIX)<\/strong><\/p>\n<p>Aunque la estructura actual es moderna, las ra\u00edces se hunden en los siglos posteriores a la Reconquista. Tras la expulsi\u00f3n de los moriscos en 1609, la Iglesia impuls\u00f3 las cofrad\u00edas como m\u00e9todo de evangelizaci\u00f3n. En el siglo XVII ya se tiene constancia de la Cofrad\u00eda de Nuestra Se\u00f1ora del Rosario y el Dulc\u00edsimo Nombre de Jes\u00fas.<\/p>\n<p>Durante el siglo XVIII, el culto al Cristo del Calvario tom\u00f3 fuerza, con referencias a representaciones del Descendimiento en el Monte Calvario de Elda. Ya en el siglo XIX, figuras como Emilio Castelar recordaban en sus memorias la solemnidad de las procesiones de su infancia, mencionando especialmente la devoci\u00f3n a la Virgen de los Dolores y al Jes\u00fas Nazareno, cuya imagen fue tra\u00edda desde Roma por la familia Amat en el siglo XVIII.<\/p>\n<p><strong>La Etapa de 1929 a 1973: Auge y Ca\u00edda<\/strong><\/p>\n<p>El a\u00f1o 1929 marca un punto de referencia con programas de mano que ya detallaban un orden procesional establecido, con im\u00e1genes como la Soledad y el Nazareno. Tras el par\u00e9ntesis de la Guerra Civil, la d\u00e9cada de los 40 y 50 supuso un periodo de esplendor:<\/p>\n<ul>\n<li><strong>1948:<\/strong> Se incorpora la Santa Mujer Ver\u00f3nica.<\/li>\n<li><strong>1954:<\/strong> Aparece la devoci\u00f3n a Jes\u00fas de Medinaceli.<\/li>\n<li><strong>A\u00f1os 60:<\/strong> La fiesta contaba con cinco cofrad\u00edas principales, pero empez\u00f3 a sufrir un desgaste debido al cambio en las costumbres sociales y la falta de relevo generacional.<\/li>\n<\/ul>\n<p>En <strong>1973<\/strong>, la crisis fue tal que el Consejo Pastoral de Santa Ana decidi\u00f3 suprimir la mayor\u00eda de los desfiles, manteniendo \u00fanicamente el Santo Entierro y la Procesi\u00f3n del Silencio, lo que sumi\u00f3 a la Semana Santa en un periodo de oscuridad.<\/p>\n<p><strong>El Resurgimiento Moderno (1988 &#8211; 2021)<\/strong><\/p>\n<p>En 1988, un grupo de j\u00f3venes entusiastas, con el apoyo de las parroquias locales, decidi\u00f3 recuperar las tradiciones perdidas. Este \u00abnuevo despertar\u00bb se caracteriza por una organizaci\u00f3n m\u00e1s profesional y un aumento significativo en la calidad art\u00edstica de los pasos.<\/p>\n<p><strong>D\u00e9cada de los 90: Crecimiento y Estructura<\/strong><\/p>\n<p>En esta etapa nace la Hermandad de Cofrad\u00edas (unificando criterios) y se fundan o refundan entidades clave. En 1989 se funda la Cofradia del Santo Calvario y\u00a0 en 1991 aparece la Cofrad\u00eda de la Santa Cena y en 1992 llega a la ciudad la imagen del Cristo del Buen Amor. La introducci\u00f3n de bandas de cornetas y tambores propias y el uso de tronos cargados a hombros otorgaron a la Semana Santa de Elda una est\u00e9tica m\u00e1s solemne y participativa.<\/p>\n<p><strong>El Siglo XXI: Consolidaci\u00f3n<\/strong><\/p>\n<p>A partir del a\u00f1o 2000, la celebraci\u00f3n se enfrent\u00f3 a retos como la crisis econ\u00f3mica de 2008, que afect\u00f3 al n\u00famero de cofrades, pero la fe y el esfuerzo vecinal mantuvieron la llama viva. Se crearon nuevos eventos como el Preg\u00f3n Oficial y se mejoraron los itinerarios, creando la \u00abCarrera Oficial\u00bb para dar mayor lucimiento a los desfiles procesionales.<\/p>\n<p>En 2020 y 2021, la pandemia del COVID-19 oblig\u00f3 a la suspensi\u00f3n de las procesiones en la calle. Sin embargo, la Hermandad se adapt\u00f3 realizando actos lit\u00fargicos a puerta cerrada y utilizando las redes sociales para mantener la uni\u00f3n de los fieles, demostrando que la tradici\u00f3n estaba plenamente arraigada.<\/p>\n<p><strong style=\"font-size: 14px;\">Conclusi\u00f3n<\/strong><\/p>\n<p>La historia de la Semana Santa en Elda es una cr\u00f3nica de resiliencia. Desde las antiguas cofrad\u00edas del siglo XVII hasta la moderna Hermandad del siglo XXI, la ciudad ha sabido preservar su fe y su arte. Hoy en d\u00eda, no es solo un evento religioso, sino un motor cultural que moviliza a miles de personas y que ha logrado sobrevivir incluso a los tiempos m\u00e1s dif\u00edciles, proyect\u00e1ndose hacia el futuro con renovada esperanza.<\/p>\n<p>[\/et_pb_text][\/et_pb_column][\/et_pb_row][et_pb_row _builder_version=\u00bb4.27.4&#8243; _module_preset=\u00bbdefault\u00bb global_colors_info=\u00bb{}\u00bb][et_pb_column type=\u00bb4_4&#8243; _builder_version=\u00bb4.27.4&#8243; _module_preset=\u00bbdefault\u00bb global_colors_info=\u00bb{}\u00bb][dica_divi_carousel loop=\u00bbon\u00bb autoplay=\u00bbon\u00bb hoverpause=\u00bbon\u00bb arrow_nav=\u00bbon\u00bb dot_nav=\u00bbon\u00bb advanced_effect=\u00bb1&#8243; _builder_version=\u00bb4.27.4&#8243; _module_preset=\u00bbdefault\u00bb global_colors_info=\u00bb{}\u00bb][dica_divi_carouselitem title=\u00bb El Encuentro\u00bb sub_title=\u00bbJose\u0301 Antonio Navarrete Vilaplana\u00bb button_url_new_window=\u00bb1&#8243; image=\u00bbhttps:\/\/juntadiocesanaoa.com\/wp-content\/uploads\/Semana-Santa-Elda-04_Jose-Antonio-Navarret-Vilaplana_el-encuentro.jpg\u00bb image_lightbox=\u00bbon\u00bb _builder_version=\u00bb4.27.4&#8243; _module_preset=\u00bbdefault\u00bb global_colors_info=\u00bb{}\u00bb][\/dica_divi_carouselitem][dica_divi_carouselitem title=\u00bb \u00bb sub_title=\u00bbRosa Medina Miralles\u00bb button_url_new_window=\u00bb1&#8243; image=\u00bbhttps:\/\/juntadiocesanaoa.com\/wp-content\/uploads\/Semana-Santa-Elda-07_Rosa-Medina-Miralles_ST.jpg\u00bb image_lightbox=\u00bbon\u00bb _builder_version=\u00bb4.27.4&#8243; _module_preset=\u00bbdefault\u00bb global_colors_info=\u00bb{}\u00bb][\/dica_divi_carouselitem][dica_divi_carouselitem title=\u00bb Santo Entierro\u00bb sub_title=\u00bbLuis Poveda\u00bb button_url_new_window=\u00bb1&#8243; image=\u00bbhttps:\/\/juntadiocesanaoa.com\/wp-content\/uploads\/Semana-Santa-Elda-06_Luis-Poveda_Santo-Entierro.jpg\u00bb image_lightbox=\u00bbon\u00bb _builder_version=\u00bb4.27.4&#8243; _module_preset=\u00bbdefault\u00bb global_colors_info=\u00bb{}\u00bb][\/dica_divi_carouselitem][dica_divi_carouselitem title=\u00bbCostaleros\u00bb sub_title=\u00bbJos\u00e9 Antonio Pentinat Ayelo\u00bb button_url_new_window=\u00bb1&#8243; image=\u00bbhttps:\/\/juntadiocesanaoa.com\/wp-content\/uploads\/Semana-Santa-Elda-03_Anto-Pentinat-Ayelo_Costaleros.jpg\u00bb image_lightbox=\u00bbon\u00bb _builder_version=\u00bb4.27.4&#8243; _module_preset=\u00bbdefault\u00bb global_colors_info=\u00bb{}\u00bb][\/dica_divi_carouselitem][\/dica_divi_carousel][dica_divi_carousel show_items_desktop=\u00bb3&#8243; loop=\u00bbon\u00bb autoplay=\u00bbon\u00bb hoverpause=\u00bbon\u00bb arrow_nav=\u00bbon\u00bb dot_nav=\u00bbon\u00bb advanced_effect=\u00bb1&#8243; _builder_version=\u00bb4.27.4&#8243; _module_preset=\u00bbdefault\u00bb global_colors_info=\u00bb{}\u00bb][dica_divi_carouselitem title=\u00bb \u00bb sub_title=\u00bbMari Carmen Rico\u00bb button_url_new_window=\u00bb1&#8243; image=\u00bbhttps:\/\/juntadiocesanaoa.com\/wp-content\/uploads\/Semana-Santa-Elda-08_Mari-Carmen-Rico-7.jpg\u00bb image_lightbox=\u00bbon\u00bb _builder_version=\u00bb4.27.4&#8243; _module_preset=\u00bbdefault\u00bb global_colors_info=\u00bb{}\u00bb][\/dica_divi_carouselitem][dica_divi_carouselitem title=\u00bbProcesi\u00f3n\u00bb sub_title=\u00bbJos\u00e9 L\u00f3pez Gim\u00e9nez\u00bb button_url_new_window=\u00bb1&#8243; image=\u00bbhttps:\/\/juntadiocesanaoa.com\/wp-content\/uploads\/Semana-Santa-Elda-05-_Jose-Lopez-Gimenez_Procesion.jpg\u00bb image_lightbox=\u00bbon\u00bb _builder_version=\u00bb4.27.4&#8243; _module_preset=\u00bbdefault\u00bb global_colors_info=\u00bb{}\u00bb][\/dica_divi_carouselitem][dica_divi_carouselitem button_url_new_window=\u00bb1&#8243; image=\u00bbhttps:\/\/juntadiocesanaoa.com\/wp-content\/uploads\/Semana-Santa-Elda-CALENDARIO-2023-2024.jpg\u00bb image_lightbox=\u00bbon\u00bb _builder_version=\u00bb4.27.4&#8243; _module_preset=\u00bbdefault\u00bb global_colors_info=\u00bb{}\u00bb][\/dica_divi_carouselitem][\/dica_divi_carousel][\/et_pb_column][\/et_pb_row][\/et_pb_section]<\/p>\n","protected":false},"excerpt":{"rendered":"<p>1988800Parroquia de Santa AnaDirectiva Junta Mayor Presidente: Jos\u00e9 Pascual Barcel\u00f3 L\u00f3pez Vicepresidente: Gerardo Cerd\u00e1 Rico Secretaria: Pilar Riquelme Escobar Tesorero: Antonio Vera Vocal: David Sempere L\u00f3pez Consiliario:\u00a0Rvdo. D. Antonio Javier Villalba BelmonteApartado de Correos 1023presidencia@semanasantaelda.es622626957Facebookwww.semanasantaelda.esCofrad\u00edas y Hermandades Cofrad\u00eda Santa Cena. N\u00ba R.E.R. 026688 Cofrad\u00eda y Hermandad de Nuestro Padre Jes\u00fas de Medinaceli y Dulce Nombre [&hellip;]<\/p>\n","protected":false},"author":2,"featured_media":0,"parent":0,"menu_order":0,"comment_status":"closed","ping_status":"closed","template":"","meta":{"_et_pb_use_builder":"on","_et_pb_old_content":"<!-- wp:divi\/placeholder \/-->","_et_gb_content_width":"","footnotes":""},"class_list":["post-484","page","type-page","status-publish","hentry"],"yoast_head":"<!-- This site is optimized with the Yoast SEO plugin v27.2 - https:\/\/yoast.com\/product\/yoast-seo-wordpress\/ -->\n<title>Elda - Junta Diocesana Orihuela-Alicante<\/title>\n<meta name=\"robots\" content=\"index, follow, max-snippet:-1, max-image-preview:large, max-video-preview:-1\" \/>\n<link rel=\"canonical\" href=\"https:\/\/juntadiocesanaoa.com\/?page_id=484\" \/>\n<meta property=\"og:locale\" content=\"es_ES\" \/>\n<meta property=\"og:type\" content=\"article\" \/>\n<meta property=\"og:title\" content=\"Elda - Junta Diocesana Orihuela-Alicante\" \/>\n<meta property=\"og:description\" content=\"1988800Parroquia de Santa AnaDirectiva Junta Mayor Presidente: Jos\u00e9 Pascual Barcel\u00f3 L\u00f3pez Vicepresidente: Gerardo Cerd\u00e1 Rico Secretaria: Pilar Riquelme Escobar Tesorero: Antonio Vera Vocal: David Sempere L\u00f3pez Consiliario:\u00a0Rvdo. D. Antonio Javier Villalba BelmonteApartado de Correos 1023presidencia@semanasantaelda.es622626957Facebookwww.semanasantaelda.esCofrad\u00edas y Hermandades Cofrad\u00eda Santa Cena. N\u00ba R.E.R. 026688 Cofrad\u00eda y Hermandad de Nuestro Padre Jes\u00fas de Medinaceli y Dulce Nombre [&hellip;]\" \/>\n<meta property=\"og:url\" content=\"https:\/\/juntadiocesanaoa.com\/?page_id=484\" \/>\n<meta property=\"og:site_name\" content=\"Junta Diocesana Orihuela-Alicante\" \/>\n<meta property=\"article:modified_time\" content=\"2026-02-19T22:07:05+00:00\" \/>\n<meta name=\"twitter:card\" content=\"summary_large_image\" \/>\n<script type=\"application\/ld+json\" class=\"yoast-schema-graph\">{\"@context\":\"https:\/\/schema.org\",\"@graph\":[{\"@type\":\"WebPage\",\"@id\":\"https:\/\/juntadiocesanaoa.com\/?page_id=484\",\"url\":\"https:\/\/juntadiocesanaoa.com\/?page_id=484\",\"name\":\"Elda - Junta Diocesana Orihuela-Alicante\",\"isPartOf\":{\"@id\":\"https:\/\/juntadiocesanaoa.com\/#website\"},\"datePublished\":\"2025-11-05T12:24:12+00:00\",\"dateModified\":\"2026-02-19T22:07:05+00:00\",\"breadcrumb\":{\"@id\":\"https:\/\/juntadiocesanaoa.com\/?page_id=484#breadcrumb\"},\"inLanguage\":\"es\",\"potentialAction\":[{\"@type\":\"ReadAction\",\"target\":[\"https:\/\/juntadiocesanaoa.com\/?page_id=484\"]}]},{\"@type\":\"BreadcrumbList\",\"@id\":\"https:\/\/juntadiocesanaoa.com\/?page_id=484#breadcrumb\",\"itemListElement\":[{\"@type\":\"ListItem\",\"position\":1,\"name\":\"Portada\",\"item\":\"https:\/\/juntadiocesanaoa.com\/\"},{\"@type\":\"ListItem\",\"position\":2,\"name\":\"Elda\"}]},{\"@type\":\"WebSite\",\"@id\":\"https:\/\/juntadiocesanaoa.com\/#website\",\"url\":\"https:\/\/juntadiocesanaoa.com\/\",\"name\":\"Junta Diocesana Orihuela-Alicante\",\"description\":\"\",\"potentialAction\":[{\"@type\":\"SearchAction\",\"target\":{\"@type\":\"EntryPoint\",\"urlTemplate\":\"https:\/\/juntadiocesanaoa.com\/?s={search_term_string}\"},\"query-input\":{\"@type\":\"PropertyValueSpecification\",\"valueRequired\":true,\"valueName\":\"search_term_string\"}}],\"inLanguage\":\"es\"}]}<\/script>\n<!-- \/ Yoast SEO plugin. -->","yoast_head_json":{"title":"Elda - Junta Diocesana Orihuela-Alicante","robots":{"index":"index","follow":"follow","max-snippet":"max-snippet:-1","max-image-preview":"max-image-preview:large","max-video-preview":"max-video-preview:-1"},"canonical":"https:\/\/juntadiocesanaoa.com\/?page_id=484","og_locale":"es_ES","og_type":"article","og_title":"Elda - Junta Diocesana Orihuela-Alicante","og_description":"1988800Parroquia de Santa AnaDirectiva Junta Mayor Presidente: Jos\u00e9 Pascual Barcel\u00f3 L\u00f3pez Vicepresidente: Gerardo Cerd\u00e1 Rico Secretaria: Pilar Riquelme Escobar Tesorero: Antonio Vera Vocal: David Sempere L\u00f3pez Consiliario:\u00a0Rvdo. D. Antonio Javier Villalba BelmonteApartado de Correos 1023presidencia@semanasantaelda.es622626957Facebookwww.semanasantaelda.esCofrad\u00edas y Hermandades Cofrad\u00eda Santa Cena. N\u00ba R.E.R. 026688 Cofrad\u00eda y Hermandad de Nuestro Padre Jes\u00fas de Medinaceli y Dulce Nombre [&hellip;]","og_url":"https:\/\/juntadiocesanaoa.com\/?page_id=484","og_site_name":"Junta Diocesana Orihuela-Alicante","article_modified_time":"2026-02-19T22:07:05+00:00","twitter_card":"summary_large_image","schema":{"@context":"https:\/\/schema.org","@graph":[{"@type":"WebPage","@id":"https:\/\/juntadiocesanaoa.com\/?page_id=484","url":"https:\/\/juntadiocesanaoa.com\/?page_id=484","name":"Elda - Junta Diocesana Orihuela-Alicante","isPartOf":{"@id":"https:\/\/juntadiocesanaoa.com\/#website"},"datePublished":"2025-11-05T12:24:12+00:00","dateModified":"2026-02-19T22:07:05+00:00","breadcrumb":{"@id":"https:\/\/juntadiocesanaoa.com\/?page_id=484#breadcrumb"},"inLanguage":"es","potentialAction":[{"@type":"ReadAction","target":["https:\/\/juntadiocesanaoa.com\/?page_id=484"]}]},{"@type":"BreadcrumbList","@id":"https:\/\/juntadiocesanaoa.com\/?page_id=484#breadcrumb","itemListElement":[{"@type":"ListItem","position":1,"name":"Portada","item":"https:\/\/juntadiocesanaoa.com\/"},{"@type":"ListItem","position":2,"name":"Elda"}]},{"@type":"WebSite","@id":"https:\/\/juntadiocesanaoa.com\/#website","url":"https:\/\/juntadiocesanaoa.com\/","name":"Junta Diocesana Orihuela-Alicante","description":"","potentialAction":[{"@type":"SearchAction","target":{"@type":"EntryPoint","urlTemplate":"https:\/\/juntadiocesanaoa.com\/?s={search_term_string}"},"query-input":{"@type":"PropertyValueSpecification","valueRequired":true,"valueName":"search_term_string"}}],"inLanguage":"es"}]}},"_links":{"self":[{"href":"https:\/\/juntadiocesanaoa.com\/index.php?rest_route=\/wp\/v2\/pages\/484","targetHints":{"allow":["GET"]}}],"collection":[{"href":"https:\/\/juntadiocesanaoa.com\/index.php?rest_route=\/wp\/v2\/pages"}],"about":[{"href":"https:\/\/juntadiocesanaoa.com\/index.php?rest_route=\/wp\/v2\/types\/page"}],"author":[{"embeddable":true,"href":"https:\/\/juntadiocesanaoa.com\/index.php?rest_route=\/wp\/v2\/users\/2"}],"replies":[{"embeddable":true,"href":"https:\/\/juntadiocesanaoa.com\/index.php?rest_route=%2Fwp%2Fv2%2Fcomments&post=484"}],"version-history":[{"count":27,"href":"https:\/\/juntadiocesanaoa.com\/index.php?rest_route=\/wp\/v2\/pages\/484\/revisions"}],"predecessor-version":[{"id":1192,"href":"https:\/\/juntadiocesanaoa.com\/index.php?rest_route=\/wp\/v2\/pages\/484\/revisions\/1192"}],"wp:attachment":[{"href":"https:\/\/juntadiocesanaoa.com\/index.php?rest_route=%2Fwp%2Fv2%2Fmedia&parent=484"}],"curies":[{"name":"wp","href":"https:\/\/api.w.org\/{rel}","templated":true}]}}