{"id":476,"date":"2025-11-05T12:22:54","date_gmt":"2025-11-05T12:22:54","guid":{"rendered":"https:\/\/juntadiocesanaoa.com\/?page_id=476"},"modified":"2026-02-25T18:12:39","modified_gmt":"2026-02-25T18:12:39","slug":"cox","status":"publish","type":"page","link":"https:\/\/juntadiocesanaoa.com\/?page_id=476","title":{"rendered":"Cox"},"content":{"rendered":"<p>[et_pb_section fb_built=\u00bb1&#8243; _builder_version=\u00bb4.27.4&#8243; _module_preset=\u00bbdefault\u00bb global_colors_info=\u00bb{}\u00bb][et_pb_row column_structure=\u00bb1_2,1_2&#8243; _builder_version=\u00bb4.27.4&#8243; _module_preset=\u00bbdefault\u00bb global_colors_info=\u00bb{}\u00bb][et_pb_column type=\u00bb1_2&#8243; _builder_version=\u00bb4.27.4&#8243; _module_preset=\u00bbdefault\u00bb global_colors_info=\u00bb{}\u00bb][et_pb_heading title=\u00bbCox\u00bb _builder_version=\u00bb4.27.4&#8243; _module_preset=\u00bbdefault\u00bb global_colors_info=\u00bb{}\u00bb][\/et_pb_heading][et_pb_image src=\u00bbhttps:\/\/juntadiocesanaoa.com\/wp-content\/uploads\/escudo-jm-cox.jpg\u00bb title_text=\u00bbescudo jm cox\u00bb align=\u00bbcenter\u00bb _builder_version=\u00bb4.27.4&#8243; _module_preset=\u00bbdefault\u00bb module_alignment=\u00bbleft\u00bb max_height=\u00bb166px\u00bb global_colors_info=\u00bb{}\u00bb][\/et_pb_image][et_pb_heading title=\u00bbJunta Mayor de Cofrad\u00edas y Hermandades de Cox\u00bb _builder_version=\u00bb4.27.4&#8243; _module_preset=\u00bbdefault\u00bb global_colors_info=\u00bb{}\u00bb][\/et_pb_heading][et_pb_tabs _builder_version=\u00bb4.27.4&#8243; _module_preset=\u00bbdefault\u00bb global_colors_info=\u00bb{}\u00bb][et_pb_tab title=\u00bbA\u00f1o de fundaci\u00f3n\u00bb _builder_version=\u00bb4.27.4&#8243; _module_preset=\u00bbdefault\u00bb global_colors_info=\u00bb{}\u00bb]<\/p>\n<p>2004<\/p>\n<p>[\/et_pb_tab][et_pb_tab title=\u00bbHermanos cofrades\u00bb _builder_version=\u00bb4.27.4&#8243; _module_preset=\u00bbdefault\u00bb global_colors_info=\u00bb{}\u00bb]<\/p>\n<p>3.000<\/p>\n<p>[\/et_pb_tab][et_pb_tab title=\u00bbDistinciones honor\u00edficas\u00bb _builder_version=\u00bb4.27.4&#8243; _module_preset=\u00bbdefault\u00bb global_colors_info=\u00bb{}\u00bb]<\/p>\n<p class=\"p1\">Declarada de Inter\u00e9s Tur\u00edstico Local<\/p>\n<p>[\/et_pb_tab][et_pb_tab title=\u00bbSede can\u00f3nica\u00bb _builder_version=\u00bb4.27.4&#8243; _module_preset=\u00bbdefault\u00bb global_colors_info=\u00bb{}\u00bb]<\/p>\n<p class=\"p1\">C\/ Juan Ram\u00f3n Jim\u00e9nez n\u00ba 2, Cox 03350<\/p>\n<p>[\/et_pb_tab][\/et_pb_tabs][\/et_pb_column][et_pb_column type=\u00bb1_2&#8243; _builder_version=\u00bb4.27.4&#8243; _module_preset=\u00bbdefault\u00bb global_colors_info=\u00bb{}\u00bb][et_pb_image src=\u00bbhttps:\/\/juntadiocesanaoa.com\/wp-content\/uploads\/JM-COX21.jpg\u00bb title_text=\u00bbJM COX21&#8243; show_bottom_space=\u00bboff\u00bb _builder_version=\u00bb4.27.4&#8243; _module_preset=\u00bbdefault\u00bb custom_margin=\u00bb||2px||false|false\u00bb global_colors_info=\u00bb{}\u00bb][\/et_pb_image][et_pb_text _builder_version=\u00bb4.27.4&#8243; _module_preset=\u00bbdefault\u00bb custom_margin=\u00bb0px||0px||false|false\u00bb global_colors_info=\u00bb{}\u00bb]<\/p>\n<h4 class=\"p1\">Encendido cruz cuaresmal<\/h4>\n<p>[\/et_pb_text][\/et_pb_column][\/et_pb_row][et_pb_row column_structure=\u00bb1_2,1_2&#8243; _builder_version=\u00bb4.27.4&#8243; _module_preset=\u00bbdefault\u00bb global_colors_info=\u00bb{}\u00bb][et_pb_column type=\u00bb1_2&#8243; _builder_version=\u00bb4.27.4&#8243; _module_preset=\u00bbdefault\u00bb global_colors_info=\u00bb{}\u00bb][et_pb_image src=\u00bbhttps:\/\/juntadiocesanaoa.com\/wp-content\/uploads\/JM-COX35.jpg\u00bb title_text=\u00bbJM COX35&#8243; show_bottom_space=\u00bboff\u00bb _builder_version=\u00bb4.27.4&#8243; _module_preset=\u00bbdefault\u00bb width=\u00bb100%\u00bb max_width=\u00bb81%\u00bb custom_margin=\u00bb||2px||false|false\u00bb global_colors_info=\u00bb{}\u00bb][\/et_pb_image][et_pb_text _builder_version=\u00bb4.27.4&#8243; _module_preset=\u00bbdefault\u00bb custom_margin=\u00bb0px||0px||false|false\u00bb global_colors_info=\u00bb{}\u00bb]<\/p>\n<h4 class=\"p1\">Procesi\u00f3n Domingo de Resurreci\u00f3n, aleluyas<\/h4>\n<p>[\/et_pb_text][\/et_pb_column][et_pb_column type=\u00bb1_2&#8243; _builder_version=\u00bb4.27.4&#8243; _module_preset=\u00bbdefault\u00bb global_colors_info=\u00bb{}\u00bb][et_pb_text _builder_version=\u00bb4.27.4&#8243; _module_preset=\u00bbdefault\u00bb hover_enabled=\u00bb0&#8243; global_colors_info=\u00bb{}\u00bb sticky_enabled=\u00bb0&#8243;]<\/p>\n<h2>Directiva Junta Mayor<\/h2>\n<p class=\"p1\">Presidente: Antonio Ram\u00f3n Quirante Rives<\/p>\n<p class=\"p1\">Vicepresidente: Manuel Santo Hurtado<\/p>\n<p class=\"p1\">Secretario: Jos\u00e9 Pacheco Lloret<\/p>\n<p class=\"p1\">Tesorer\u00eda: Jos\u00e9 Antonio Rocamora G\u00f3mez<\/p>\n<p class=\"p1\">Cronista: Paqui Salinas Pineda<\/p>\n<p class=\"p1\">Protocolo: Nuria Mart\u00ednez Serrano<\/p>\n<p class=\"p1\">Vocales: Jos\u00e9 Joaqu\u00edn Gim\u00e9nez Lorente, Salvador Serrano Cases, Manuel Sevilla Ruiz, Manoli Vicente Vicente, Andr\u00e9s S\u00e1ez Mateo, Mere Quirante Rives y Mar\u00eda Tomasa Rives Fulleda<\/p>\n<p class=\"p1\">Consiliario: Rvdo. Sr. Vicente Alonso Quiles<\/p>\n<p>&nbsp;<\/p>\n<p>[\/et_pb_text][et_pb_toggle title=\u00bbDirecci\u00f3n postal\u00bb _builder_version=\u00bb4.27.4&#8243; _module_preset=\u00bbdefault\u00bb custom_margin=\u00bb0px||||false|false\u00bb global_colors_info=\u00bb{}\u00bb]<\/p>\n<p class=\"p1\">Cox (Alicante) 03350<\/p>\n<p>[\/et_pb_toggle][et_pb_toggle title=\u00bbCorreo electr\u00f3nico\u00bb _builder_version=\u00bb4.27.4&#8243; _module_preset=\u00bbdefault\u00bb global_colors_info=\u00bb{}\u00bb]<\/p>\n<p>antonioramonquirante1968@gmail.com<\/p>\n<p>[\/et_pb_toggle][et_pb_toggle title=\u00bbTel\u00e9fono\u00bb _builder_version=\u00bb4.27.4&#8243; _module_preset=\u00bbdefault\u00bb global_colors_info=\u00bb{}\u00bb]<\/p>\n<p class=\"p1\">620360724<\/p>\n<p>[\/et_pb_toggle][et_pb_toggle title=\u00bbRedes sociales\u00bb _builder_version=\u00bb4.27.4&#8243; _module_preset=\u00bbdefault\u00bb global_colors_info=\u00bb{}\u00bb]<\/p>\n<p><a href=\"https:\/\/www.facebook.com\/semanasantacox\">Facebook<\/a> e\u00a0<a href=\"https:\/\/www.instagram.com\/semanasantacox\/\">Instagram<\/a><\/p>\n<p>[\/et_pb_toggle][et_pb_toggle title=\u00bbP\u00e1gina web\u00bb _builder_version=\u00bb4.27.4&#8243; _module_preset=\u00bbdefault\u00bb global_colors_info=\u00bb{}\u00bb][\/et_pb_toggle][\/et_pb_column][\/et_pb_row][et_pb_row column_structure=\u00bb1_3,2_3&#8243; _builder_version=\u00bb4.27.4&#8243; _module_preset=\u00bbdefault\u00bb global_colors_info=\u00bb{}\u00bb][et_pb_column type=\u00bb1_3&#8243; _builder_version=\u00bb4.27.4&#8243; _module_preset=\u00bbdefault\u00bb global_colors_info=\u00bb{}\u00bb][et_pb_text _builder_version=\u00bb4.27.4&#8243; _module_preset=\u00bbdefault\u00bb global_colors_info=\u00bb{}\u00bb]<\/p>\n<h2>Cofrad\u00edas y Hermandades<\/h2>\n<ul>\n<li class=\"p1\">Cofrad\u00eda de Jes\u00fas Triunfante<\/li>\n<li class=\"p1\">Cofrad\u00eda Virgen de los Dolores<\/li>\n<li class=\"p1\">Cofrad\u00eda de San Pedro Arrepentido<\/li>\n<li class=\"p1\">Hermandad de Jes\u00fas cautivo y Mar\u00eda Sant\u00edsima de la Paz<\/li>\n<li class=\"p1\">Cofrad\u00eda de San Juan y la Dolorosa<\/li>\n<li class=\"p1\">Real Cofrad\u00eda de Nuestro Padre Jes\u00fas Nazareno<\/li>\n<li class=\"p1\">Hermandad del Prendimiento y Centuria Romana<\/li>\n<li class=\"p1\">Cofrad\u00eda de la Sant\u00edsima Cruz Penitencial<\/li>\n<li class=\"p1\">Cofrad\u00eda del Sant\u00edsimo Cristo de la Ca\u00edda y La Ver\u00f3nica<\/li>\n<li class=\"p1\">Cofrad\u00eda del Cristo del Silencio<\/li>\n<li class=\"p1\">Hermandad Santo Sepulcro<\/li>\n<li class=\"p1\">Cofrad\u00eda Virgen de la Soledad<\/li>\n<li class=\"p1\">Cofrad\u00eda Santo Encuentro<\/li>\n<\/ul>\n<p>[\/et_pb_text][\/et_pb_column][et_pb_column type=\u00bb2_3&#8243; _builder_version=\u00bb4.27.4&#8243; _module_preset=\u00bbdefault\u00bb global_colors_info=\u00bb{}\u00bb][et_pb_image src=\u00bbhttps:\/\/juntadiocesanaoa.com\/wp-content\/uploads\/JM-COX26.jpg\u00bb title_text=\u00bbJM COX26&#8243; show_bottom_space=\u00bboff\u00bb _builder_version=\u00bb4.27.4&#8243; _module_preset=\u00bbdefault\u00bb custom_margin=\u00bb||2px||false|false\u00bb global_colors_info=\u00bb{}\u00bb][\/et_pb_image][et_pb_text _builder_version=\u00bb4.27.4&#8243; _module_preset=\u00bbdefault\u00bb custom_margin=\u00bb0px||0px||false|false\u00bb global_colors_info=\u00bb{}\u00bb]<\/p>\n<h4 class=\"p1\">Procesi\u00f3n de Viernes Santo, Cofrad\u00eda del Silencio<\/h4>\n<p>[\/et_pb_text][\/et_pb_column][\/et_pb_row][et_pb_row column_structure=\u00bb1_4,3_4&#8243; _builder_version=\u00bb4.27.4&#8243; _module_preset=\u00bbdefault\u00bb global_colors_info=\u00bb{}\u00bb][et_pb_column type=\u00bb1_4&#8243; _builder_version=\u00bb4.27.4&#8243; _module_preset=\u00bbdefault\u00bb global_colors_info=\u00bb{}\u00bb][et_pb_heading title=\u00bbDatos de inter\u00e9s\u00bb _builder_version=\u00bb4.27.4&#8243; _module_preset=\u00bbdefault\u00bb global_colors_info=\u00bb{}\u00bb][\/et_pb_heading][\/et_pb_column][et_pb_column type=\u00bb3_4&#8243; _builder_version=\u00bb4.27.4&#8243; _module_preset=\u00bbdefault\u00bb global_colors_info=\u00bb{}\u00bb][et_pb_text _builder_version=\u00bb4.27.4&#8243; _module_preset=\u00bbdefault\u00bb custom_padding=\u00bb1px|||||\u00bb global_colors_info=\u00bb{}\u00bb]<\/p>\n<ul>\n<li class=\"p1\">Festival de Bandas y Cornetas de Semana Santa<\/li>\n<li class=\"p1\">Certamen literario infantil y juvenil<\/li>\n<li class=\"p1\">Preg\u00f3n de Semana Santa y Toma de la Venia<\/li>\n<li class=\"p1\">Encendido de la Cruz Cuaresmal<\/li>\n<li class=\"p1\">Misas de culto de las distintas cofrad\u00edas y hermandades durante toda la cuarentena con sus besamanos y besapies.<\/li>\n<\/ul>\n<p>[\/et_pb_text][\/et_pb_column][\/et_pb_row][et_pb_row column_structure=\u00bb1_4,3_4&#8243; _builder_version=\u00bb4.27.4&#8243; _module_preset=\u00bbdefault\u00bb global_colors_info=\u00bb{}\u00bb][et_pb_column type=\u00bb1_4&#8243; _builder_version=\u00bb4.27.4&#8243; _module_preset=\u00bbdefault\u00bb global_colors_info=\u00bb{}\u00bb][et_pb_heading title=\u00bbBreve historia de la Semana Santa de Cox\u00bb _builder_version=\u00bb4.27.4&#8243; _module_preset=\u00bbdefault\u00bb global_colors_info=\u00bb{}\u00bb][\/et_pb_heading][et_pb_image src=\u00bbhttps:\/\/juntadiocesanaoa.com\/wp-content\/uploads\/JM-COX29.jpg\u00bb title_text=\u00bbJM COX29&#8243; show_bottom_space=\u00bboff\u00bb _builder_version=\u00bb4.27.4&#8243; _module_preset=\u00bbdefault\u00bb custom_margin=\u00bb||2px||false|false\u00bb global_colors_info=\u00bb{}\u00bb][\/et_pb_image][et_pb_text _builder_version=\u00bb4.27.4&#8243; _module_preset=\u00bbdefault\u00bb custom_margin=\u00bb0px||0px||false|false\u00bb global_colors_info=\u00bb{}\u00bb]<\/p>\n<h4 class=\"p1\">Procesi\u00f3n S\u00e1bado Santo, Hermandad del Santo Sepulcro<\/h4>\n<p>[\/et_pb_text][\/et_pb_column][et_pb_column type=\u00bb3_4&#8243; _builder_version=\u00bb4.27.4&#8243; _module_preset=\u00bbdefault\u00bb global_colors_info=\u00bb{}\u00bb][et_pb_text _builder_version=\u00bb4.27.4&#8243; _module_preset=\u00bbdefault\u00bb global_colors_info=\u00bb{}\u00bb]<\/p>\n<p class=\"p1\">Para hablar de la Semana Santa de Cox es obligatorio echar la vista atr\u00e1s, viajar al Cox de principios del siglo XVII, para as\u00ed descubrir su origen y empaparnos de su esencia. El 25 de octubre de 1611 se fund\u00f3 en nuestro pueblo el Convento de Carmelitas Calzados de Nuestra Se\u00f1ora de las Virtudes, hoy Santuario <o:p><\/o:p>Diocesano Mariano de la Sant\u00edsima Virgen del Carmen de Cox. La comunidad carmelita supo impregnar al pueblo sus formas de vivir la fe y su gran devoci\u00f3n cristiana. La actividad de la comunidad ir\u00eda calando en la vida cotidiana del lugar y con ellos llegar\u00eda tambi\u00e9n la Semana Santa de 1612, sus oraciones, funciones de la pasi\u00f3n y muerte de Cristo y porque no, esa manifestaci\u00f3n que saldr\u00eda fuera de los gruesos muros del Convento para poner sobre sus espaldas la cruz de Nuestro Se\u00f1or y rezar as\u00ed el v\u00eda crucis, tradici\u00f3n que todav\u00eda hoy es representada por la Cofrad\u00eda de la Sant\u00edsima Cruz Penitencial, que es la decana de nuestras Hermandades.<o:p><\/o:p><\/p>\n<p class=\"p1\">Debido a la magnitud que alcanza la Semana Santa en Cox, a finales del siglo XX y por iniciativa del entonces p\u00e1rroco de Cox, D. Francisco Hern\u00e1ndez Espinosa, comienzan a celebrarse en la propia casa del sacerdote unas reuniones-coloquios para tratar de poner orden y control a todos los actos que desde las Cofrad\u00edas y Hermandades se ven\u00edan celebrando. Coloquialmente se le llamaba Junta Central de Cofrad\u00edas y Hermandades de la Semana Santa de Cox, pero no lleg\u00f3 a darse de ella unos estatutos constitutivos. en 2003 se recibi\u00f3 la orden desde el obispado de fundar la Junta Mayor de Cofrad\u00edas y Hermandades de la Semana Santa de Cox y legalizar todas las instituciones que la forman para ser instituciones can\u00f3nicamente erigidas. La necesidad de una Junta Mayor se hizo imperiosa ante la\u00a0<o:p><\/o:p>invitaci\u00f3n de celebrar en el a\u00f1o 2004 el XI Encuentro Provincial de Cofrad\u00edas y Hermandades de Semana Santa.<\/p>\n<p class=\"p1\">En octubre comienza la preparaci\u00f3n del Libro de la Semana Santa con la participaci\u00f3n activa de todas las cofrad\u00edas, se procede al nombramiento del Hermano\/a Mayor, Pregonero\/a y Abanderado\/a de la Semana Santa de Cox del siguiente a\u00f1o y se definen las fechas y turnos de las celebraciones <o:p><\/o:p>lit\u00fargicas realizadas durante la Cuaresma, as\u00ed como de las procesiones. Destaca tambi\u00e9n el encendido de la Cruz Cuaresmal que permanece erigida durante toda la Cuaresma y la Semana Santa en lo alto del <o:p><\/o:p>Castillo y que es visible desde la mayor parte de los municipios de la Vega Baja, adem\u00e1s tambi\u00e9n durante este acto, cada a\u00f1o, una cofrad\u00eda diferente, realiza una oraci\u00f3n por todos los cofrades.<o:p><\/o:p><\/p>\n<p class=\"p1\">Todos los s\u00e1bados y domingos realizan su Misa Mayor una de las Cofrad\u00edas y Hermandades, incluido<o:p><\/o:p><\/p>\n<p class=\"p1\">tambi\u00e9n el d\u00eda del Patriarca San Jos\u00e9. La Junta tambi\u00e9n celebra una Eucarist\u00eda el Domingo de Pasi\u00f3n, como antesala de la Semana Santa. En estas misas, todas las cofrad\u00edas y hermandades realizan ofrendas de productos y alimentos no perecederos que son, posteriormente donadas, a C\u00e1ritas Parroquial.<o:p><\/o:p><\/p>\n<p class=\"p1\">Destacan tambi\u00e9n distintos los distintos traslados de im\u00e1genes desde el Santuario a la Iglesia Parroquial, as\u00ed como los besamanos, besapi\u00e9s o besallagas que se realizan desde las distintas Hermandades.<o:p><\/o:p><\/p>\n<p class=\"p1\">Finalmente, la vida de esta Junta Mayor va m\u00e1s all\u00e1 estos d\u00edas. Participa activamente en los distintos encuentros provinciales e interdiocesanos, as\u00ed como en las reuniones de la Junta Diocesana. Adem\u00e1s, tambi\u00e9n muestra su gran devoci\u00f3n por la patrona de Cox, la Sant\u00edsima Virgen del Carmen, prueba de ello es su participaci\u00f3n en la Ofrenda el d\u00eda 14 de julio, as\u00ed como el nombramiento de la Virgen como Hermana Mayor Honoraria y Perpetua de la Semana Santa de Cox en el a\u00f1o 2012 y tambi\u00e9n la donaci\u00f3n de la Vidriera que realiz\u00f3 para el enriquecimiento de su camar\u00edn. Por todo esto, la Mayordom\u00eda de la Virgen del Carmen tuvo a bien concedernos el honor de ser, en el a\u00f1o 2017, los portaestandartes de la procesi\u00f3n de la Virgen el d\u00eda 16 de julio.<o:p><\/o:p><\/p>\n<p class=\"p1\">Participa tambi\u00e9n en la procesi\u00f3n del Corpus Christi, con el montaje del \u00faltimo altar en el que descansa Jes\u00fas Sacramentado antes del volver a la Iglesia, as\u00ed como en la recogida de alimentos para las campa\u00f1as que desde la parroquia se celebran, como son: Manos Unidas, la del Hambre y la de Navidad.<o:p><\/o:p><\/p>\n<p class=\"p1\">Finalmente, tambi\u00e9n ha conseguido consolidar el Certamen Literario y Fotogr\u00e1fico de Semana Santa, que el pr\u00f3ximo a\u00f1o celebrar\u00e1 su XIV edici\u00f3n.<o:p><\/o:p><\/p>\n<p class=\"p1\">Resta decir que esta Junta Mayor, formada por un representante de cada una de las 13 cofrad\u00edas y hermandades, trabaja con esmero, dedicaci\u00f3n y altruismo para conseguir que la Semana Santa de Cox, declarada de inter\u00e9s tur\u00edstico, mantenga la consideraci\u00f3n de referente que es hoy para la comarca.<o:p><\/o:p><\/p>\n<p>[\/et_pb_text][\/et_pb_column][\/et_pb_row][et_pb_row _builder_version=\u00bb4.27.4&#8243; _module_preset=\u00bbdefault\u00bb custom_margin=\u00bb||0px||false|false\u00bb global_colors_info=\u00bb{}\u00bb][et_pb_column type=\u00bb4_4&#8243; _builder_version=\u00bb4.27.4&#8243; _module_preset=\u00bbdefault\u00bb global_colors_info=\u00bb{}\u00bb][dica_divi_carousel loop=\u00bbon\u00bb autoplay=\u00bbon\u00bb hoverpause=\u00bbon\u00bb arrow_nav=\u00bbon\u00bb dot_nav=\u00bbon\u00bb advanced_effect=\u00bb1&#8243; arrow_nav_color=\u00bb#7c3112&#8243; dots_color=\u00bb#e0ae5e\u00bb dots_active_color=\u00bb#7c3112&#8243; arrow_position=\u00bbmiddle-outside\u00bb _builder_version=\u00bb4.27.4&#8243; _module_preset=\u00bbdefault\u00bb global_colors_info=\u00bb{}\u00bb][dica_divi_carouselitem title=\u00bbActo del Preg\u00f3n, Primer Domingo de Cuaresma\u00bb button_url_new_window=\u00bb1&#8243; image=\u00bbhttps:\/\/juntadiocesanaoa.com\/wp-content\/uploads\/JM-COX22.jpg\u00bb image_lightbox=\u00bbon\u00bb _builder_version=\u00bb4.27.4&#8243; _module_preset=\u00bbdefault\u00bb global_colors_info=\u00bb{}\u00bb][\/dica_divi_carouselitem][dica_divi_carouselitem title=\u00bbProcesi\u00f3n de Domingo de Ramos\u00bb button_url_new_window=\u00bb1&#8243; image=\u00bbhttps:\/\/juntadiocesanaoa.com\/wp-content\/uploads\/JM-COX25.jpg\u00bb image_lightbox=\u00bbon\u00bb _builder_version=\u00bb4.27.4&#8243; _module_preset=\u00bbdefault\u00bb global_colors_info=\u00bb{}\u00bb][\/dica_divi_carouselitem][dica_divi_carouselitem title=\u00bbProcesi\u00f3n S\u00e1bado Santo, Hermandad del Santo Sepulcro\u00bb button_url_new_window=\u00bb1&#8243; image=\u00bbhttps:\/\/juntadiocesanaoa.com\/wp-content\/uploads\/JM-COX32.jpg\u00bb image_lightbox=\u00bbon\u00bb _builder_version=\u00bb4.27.4&#8243; _module_preset=\u00bbdefault\u00bb global_colors_info=\u00bb{}\u00bb][\/dica_divi_carouselitem][dica_divi_carouselitem title=\u00bbProcesi\u00f3n Domingo de Resurrecci\u00f3n, cortes\u00edas\u00bb button_url_new_window=\u00bb1&#8243; image=\u00bbhttps:\/\/juntadiocesanaoa.com\/wp-content\/uploads\/JM-COX38.jpg\u00bb image_lightbox=\u00bbon\u00bb _builder_version=\u00bb4.27.4&#8243; _module_preset=\u00bbdefault\u00bb global_colors_info=\u00bb{}\u00bb][\/dica_divi_carouselitem][\/dica_divi_carousel][\/et_pb_column][\/et_pb_row][\/et_pb_section]<\/p>\n","protected":false},"excerpt":{"rendered":"<p>20043.000Declarada de Inter\u00e9s Tur\u00edstico LocalC\/ Juan Ram\u00f3n Jim\u00e9nez n\u00ba 2, Cox 03350Encendido cruz cuaresmalProcesi\u00f3n Domingo de Resurreci\u00f3n, aleluyasDirectiva Junta Mayor Presidente: Antonio Ram\u00f3n Quirante Rives Vicepresidente: Manuel Santo Hurtado Secretario: Jos\u00e9 Pacheco Lloret Tesorer\u00eda: Jos\u00e9 Antonio Rocamora G\u00f3mez Cronista: Paqui Salinas Pineda Protocolo: Nuria Mart\u00ednez Serrano Vocales: Jos\u00e9 Joaqu\u00edn Gim\u00e9nez Lorente, Salvador Serrano Cases, Manuel [&hellip;]<\/p>\n","protected":false},"author":2,"featured_media":0,"parent":0,"menu_order":0,"comment_status":"closed","ping_status":"closed","template":"","meta":{"_et_pb_use_builder":"on","_et_pb_old_content":"<!-- wp:divi\/placeholder \/-->","_et_gb_content_width":"","footnotes":""},"class_list":["post-476","page","type-page","status-publish","hentry"],"yoast_head":"<!-- This site is optimized with the Yoast SEO plugin v27.2 - https:\/\/yoast.com\/product\/yoast-seo-wordpress\/ -->\n<title>Cox - Junta Diocesana Orihuela-Alicante<\/title>\n<meta name=\"robots\" content=\"index, follow, max-snippet:-1, max-image-preview:large, max-video-preview:-1\" \/>\n<link rel=\"canonical\" href=\"https:\/\/juntadiocesanaoa.com\/?page_id=476\" \/>\n<meta property=\"og:locale\" content=\"es_ES\" \/>\n<meta property=\"og:type\" content=\"article\" \/>\n<meta property=\"og:title\" content=\"Cox - Junta Diocesana Orihuela-Alicante\" \/>\n<meta property=\"og:description\" content=\"20043.000Declarada de Inter\u00e9s Tur\u00edstico LocalC\/ Juan Ram\u00f3n Jim\u00e9nez n\u00ba 2, Cox 03350Encendido cruz cuaresmalProcesi\u00f3n Domingo de Resurreci\u00f3n, aleluyasDirectiva Junta Mayor Presidente: Antonio Ram\u00f3n Quirante Rives Vicepresidente: Manuel Santo Hurtado Secretario: Jos\u00e9 Pacheco Lloret Tesorer\u00eda: Jos\u00e9 Antonio Rocamora G\u00f3mez Cronista: Paqui Salinas Pineda Protocolo: Nuria Mart\u00ednez Serrano Vocales: Jos\u00e9 Joaqu\u00edn Gim\u00e9nez Lorente, Salvador Serrano Cases, Manuel [&hellip;]\" \/>\n<meta property=\"og:url\" content=\"https:\/\/juntadiocesanaoa.com\/?page_id=476\" \/>\n<meta property=\"og:site_name\" content=\"Junta Diocesana Orihuela-Alicante\" \/>\n<meta property=\"article:modified_time\" content=\"2026-02-25T18:12:39+00:00\" \/>\n<meta name=\"twitter:card\" content=\"summary_large_image\" \/>\n<script type=\"application\/ld+json\" class=\"yoast-schema-graph\">{\"@context\":\"https:\/\/schema.org\",\"@graph\":[{\"@type\":\"WebPage\",\"@id\":\"https:\/\/juntadiocesanaoa.com\/?page_id=476\",\"url\":\"https:\/\/juntadiocesanaoa.com\/?page_id=476\",\"name\":\"Cox - Junta Diocesana Orihuela-Alicante\",\"isPartOf\":{\"@id\":\"https:\/\/juntadiocesanaoa.com\/#website\"},\"datePublished\":\"2025-11-05T12:22:54+00:00\",\"dateModified\":\"2026-02-25T18:12:39+00:00\",\"breadcrumb\":{\"@id\":\"https:\/\/juntadiocesanaoa.com\/?page_id=476#breadcrumb\"},\"inLanguage\":\"es\",\"potentialAction\":[{\"@type\":\"ReadAction\",\"target\":[\"https:\/\/juntadiocesanaoa.com\/?page_id=476\"]}]},{\"@type\":\"BreadcrumbList\",\"@id\":\"https:\/\/juntadiocesanaoa.com\/?page_id=476#breadcrumb\",\"itemListElement\":[{\"@type\":\"ListItem\",\"position\":1,\"name\":\"Portada\",\"item\":\"https:\/\/juntadiocesanaoa.com\/\"},{\"@type\":\"ListItem\",\"position\":2,\"name\":\"Cox\"}]},{\"@type\":\"WebSite\",\"@id\":\"https:\/\/juntadiocesanaoa.com\/#website\",\"url\":\"https:\/\/juntadiocesanaoa.com\/\",\"name\":\"Junta Diocesana Orihuela-Alicante\",\"description\":\"\",\"potentialAction\":[{\"@type\":\"SearchAction\",\"target\":{\"@type\":\"EntryPoint\",\"urlTemplate\":\"https:\/\/juntadiocesanaoa.com\/?s={search_term_string}\"},\"query-input\":{\"@type\":\"PropertyValueSpecification\",\"valueRequired\":true,\"valueName\":\"search_term_string\"}}],\"inLanguage\":\"es\"}]}<\/script>\n<!-- \/ Yoast SEO plugin. -->","yoast_head_json":{"title":"Cox - Junta Diocesana Orihuela-Alicante","robots":{"index":"index","follow":"follow","max-snippet":"max-snippet:-1","max-image-preview":"max-image-preview:large","max-video-preview":"max-video-preview:-1"},"canonical":"https:\/\/juntadiocesanaoa.com\/?page_id=476","og_locale":"es_ES","og_type":"article","og_title":"Cox - Junta Diocesana Orihuela-Alicante","og_description":"20043.000Declarada de Inter\u00e9s Tur\u00edstico LocalC\/ Juan Ram\u00f3n Jim\u00e9nez n\u00ba 2, Cox 03350Encendido cruz cuaresmalProcesi\u00f3n Domingo de Resurreci\u00f3n, aleluyasDirectiva Junta Mayor Presidente: Antonio Ram\u00f3n Quirante Rives Vicepresidente: Manuel Santo Hurtado Secretario: Jos\u00e9 Pacheco Lloret Tesorer\u00eda: Jos\u00e9 Antonio Rocamora G\u00f3mez Cronista: Paqui Salinas Pineda Protocolo: Nuria Mart\u00ednez Serrano Vocales: Jos\u00e9 Joaqu\u00edn Gim\u00e9nez Lorente, Salvador Serrano Cases, Manuel [&hellip;]","og_url":"https:\/\/juntadiocesanaoa.com\/?page_id=476","og_site_name":"Junta Diocesana Orihuela-Alicante","article_modified_time":"2026-02-25T18:12:39+00:00","twitter_card":"summary_large_image","schema":{"@context":"https:\/\/schema.org","@graph":[{"@type":"WebPage","@id":"https:\/\/juntadiocesanaoa.com\/?page_id=476","url":"https:\/\/juntadiocesanaoa.com\/?page_id=476","name":"Cox - Junta Diocesana Orihuela-Alicante","isPartOf":{"@id":"https:\/\/juntadiocesanaoa.com\/#website"},"datePublished":"2025-11-05T12:22:54+00:00","dateModified":"2026-02-25T18:12:39+00:00","breadcrumb":{"@id":"https:\/\/juntadiocesanaoa.com\/?page_id=476#breadcrumb"},"inLanguage":"es","potentialAction":[{"@type":"ReadAction","target":["https:\/\/juntadiocesanaoa.com\/?page_id=476"]}]},{"@type":"BreadcrumbList","@id":"https:\/\/juntadiocesanaoa.com\/?page_id=476#breadcrumb","itemListElement":[{"@type":"ListItem","position":1,"name":"Portada","item":"https:\/\/juntadiocesanaoa.com\/"},{"@type":"ListItem","position":2,"name":"Cox"}]},{"@type":"WebSite","@id":"https:\/\/juntadiocesanaoa.com\/#website","url":"https:\/\/juntadiocesanaoa.com\/","name":"Junta Diocesana Orihuela-Alicante","description":"","potentialAction":[{"@type":"SearchAction","target":{"@type":"EntryPoint","urlTemplate":"https:\/\/juntadiocesanaoa.com\/?s={search_term_string}"},"query-input":{"@type":"PropertyValueSpecification","valueRequired":true,"valueName":"search_term_string"}}],"inLanguage":"es"}]}},"_links":{"self":[{"href":"https:\/\/juntadiocesanaoa.com\/index.php?rest_route=\/wp\/v2\/pages\/476","targetHints":{"allow":["GET"]}}],"collection":[{"href":"https:\/\/juntadiocesanaoa.com\/index.php?rest_route=\/wp\/v2\/pages"}],"about":[{"href":"https:\/\/juntadiocesanaoa.com\/index.php?rest_route=\/wp\/v2\/types\/page"}],"author":[{"embeddable":true,"href":"https:\/\/juntadiocesanaoa.com\/index.php?rest_route=\/wp\/v2\/users\/2"}],"replies":[{"embeddable":true,"href":"https:\/\/juntadiocesanaoa.com\/index.php?rest_route=%2Fwp%2Fv2%2Fcomments&post=476"}],"version-history":[{"count":6,"href":"https:\/\/juntadiocesanaoa.com\/index.php?rest_route=\/wp\/v2\/pages\/476\/revisions"}],"predecessor-version":[{"id":1212,"href":"https:\/\/juntadiocesanaoa.com\/index.php?rest_route=\/wp\/v2\/pages\/476\/revisions\/1212"}],"wp:attachment":[{"href":"https:\/\/juntadiocesanaoa.com\/index.php?rest_route=%2Fwp%2Fv2%2Fmedia&parent=476"}],"curies":[{"name":"wp","href":"https:\/\/api.w.org\/{rel}","templated":true}]}}