{"id":474,"date":"2025-11-05T12:22:40","date_gmt":"2025-11-05T12:22:40","guid":{"rendered":"https:\/\/juntadiocesanaoa.com\/?page_id=474"},"modified":"2026-03-10T17:28:46","modified_gmt":"2026-03-10T17:28:46","slug":"catral","status":"publish","type":"page","link":"https:\/\/juntadiocesanaoa.com\/?page_id=474","title":{"rendered":"Catral"},"content":{"rendered":"<p>[et_pb_section fb_built=\u00bb1&#8243; _builder_version=\u00bb4.27.4&#8243; _module_preset=\u00bbdefault\u00bb global_colors_info=\u00bb{}\u00bb][et_pb_row column_structure=\u00bb1_2,1_2&#8243; _builder_version=\u00bb4.27.4&#8243; _module_preset=\u00bbdefault\u00bb global_colors_info=\u00bb{}\u00bb][et_pb_column type=\u00bb1_2&#8243; _builder_version=\u00bb4.27.4&#8243; _module_preset=\u00bbdefault\u00bb global_colors_info=\u00bb{}\u00bb][et_pb_heading title=\u00bbCatral\u00bb _builder_version=\u00bb4.27.4&#8243; _module_preset=\u00bbdefault\u00bb global_colors_info=\u00bb{}\u00bb][\/et_pb_heading][et_pb_image src=\u00bbhttps:\/\/juntadiocesanaoa.com\/wp-content\/uploads\/escudo-jm-catral.png\u00bb title_text=\u00bbescudo jm catral\u00bb align=\u00bbcenter\u00bb _builder_version=\u00bb4.27.4&#8243; _module_preset=\u00bbdefault\u00bb module_alignment=\u00bbleft\u00bb max_height=\u00bb166px\u00bb global_colors_info=\u00bb{}\u00bb][\/et_pb_image][et_pb_heading title=\u00bbJunta Mayor de Cofrad\u00edas y Hermandades de Semana Santa de Catral\u00bb _builder_version=\u00bb4.27.4&#8243; _module_preset=\u00bbdefault\u00bb global_colors_info=\u00bb{}\u00bb][\/et_pb_heading][et_pb_tabs _builder_version=\u00bb4.27.4&#8243; _module_preset=\u00bbdefault\u00bb global_colors_info=\u00bb{}\u00bb][et_pb_tab title=\u00bbA\u00f1o de fundaci\u00f3n\u00bb _builder_version=\u00bb4.27.4&#8243; _module_preset=\u00bbdefault\u00bb global_colors_info=\u00bb{}\u00bb]<\/p>\n<p>1992<\/p>\n<p>[\/et_pb_tab][et_pb_tab title=\u00bbHermanos cofrades\u00bb _builder_version=\u00bb4.27.4&#8243; _module_preset=\u00bbdefault\u00bb global_colors_info=\u00bb{}\u00bb]<\/p>\n<p>1.200<\/p>\n<p>[\/et_pb_tab][et_pb_tab title=\u00bbDistinciones honor\u00edficas\u00bb _builder_version=\u00bb4.27.4&#8243; _module_preset=\u00bbdefault\u00bb global_colors_info=\u00bb{}\u00bb]<\/p>\n<p>Declarada de Inter\u00e9s Tur\u00edstico Local en 2016<\/p>\n<p>[\/et_pb_tab][et_pb_tab title=\u00bbSede can\u00f3nica\u00bb _builder_version=\u00bb4.27.4&#8243; _module_preset=\u00bbdefault\u00bb global_colors_info=\u00bb{}\u00bb]<\/p>\n<p>C\/ Cervantes, 2,\u00a0 03158 Catral<\/p>\n<p>[\/et_pb_tab][\/et_pb_tabs][\/et_pb_column][et_pb_column type=\u00bb1_2&#8243; _builder_version=\u00bb4.27.4&#8243; _module_preset=\u00bbdefault\u00bb global_colors_info=\u00bb{}\u00bb][et_pb_image src=\u00bbhttps:\/\/juntadiocesanaoa.com\/wp-content\/uploads\/foto-antigua-semana-santa-catral-ano-1910.jpg\u00bb title_text=\u00bbfoto antigua semana santa catral an\u0303o 1910&#8243; show_bottom_space=\u00bboff\u00bb _builder_version=\u00bb4.27.4&#8243; _module_preset=\u00bbdefault\u00bb custom_margin=\u00bb||2px||false|false\u00bb global_colors_info=\u00bb{}\u00bb][\/et_pb_image][et_pb_text _builder_version=\u00bb4.27.4&#8243; _module_preset=\u00bbdefault\u00bb custom_margin=\u00bb0px||0px||false|false\u00bb global_colors_info=\u00bb{}\u00bb]<\/p>\n<h4 class=\"p1\"><span data-olk-copy-source=\"MessageBody\">Procesi\u00f3n del Encuentro, a\u00f1o 1910, Catral<\/span>.\u00a0<\/h4>\n<p>[\/et_pb_text][\/et_pb_column][\/et_pb_row][et_pb_row column_structure=\u00bb1_2,1_2&#8243; _builder_version=\u00bb4.27.4&#8243; _module_preset=\u00bbdefault\u00bb global_colors_info=\u00bb{}\u00bb][et_pb_column type=\u00bb1_2&#8243; _builder_version=\u00bb4.27.4&#8243; _module_preset=\u00bbdefault\u00bb global_colors_info=\u00bb{}\u00bb][et_pb_image src=\u00bbhttps:\/\/juntadiocesanaoa.com\/wp-content\/uploads\/JM-CATRAL-N.-Padre-Jesus-Cautivo-y-N.-Sra.-dela-Merced-Luis-M.-Ferrandez-Penalva.jpg\u00bb title_text=\u00bbJM CATRAL N. Padre Jesu\u0301s Cautivo y N. Sra. dela Merced Luis M. Ferra\u0301ndez Penalva\u00bb show_bottom_space=\u00bboff\u00bb _builder_version=\u00bb4.27.4&#8243; _module_preset=\u00bbdefault\u00bb width=\u00bb100%\u00bb max_width=\u00bb81%\u00bb custom_margin=\u00bb||2px||false|false\u00bb global_colors_info=\u00bb{}\u00bb][\/et_pb_image][et_pb_text _builder_version=\u00bb4.27.4&#8243; _module_preset=\u00bbdefault\u00bb custom_margin=\u00bb0px||0px||false|false\u00bb global_colors_info=\u00bb{}\u00bb]<\/p>\n<h4 class=\"p1\">Nuestro Padre Jesu\u0301s Cautivo y Nuestra Se\u00f1or de la Merced.\u00a0 \u00a0 \u00a0 \u00a0 \u00a0 \u00a0 \u00a0 \u00a0 \u00a0 \u00a0 \u00a0 \u00a0 \u00a0 \u00a0 \u00a0 <em>Foto: Luis M. Ferra\u0301ndez Penalva<\/em><\/h4>\n<p>[\/et_pb_text][\/et_pb_column][et_pb_column type=\u00bb1_2&#8243; _builder_version=\u00bb4.27.4&#8243; _module_preset=\u00bbdefault\u00bb global_colors_info=\u00bb{}\u00bb][et_pb_text _builder_version=\u00bb4.27.4&#8243; _module_preset=\u00bbdefault\u00bb global_colors_info=\u00bb{}\u00bb]<\/p>\n<h2>Directiva Junta Mayor<\/h2>\n<p>Presidente: Pascual Flores Culi\u00e1\u00f1ez<\/p>\n<p>Vicepresidentes: Trinitario S\u00e1nchez \u00d1\u00edguez y Antonio Ferr\u00e1ndez Lacal<\/p>\n<p>Secretario: Luis Miguel Ferr\u00e1ndez Penalva<\/p>\n<p>Tesorera: Noelia Ill\u00e1n Bernal<\/p>\n<p>Vocales: Adolfo Albero Garc\u00eda, Ezequiel V\u00e1zquez Rodr\u00edguez, Aurelio Albero Garc\u00eda, Manuel Gelardo S\u00e1nchez, Jos\u00e9 Antonio Ferr\u00e1ndez Penalva, Manuel Murcia Cecilia, Luz Mar\u00eda Rodr\u00edguez Culi\u00e1\u00f1ez, Timoteo Bola\u00f1o Riquelme, Pascual Ignacio Mompe\u00e1n Sansano, Pedro Calvo Garc\u00eda, Domingo G\u00f3mez Penalva, Jos\u00e9 Miguel Mart\u00ednez Penalva<\/p>\n<p>Consiliario: <span data-olk-copy-source=\"MessageBody\">Rvdo. Sr. D. Carmelo Ram\u00f3n Rives<\/span><\/p>\n<p>&nbsp;<\/p>\n<p>[\/et_pb_text][et_pb_toggle title=\u00bbDirecci\u00f3n postal\u00bb _builder_version=\u00bb4.27.4&#8243; _module_preset=\u00bbdefault\u00bb custom_margin=\u00bb0px||||false|false\u00bb global_colors_info=\u00bb{}\u00bb]<\/p>\n<p>Calle Cervantes, 2,\u00a003158 Catral<\/p>\n<p>[\/et_pb_toggle][et_pb_toggle title=\u00bbCorreo electr\u00f3nico\u00bb _builder_version=\u00bb4.27.4&#8243; _module_preset=\u00bbdefault\u00bb global_colors_info=\u00bb{}\u00bb]<\/p>\n<p><a href=\"mailto:semanasantacatral@homail.com\">semanasantacatral@hotmail.com<\/a><\/p>\n<p>[\/et_pb_toggle][et_pb_toggle title=\u00bbTel\u00e9fono\u00bb _builder_version=\u00bb4.27.4&#8243; _module_preset=\u00bbdefault\u00bb global_colors_info=\u00bb{}\u00bb]<\/p>\n<p>660591986<\/p>\n<p>[\/et_pb_toggle][et_pb_toggle title=\u00bbRedes sociales\u00bb _builder_version=\u00bb4.27.4&#8243; _module_preset=\u00bbdefault\u00bb global_colors_info=\u00bb{}\u00bb]<\/p>\n<p><a href=\"https:\/\/www.facebook.com\/profile.php?id=100080030029901\">Facebook<\/a><\/p>\n<p>[\/et_pb_toggle][et_pb_toggle title=\u00bbP\u00e1gina web\u00bb _builder_version=\u00bb4.27.4&#8243; _module_preset=\u00bbdefault\u00bb global_colors_info=\u00bb{}\u00bb]<\/p>\n<p><a href=\"http:\/\/www.semanasantacatral.com\">www.semanasantacatral.com<\/a><\/p>\n<p>[\/et_pb_toggle][\/et_pb_column][\/et_pb_row][et_pb_row column_structure=\u00bb1_3,2_3&#8243; _builder_version=\u00bb4.27.4&#8243; _module_preset=\u00bbdefault\u00bb global_colors_info=\u00bb{}\u00bb][et_pb_column type=\u00bb1_3&#8243; _builder_version=\u00bb4.27.4&#8243; _module_preset=\u00bbdefault\u00bb global_colors_info=\u00bb{}\u00bb][et_pb_text _builder_version=\u00bb4.27.4&#8243; _module_preset=\u00bbdefault\u00bb global_colors_info=\u00bb{}\u00bb]<\/p>\n<h2>Cofrad\u00edas y Hermandades<\/h2>\n<ul>\n<li>H. y C. de Nuestro Padre Jes\u00fas Triunfante<\/li>\n<li>Hermandad Penitencial de N. P. J. Cautivo y Ntra. Sra. de la Merced<\/li>\n<li>Cofrad\u00eda de Ntro. Padre Jes\u00fas Nazareno y Ntra. Sra. de la Encarnaci\u00f3n<\/li>\n<li>Cofrad\u00eda de la Santa Mujer Ver\u00f3nica<\/li>\n<li>Cofrad\u00eda de San Juan Evangelista<\/li>\n<li>Cofrad\u00eda de Ntra. Sra. de los Dolores y Stmo. Cristo de la Misericordia<\/li>\n<li>Cofrad\u00eda del Stmo. Cristo de la Salud y Cruz de Labradores<\/li>\n<li>Cofrad\u00eda del Stmo. Sepulcro<\/li>\n<li>Cofrad\u00eda de Ntra. Sra. de la Soledad<\/li>\n<\/ul>\n<p>[\/et_pb_text][\/et_pb_column][et_pb_column type=\u00bb2_3&#8243; _builder_version=\u00bb4.27.4&#8243; _module_preset=\u00bbdefault\u00bb global_colors_info=\u00bb{}\u00bb][et_pb_image src=\u00bbhttps:\/\/juntadiocesanaoa.com\/wp-content\/uploads\/JM-CATRAL-Monumento-2017-REC-RED.jpg\u00bb title_text=\u00bbJM CATRAL Monumento 2017 REC RED\u00bb show_bottom_space=\u00bboff\u00bb _builder_version=\u00bb4.27.4&#8243; _module_preset=\u00bbdefault\u00bb custom_margin=\u00bb||2px||false|false\u00bb global_colors_info=\u00bb{}\u00bb][\/et_pb_image][et_pb_text _builder_version=\u00bb4.27.4&#8243; _module_preset=\u00bbdefault\u00bb custom_margin=\u00bb0px||0px||false|false\u00bb global_colors_info=\u00bb{}\u00bb]<\/p>\n<h4 class=\"p1\">Monumento.<\/h4>\n<p>[\/et_pb_text][\/et_pb_column][\/et_pb_row][et_pb_row column_structure=\u00bb1_4,3_4&#8243; _builder_version=\u00bb4.27.4&#8243; _module_preset=\u00bbdefault\u00bb global_colors_info=\u00bb{}\u00bb][et_pb_column type=\u00bb1_4&#8243; _builder_version=\u00bb4.27.4&#8243; _module_preset=\u00bbdefault\u00bb global_colors_info=\u00bb{}\u00bb][et_pb_heading title=\u00bbDatos de inter\u00e9s\u00bb _builder_version=\u00bb4.27.4&#8243; _module_preset=\u00bbdefault\u00bb global_colors_info=\u00bb{}\u00bb][\/et_pb_heading][\/et_pb_column][et_pb_column type=\u00bb3_4&#8243; _builder_version=\u00bb4.27.4&#8243; _module_preset=\u00bbdefault\u00bb global_colors_info=\u00bb{}\u00bb][et_pb_text _builder_version=\u00bb4.27.4&#8243; _module_preset=\u00bbdefault\u00bb custom_padding=\u00bb1px|||||\u00bb global_colors_info=\u00bb{}\u00bb]<\/p>\n<p>En el a\u00f1o 2009 se inaugur\u00f3 su Sede Social Museo con el nombre de Capilla de la Resurrecci\u00f3n.<\/p>\n<p>La Semana Santa de Catral cuenta con unos 1200 cofrades, que participan en las siguientes procesiones:<\/p>\n<ul>\n<li><strong style=\"font-size: 14px;\"><em>Viernes de Dolores<\/em><\/strong><span style=\"font-size: 14px;\">, Procesi\u00f3n de la Corona 22 h<\/span><\/li>\n<li><strong><em>Domingo de Ramos<\/em><\/strong>: P<span style=\"font-size: 14px;\">rocesi\u00f3n<\/span> de las Palmas 11 h. y P<span style=\"font-size: 14px;\">rocesi\u00f3n<\/span> de las Mantillas 20 h.<\/li>\n<li><strong><em>Lunes Santo<\/em><\/strong>: <span style=\"font-size: 14px;\">Procesi\u00f3n<\/span>\u00a0de los Escapularios 22 h.<\/li>\n<li><strong><em>Martes Santo:<\/em><\/strong> <span style=\"font-size: 14px;\">Procesi\u00f3n<\/span>\u00a0del Traslado 22h.<\/li>\n<li><strong><em>Jueves Santo:<\/em><\/strong> <span style=\"font-size: 14px;\">Procesi\u00f3n<\/span>\u00a0del Silencio, 23 h.<\/li>\n<li><strong><em>Viernes Santo<\/em><\/strong>: <span style=\"font-size: 14px;\">Procesi\u00f3n<\/span> del Encuentro y <span style=\"font-size: 14px;\">Procesi\u00f3n<\/span>\u00a0del Santo Entierro 21 h.<\/li>\n<li><strong><em>Domingo de Resurrecci\u00f3n<\/em><\/strong>: <span style=\"font-size: 14px;\">Procesi\u00f3n<\/span> de las Cortes\u00edas 9 h.<\/li>\n<\/ul>\n<p>[\/et_pb_text][\/et_pb_column][\/et_pb_row][et_pb_row column_structure=\u00bb1_4,3_4&#8243; _builder_version=\u00bb4.27.4&#8243; _module_preset=\u00bbdefault\u00bb global_colors_info=\u00bb{}\u00bb][et_pb_column type=\u00bb1_4&#8243; _builder_version=\u00bb4.27.4&#8243; _module_preset=\u00bbdefault\u00bb global_colors_info=\u00bb{}\u00bb][et_pb_heading title=\u00bbPrograma de Actos 2026&#8243; _builder_version=\u00bb4.27.4&#8243; _module_preset=\u00bbdefault\u00bb hover_enabled=\u00bb0&#8243; global_colors_info=\u00bb{}\u00bb sticky_enabled=\u00bb0&#8243;][\/et_pb_heading][\/et_pb_column][et_pb_column type=\u00bb3_4&#8243; _builder_version=\u00bb4.27.4&#8243; _module_preset=\u00bbdefault\u00bb global_colors_info=\u00bb{}\u00bb][et_pb_image _builder_version=\u00bb4.27.4&#8243; _module_preset=\u00bbdefault\u00bb title_text=\u00bbcuadriptico actos ss catral 2026 01&#8243; src=\u00bbhttps:\/\/juntadiocesanaoa.com\/wp-content\/uploads\/cuadriptico-actos-ss-catral-2026-01.jpg\u00bb hover_enabled=\u00bb0&#8243; sticky_enabled=\u00bb0&#8243;][\/et_pb_image][et_pb_image _builder_version=\u00bb4.27.4&#8243; _module_preset=\u00bbdefault\u00bb title_text=\u00bbcuadriptico actos ss catral 2026 02&#8243; src=\u00bbhttps:\/\/juntadiocesanaoa.com\/wp-content\/uploads\/cuadriptico-actos-ss-catral-2026-02.jpg\u00bb hover_enabled=\u00bb0&#8243; sticky_enabled=\u00bb0&#8243;][\/et_pb_image][\/et_pb_column][\/et_pb_row][et_pb_row column_structure=\u00bb1_4,3_4&#8243; _builder_version=\u00bb4.27.4&#8243; _module_preset=\u00bbdefault\u00bb global_colors_info=\u00bb{}\u00bb][et_pb_column type=\u00bb1_4&#8243; _builder_version=\u00bb4.27.4&#8243; _module_preset=\u00bbdefault\u00bb global_colors_info=\u00bb{}\u00bb][et_pb_heading title=\u00bbBreve historia de la Semana Santa de Catral\u00bb _builder_version=\u00bb4.27.4&#8243; _module_preset=\u00bbdefault\u00bb global_colors_info=\u00bb{}\u00bb][\/et_pb_heading][\/et_pb_column][et_pb_column type=\u00bb3_4&#8243; _builder_version=\u00bb4.27.4&#8243; _module_preset=\u00bbdefault\u00bb global_colors_info=\u00bb{}\u00bb][et_pb_text _builder_version=\u00bb4.27.4&#8243; _module_preset=\u00bbdefault\u00bb global_colors_info=\u00bb{}\u00bb]<\/p>\n<p>En el libro de f\u00e1brica de 1570-1580 de la Parroquia de los Santos Juanes, aparecen pagos por el uso de la palma blanca para el Domingo de Ramos y del arreglo del Monumento. Tambi\u00e9n se tiene datos del siglo XXVIII y desde 1884 existe en el archivo Parroquial un \u2018Estatuto o Reglamento\u2019 por el que se reg\u00eda la Hermandad del Sant\u00edsimo Cristo de la Salud.<\/p>\n<p>El Viernes Santo, a las 5 horas se cantan unos t\u00edpicos Cantos de la Pasi\u00f3n, anunciados por dos largas turutas con or\u00edgenes en el S. XVI. M\u00e1s tarde desde el balc\u00f3n del Ayuntamiento, se pronuncia el Serm\u00f3n de la Pasi\u00f3n.<\/p>\n<p>El Domingo de Resurrecci\u00f3n se celebra el Encuentro del Sant\u00edsimo con la Virgen de la Encarnaci\u00f3n a las 9 horas.<\/p>\n<p>[\/et_pb_text][\/et_pb_column][\/et_pb_row][et_pb_row _builder_version=\u00bb4.27.4&#8243; _module_preset=\u00bbdefault\u00bb global_colors_info=\u00bb{}\u00bb][et_pb_column type=\u00bb4_4&#8243; _builder_version=\u00bb4.27.4&#8243; _module_preset=\u00bbdefault\u00bb global_colors_info=\u00bb{}\u00bb][dica_divi_carousel loop=\u00bbon\u00bb autoplay=\u00bbon\u00bb hoverpause=\u00bbon\u00bb arrow_nav=\u00bbon\u00bb dot_nav=\u00bbon\u00bb advanced_effect=\u00bb1&#8243; arrow_nav_color=\u00bb#7c3112&#8243; dots_color=\u00bb#e0ae5e\u00bb dots_active_color=\u00bb#7c3112&#8243; arrow_position=\u00bbmiddle-outside\u00bb _builder_version=\u00bb4.27.4&#8243; _module_preset=\u00bbdefault\u00bb global_colors_info=\u00bb{}\u00bb][dica_divi_carouselitem title=\u00bbNtra. Sra. de los Dolores \u00bb sub_title=\u00bbAbel Fabra Molera\u00bb button_url_new_window=\u00bb1&#8243; image=\u00bbhttps:\/\/juntadiocesanaoa.com\/wp-content\/uploads\/JM-CATRAL-Ntra.-Sra.-de-los-Dolores-Abel-Fabra-Molera.jpg\u00bb image_lightbox=\u00bbon\u00bb _builder_version=\u00bb4.27.4&#8243; _module_preset=\u00bbdefault\u00bb global_colors_info=\u00bb{}\u00bb][\/dica_divi_carouselitem][dica_divi_carouselitem title=\u00bbNtro. Padre Jesu\u0301s Nazareno \u00bb sub_title=\u00bbLuz Alberola\u00bb button_url_new_window=\u00bb1&#8243; image=\u00bbhttps:\/\/juntadiocesanaoa.com\/wp-content\/uploads\/JM-CATRAL-Ntro.-Padre-Jesus-Nazareno-Luz-Alberola.jpg\u00bb image_lightbox=\u00bbon\u00bb _builder_version=\u00bb4.27.4&#8243; _module_preset=\u00bbdefault\u00bb global_colors_info=\u00bb{}\u00bb][\/dica_divi_carouselitem][dica_divi_carouselitem title=\u00bbCristo del Amor en el Descendimiento de la Cruz \u00bb sub_title=\u00bbJoaqui\u0301n Lucas Gonza\u0301lez\u00bb button_url_new_window=\u00bb1&#8243; image=\u00bbhttps:\/\/juntadiocesanaoa.com\/wp-content\/uploads\/JM-CATRAL-Cristo-del-Amor-en-el-Descendimiento-de-la-Cruz-Joaquin-Lucas-Gonzalez.jpg\u00bb image_lightbox=\u00bbon\u00bb _builder_version=\u00bb4.27.4&#8243; _module_preset=\u00bbdefault\u00bb global_colors_info=\u00bb{}\u00bb][\/dica_divi_carouselitem][dica_divi_carouselitem title=\u00bbSant\u00edsimo Cristo Yacente \u00bb sub_title=\u00bbAbel Fabra Molera\u00bb button_url_new_window=\u00bb1&#8243; image=\u00bbhttps:\/\/juntadiocesanaoa.com\/wp-content\/uploads\/JM-CATRAL-Stmo.-Cristo-Yacente-Abel-Fabra-Molera.jpg\u00bb image_lightbox=\u00bbon\u00bb _builder_version=\u00bb4.27.4&#8243; _module_preset=\u00bbdefault\u00bb global_colors_info=\u00bb{}\u00bb][\/dica_divi_carouselitem][dica_divi_carouselitem title=\u00bbNtra. Sra de la Soledad \u00bb sub_title=\u00bbMariano Gonza\u0301lez Pardo\u00bb button_url_new_window=\u00bb1&#8243; image=\u00bbhttps:\/\/juntadiocesanaoa.com\/wp-content\/uploads\/JM-CATRAL-Ntra.-Sra-de-la-Soledad-Mariano-Gonzalez-Pardo.jpg\u00bb image_lightbox=\u00bbon\u00bb _builder_version=\u00bb4.27.4&#8243; _module_preset=\u00bbdefault\u00bb global_colors_info=\u00bb{}\u00bb][\/dica_divi_carouselitem][dica_divi_carouselitem title=\u00bbTurutas\u00bb button_url_new_window=\u00bb1&#8243; image=\u00bbhttps:\/\/juntadiocesanaoa.com\/wp-content\/uploads\/JM-CATRAL-Turutas.jpg\u00bb image_lightbox=\u00bbon\u00bb _builder_version=\u00bb4.27.4&#8243; _module_preset=\u00bbdefault\u00bb global_colors_info=\u00bb{}\u00bb][\/dica_divi_carouselitem][\/dica_divi_carousel][dica_divi_carousel loop=\u00bbon\u00bb autoplay=\u00bbon\u00bb arrow_nav=\u00bbon\u00bb dot_nav=\u00bbon\u00bb advanced_effect=\u00bb1&#8243; arrow_nav_color=\u00bb#7c3112&#8243; dots_color=\u00bb#e0ae5e\u00bb dots_active_color=\u00bb#7c3112&#8243; arrow_position=\u00bbmiddle-outside\u00bb _builder_version=\u00bb4.27.4&#8243; _module_preset=\u00bbdefault\u00bb global_colors_info=\u00bb{}\u00bb][dica_divi_carouselitem title=\u00bbNtro. Padre Jesu\u0301s Triunfante \u00bb sub_title=\u00bbManuel Garci\u0301a Rodri\u0301guez\u00bb button_url_new_window=\u00bb1&#8243; image=\u00bbhttps:\/\/juntadiocesanaoa.com\/wp-content\/uploads\/JM-CATRAL-JM-CATRAL-Ntro.-Padre-Jesus-Triunfante-Manuel-garcia-Rodriguez.jpg\u00bb image_lightbox=\u00bbon\u00bb _builder_version=\u00bb4.27.4&#8243; _module_preset=\u00bbdefault\u00bb global_colors_info=\u00bb{}\u00bb][\/dica_divi_carouselitem][dica_divi_carouselitem title=\u00bbSan Juan Evangelista \u00bb sub_title=\u00bbFrancisco J. Garci\u0301a Alonso\u00bb button_url_new_window=\u00bb1&#8243; image=\u00bbhttps:\/\/juntadiocesanaoa.com\/wp-content\/uploads\/JM-CATRAL-San-Juan-Evangelista-Francico-J.-Garcia-Alonso.jpg\u00bb image_lightbox=\u00bbon\u00bb _builder_version=\u00bb4.27.4&#8243; _module_preset=\u00bbdefault\u00bb global_colors_info=\u00bb{}\u00bb][\/dica_divi_carouselitem][dica_divi_carouselitem title=\u00bbSanta Mujer Vero\u0301nica \u00bb sub_title=\u00bbGoretti Penalva Gil\u00bb button_url_new_window=\u00bb1&#8243; image=\u00bbhttps:\/\/juntadiocesanaoa.com\/wp-content\/uploads\/JM-CATRAL-Santa-Mujer-Veronica-Goretti-Penalva-Gil.jpg\u00bb image_lightbox=\u00bbon\u00bb _builder_version=\u00bb4.27.4&#8243; _module_preset=\u00bbdefault\u00bb global_colors_info=\u00bb{}\u00bb][\/dica_divi_carouselitem][dica_divi_carouselitem title=\u00bbStmo. Cristo de la Salud \u00bb sub_title=\u00bbM\u00aa Carmen Grau Sa\u0301ez\u00bb button_url_new_window=\u00bb1&#8243; image=\u00bbhttps:\/\/juntadiocesanaoa.com\/wp-content\/uploads\/JM-CATRAL-Stmo.-Cristo-de-la-Salud-Ma-Carmen-Grau-Saez.jpg\u00bb image_lightbox=\u00bbon\u00bb _builder_version=\u00bb4.27.4&#8243; _module_preset=\u00bbdefault\u00bb global_colors_info=\u00bb{}\u00bb][\/dica_divi_carouselitem][dica_divi_carouselitem title=\u00bbVirgen de la Encarnacio\u0301n \u00bb sub_title=\u00bbJose\u0301 A. Ferra\u0301ndez Penalva\u00bb button_url_new_window=\u00bb1&#8243; image=\u00bbhttps:\/\/juntadiocesanaoa.com\/wp-content\/uploads\/JM-CATRAL-Virgen-de-la-Encarnacion-Jose-A.-Ferrandez-Penalva.jpg\u00bb image_lightbox=\u00bbon\u00bb _builder_version=\u00bb4.27.4&#8243; _module_preset=\u00bbdefault\u00bb global_colors_info=\u00bb{}\u00bb][\/dica_divi_carouselitem][\/dica_divi_carousel][\/et_pb_column][\/et_pb_row][\/et_pb_section]<\/p>\n","protected":false},"excerpt":{"rendered":"<p>19921.200Declarada de Inter\u00e9s Tur\u00edstico Local en 2016C\/ Cervantes, 2,\u00a0 03158 CatralProcesi\u00f3n del Encuentro, a\u00f1o 1910, Catral.\u00a0Nuestro Padre Jesu\u0301s Cautivo y Nuestra Se\u00f1or de la Merced.\u00a0 \u00a0 \u00a0 \u00a0 \u00a0 \u00a0 \u00a0 \u00a0 \u00a0 \u00a0 \u00a0 \u00a0 \u00a0 \u00a0 \u00a0 Foto: Luis M. Ferra\u0301ndez PenalvaDirectiva Junta Mayor Presidente: Pascual Flores Culi\u00e1\u00f1ez Vicepresidentes: Trinitario S\u00e1nchez \u00d1\u00edguez y [&hellip;]<\/p>\n","protected":false},"author":2,"featured_media":0,"parent":0,"menu_order":0,"comment_status":"closed","ping_status":"closed","template":"","meta":{"_et_pb_use_builder":"on","_et_pb_old_content":"<!-- wp:divi\/placeholder \/-->","_et_gb_content_width":"","footnotes":""},"class_list":["post-474","page","type-page","status-publish","hentry"],"yoast_head":"<!-- This site is optimized with the Yoast SEO plugin v27.2 - https:\/\/yoast.com\/product\/yoast-seo-wordpress\/ -->\n<title>Catral - Junta Diocesana Orihuela-Alicante<\/title>\n<meta name=\"robots\" content=\"index, follow, max-snippet:-1, max-image-preview:large, max-video-preview:-1\" \/>\n<link rel=\"canonical\" href=\"https:\/\/juntadiocesanaoa.com\/?page_id=474\" \/>\n<meta property=\"og:locale\" content=\"es_ES\" \/>\n<meta property=\"og:type\" content=\"article\" \/>\n<meta property=\"og:title\" content=\"Catral - Junta Diocesana Orihuela-Alicante\" \/>\n<meta property=\"og:description\" content=\"19921.200Declarada de Inter\u00e9s Tur\u00edstico Local en 2016C\/ Cervantes, 2,\u00a0 03158 CatralProcesi\u00f3n del Encuentro, a\u00f1o 1910, Catral.\u00a0Nuestro Padre Jesu\u0301s Cautivo y Nuestra Se\u00f1or de la Merced.\u00a0 \u00a0 \u00a0 \u00a0 \u00a0 \u00a0 \u00a0 \u00a0 \u00a0 \u00a0 \u00a0 \u00a0 \u00a0 \u00a0 \u00a0 Foto: Luis M. Ferra\u0301ndez PenalvaDirectiva Junta Mayor Presidente: Pascual Flores Culi\u00e1\u00f1ez Vicepresidentes: Trinitario S\u00e1nchez \u00d1\u00edguez y [&hellip;]\" \/>\n<meta property=\"og:url\" content=\"https:\/\/juntadiocesanaoa.com\/?page_id=474\" \/>\n<meta property=\"og:site_name\" content=\"Junta Diocesana Orihuela-Alicante\" \/>\n<meta property=\"article:modified_time\" content=\"2026-03-10T17:28:46+00:00\" \/>\n<meta name=\"twitter:card\" content=\"summary_large_image\" \/>\n<script type=\"application\/ld+json\" class=\"yoast-schema-graph\">{\"@context\":\"https:\/\/schema.org\",\"@graph\":[{\"@type\":\"WebPage\",\"@id\":\"https:\/\/juntadiocesanaoa.com\/?page_id=474\",\"url\":\"https:\/\/juntadiocesanaoa.com\/?page_id=474\",\"name\":\"Catral - Junta Diocesana Orihuela-Alicante\",\"isPartOf\":{\"@id\":\"https:\/\/juntadiocesanaoa.com\/#website\"},\"datePublished\":\"2025-11-05T12:22:40+00:00\",\"dateModified\":\"2026-03-10T17:28:46+00:00\",\"breadcrumb\":{\"@id\":\"https:\/\/juntadiocesanaoa.com\/?page_id=474#breadcrumb\"},\"inLanguage\":\"es\",\"potentialAction\":[{\"@type\":\"ReadAction\",\"target\":[\"https:\/\/juntadiocesanaoa.com\/?page_id=474\"]}]},{\"@type\":\"BreadcrumbList\",\"@id\":\"https:\/\/juntadiocesanaoa.com\/?page_id=474#breadcrumb\",\"itemListElement\":[{\"@type\":\"ListItem\",\"position\":1,\"name\":\"Portada\",\"item\":\"https:\/\/juntadiocesanaoa.com\/\"},{\"@type\":\"ListItem\",\"position\":2,\"name\":\"Catral\"}]},{\"@type\":\"WebSite\",\"@id\":\"https:\/\/juntadiocesanaoa.com\/#website\",\"url\":\"https:\/\/juntadiocesanaoa.com\/\",\"name\":\"Junta Diocesana Orihuela-Alicante\",\"description\":\"\",\"potentialAction\":[{\"@type\":\"SearchAction\",\"target\":{\"@type\":\"EntryPoint\",\"urlTemplate\":\"https:\/\/juntadiocesanaoa.com\/?s={search_term_string}\"},\"query-input\":{\"@type\":\"PropertyValueSpecification\",\"valueRequired\":true,\"valueName\":\"search_term_string\"}}],\"inLanguage\":\"es\"}]}<\/script>\n<!-- \/ Yoast SEO plugin. -->","yoast_head_json":{"title":"Catral - Junta Diocesana Orihuela-Alicante","robots":{"index":"index","follow":"follow","max-snippet":"max-snippet:-1","max-image-preview":"max-image-preview:large","max-video-preview":"max-video-preview:-1"},"canonical":"https:\/\/juntadiocesanaoa.com\/?page_id=474","og_locale":"es_ES","og_type":"article","og_title":"Catral - Junta Diocesana Orihuela-Alicante","og_description":"19921.200Declarada de Inter\u00e9s Tur\u00edstico Local en 2016C\/ Cervantes, 2,\u00a0 03158 CatralProcesi\u00f3n del Encuentro, a\u00f1o 1910, Catral.\u00a0Nuestro Padre Jesu\u0301s Cautivo y Nuestra Se\u00f1or de la Merced.\u00a0 \u00a0 \u00a0 \u00a0 \u00a0 \u00a0 \u00a0 \u00a0 \u00a0 \u00a0 \u00a0 \u00a0 \u00a0 \u00a0 \u00a0 Foto: Luis M. Ferra\u0301ndez PenalvaDirectiva Junta Mayor Presidente: Pascual Flores Culi\u00e1\u00f1ez Vicepresidentes: Trinitario S\u00e1nchez \u00d1\u00edguez y [&hellip;]","og_url":"https:\/\/juntadiocesanaoa.com\/?page_id=474","og_site_name":"Junta Diocesana Orihuela-Alicante","article_modified_time":"2026-03-10T17:28:46+00:00","twitter_card":"summary_large_image","schema":{"@context":"https:\/\/schema.org","@graph":[{"@type":"WebPage","@id":"https:\/\/juntadiocesanaoa.com\/?page_id=474","url":"https:\/\/juntadiocesanaoa.com\/?page_id=474","name":"Catral - Junta Diocesana Orihuela-Alicante","isPartOf":{"@id":"https:\/\/juntadiocesanaoa.com\/#website"},"datePublished":"2025-11-05T12:22:40+00:00","dateModified":"2026-03-10T17:28:46+00:00","breadcrumb":{"@id":"https:\/\/juntadiocesanaoa.com\/?page_id=474#breadcrumb"},"inLanguage":"es","potentialAction":[{"@type":"ReadAction","target":["https:\/\/juntadiocesanaoa.com\/?page_id=474"]}]},{"@type":"BreadcrumbList","@id":"https:\/\/juntadiocesanaoa.com\/?page_id=474#breadcrumb","itemListElement":[{"@type":"ListItem","position":1,"name":"Portada","item":"https:\/\/juntadiocesanaoa.com\/"},{"@type":"ListItem","position":2,"name":"Catral"}]},{"@type":"WebSite","@id":"https:\/\/juntadiocesanaoa.com\/#website","url":"https:\/\/juntadiocesanaoa.com\/","name":"Junta Diocesana Orihuela-Alicante","description":"","potentialAction":[{"@type":"SearchAction","target":{"@type":"EntryPoint","urlTemplate":"https:\/\/juntadiocesanaoa.com\/?s={search_term_string}"},"query-input":{"@type":"PropertyValueSpecification","valueRequired":true,"valueName":"search_term_string"}}],"inLanguage":"es"}]}},"_links":{"self":[{"href":"https:\/\/juntadiocesanaoa.com\/index.php?rest_route=\/wp\/v2\/pages\/474","targetHints":{"allow":["GET"]}}],"collection":[{"href":"https:\/\/juntadiocesanaoa.com\/index.php?rest_route=\/wp\/v2\/pages"}],"about":[{"href":"https:\/\/juntadiocesanaoa.com\/index.php?rest_route=\/wp\/v2\/types\/page"}],"author":[{"embeddable":true,"href":"https:\/\/juntadiocesanaoa.com\/index.php?rest_route=\/wp\/v2\/users\/2"}],"replies":[{"embeddable":true,"href":"https:\/\/juntadiocesanaoa.com\/index.php?rest_route=%2Fwp%2Fv2%2Fcomments&post=474"}],"version-history":[{"count":13,"href":"https:\/\/juntadiocesanaoa.com\/index.php?rest_route=\/wp\/v2\/pages\/474\/revisions"}],"predecessor-version":[{"id":1231,"href":"https:\/\/juntadiocesanaoa.com\/index.php?rest_route=\/wp\/v2\/pages\/474\/revisions\/1231"}],"wp:attachment":[{"href":"https:\/\/juntadiocesanaoa.com\/index.php?rest_route=%2Fwp%2Fv2%2Fmedia&parent=474"}],"curies":[{"name":"wp","href":"https:\/\/api.w.org\/{rel}","templated":true}]}}