{"id":470,"date":"2025-11-05T12:19:17","date_gmt":"2025-11-05T12:19:17","guid":{"rendered":"https:\/\/juntadiocesanaoa.com\/?page_id=470"},"modified":"2026-01-29T19:14:04","modified_gmt":"2026-01-29T19:14:04","slug":"callosa-de-segura","status":"publish","type":"page","link":"https:\/\/juntadiocesanaoa.com\/?page_id=470","title":{"rendered":"Callosa de Segura"},"content":{"rendered":"<p>[et_pb_section fb_built=\u00bb1&#8243; _builder_version=\u00bb4.27.4&#8243; _module_preset=\u00bbdefault\u00bb global_colors_info=\u00bb{}\u00bb theme_builder_area=\u00bbpost_content\u00bb][et_pb_row column_structure=\u00bb1_2,1_2&#8243; _builder_version=\u00bb4.27.4&#8243; _module_preset=\u00bbdefault\u00bb global_colors_info=\u00bb{}\u00bb theme_builder_area=\u00bbpost_content\u00bb][et_pb_column type=\u00bb1_2&#8243; _builder_version=\u00bb4.27.4&#8243; _module_preset=\u00bbdefault\u00bb global_colors_info=\u00bb{}\u00bb theme_builder_area=\u00bbpost_content\u00bb][et_pb_heading title=\u00bbCallosa de Segura\u00bb _builder_version=\u00bb4.27.4&#8243; _module_preset=\u00bbdefault\u00bb hover_enabled=\u00bb0&#8243; global_colors_info=\u00bb{}\u00bb theme_builder_area=\u00bbpost_content\u00bb sticky_enabled=\u00bb0&#8243;][\/et_pb_heading][et_pb_image src=\u00bbhttps:\/\/juntadiocesanaoa.com\/wp-content\/uploads\/escudo-JM-Callosa-de-Segura.png\u00bb title_text=\u00bbescudo JM Callosa de Segura\u00bb align=\u00bbcenter\u00bb _builder_version=\u00bb4.27.4&#8243; _module_preset=\u00bbdefault\u00bb module_alignment=\u00bbleft\u00bb max_height=\u00bb166px\u00bb hover_enabled=\u00bb0&#8243; global_colors_info=\u00bb{}\u00bb theme_builder_area=\u00bbpost_content\u00bb sticky_enabled=\u00bb0&#8243;][\/et_pb_image][et_pb_heading title=\u00bbJunta Mayor de Cofrad\u00edas, Hermandades o Mayordom\u00edas de Semana Santa de Callosa de Segura\u00bb _builder_version=\u00bb4.27.4&#8243; _module_preset=\u00bbdefault\u00bb hover_enabled=\u00bb0&#8243; global_colors_info=\u00bb{}\u00bb theme_builder_area=\u00bbpost_content\u00bb sticky_enabled=\u00bb0&#8243;][\/et_pb_heading][et_pb_tabs _builder_version=\u00bb4.27.4&#8243; _module_preset=\u00bbdefault\u00bb hover_enabled=\u00bb0&#8243; global_colors_info=\u00bb{}\u00bb theme_builder_area=\u00bbpost_content\u00bb sticky_enabled=\u00bb0&#8243;][et_pb_tab title=\u00bbA\u00f1o de fundaci\u00f3n\u00bb _builder_version=\u00bb4.27.4&#8243; _module_preset=\u00bbdefault\u00bb hover_enabled=\u00bb0&#8243; global_colors_info=\u00bb{}\u00bb theme_builder_area=\u00bbpost_content\u00bb sticky_enabled=\u00bb0&#8243;]<\/p>\n<p>1954<\/p>\n<p>[\/et_pb_tab][et_pb_tab title=\u00bbHermanos cofrades\u00bb _builder_version=\u00bb4.27.4&#8243; _module_preset=\u00bbdefault\u00bb hover_enabled=\u00bb0&#8243; global_colors_info=\u00bb{}\u00bb theme_builder_area=\u00bbpost_content\u00bb sticky_enabled=\u00bb0&#8243;]<\/p>\n<p>4.000<\/p>\n<p>[\/et_pb_tab][et_pb_tab title=\u00bbDistinciones honor\u00edficas\u00bb _builder_version=\u00bb4.27.4&#8243; _module_preset=\u00bbdefault\u00bb hover_enabled=\u00bb0&#8243; global_colors_info=\u00bb{}\u00bb theme_builder_area=\u00bbpost_content\u00bb sticky_enabled=\u00bb0&#8243;]<\/p>\n<p class=\"p1\">Declarada de Inter\u00e9s Tur\u00edstico Provincial (2011)<\/p>\n<p>[\/et_pb_tab][et_pb_tab title=\u00bbSede can\u00f3nica\u00bb _builder_version=\u00bb4.27.4&#8243; _module_preset=\u00bbdefault\u00bb hover_enabled=\u00bb0&#8243; global_colors_info=\u00bb{}\u00bb theme_builder_area=\u00bbpost_content\u00bb sticky_enabled=\u00bb0&#8243;]<\/p>\n<p class=\"p1\">Parroquia de San Mart\u00edn Obispo de Tours de Callosa de Segura<\/p>\n<p>[\/et_pb_tab][\/et_pb_tabs][\/et_pb_column][et_pb_column type=\u00bb1_2&#8243; _builder_version=\u00bb4.27.4&#8243; _module_preset=\u00bbdefault\u00bb global_colors_info=\u00bb{}\u00bb theme_builder_area=\u00bbpost_content\u00bb][et_pb_image src=\u00bbhttps:\/\/juntadiocesanaoa.com\/wp-content\/uploads\/CARTEL-SEMANA-SANTA-2026-CALLOSA-DE-SEGURA.jpg\u00bb title_text=\u00bbCARTEL SEMANA SANTA 2026 CALLOSA DE SEGURA\u00bb _builder_version=\u00bb4.27.4&#8243; _module_preset=\u00bbdefault\u00bb hover_enabled=\u00bb0&#8243; global_colors_info=\u00bb{}\u00bb theme_builder_area=\u00bbpost_content\u00bb sticky_enabled=\u00bb0&#8243;][\/et_pb_image][\/et_pb_column][\/et_pb_row][et_pb_row column_structure=\u00bb1_2,1_2&#8243; _builder_version=\u00bb4.27.4&#8243; _module_preset=\u00bbdefault\u00bb global_colors_info=\u00bb{}\u00bb theme_builder_area=\u00bbpost_content\u00bb][et_pb_column type=\u00bb1_2&#8243; _builder_version=\u00bb4.27.4&#8243; _module_preset=\u00bbdefault\u00bb global_colors_info=\u00bb{}\u00bb theme_builder_area=\u00bbpost_content\u00bb][et_pb_image src=\u00bbhttps:\/\/juntadiocesanaoa.com\/wp-content\/uploads\/CARTEL-SEMANA-SANTA-2025-CALLOSA-DE-SEGURA.jpg\u00bb title_text=\u00bbCARTEL SEMANA SANTA 2025 CALLOSA DE SEGURA\u00bb _builder_version=\u00bb4.27.4&#8243; _module_preset=\u00bbdefault\u00bb width=\u00bb100%\u00bb max_width=\u00bb81%\u00bb hover_enabled=\u00bb0&#8243; global_colors_info=\u00bb{}\u00bb theme_builder_area=\u00bbpost_content\u00bb sticky_enabled=\u00bb0&#8243;][\/et_pb_image][\/et_pb_column][et_pb_column type=\u00bb1_2&#8243; _builder_version=\u00bb4.27.4&#8243; _module_preset=\u00bbdefault\u00bb global_colors_info=\u00bb{}\u00bb theme_builder_area=\u00bbpost_content\u00bb][et_pb_text _builder_version=\u00bb4.27.4&#8243; _module_preset=\u00bbdefault\u00bb hover_enabled=\u00bb0&#8243; global_colors_info=\u00bb{}\u00bb theme_builder_area=\u00bbpost_content\u00bb sticky_enabled=\u00bb0&#8243;]<\/p>\n<h2>Directiva Junta Mayor<\/h2>\n<p class=\"p1\">Presidenta: Encarnaci\u00f3n Todos los Santos Garri Mart\u00ednez<\/p>\n<p>Vicepresidenta: M\u00aa Asunci\u00f3n Ballester Garri<\/p>\n<p>Secretario: Jorge Mu\u00f1oz Aznar<\/p>\n<p>Tesorera: Asunci\u00f3n Ballester Mart\u00edn<\/p>\n<p>Cronista, responsable de museo y revista: Francisco Zaragoza Braem<\/p>\n<p>Responsable de procesiones: Juan Manuel Ram\u00f3n Rodes<\/p>\n<p>Responsable de eventos y protocolo: Jos\u00e9 Manuel Mac\u00eda Hern\u00e1ndez<\/p>\n<p>Responsable de comunicaci\u00f3n y RRSS: Sergio Ba\u00f1uls Ballester<\/p>\n<p>Adjunto de museo<strong>:<\/strong>\u00a0Pablo Poveda Ruiz<\/p>\n<p>Consiliario:\u00a0D. Francisco Rayos Guti\u00e9rrez<\/p>\n<p>[\/et_pb_text][et_pb_toggle title=\u00bbDirecci\u00f3n postal\u00bb _builder_version=\u00bb4.27.4&#8243; _module_preset=\u00bbdefault\u00bb custom_margin=\u00bb0px||||false|false\u00bb hover_enabled=\u00bb0&#8243; global_colors_info=\u00bb{}\u00bb theme_builder_area=\u00bbpost_content\u00bb sticky_enabled=\u00bb0&#8243;]<\/p>\n<p class=\"p1\">C\/ Nuestra Se\u00f1ora del Remedio, 6 &#8211; Callosa de Segura<\/p>\n<p>[\/et_pb_toggle][et_pb_toggle title=\u00bbCorreo electr\u00f3nico\u00bb _builder_version=\u00bb4.27.4&#8243; _module_preset=\u00bbdefault\u00bb custom_margin=\u00bb0px||||false|false\u00bb hover_enabled=\u00bb0&#8243; global_colors_info=\u00bb{}\u00bb theme_builder_area=\u00bbpost_content\u00bb sticky_enabled=\u00bb0&#8243;]<\/p>\n<p><a href=\"mailto:info@semanasantacallosadesegura.com\">info@semanasantacallosadesegura.com<\/a>\u00a0<\/p>\n<p><a href=\"mailto:egarri63@gmail.com\">egarri63@gmail.com<\/a>\u00a0<\/p>\n<p>[\/et_pb_toggle][et_pb_toggle title=\u00bbTel\u00e9fono\u00bb _builder_version=\u00bb4.27.4&#8243; _module_preset=\u00bbdefault\u00bb hover_enabled=\u00bb0&#8243; global_colors_info=\u00bb{}\u00bb theme_builder_area=\u00bbpost_content\u00bb sticky_enabled=\u00bb0&#8243;]<\/p>\n<p>744 481 411<\/p>\n<p>[\/et_pb_toggle][et_pb_toggle title=\u00bbRedes sociales\u00bb _builder_version=\u00bb4.27.4&#8243; _module_preset=\u00bbdefault\u00bb hover_enabled=\u00bb0&#8243; global_colors_info=\u00bb{}\u00bb theme_builder_area=\u00bbpost_content\u00bb sticky_enabled=\u00bb0&#8243;]<\/p>\n<p><a href=\"https:\/\/www.facebook.com\/semanasantacallosadesegura\">Facebook <\/a>e <a href=\"https:\/\/www.instagram.com\/semanasantacallosadesegura\/\">Instagram<\/a><\/p>\n<p>[\/et_pb_toggle][et_pb_toggle title=\u00bbP\u00e1gina web\u00bb _builder_version=\u00bb4.27.4&#8243; _module_preset=\u00bbdefault\u00bb hover_enabled=\u00bb0&#8243; global_colors_info=\u00bb{}\u00bb theme_builder_area=\u00bbpost_content\u00bb sticky_enabled=\u00bb0&#8243;]<\/p>\n<p><a href=\"https:\/\/semanasantacallosadesegura.com\/\">www.semanasantacallosadesegura.com<\/a><\/p>\n<p>[\/et_pb_toggle][\/et_pb_column][\/et_pb_row][et_pb_row column_structure=\u00bb1_3,2_3&#8243; _builder_version=\u00bb4.27.4&#8243; _module_preset=\u00bbdefault\u00bb global_colors_info=\u00bb{}\u00bb theme_builder_area=\u00bbpost_content\u00bb][et_pb_column type=\u00bb1_3&#8243; _builder_version=\u00bb4.27.4&#8243; _module_preset=\u00bbdefault\u00bb global_colors_info=\u00bb{}\u00bb theme_builder_area=\u00bbpost_content\u00bb][et_pb_text _builder_version=\u00bb4.27.4&#8243; _module_preset=\u00bbdefault\u00bb hover_enabled=\u00bb0&#8243; global_colors_info=\u00bb{}\u00bb theme_builder_area=\u00bbpost_content\u00bb sticky_enabled=\u00bb0&#8243;]<\/p>\n<h2>Cofrad\u00edas y Hermandades<\/h2>\n<ul>\n<li>Cofrad\u00eda de la Santa Cruz<\/li>\n<li>\u00a0Cofrad\u00eda del Santo Sepulcro<\/li>\n<li>\u00a0Cofrad\u00eda de la Soledad\u00a0<\/li>\n<li>\u00a0Cofrad\u00eda de Ntra. Sra. de los Dolores<\/li>\n<li>\u00a0Cofrad\u00eda de Santa Mar\u00eda Magdalena y Jes\u00fas del Perd\u00f3n<\/li>\n<li>Cofrad\u00eda de San Juan y Ntra. Sra. Esperanza Macarena<\/li>\n<li>Cofrad\u00eda de las Santas Mar\u00edas y Madre del Amor Hermoso<\/li>\n<li>Cofrad\u00eda de las Siete Palabras<\/li>\n<li>Hermandad del Silencio y Oraci\u00f3n en el Huerto<\/li>\n<li>Cofrad\u00eda de Ntro. Padre Jes\u00fas y Mar\u00eda Sant\u00edsima de la Amargura<\/li>\n<li>Cofrad\u00eda del Ecce Homo, Flagelaci\u00f3n y Cristo Resucitado<\/li>\n<li>Hermandad de Los Moraos<\/li>\n<li>Hermandad de los Nazarenos de Cristo<\/li>\n<li>Cofrad\u00eda de Jes\u00fas Triunfante<\/li>\n<li>Orden Franciscana Seglar<\/li>\n<\/ul>\n<p>[\/et_pb_text][\/et_pb_column][et_pb_column type=\u00bb2_3&#8243; _builder_version=\u00bb4.27.4&#8243; _module_preset=\u00bbdefault\u00bb global_colors_info=\u00bb{}\u00bb theme_builder_area=\u00bbpost_content\u00bb][et_pb_image src=\u00bbhttps:\/\/juntadiocesanaoa.com\/wp-content\/uploads\/CARTEL-SEMANA-SANTA-2025-CALLOSA-DE-SEGURA.jpg\u00bb title_text=\u00bbCARTEL SEMANA SANTA 2025 CALLOSA DE SEGURA\u00bb _builder_version=\u00bb4.27.4&#8243; _module_preset=\u00bbdefault\u00bb width=\u00bb70%\u00bb module_alignment=\u00bbcenter\u00bb hover_enabled=\u00bb0&#8243; global_colors_info=\u00bb{}\u00bb theme_builder_area=\u00bbpost_content\u00bb sticky_enabled=\u00bb0&#8243;][\/et_pb_image][\/et_pb_column][\/et_pb_row][et_pb_row column_structure=\u00bb1_4,3_4&#8243; _builder_version=\u00bb4.27.4&#8243; _module_preset=\u00bbdefault\u00bb global_colors_info=\u00bb{}\u00bb theme_builder_area=\u00bbpost_content\u00bb][et_pb_column type=\u00bb1_4&#8243; _builder_version=\u00bb4.27.4&#8243; _module_preset=\u00bbdefault\u00bb global_colors_info=\u00bb{}\u00bb theme_builder_area=\u00bbpost_content\u00bb][et_pb_heading title=\u00bbDatos de inter\u00e9s\u00bb _builder_version=\u00bb4.27.4&#8243; _module_preset=\u00bbdefault\u00bb global_colors_info=\u00bb{}\u00bb theme_builder_area=\u00bbpost_content\u00bb][\/et_pb_heading][\/et_pb_column][et_pb_column type=\u00bb3_4&#8243; _builder_version=\u00bb4.27.4&#8243; _module_preset=\u00bbdefault\u00bb global_colors_info=\u00bb{}\u00bb theme_builder_area=\u00bbpost_content\u00bb][et_pb_text _builder_version=\u00bb4.27.4&#8243; _module_preset=\u00bbdefault\u00bb custom_padding=\u00bb1px|||||\u00bb hover_enabled=\u00bb0&#8243; global_colors_info=\u00bb{}\u00bb theme_builder_area=\u00bbpost_content\u00bb sticky_enabled=\u00bb0&#8243;]<\/p>\n<p>Desde 1997 tenemos el Museo de Semana Santa &#8216;Escultor Jos\u00e9 Noguera Valverde&#8217; en el que pueden contemplarse durante todo el a\u00f1o los pasos de casi todas las cofrad\u00edas y hermandades, adem\u00e1s de ser sede de la Junta Mayor de Semana Santa.<\/p>\n<p>[\/et_pb_text][\/et_pb_column][\/et_pb_row][et_pb_row column_structure=\u00bb1_4,3_4&#8243; _builder_version=\u00bb4.27.4&#8243; _module_preset=\u00bbdefault\u00bb global_colors_info=\u00bb{}\u00bb theme_builder_area=\u00bbpost_content\u00bb][et_pb_column type=\u00bb1_4&#8243; _builder_version=\u00bb4.27.4&#8243; _module_preset=\u00bbdefault\u00bb global_colors_info=\u00bb{}\u00bb theme_builder_area=\u00bbpost_content\u00bb][et_pb_heading title=\u00bbBreve historia de la Semana Santa de Callosa de Segura\u00bb _builder_version=\u00bb4.27.4&#8243; _module_preset=\u00bbdefault\u00bb hover_enabled=\u00bb0&#8243; global_colors_info=\u00bb{}\u00bb theme_builder_area=\u00bbpost_content\u00bb sticky_enabled=\u00bb0&#8243;][\/et_pb_heading][\/et_pb_column][et_pb_column type=\u00bb3_4&#8243; _builder_version=\u00bb4.27.4&#8243; _module_preset=\u00bbdefault\u00bb global_colors_info=\u00bb{}\u00bb theme_builder_area=\u00bbpost_content\u00bb][et_pb_text _builder_version=\u00bb4.27.4&#8243; _module_preset=\u00bbdefault\u00bb hover_enabled=\u00bb0&#8243; global_colors_info=\u00bb{}\u00bb theme_builder_area=\u00bbpost_content\u00bb sticky_enabled=\u00bb0&#8243;]<\/p>\n<p>Nuestra Semana Santa hunde sus or\u00edgenes en el siglo XV con la presencia de San Vicente Ferrer en 1411 en la entonces villa de Callosa de Oriola. Se consolida a principios del siglo XVII con la fundaci\u00f3n de un convento de Franciscanos Descalzos que propagan las pr\u00e1cticas penitenciales\u00a0\u00a0 y el rezo de los Pasos, tradici\u00f3n que a\u00fan perdura rezando por estas calles el v\u00eda crucis todos los d\u00edas de Cuaresma. Destaca la figura de la callosina de la venerable orden tercera Juana \u00c1ngela Godoy m\u00e1s conocida como la \u2018Beata Godoya\u2019 y que, seg\u00fan su bi\u00f3grafo, acompa\u00f1aba al Sepulcro y la Soledad durante la procesi\u00f3n del Santo Entierro.<\/p>\n<p>Tenemos constancia de la existencia de una cofrad\u00eda de la Sangre de Cristo con mayordomos citados entre 1609 y 1624, posible origen de la Cofrad\u00eda de la Santa Cruz cuya existencia se estima en torno al 1730. En la visita Pastoral del Obispo G\u00f3mez de Ter\u00e1n de 1740 se cita por primera vez una capilla con la imagen de Nuestro Padre Jes\u00fas con la cruz a cuestas y la capilla de La Soledad. Alrededor de 1760, se realiz\u00f3 la imagen de la Virgen de los Dolores por Francisco Salzillo. Y en 1779 se describen los altares de San Pedro Ap\u00f3stol y el Ecce-Homo.<\/p>\n<p>\u00a0El \u00fanico documento que se conserva es el libro de Capitulaciones del a\u00f1o 1778, la Junta celebrada el 9 de abril por el Ayuntamiento de la entonces Villa, se dedica a la organizaci\u00f3n \u201cde la funci\u00f3n del Viernes Santo por la tarde lo es laical y que por esta raz\u00f3n lo ha estado y est\u00e1 en direcci\u00f3n y condimento de dcha. Villa, nombrando personas que lleven las andas de la Soledad y dem\u00e1s insignias de dicha funci\u00f3n\u201d. Ya en el siglo XIX, aparecen nuevas mayordom\u00edas, como la de San Juan, Santa Mar\u00eda Magdalena o las Santas Mar\u00edas con libro de actas que la sit\u00faan en el 1 de mayo de 1890. Y en 1900 se funda la cofrad\u00eda de las Siete Palabras. As\u00ed permanecer\u00e1n hasta 1936 en que se destruye todo el patrimonio de las mismas, volviendo a reponer y ampliar su patrimonio a partir de 1940 y hasta los a\u00f1os setenta. En 1954 se funda la Junta Mayor de Cofrad\u00edas para coordinaci\u00f3n de todas las existentes. En 1979 y 1980 se crean dos nuevas hermandades que iniciar\u00e1n una nueva etapa de crecimiento y esplendor que dura hasta la actualidad y en la que se incorporan en 1988 la Cofrad\u00eda de Jes\u00fas Triunfante, 1998 refundaci\u00f3n de las Siete Palabras y en 2019 la de Mar\u00eda Sant\u00edsima de la Victoria, completando las cofrad\u00edas que forman la Semana Santa de la actualidad.<\/p>\n<p>[\/et_pb_text][\/et_pb_column][\/et_pb_row][\/et_pb_section]<\/p>\n","protected":false},"excerpt":{"rendered":"<p>19544.000Declarada de Inter\u00e9s Tur\u00edstico Provincial (2011)Parroquia de San Mart\u00edn Obispo de Tours de Callosa de SeguraDirectiva Junta Mayor Presidenta: Encarnaci\u00f3n Todos los Santos Garri Mart\u00ednez Vicepresidenta: M\u00aa Asunci\u00f3n Ballester Garri Secretario: Jorge Mu\u00f1oz Aznar Tesorera: Asunci\u00f3n Ballester Mart\u00edn Cronista, responsable de museo y revista: Francisco Zaragoza Braem Responsable de procesiones: Juan Manuel Ram\u00f3n Rodes Responsable [&hellip;]<\/p>\n","protected":false},"author":2,"featured_media":0,"parent":0,"menu_order":0,"comment_status":"closed","ping_status":"closed","template":"","meta":{"_et_pb_use_builder":"on","_et_pb_old_content":"<!-- wp:divi\/placeholder \/-->","_et_gb_content_width":"","footnotes":""},"class_list":["post-470","page","type-page","status-publish","hentry"],"yoast_head":"<!-- This site is optimized with the Yoast SEO plugin v27.2 - https:\/\/yoast.com\/product\/yoast-seo-wordpress\/ -->\n<title>Callosa de Segura - Junta Diocesana Orihuela-Alicante<\/title>\n<meta name=\"robots\" content=\"index, follow, max-snippet:-1, max-image-preview:large, max-video-preview:-1\" \/>\n<link rel=\"canonical\" href=\"https:\/\/juntadiocesanaoa.com\/?page_id=470\" \/>\n<meta property=\"og:locale\" content=\"es_ES\" \/>\n<meta property=\"og:type\" content=\"article\" \/>\n<meta property=\"og:title\" content=\"Callosa de Segura - Junta Diocesana Orihuela-Alicante\" \/>\n<meta property=\"og:description\" content=\"19544.000Declarada de Inter\u00e9s Tur\u00edstico Provincial (2011)Parroquia de San Mart\u00edn Obispo de Tours de Callosa de SeguraDirectiva Junta Mayor Presidenta: Encarnaci\u00f3n Todos los Santos Garri Mart\u00ednez Vicepresidenta: M\u00aa Asunci\u00f3n Ballester Garri Secretario: Jorge Mu\u00f1oz Aznar Tesorera: Asunci\u00f3n Ballester Mart\u00edn Cronista, responsable de museo y revista: Francisco Zaragoza Braem Responsable de procesiones: Juan Manuel Ram\u00f3n Rodes Responsable [&hellip;]\" \/>\n<meta property=\"og:url\" content=\"https:\/\/juntadiocesanaoa.com\/?page_id=470\" \/>\n<meta property=\"og:site_name\" content=\"Junta Diocesana Orihuela-Alicante\" \/>\n<meta property=\"article:modified_time\" content=\"2026-01-29T19:14:04+00:00\" \/>\n<meta name=\"twitter:card\" content=\"summary_large_image\" \/>\n<script type=\"application\/ld+json\" class=\"yoast-schema-graph\">{\"@context\":\"https:\/\/schema.org\",\"@graph\":[{\"@type\":\"WebPage\",\"@id\":\"https:\/\/juntadiocesanaoa.com\/?page_id=470\",\"url\":\"https:\/\/juntadiocesanaoa.com\/?page_id=470\",\"name\":\"Callosa de Segura - Junta Diocesana Orihuela-Alicante\",\"isPartOf\":{\"@id\":\"https:\/\/juntadiocesanaoa.com\/#website\"},\"datePublished\":\"2025-11-05T12:19:17+00:00\",\"dateModified\":\"2026-01-29T19:14:04+00:00\",\"breadcrumb\":{\"@id\":\"https:\/\/juntadiocesanaoa.com\/?page_id=470#breadcrumb\"},\"inLanguage\":\"es\",\"potentialAction\":[{\"@type\":\"ReadAction\",\"target\":[\"https:\/\/juntadiocesanaoa.com\/?page_id=470\"]}]},{\"@type\":\"BreadcrumbList\",\"@id\":\"https:\/\/juntadiocesanaoa.com\/?page_id=470#breadcrumb\",\"itemListElement\":[{\"@type\":\"ListItem\",\"position\":1,\"name\":\"Portada\",\"item\":\"https:\/\/juntadiocesanaoa.com\/\"},{\"@type\":\"ListItem\",\"position\":2,\"name\":\"Callosa de Segura\"}]},{\"@type\":\"WebSite\",\"@id\":\"https:\/\/juntadiocesanaoa.com\/#website\",\"url\":\"https:\/\/juntadiocesanaoa.com\/\",\"name\":\"Junta Diocesana Orihuela-Alicante\",\"description\":\"\",\"potentialAction\":[{\"@type\":\"SearchAction\",\"target\":{\"@type\":\"EntryPoint\",\"urlTemplate\":\"https:\/\/juntadiocesanaoa.com\/?s={search_term_string}\"},\"query-input\":{\"@type\":\"PropertyValueSpecification\",\"valueRequired\":true,\"valueName\":\"search_term_string\"}}],\"inLanguage\":\"es\"}]}<\/script>\n<!-- \/ Yoast SEO plugin. -->","yoast_head_json":{"title":"Callosa de Segura - Junta Diocesana Orihuela-Alicante","robots":{"index":"index","follow":"follow","max-snippet":"max-snippet:-1","max-image-preview":"max-image-preview:large","max-video-preview":"max-video-preview:-1"},"canonical":"https:\/\/juntadiocesanaoa.com\/?page_id=470","og_locale":"es_ES","og_type":"article","og_title":"Callosa de Segura - Junta Diocesana Orihuela-Alicante","og_description":"19544.000Declarada de Inter\u00e9s Tur\u00edstico Provincial (2011)Parroquia de San Mart\u00edn Obispo de Tours de Callosa de SeguraDirectiva Junta Mayor Presidenta: Encarnaci\u00f3n Todos los Santos Garri Mart\u00ednez Vicepresidenta: M\u00aa Asunci\u00f3n Ballester Garri Secretario: Jorge Mu\u00f1oz Aznar Tesorera: Asunci\u00f3n Ballester Mart\u00edn Cronista, responsable de museo y revista: Francisco Zaragoza Braem Responsable de procesiones: Juan Manuel Ram\u00f3n Rodes Responsable [&hellip;]","og_url":"https:\/\/juntadiocesanaoa.com\/?page_id=470","og_site_name":"Junta Diocesana Orihuela-Alicante","article_modified_time":"2026-01-29T19:14:04+00:00","twitter_card":"summary_large_image","schema":{"@context":"https:\/\/schema.org","@graph":[{"@type":"WebPage","@id":"https:\/\/juntadiocesanaoa.com\/?page_id=470","url":"https:\/\/juntadiocesanaoa.com\/?page_id=470","name":"Callosa de Segura - Junta Diocesana Orihuela-Alicante","isPartOf":{"@id":"https:\/\/juntadiocesanaoa.com\/#website"},"datePublished":"2025-11-05T12:19:17+00:00","dateModified":"2026-01-29T19:14:04+00:00","breadcrumb":{"@id":"https:\/\/juntadiocesanaoa.com\/?page_id=470#breadcrumb"},"inLanguage":"es","potentialAction":[{"@type":"ReadAction","target":["https:\/\/juntadiocesanaoa.com\/?page_id=470"]}]},{"@type":"BreadcrumbList","@id":"https:\/\/juntadiocesanaoa.com\/?page_id=470#breadcrumb","itemListElement":[{"@type":"ListItem","position":1,"name":"Portada","item":"https:\/\/juntadiocesanaoa.com\/"},{"@type":"ListItem","position":2,"name":"Callosa de Segura"}]},{"@type":"WebSite","@id":"https:\/\/juntadiocesanaoa.com\/#website","url":"https:\/\/juntadiocesanaoa.com\/","name":"Junta Diocesana Orihuela-Alicante","description":"","potentialAction":[{"@type":"SearchAction","target":{"@type":"EntryPoint","urlTemplate":"https:\/\/juntadiocesanaoa.com\/?s={search_term_string}"},"query-input":{"@type":"PropertyValueSpecification","valueRequired":true,"valueName":"search_term_string"}}],"inLanguage":"es"}]}},"_links":{"self":[{"href":"https:\/\/juntadiocesanaoa.com\/index.php?rest_route=\/wp\/v2\/pages\/470","targetHints":{"allow":["GET"]}}],"collection":[{"href":"https:\/\/juntadiocesanaoa.com\/index.php?rest_route=\/wp\/v2\/pages"}],"about":[{"href":"https:\/\/juntadiocesanaoa.com\/index.php?rest_route=\/wp\/v2\/types\/page"}],"author":[{"embeddable":true,"href":"https:\/\/juntadiocesanaoa.com\/index.php?rest_route=\/wp\/v2\/users\/2"}],"replies":[{"embeddable":true,"href":"https:\/\/juntadiocesanaoa.com\/index.php?rest_route=%2Fwp%2Fv2%2Fcomments&post=470"}],"version-history":[{"count":6,"href":"https:\/\/juntadiocesanaoa.com\/index.php?rest_route=\/wp\/v2\/pages\/470\/revisions"}],"predecessor-version":[{"id":1045,"href":"https:\/\/juntadiocesanaoa.com\/index.php?rest_route=\/wp\/v2\/pages\/470\/revisions\/1045"}],"wp:attachment":[{"href":"https:\/\/juntadiocesanaoa.com\/index.php?rest_route=%2Fwp%2Fv2%2Fmedia&parent=470"}],"curies":[{"name":"wp","href":"https:\/\/api.w.org\/{rel}","templated":true}]}}