{"id":15,"date":"2025-08-19T17:18:35","date_gmt":"2025-08-19T17:18:35","guid":{"rendered":"https:\/\/juntadiocesanaoa.com\/?page_id=15"},"modified":"2026-04-12T11:25:16","modified_gmt":"2026-04-12T11:25:16","slug":"inicio","status":"publish","type":"page","link":"https:\/\/juntadiocesanaoa.com\/","title":{"rendered":"Inicio"},"content":{"rendered":"<p>[et_pb_section fb_built=\u00bb1&#8243; fullwidth=\u00bbon\u00bb _builder_version=\u00bb4.27.4&#8243; _module_preset=\u00bbdefault\u00bb global_colors_info=\u00bb{}\u00bb][et_pb_fullwidth_header_extended text_orientation=\u00bbcenter\u00bb header_fullscreen=\u00bbon\u00bb header_scroll_down=\u00bbon\u00bb logo_image_url=\u00bbhttps:\/\/juntadiocesanaoa.com\/wp-content\/uploads\/Cabecera-web-OK-Junta-Diocesana-1698-x-600-px.jpg\u00bb _builder_version=\u00bb4.27.4&#8243; _module_preset=\u00bbdefault\u00bb global_colors_info=\u00bb{}\u00bb][\/et_pb_fullwidth_header_extended][\/et_pb_section][et_pb_section fb_built=\u00bb1&#8243; _builder_version=\u00bb4.27.4&#8243; _module_preset=\u00bbdefault\u00bb global_colors_info=\u00bb{}\u00bb][et_pb_row column_structure=\u00bb2_5,3_5&#8243; _builder_version=\u00bb4.27.4&#8243; _module_preset=\u00bbdefault\u00bb global_colors_info=\u00bb{}\u00bb][et_pb_column type=\u00bb2_5&#8243; _builder_version=\u00bb4.27.4&#8243; _module_preset=\u00bbdefault\u00bb global_colors_info=\u00bb{}\u00bb][et_pb_text _builder_version=\u00bb4.27.6&#8243; _module_preset=\u00bbdefault\u00bb global_colors_info=\u00bb{}\u00bb]<\/p>\n<h1>Junta Diocesana de Semana Santa<\/h1>\n<div class=\"site-branding\">\n<p>Bienvenidos a la p\u00e1gina web de la Junta Diocesana de Cofrad\u00edas y Hermandades de Semana Santa Orihuela-Alicante, una p\u00e1gina creada como un lugar de encuentro para todos los cofrades que formamos la gran familia de la Semana Santa de nuestra Di\u00f3cesis.<\/p>\n<p>La Junta Diocesana fue erigida el 4 de febrero de 1998 con una misi\u00f3n principal: la formaci\u00f3n religioso-cultural de sus miembros, as\u00ed como la promoci\u00f3n de los cauces de cooperaci\u00f3n y culto p\u00fablico y transmisi\u00f3n de la doctrina cristiana en nombre de la Iglesia, est\u00edmulo de la caridad y ayuda mutua.<\/p>\n<p>Son miembros de la Junta Diocesana las Juntas Mayores de Cofrad\u00edas de Semana Santa constituidas dentro de su \u00e1mbito local de actuaci\u00f3n, es decir, la Di\u00f3cesis de Orihuela-Alicante. Esta p\u00e1gina web se crea para informar sobre las caracter\u00edsticas, principios, objetivos y actividades de la Junta Diocesana, as\u00ed como de las Juntas Mayores que la conforman.<\/p>\n<nav class=\"jetpack-social-navigation jetpack-social-navigation-svg\" aria-label=\"Men\u00fa de enlaces a redes sociales\"><\/nav>\n<\/div>\n<p>[\/et_pb_text][\/et_pb_column][et_pb_column type=\u00bb3_5&#8243; _builder_version=\u00bb4.27.4&#8243; _module_preset=\u00bbdefault\u00bb global_colors_info=\u00bb{}\u00bb][et_pb_image src=\u00bbhttps:\/\/juntadiocesanaoa.com\/wp-content\/uploads\/TOMA-POSESION-JUNTA-DIOCESANA-SEPT-202509-MEDALLAS-RED.png\u00bb title_text=\u00bbTOMA POSESION JUNTA DIOCESANA SEPT 202509 MEDALLAS RED\u00bb _builder_version=\u00bb4.27.4&#8243; _module_preset=\u00bbdefault\u00bb animation_style=\u00bbfade\u00bb global_colors_info=\u00bb{}\u00bb][\/et_pb_image][\/et_pb_column][\/et_pb_row][\/et_pb_section][et_pb_section fb_built=\u00bb1&#8243; _builder_version=\u00bb4.27.4&#8243; _module_preset=\u00bbdefault\u00bb global_colors_info=\u00bb{}\u00bb][et_pb_row column_structure=\u00bb3_4,1_4&#8243; _builder_version=\u00bb4.27.4&#8243; _module_preset=\u00bbdefault\u00bb global_colors_info=\u00bb{}\u00bb][et_pb_column type=\u00bb3_4&#8243; _builder_version=\u00bb4.27.4&#8243; _module_preset=\u00bbdefault\u00bb global_colors_info=\u00bb{}\u00bb][et_pb_text _builder_version=\u00bb4.27.4&#8243; _module_preset=\u00bbdefault\u00bb global_colors_info=\u00bb{}\u00bb]<\/p>\n<h2>Toda la actualidad de la Semana Santa de la Di\u00f3cesis Orihuela-Alicante<\/h2>\n<p>[\/et_pb_text][et_pb_blog posts_number=\u00bb3&#8243; meta_date=\u00bbj M Y\u00bb show_author=\u00bboff\u00bb _builder_version=\u00bb4.27.4&#8243; _module_preset=\u00bbdefault\u00bb header_level=\u00bbh3&#8243; global_colors_info=\u00bb{}\u00bb][\/et_pb_blog][\/et_pb_column][et_pb_column type=\u00bb1_4&#8243; _builder_version=\u00bb4.27.4&#8243; _module_preset=\u00bbdefault\u00bb global_colors_info=\u00bb{}\u00bb][et_pb_text _builder_version=\u00bb4.27.4&#8243; _module_preset=\u00bbdefault\u00bb global_colors_info=\u00bb{}\u00bb]<\/p>\n<h2>En aquel tiempo&#8230;<\/h2>\n<p>[\/et_pb_text][et_pb_testimonial author=\u00bbJuan 13:34&#8243; portrait_url=\u00bbhttps:\/\/juntadiocesanaoa.com\/wp-content\/uploads\/Junta-Diocesana-OA-Flaticon-comunion-1.png\u00bb _builder_version=\u00bb4.27.4&#8243; _module_preset=\u00bbdefault\u00bb text_orientation=\u00bbcenter\u00bb global_colors_info=\u00bb{}\u00bb]<\/p>\n<p>Un mandamiento nuevo os doy: que os am\u00e9is los unos a los otros; como yo os he amado.<\/p>\n<p>[\/et_pb_testimonial][et_pb_image src=\u00bbhttps:\/\/juntadiocesanaoa.com\/wp-content\/uploads\/Junta-Diocesana-OA-Flaticon-vela-1.png\u00bb title_text=\u00bbJunta Diocesana OA Flaticon vela (1)\u00bb url=\u00bbhttps:\/\/juntadiocesanaoa.com\/?page_id=643&#8243; show_bottom_space=\u00bboff\u00bb admin_label=\u00bbImagen\u00bb _builder_version=\u00bb4.27.4&#8243; _module_preset=\u00bbdefault\u00bb width=\u00bb50%\u00bb module_alignment=\u00bbcenter\u00bb global_colors_info=\u00bb{}\u00bb][\/et_pb_image][et_pb_text _builder_version=\u00bb4.27.4&#8243; _module_preset=\u00bbdefault\u00bb custom_margin=\u00bb0px||-1px||false|false\u00bb link_option_url=\u00bbhttps:\/\/juntadiocesanaoa.com\/?page_id=643&#8243; global_colors_info=\u00bb{}\u00bb]<\/p>\n<h2>Velas Literarias de Adviento<\/h2>\n<p>[\/et_pb_text][et_pb_image src=\u00bbhttps:\/\/juntadiocesanaoa.com\/wp-content\/uploads\/1-Lecturas-Adviento-2025-Junta-Diocesana.jpg\u00bb title_text=\u00bb1 Lecturas Adviento 2025 Junta Diocesana\u00bb url=\u00bbhttps:\/\/juntadiocesanaoa.com\/?page_id=643&#8243; show_bottom_space=\u00bboff\u00bb _builder_version=\u00bb4.27.4&#8243; _module_preset=\u00bbdefault\u00bb global_colors_info=\u00bb{}\u00bb][\/et_pb_image][et_pb_text _builder_version=\u00bb4.27.4&#8243; _module_preset=\u00bbdefault\u00bb global_colors_info=\u00bb{}\u00bb]<\/p>\n<p>Primera vela de Adviento:\u00a0 \u00a0 \u00a0 \u00a0 \u00a0 \u00a0 \u00a0 \u00a0 \u00a0 \u00a0 \u00a0 \u00a0 \u00a0 \u00a0 \u00a0 \ud835\udc6c\ud835\udc8d \ud835\udc86\ud835\udc94\ud835\udc91\ud835\udc8a\u0301\ud835\udc93\ud835\udc8a\ud835\udc95\ud835\udc96 \ud835\udc85\ud835\udc86 \ud835\udc8d\ud835\udc82 \ud835\udc75\ud835\udc82\ud835\udc97\ud835\udc8a\ud835\udc85\ud835\udc82\ud835\udc85,\u00a0 \u00a0 \u00a0 \u00a0 \u00a0 \u00a0 \u00a0 \u00a0 \u00a0 \u00a0 \u00a0 \u00a0 \u00a0 \u00a0 \u00a0 \u00a0 de Gilbert K. Chesterton<\/p>\n<p>[\/et_pb_text][et_pb_image src=\u00bbhttps:\/\/juntadiocesanaoa.com\/wp-content\/uploads\/2-Lecturas-Adviento-2025-Junta-Diocesana.jpg\u00bb title_text=\u00bb2 Lecturas Adviento 2025 Junta Diocesana\u00bb url=\u00bbhttps:\/\/juntadiocesanaoa.com\/?page_id=643&#8243; show_bottom_space=\u00bboff\u00bb _builder_version=\u00bb4.27.4&#8243; _module_preset=\u00bbdefault\u00bb global_colors_info=\u00bb{}\u00bb][\/et_pb_image][et_pb_text _builder_version=\u00bb4.27.4&#8243; _module_preset=\u00bbdefault\u00bb global_colors_info=\u00bb{}\u00bb]<\/p>\n<p>Segunda vela de Adviento:\u00a0 \u00a0 \u00a0 \u00a0 \u00a0 \u00a0 \u00a0 \u00a0 \u00a0 \u00a0 \u00a0 \u00a0 \u00a0 \u00a0 \ud835\udc73\ud835\udc82 \ud835\udc83\ud835\udc86\ud835\udc8f\ud835\udc85\ud835\udc8a\ud835\udc84\ud835\udc8a\ud835\udc90\u0301\ud835\udc8f \ud835\udc85\ud835\udc86 \ud835\udc8d\ud835\udc82 \ud835\udc75\ud835\udc82\ud835\udc97\ud835\udc8a\ud835\udc85\ud835\udc82\ud835\udc85 (\ud835\udc74\ud835\udc86\ud835\udc85\ud835\udc8a\ud835\udc95\ud835\udc82\ud835\udc84\ud835\udc8a\ud835\udc90\ud835\udc8f\ud835\udc86\ud835\udc94),\u00a0 \u00a0 de Joseph Ratzinger, Benedicto XVI<\/p>\n<p>[\/et_pb_text][et_pb_image src=\u00bbhttps:\/\/juntadiocesanaoa.com\/wp-content\/uploads\/3-Lecturas-Adviento-2025-Junta-Diocesana-1.jpg\u00bb title_text=\u00bb3 Lecturas Adviento 2025 Junta Diocesana\u00bb url=\u00bbhttps:\/\/juntadiocesanaoa.com\/?page_id=643&#8243; show_bottom_space=\u00bboff\u00bb _builder_version=\u00bb4.27.4&#8243; _module_preset=\u00bbdefault\u00bb global_colors_info=\u00bb{}\u00bb][\/et_pb_image][et_pb_text _builder_version=\u00bb4.27.4&#8243; _module_preset=\u00bbdefault\u00bb global_colors_info=\u00bb{}\u00bb]<\/p>\n<p>Tercera vela de Adviento:\u00a0 \u00a0 \u00a0 \u00a0 \u00a0 \u00a0 \u00a0 \u00a0 \u00a0 \u00a0 \u00a0 \u00a0 \u00a0 \u00a0 \ud835\udc73\ud835\udc8a\ud835\udc83\ud835\udc93\ud835\udc90 \ud835\udc85\ud835\udc86 \ud835\udc97\ud835\udc8a\ud835\udc94\ud835\udc8a\ud835\udc95\ud835\udc82\ud835\udc8f\ud835\udc95\ud835\udc86\ud835\udc94,\u00a0 \u00a0 \u00a0 \u00a0 \u00a0 \u00a0 \u00a0 \u00a0 \u00a0 \u00a0 \u00a0 \u00a0 \u00a0 \u00a0 \u00a0 \u00a0 \u00a0 \u00a0 \u00a0 \u00a0 \u00a0 \u00a0 de Jos\u00e9 Jim\u00e9nez Lozano<\/p>\n<p>[\/et_pb_text][et_pb_image src=\u00bbhttps:\/\/juntadiocesanaoa.com\/wp-content\/uploads\/4-Lecturas-Adviento-2025-Junta-Diocesana-1.jpg\u00bb title_text=\u00bb4 Lecturas Adviento 2025 Junta Diocesana\u00bb url=\u00bbhttps:\/\/juntadiocesanaoa.com\/?page_id=643&#8243; show_bottom_space=\u00bboff\u00bb _builder_version=\u00bb4.27.4&#8243; _module_preset=\u00bbdefault\u00bb global_colors_info=\u00bb{}\u00bb][\/et_pb_image][et_pb_text _builder_version=\u00bb4.27.4&#8243; _module_preset=\u00bbdefault\u00bb global_colors_info=\u00bb{}\u00bb]<\/p>\n<p>Cuarta vela de Adviento:\u00a0 \u00a0 \u00a0 \u00a0 \u00a0 \u00a0 \u00a0 \u00a0 \u00a0 \u00a0 \u00a0 \u00a0 \u00a0 \u00a0 \ud835\udc6a\ud835\udc82\ud835\udc8f\ud835\udc84\ud835\udc8a\ud835\udc90\u0301\ud835\udc8f \ud835\udc85\ud835\udc86 \ud835\udc75\ud835\udc82\ud835\udc97\ud835\udc8a\ud835\udc85\ud835\udc82\ud835\udc85,\u00a0 \u00a0 \u00a0 \u00a0 \u00a0 \u00a0 \u00a0 \u00a0 \u00a0 \u00a0 \u00a0 \u00a0 \u00a0 \u00a0 \u00a0 \u00a0 \u00a0 \u00a0 \u00a0 \u00a0 \u00a0 \u00a0 de Charles Dickens<\/p>\n<p>[\/et_pb_text][\/et_pb_column][\/et_pb_row][et_pb_row _builder_version=\u00bb4.27.4&#8243; _module_preset=\u00bbdefault\u00bb background_color=\u00bbrgba(224,144,53,0.21)\u00bb global_colors_info=\u00bb{}\u00bb][et_pb_column type=\u00bb4_4&#8243; _builder_version=\u00bb4.27.4&#8243; _module_preset=\u00bbdefault\u00bb global_colors_info=\u00bb{}\u00bb][et_pb_heading title=\u00bbPr\u00f3ximas actividades\u00bb _builder_version=\u00bb4.27.4&#8243; _module_preset=\u00bbdefault\u00bb title_font=\u00bb||||||||\u00bb title_text_align=\u00bbleft\u00bb custom_margin=\u00bb|||5px|false|false\u00bb global_colors_info=\u00bb{}\u00bb][\/et_pb_heading][\/et_pb_column][\/et_pb_row][et_pb_row column_structure=\u00bb1_3,1_3,1_3&#8243; _builder_version=\u00bb4.27.4&#8243; _module_preset=\u00bbdefault\u00bb global_colors_info=\u00bb{}\u00bb][et_pb_column type=\u00bb1_3&#8243; _builder_version=\u00bb4.27.4&#8243; _module_preset=\u00bbdefault\u00bb global_colors_info=\u00bb{}\u00bb][et_pb_image src=\u00bbhttps:\/\/juntadiocesanaoa.com\/wp-content\/uploads\/Junta-Diocesana-OA-Flaticon-semana-santa.png\u00bb title_text=\u00bbJunta Diocesana OA Flaticon semana-santa\u00bb _builder_version=\u00bb4.27.4&#8243; _module_preset=\u00bbdefault\u00bb width=\u00bb70%\u00bb max_width=\u00bb100%\u00bb module_alignment=\u00bbcenter\u00bb global_colors_info=\u00bb{}\u00bb][\/et_pb_image][et_pb_button button_url=\u00bbhttps:\/\/juntadiocesanaoa.com\/?page_id=47&#8243; button_text=\u00bbXXXIII Encuentro Diocesano en Almorad\u00ed\u00bb _builder_version=\u00bb4.27.6&#8243; _module_preset=\u00bbdefault\u00bb hover_enabled=\u00bb0&#8243; global_colors_info=\u00bb{}\u00bb sticky_enabled=\u00bb0&#8243;][\/et_pb_button][\/et_pb_column][et_pb_column type=\u00bb1_3&#8243; _builder_version=\u00bb4.27.4&#8243; _module_preset=\u00bbdefault\u00bb global_colors_info=\u00bb{}\u00bb][et_pb_image _builder_version=\u00bb4.27.6&#8243; _module_preset=\u00bbdefault\u00bb hover_enabled=\u00bb0&#8243; sticky_enabled=\u00bb0&#8243; title_text=\u00bbCARTEL ENCUENTRO PROVINCIAL 2026 ALMORADI red\u00bb src=\u00bbhttps:\/\/juntadiocesanaoa.com\/wp-content\/uploads\/CARTEL-ENCUENTRO-PROVINCIAL-2026-ALMORADI-red.jpg\u00bb][\/et_pb_image][\/et_pb_column][et_pb_column type=\u00bb1_3&#8243; _builder_version=\u00bb4.27.4&#8243; _module_preset=\u00bbdefault\u00bb global_colors_info=\u00bb{}\u00bb][et_pb_image _builder_version=\u00bb4.27.6&#8243; _module_preset=\u00bbdefault\u00bb title_text=\u00bbCARTEL PROCESION MAGNA ENCUENTRO PROVINCIAL 2026 ALMORADI\u00bb src=\u00bbhttps:\/\/juntadiocesanaoa.com\/wp-content\/uploads\/CARTEL-PROCESION-MAGNA-ENCUENTRO-PROVINCIAL-2026-ALMORADI.jpg\u00bb hover_enabled=\u00bb0&#8243; sticky_enabled=\u00bb0&#8243;][\/et_pb_image][\/et_pb_column][\/et_pb_row][\/et_pb_section]<\/p>\n","protected":false},"excerpt":{"rendered":"<p>Junta Diocesana de Semana Santa Bienvenidos a la p\u00e1gina web de la Junta Diocesana de Cofrad\u00edas y Hermandades de Semana Santa Orihuela-Alicante, una p\u00e1gina creada como un lugar de encuentro para todos los cofrades que formamos la gran familia de la Semana Santa de nuestra Di\u00f3cesis. La Junta Diocesana fue erigida el 4 de febrero [&hellip;]<\/p>\n","protected":false},"author":2,"featured_media":0,"parent":0,"menu_order":0,"comment_status":"closed","ping_status":"closed","template":"","meta":{"_et_pb_use_builder":"on","_et_pb_old_content":"","_et_gb_content_width":"","footnotes":""},"class_list":["post-15","page","type-page","status-publish","hentry"],"yoast_head":"<!-- This site is optimized with the Yoast SEO plugin v27.2 - https:\/\/yoast.com\/product\/yoast-seo-wordpress\/ -->\n<title>Inicio - Junta Diocesana Orihuela-Alicante<\/title>\n<meta name=\"robots\" content=\"index, follow, max-snippet:-1, max-image-preview:large, max-video-preview:-1\" \/>\n<link rel=\"canonical\" href=\"https:\/\/juntadiocesanaoa.com\/\" \/>\n<meta property=\"og:locale\" content=\"es_ES\" \/>\n<meta property=\"og:type\" content=\"article\" \/>\n<meta property=\"og:title\" content=\"Inicio - Junta Diocesana Orihuela-Alicante\" \/>\n<meta property=\"og:description\" content=\"Junta Diocesana de Semana Santa Bienvenidos a la p\u00e1gina web de la Junta Diocesana de Cofrad\u00edas y Hermandades de Semana Santa Orihuela-Alicante, una p\u00e1gina creada como un lugar de encuentro para todos los cofrades que formamos la gran familia de la Semana Santa de nuestra Di\u00f3cesis. La Junta Diocesana fue erigida el 4 de febrero [&hellip;]\" \/>\n<meta property=\"og:url\" content=\"https:\/\/juntadiocesanaoa.com\/\" \/>\n<meta property=\"og:site_name\" content=\"Junta Diocesana Orihuela-Alicante\" \/>\n<meta property=\"article:modified_time\" content=\"2026-04-12T11:25:16+00:00\" \/>\n<meta name=\"twitter:card\" content=\"summary_large_image\" \/>\n<meta name=\"twitter:label1\" content=\"Tiempo de lectura\" \/>\n\t<meta name=\"twitter:data1\" content=\"5 minutos\" \/>\n<script type=\"application\/ld+json\" class=\"yoast-schema-graph\">{\"@context\":\"https:\/\/schema.org\",\"@graph\":[{\"@type\":\"WebPage\",\"@id\":\"https:\/\/juntadiocesanaoa.com\/\",\"url\":\"https:\/\/juntadiocesanaoa.com\/\",\"name\":\"Inicio - Junta Diocesana Orihuela-Alicante\",\"isPartOf\":{\"@id\":\"https:\/\/juntadiocesanaoa.com\/#website\"},\"datePublished\":\"2025-08-19T17:18:35+00:00\",\"dateModified\":\"2026-04-12T11:25:16+00:00\",\"breadcrumb\":{\"@id\":\"https:\/\/juntadiocesanaoa.com\/#breadcrumb\"},\"inLanguage\":\"es\",\"potentialAction\":[{\"@type\":\"ReadAction\",\"target\":[\"https:\/\/juntadiocesanaoa.com\/\"]}]},{\"@type\":\"BreadcrumbList\",\"@id\":\"https:\/\/juntadiocesanaoa.com\/#breadcrumb\",\"itemListElement\":[{\"@type\":\"ListItem\",\"position\":1,\"name\":\"Portada\",\"item\":\"https:\/\/juntadiocesanaoa.com\/\"},{\"@type\":\"ListItem\",\"position\":2,\"name\":\"Inicio\"}]},{\"@type\":\"WebSite\",\"@id\":\"https:\/\/juntadiocesanaoa.com\/#website\",\"url\":\"https:\/\/juntadiocesanaoa.com\/\",\"name\":\"Junta Diocesana Orihuela-Alicante\",\"description\":\"\",\"potentialAction\":[{\"@type\":\"SearchAction\",\"target\":{\"@type\":\"EntryPoint\",\"urlTemplate\":\"https:\/\/juntadiocesanaoa.com\/?s={search_term_string}\"},\"query-input\":{\"@type\":\"PropertyValueSpecification\",\"valueRequired\":true,\"valueName\":\"search_term_string\"}}],\"inLanguage\":\"es\"}]}<\/script>\n<!-- \/ Yoast SEO plugin. -->","yoast_head_json":{"title":"Inicio - Junta Diocesana Orihuela-Alicante","robots":{"index":"index","follow":"follow","max-snippet":"max-snippet:-1","max-image-preview":"max-image-preview:large","max-video-preview":"max-video-preview:-1"},"canonical":"https:\/\/juntadiocesanaoa.com\/","og_locale":"es_ES","og_type":"article","og_title":"Inicio - Junta Diocesana Orihuela-Alicante","og_description":"Junta Diocesana de Semana Santa Bienvenidos a la p\u00e1gina web de la Junta Diocesana de Cofrad\u00edas y Hermandades de Semana Santa Orihuela-Alicante, una p\u00e1gina creada como un lugar de encuentro para todos los cofrades que formamos la gran familia de la Semana Santa de nuestra Di\u00f3cesis. La Junta Diocesana fue erigida el 4 de febrero [&hellip;]","og_url":"https:\/\/juntadiocesanaoa.com\/","og_site_name":"Junta Diocesana Orihuela-Alicante","article_modified_time":"2026-04-12T11:25:16+00:00","twitter_card":"summary_large_image","twitter_misc":{"Tiempo de lectura":"5 minutos"},"schema":{"@context":"https:\/\/schema.org","@graph":[{"@type":"WebPage","@id":"https:\/\/juntadiocesanaoa.com\/","url":"https:\/\/juntadiocesanaoa.com\/","name":"Inicio - Junta Diocesana Orihuela-Alicante","isPartOf":{"@id":"https:\/\/juntadiocesanaoa.com\/#website"},"datePublished":"2025-08-19T17:18:35+00:00","dateModified":"2026-04-12T11:25:16+00:00","breadcrumb":{"@id":"https:\/\/juntadiocesanaoa.com\/#breadcrumb"},"inLanguage":"es","potentialAction":[{"@type":"ReadAction","target":["https:\/\/juntadiocesanaoa.com\/"]}]},{"@type":"BreadcrumbList","@id":"https:\/\/juntadiocesanaoa.com\/#breadcrumb","itemListElement":[{"@type":"ListItem","position":1,"name":"Portada","item":"https:\/\/juntadiocesanaoa.com\/"},{"@type":"ListItem","position":2,"name":"Inicio"}]},{"@type":"WebSite","@id":"https:\/\/juntadiocesanaoa.com\/#website","url":"https:\/\/juntadiocesanaoa.com\/","name":"Junta Diocesana Orihuela-Alicante","description":"","potentialAction":[{"@type":"SearchAction","target":{"@type":"EntryPoint","urlTemplate":"https:\/\/juntadiocesanaoa.com\/?s={search_term_string}"},"query-input":{"@type":"PropertyValueSpecification","valueRequired":true,"valueName":"search_term_string"}}],"inLanguage":"es"}]}},"_links":{"self":[{"href":"https:\/\/juntadiocesanaoa.com\/index.php?rest_route=\/wp\/v2\/pages\/15","targetHints":{"allow":["GET"]}}],"collection":[{"href":"https:\/\/juntadiocesanaoa.com\/index.php?rest_route=\/wp\/v2\/pages"}],"about":[{"href":"https:\/\/juntadiocesanaoa.com\/index.php?rest_route=\/wp\/v2\/types\/page"}],"author":[{"embeddable":true,"href":"https:\/\/juntadiocesanaoa.com\/index.php?rest_route=\/wp\/v2\/users\/2"}],"replies":[{"embeddable":true,"href":"https:\/\/juntadiocesanaoa.com\/index.php?rest_route=%2Fwp%2Fv2%2Fcomments&post=15"}],"version-history":[{"count":55,"href":"https:\/\/juntadiocesanaoa.com\/index.php?rest_route=\/wp\/v2\/pages\/15\/revisions"}],"predecessor-version":[{"id":1686,"href":"https:\/\/juntadiocesanaoa.com\/index.php?rest_route=\/wp\/v2\/pages\/15\/revisions\/1686"}],"wp:attachment":[{"href":"https:\/\/juntadiocesanaoa.com\/index.php?rest_route=%2Fwp%2Fv2%2Fmedia&parent=15"}],"curies":[{"name":"wp","href":"https:\/\/api.w.org\/{rel}","templated":true}]}}