{"id":1430,"date":"2026-03-26T18:41:01","date_gmt":"2026-03-26T18:41:01","guid":{"rendered":"https:\/\/juntadiocesanaoa.com\/?page_id=1430"},"modified":"2026-03-26T20:03:10","modified_gmt":"2026-03-26T20:03:10","slug":"aviso-legal","status":"publish","type":"page","link":"https:\/\/juntadiocesanaoa.com\/?page_id=1430","title":{"rendered":"Aviso legal"},"content":{"rendered":"<p>[et_pb_section fb_built=\u00bb1&#8243; admin_label=\u00bbsection\u00bb _builder_version=\u00bb4.16&#8243; global_colors_info=\u00bb{}\u00bb theme_builder_area=\u00bbpost_content\u00bb][et_pb_row _builder_version=\u00bb4.27.6&#8243; _module_preset=\u00bbdefault\u00bb global_colors_info=\u00bb{}\u00bb theme_builder_area=\u00bbpost_content\u00bb][et_pb_column type=\u00bb4_4&#8243; _builder_version=\u00bb4.27.6&#8243; _module_preset=\u00bbdefault\u00bb global_colors_info=\u00bb{}\u00bb theme_builder_area=\u00bbpost_content\u00bb][et_pb_image src=\u00bbhttps:\/\/juntadiocesanaoa.com\/wp-content\/uploads\/Cabecera-Aviso-Legal-web-junta-diocesana.jpg\u00bb title_text=\u00bbCabecera Aviso Legal web junta diocesana\u00bb _builder_version=\u00bb4.27.6&#8243; _module_preset=\u00bbdefault\u00bb hover_enabled=\u00bb0&#8243; global_colors_info=\u00bb{}\u00bb theme_builder_area=\u00bbpost_content\u00bb sticky_enabled=\u00bb0&#8243;][\/et_pb_image][\/et_pb_column][\/et_pb_row][et_pb_row admin_label=\u00bbrow\u00bb _builder_version=\u00bb4.16&#8243; background_size=\u00bbinitial\u00bb background_position=\u00bbtop_left\u00bb background_repeat=\u00bbrepeat\u00bb global_colors_info=\u00bb{}\u00bb theme_builder_area=\u00bbpost_content\u00bb][et_pb_column type=\u00bb4_4&#8243; _builder_version=\u00bb4.16&#8243; custom_padding=\u00bb|||\u00bb global_colors_info=\u00bb{}\u00bb custom_padding__hover=\u00bb|||\u00bb theme_builder_area=\u00bbpost_content\u00bb][et_pb_text admin_label=\u00bbText\u00bb _builder_version=\u00bb4.27.6&#8243; background_size=\u00bbinitial\u00bb background_position=\u00bbtop_left\u00bb background_repeat=\u00bbrepeat\u00bb hover_enabled=\u00bb0&#8243; global_colors_info=\u00bb{}\u00bb theme_builder_area=\u00bbpost_content\u00bb sticky_enabled=\u00bb0&#8243;]<\/p>\n<p><!-- divi:heading --><\/p>\n<p>Te agradecemos que hayas decidido visitarnos. Queremos que tu experiencia en el sitio sea lo mejor posible.<\/p>\n<p>\u00a0Para acceder a nuestros servicios, declaras que eres mayor de edad y que tienes capacidad legal de obrar de acuerdo con tu ley nacional.<\/p>\n<p>El acceso y la navegaci\u00f3n en el sitio web, o el uso de los servicios del mismo, implican la aceptaci\u00f3n expresa e \u00edntegra de estas todas y cada una de las presentes Condiciones Generales, incluidas tanto las Condiciones Particulares fijadas para ciertas promociones como la Pol\u00edtica de Privacidad y Cookies, relativa a las finalidades de los tratamientos de los datos que nos facilites. Por favor, te recomendamos que las leas atentamente.<\/p>\n<p>&nbsp;<\/p>\n<p>1.- Informaci\u00f3n Legal.<\/p>\n<p>En cumplimiento de la Ley 34\/2002, de 11 de julio, de Servicios de la Sociedad de la Informaci\u00f3n y del Comercio Electr\u00f3nico, los datos identificativos del titular del Portal Web son:<\/p>\n<p>JUNTA DIOCESANA DE COFRAD\u00cdAS Y HERMANDADES DE SEMANA SANTA ORIHUELA-ALICANTE<\/p>\n<p>MARCO OLIVER N\u00ba5<\/p>\n<p>03009 Alicante<\/p>\n<p>&nbsp;<\/p>\n<p>Para cualquier duda o consulta, puede ponerse en contacto con nosotros a trav\u00e9s del Telf: 965204822, e-mail: protecciondedatos@diocesisoa.org<\/p>\n<p>El acceso a esta p\u00e1gina web supone la aceptaci\u00f3n expresa del Usuario a las presentes Condiciones Generales de Uso, que podr\u00e1n ser modificadas o sustituidas por su titular en cualquier momento y sin previo aviso.<\/p>\n<p>&nbsp;<\/p>\n<p>2.- Condiciones Generales de Uso.<\/p>\n<p>Las siguientes Condiciones Generales regulan el uso y acceso al portal Web, cuya finalidad es ser puerta de entrada a JUNTA DIOCESANA DE COFRAD\u00cdAS Y HERMANDADES DE SEMANA SANTA ORIHUELA-ALICANTE, ofreciendo a los usuarios informaci\u00f3n, servicios y contenidos v\u00eda Web. A trav\u00e9s de la p\u00e1gina web, el Usuario tiene acceso a informaci\u00f3n sobre productos y servicios espec\u00edficos, herramientas y aplicaciones.<\/p>\n<p>Los datos e informaciones sobre productos o servicios y caracter\u00edsticas u otros datos relevantes ofrecidos a trav\u00e9s de la p\u00e1gina web son realizados, proporcionados y actualizados por Proveedores y terceras empresas. La JUNTA DIOCESANA DE COFRAD\u00cdAS Y HERMANDADES DE SEMANA SANTA ORIHUELA-ALICANTE no es, en ning\u00fan caso, responsable de dichos datos e informaciones ni asume ninguna obligaci\u00f3n sobre los mismos.<\/p>\n<p>El Usuario se compromete a hacer un uso adecuado de los contenidos, servicios, aplicaciones y herramientas que est\u00e1n accesibles, con sujeci\u00f3n a la Ley y a las presentes Condiciones Generales de Uso y, en su caso a las Condiciones Particulares que puedan establecerse para el acceso a determinados servicios y aplicaciones, respetando en todo momento a los dem\u00e1s Usuarios de la misma.<\/p>\n<p>En caso de incumplimiento total o parcial por el Usuario de las presentes condiciones Generales de Uso, la JUNTA DIOCESANA DE COFRAD\u00cdAS Y HERMANDADES DE SEMANA SANTA ORIHUELA-ALICANTE se reserva el derecho de denegar el acceso a sin necesidad de previo aviso al Usuario.<\/p>\n<p>&nbsp;<\/p>\n<p>3.- Obligaciones Generales del Usuario.<\/p>\n<p>El Usuario, al aceptar las presentes condiciones Generales de Uso, se obliga expresamente a:<\/p>\n<p>\u2013 No realizar ninguna acci\u00f3n destinada perjudicar, bloquear, da\u00f1ar, inutilizar, sobrecargar, de forma temporal o definitiva, las funcionalidades, herramientas, contenidos y\/o la infraestructura de la p\u00e1gina web, de manera que impida su normal utilizaci\u00f3n.<\/p>\n<p>\u2013 Custodiar y mantener la confidencialidad de las claves de acceso asociadas a su nombre de Usuario, siendo responsable de la utilizaci\u00f3n de dichas claves de acceso personales e intransferibles por parte de terceros.<\/p>\n<p>\u2013 No introducir ni realizar contenidos injuriosos o calumniosos, tanto de otros Usuarios como de terceras empresas ajenas a la JUNTA DIOCESANA DE COFRAD\u00cdAS Y HERMANDADES DE SEMANA SANTA ORIHUELA-ALICANTE.<\/p>\n<p>\u2013 No utilizar cualquiera de los materiales e informaciones contenidos en este Sitio Web con fines il\u00edcitos y expresamente prohibidos en las presentes Condiciones Generales de Uso, as\u00ed como a las condiciones particulares que, en su caso, se establezcan para determinadas aplicaciones y\/o utilidades y que resulten contrarios a los derechos e intereses de la JUNTA DIOCESANA DE COFRAD\u00cdAS Y HERMANDADES DE SEMANA SANTA ORIHUELA-ALICANTE, sus usuarios y\/o terceros.<\/p>\n<p>\u2013 No ofertar ni distribuir eventos y servicios, ni realizar publicidad o comunicaciones comerciales no solicitadas a otros Usuarios y visitantes de la JUNTA DIOCESANA DE COFRAD\u00cdAS Y HERMANDADES DE SEMANA SANTA ORIHUELA-ALICANTE.<\/p>\n<p>El Usuario responder\u00e1 de los todos los da\u00f1os y perjuicios de toda naturaleza que la JUNTA DIOCESANA DE COFRAD\u00cdAS Y HERMANDADES DE SEMANA SANTA ORIHUELA-ALICANTE o cualquier tercero pueda sufrir como consecuencia del incumplimiento de cualesquiera de las obligaciones a las que queda sometido por virtud de estas \u201cCondiciones Generales de Uso\u201d o de la ley en relaci\u00f3n con el acceso y\/o utilizaci\u00f3n de la p\u00e1gina.<\/p>\n<p>&nbsp;<\/p>\n<p>4.- Propiedad Intelectual e Industrial.<\/p>\n<p>El sitio web, las p\u00e1ginas que comprende y la informaci\u00f3n o elementos contenidos en las mismas (incluyendo textos, documentos, fotograf\u00edas, dibujos, representaciones gr\u00e1ficas, entre otros), as\u00ed como logotipos, marcas, nombres comerciales u otros signos distintivos, se encuentran protegidos por derechos de propiedad intelectual o industrial, de los que la JUNTA DIOCESANA DE COFRAD\u00cdAS Y HERMANDADES DE SEMANA SANTA ORIHUELA-ALICANTE es titular o ostenta autorizaci\u00f3n para su utilizaci\u00f3n y comunicaci\u00f3n p\u00fablica de los leg\u00edtimos titulares de las mismas.<\/p>\n<p>El Usuario se obliga a usar los contenidos de forma diligente y correcta, de acuerdo con la ley, la moral y el orden p\u00fablico. La JUNTA DIOCESANA DE COFRAD\u00cdAS Y HERMANDADES DE SEMANA SANTA ORIHUELA-ALICANTE autoriza al Usuario para visualizar la informaci\u00f3n que se contiene en este sitio web, as\u00ed como para efectuar reproducciones privadas (simple actividad de descarga y almacenamiento en sus sistemas inform\u00e1ticos), siempre y cuando los elementos sean destinados \u00fanicamente al uso personal. En ning\u00fan caso, ello significar\u00e1 una autorizaci\u00f3n o licencia sobre los derechos de propiedad de la JUNTA DIOCESANA DE COFRAD\u00cdAS Y HERMANDADES DE SEMANA SANTA ORIHUELA-ALICANTE o de los leg\u00edtimos titulares de las mismas.<\/p>\n<p>\u00a0El Usuario no est\u00e1 autorizado para proceder a la distribuci\u00f3n, modificaci\u00f3n, cesi\u00f3n o comunicaci\u00f3n p\u00fablica de la informaci\u00f3n contenida en esta Web en cualquier forma y cualquiera que sea su finalidad.<\/p>\n<p>&nbsp;<\/p>\n<p>5.- Enlaces.<\/p>\n<p>Las conexiones y enlaces a sitios o p\u00e1ginas Web de terceros se han establecido \u00fanicamente como una utilidad para el Usuario. La JUNTA DIOCESANA DE COFRAD\u00cdAS Y HERMANDADES DE SEMANA SANTA ORIHUELA-ALICANTE no es, en ning\u00fan caso, responsable de las mismas o de su contenido.<\/p>\n<p>\u00a0La JUNTA DIOCESANA DE COFRAD\u00cdAS Y HERMANDADES DE SEMANA SANTA ORIHUELA-ALICANTE no asume ninguna responsabilidad derivada de la existencia de enlaces entre los contenidos de este sitio y contenidos situados fuera del mismo o de cualquier otra menci\u00f3n de contenidos externos a este sitio. Tales enlaces o menciones tienen una finalidad exclusivamente informativa y, en ning\u00fan caso, implican el apoyo, aprobaci\u00f3n, comercializaci\u00f3n o relaci\u00f3n alguna entre la JUNTA DIOCESANA DE COFRAD\u00cdAS Y HERMANDADES DE SEMANA SANTA ORIHUELA-ALICANTE y las personas o entidades autoras y\/o gestoras de tales contenidos o titulares de los sitios donde se encuentren.<\/p>\n<p>Para realizar enlaces con la p\u00e1gina Web ser\u00e1 necesaria la autorizaci\u00f3n expresa y por escrito de los titulares del portal.<\/p>\n<p>&nbsp;<\/p>\n<p>6.- Responsabilidad.<\/p>\n<p>La JUNTA DIOCESANA DE COFRAD\u00cdAS Y HERMANDADES DE SEMANA SANTA ORIHUELA-ALICANTE no garantiza el acceso continuado, ni la correcta visualizaci\u00f3n, descarga o utilidad de los elementos e informaci\u00f3n contenidos en las p\u00e1ginas del portal que pueden verse impedidos, dificultados o interrumpidos por factores o circunstancias fuera de su control o ajenas a su voluntad, ni de aquellos que sean producidos por la existencia de virus inform\u00e1ticos en Internet.<\/p>\n<p>La JUNTA DIOCESANA DE COFRAD\u00cdAS Y HERMANDADES DE SEMANA SANTA ORIHUELA-ALICANTE no asume responsabilidad alguna por da\u00f1os, perjuicios, p\u00e9rdidas, reclamaciones o gastos, producidos por:<\/p>\n<p>(i) Interferencias, interrupciones, fallos, omisiones, retrasos, bloqueos o desconexiones, motivadas por errores en las l\u00edneas y redes de telecomunicaciones o por cualquier otra causa ajena al control de la JUNTA DIOCESANA DE COFRAD\u00cdAS Y HERMANDADES DE SEMANA SANTA ORIHUELA-ALICANTE.<\/p>\n<p>(ii) Intromisiones ileg\u00edtimas mediante el uso de programas malignos de cualquier tipo y a trav\u00e9s de cualquier medio de comunicaci\u00f3n, tales como virus inform\u00e1ticos o cualesquiera otros;<\/p>\n<p>(iii) Uso indebido o inadecuado de la p\u00e1gina web de la JUNTA DIOCESANA DE COFRAD\u00cdAS Y HERMANDADES DE SEMANA SANTA ORIHUELA-ALICANTE.<\/p>\n<p>(iv) Errores de seguridad o navegaci\u00f3n producidos por un mal funcionamiento del navegador o por el uso de versiones no actualizadas.<\/p>\n<p>&nbsp;<\/p>\n<p>La JUNTA DIOCESANA DE COFRAD\u00cdAS Y HERMANDADES DE SEMANA SANTA ORIHUELA-ALICANTE no es responsable ni en ning\u00fan caso responder\u00e1 frente a los usuarios y a terceros sobre actos de cualquier tercero ajeno a la JUNTA DIOCESANA DE COFRAD\u00cdAS Y HERMANDADES DE SEMANA SANTA ORIHUELA-ALICANTE que conlleve o pueda suponer la realizaci\u00f3n de actos de competencia desleal y publicidad il\u00edcita o la infracci\u00f3n de los derechos de propiedad intelectual e industrial, de los secretos empresariales, de compromisos contractuales de cualquier clase, de los derechos al honor, a la intimidad personal y familiar y a la imagen, de los derechos de propiedad y de toda otra naturaleza pertenecientes a un tercero por raz\u00f3n de la transmisi\u00f3n, difusi\u00f3n, almacenamiento, puesta a disposici\u00f3n, recepci\u00f3n, obtenci\u00f3n o acceso a los contenidos.<\/p>\n<p>&nbsp;<\/p>\n<p>7.- Protecci\u00f3n de Datos de Car\u00e1cter Personal.<\/p>\n<p>Toda la pol\u00edtica de tratamiento de datos personales la encontrar\u00e1s en la Pol\u00edtica de Privacidad, que forma parte integrante de estas Condiciones Generales pero que, por simplicidad, hemos puesto en un documento aparte: Pol\u00edtica de Privacidad.<\/p>\n<p>&nbsp;<\/p>\n<p>8.- Legislaci\u00f3n.<\/p>\n<p>El presente Aviso Legal y sus t\u00e9rminos y condiciones se regir\u00e1n e interpretar\u00e1n de acuerdo con la Legislaci\u00f3n Espa\u00f1ola. El usuario, por el solo hecho de acceder a la p\u00e1gina web u obtener la condici\u00f3n de usuario registrado otorga, de forma irrevocable, su consentimiento a que los Tribunales competentes por defecto puedan conocer de cualquier acci\u00f3n judicial derivada de o relacionada con las presentes condiciones, o con su uso de este Sitio o la navegaci\u00f3n realizada por el mismo.<\/p>\n<p>\u00a0Si alguna cl\u00e1usula o apartado de las presentes Condiciones Generales, que no sea de naturaleza esencial para la existencia del mismo, es declarada nula o inaplicable, la validez de las restantes cl\u00e1usulas no se ver\u00e1 afectada.<\/p>\n<p><!-- \/divi:post-content --><\/p>\n<p>[\/et_pb_text][\/et_pb_column][\/et_pb_row][\/et_pb_section]<\/p>\n","protected":false},"excerpt":{"rendered":"<p>Te agradecemos que hayas decidido visitarnos. Queremos que tu experiencia en el sitio sea lo mejor posible. \u00a0Para acceder a nuestros servicios, declaras que eres mayor de edad y que tienes capacidad legal de obrar de acuerdo con tu ley nacional. El acceso y la navegaci\u00f3n en el sitio web, o el uso de los [&hellip;]<\/p>\n","protected":false},"author":2,"featured_media":0,"parent":0,"menu_order":0,"comment_status":"closed","ping_status":"closed","template":"","meta":{"_et_pb_use_builder":"on","_et_pb_old_content":"<!-- wp:divi\/placeholder \/-->","_et_gb_content_width":"","footnotes":""},"class_list":["post-1430","page","type-page","status-publish","hentry"],"yoast_head":"<!-- This site is optimized with the Yoast SEO plugin v27.2 - https:\/\/yoast.com\/product\/yoast-seo-wordpress\/ -->\n<title>Aviso legal - Junta Diocesana Orihuela-Alicante<\/title>\n<meta name=\"robots\" content=\"index, follow, max-snippet:-1, max-image-preview:large, max-video-preview:-1\" \/>\n<link rel=\"canonical\" href=\"https:\/\/juntadiocesanaoa.com\/?page_id=1430\" \/>\n<meta property=\"og:locale\" content=\"es_ES\" \/>\n<meta property=\"og:type\" content=\"article\" \/>\n<meta property=\"og:title\" content=\"Aviso legal - Junta Diocesana Orihuela-Alicante\" \/>\n<meta property=\"og:description\" content=\"Te agradecemos que hayas decidido visitarnos. Queremos que tu experiencia en el sitio sea lo mejor posible. \u00a0Para acceder a nuestros servicios, declaras que eres mayor de edad y que tienes capacidad legal de obrar de acuerdo con tu ley nacional. El acceso y la navegaci\u00f3n en el sitio web, o el uso de los [&hellip;]\" \/>\n<meta property=\"og:url\" content=\"https:\/\/juntadiocesanaoa.com\/?page_id=1430\" \/>\n<meta property=\"og:site_name\" content=\"Junta Diocesana Orihuela-Alicante\" \/>\n<meta property=\"article:modified_time\" content=\"2026-03-26T20:03:10+00:00\" \/>\n<meta name=\"twitter:card\" content=\"summary_large_image\" \/>\n<script type=\"application\/ld+json\" class=\"yoast-schema-graph\">{\"@context\":\"https:\/\/schema.org\",\"@graph\":[{\"@type\":\"WebPage\",\"@id\":\"https:\/\/juntadiocesanaoa.com\/?page_id=1430\",\"url\":\"https:\/\/juntadiocesanaoa.com\/?page_id=1430\",\"name\":\"Aviso legal - Junta Diocesana Orihuela-Alicante\",\"isPartOf\":{\"@id\":\"https:\/\/juntadiocesanaoa.com\/#website\"},\"datePublished\":\"2026-03-26T18:41:01+00:00\",\"dateModified\":\"2026-03-26T20:03:10+00:00\",\"breadcrumb\":{\"@id\":\"https:\/\/juntadiocesanaoa.com\/?page_id=1430#breadcrumb\"},\"inLanguage\":\"es\",\"potentialAction\":[{\"@type\":\"ReadAction\",\"target\":[\"https:\/\/juntadiocesanaoa.com\/?page_id=1430\"]}]},{\"@type\":\"BreadcrumbList\",\"@id\":\"https:\/\/juntadiocesanaoa.com\/?page_id=1430#breadcrumb\",\"itemListElement\":[{\"@type\":\"ListItem\",\"position\":1,\"name\":\"Portada\",\"item\":\"https:\/\/juntadiocesanaoa.com\/\"},{\"@type\":\"ListItem\",\"position\":2,\"name\":\"Aviso legal\"}]},{\"@type\":\"WebSite\",\"@id\":\"https:\/\/juntadiocesanaoa.com\/#website\",\"url\":\"https:\/\/juntadiocesanaoa.com\/\",\"name\":\"Junta Diocesana Orihuela-Alicante\",\"description\":\"\",\"potentialAction\":[{\"@type\":\"SearchAction\",\"target\":{\"@type\":\"EntryPoint\",\"urlTemplate\":\"https:\/\/juntadiocesanaoa.com\/?s={search_term_string}\"},\"query-input\":{\"@type\":\"PropertyValueSpecification\",\"valueRequired\":true,\"valueName\":\"search_term_string\"}}],\"inLanguage\":\"es\"}]}<\/script>\n<!-- \/ Yoast SEO plugin. -->","yoast_head_json":{"title":"Aviso legal - Junta Diocesana Orihuela-Alicante","robots":{"index":"index","follow":"follow","max-snippet":"max-snippet:-1","max-image-preview":"max-image-preview:large","max-video-preview":"max-video-preview:-1"},"canonical":"https:\/\/juntadiocesanaoa.com\/?page_id=1430","og_locale":"es_ES","og_type":"article","og_title":"Aviso legal - Junta Diocesana Orihuela-Alicante","og_description":"Te agradecemos que hayas decidido visitarnos. Queremos que tu experiencia en el sitio sea lo mejor posible. \u00a0Para acceder a nuestros servicios, declaras que eres mayor de edad y que tienes capacidad legal de obrar de acuerdo con tu ley nacional. El acceso y la navegaci\u00f3n en el sitio web, o el uso de los [&hellip;]","og_url":"https:\/\/juntadiocesanaoa.com\/?page_id=1430","og_site_name":"Junta Diocesana Orihuela-Alicante","article_modified_time":"2026-03-26T20:03:10+00:00","twitter_card":"summary_large_image","schema":{"@context":"https:\/\/schema.org","@graph":[{"@type":"WebPage","@id":"https:\/\/juntadiocesanaoa.com\/?page_id=1430","url":"https:\/\/juntadiocesanaoa.com\/?page_id=1430","name":"Aviso legal - Junta Diocesana Orihuela-Alicante","isPartOf":{"@id":"https:\/\/juntadiocesanaoa.com\/#website"},"datePublished":"2026-03-26T18:41:01+00:00","dateModified":"2026-03-26T20:03:10+00:00","breadcrumb":{"@id":"https:\/\/juntadiocesanaoa.com\/?page_id=1430#breadcrumb"},"inLanguage":"es","potentialAction":[{"@type":"ReadAction","target":["https:\/\/juntadiocesanaoa.com\/?page_id=1430"]}]},{"@type":"BreadcrumbList","@id":"https:\/\/juntadiocesanaoa.com\/?page_id=1430#breadcrumb","itemListElement":[{"@type":"ListItem","position":1,"name":"Portada","item":"https:\/\/juntadiocesanaoa.com\/"},{"@type":"ListItem","position":2,"name":"Aviso legal"}]},{"@type":"WebSite","@id":"https:\/\/juntadiocesanaoa.com\/#website","url":"https:\/\/juntadiocesanaoa.com\/","name":"Junta Diocesana Orihuela-Alicante","description":"","potentialAction":[{"@type":"SearchAction","target":{"@type":"EntryPoint","urlTemplate":"https:\/\/juntadiocesanaoa.com\/?s={search_term_string}"},"query-input":{"@type":"PropertyValueSpecification","valueRequired":true,"valueName":"search_term_string"}}],"inLanguage":"es"}]}},"_links":{"self":[{"href":"https:\/\/juntadiocesanaoa.com\/index.php?rest_route=\/wp\/v2\/pages\/1430","targetHints":{"allow":["GET"]}}],"collection":[{"href":"https:\/\/juntadiocesanaoa.com\/index.php?rest_route=\/wp\/v2\/pages"}],"about":[{"href":"https:\/\/juntadiocesanaoa.com\/index.php?rest_route=\/wp\/v2\/types\/page"}],"author":[{"embeddable":true,"href":"https:\/\/juntadiocesanaoa.com\/index.php?rest_route=\/wp\/v2\/users\/2"}],"replies":[{"embeddable":true,"href":"https:\/\/juntadiocesanaoa.com\/index.php?rest_route=%2Fwp%2Fv2%2Fcomments&post=1430"}],"version-history":[{"count":3,"href":"https:\/\/juntadiocesanaoa.com\/index.php?rest_route=\/wp\/v2\/pages\/1430\/revisions"}],"predecessor-version":[{"id":1444,"href":"https:\/\/juntadiocesanaoa.com\/index.php?rest_route=\/wp\/v2\/pages\/1430\/revisions\/1444"}],"wp:attachment":[{"href":"https:\/\/juntadiocesanaoa.com\/index.php?rest_route=%2Fwp%2Fv2%2Fmedia&parent=1430"}],"curies":[{"name":"wp","href":"https:\/\/api.w.org\/{rel}","templated":true}]}}